{"id":566,"date":"2016-08-14T13:06:59","date_gmt":"2016-08-14T11:06:59","guid":{"rendered":"http:\/\/agora.xtec.cat\/ceippladelesvinyes\/?page_id=566"},"modified":"2025-09-05T20:03:56","modified_gmt":"2025-09-05T18:03:56","slug":"comunicacions","status":"publish","type":"page","link":"https:\/\/agora.xtec.cat\/ceippladelesvinyes\/lescola\/comunicacions\/","title":{"rendered":"COMUNICACIONS"},"content":{"rendered":"<p class=\"p1\"><strong><span style=\"text-decoration: underline;\">Comunicacions<\/span>:<\/strong><\/p>\n<p class=\"p1\">Quan vulgueu comunicar alguna qu\u0308esti\u00f3 a la mestra, si el vostre fill\/a \u00e9s de prim\u00e0ria, ho podreu fer a trav\u00e9s d\u2019una nota escrita a l\u2019agenda, e<strong>n cap moment es pot pujar a les classes per parlar directament amb les mestres sense cita pr\u00e8via<\/strong>. Si el vostre fill\/a \u00e9s d\u2019infantil, ho podreu fer a trav\u00e9s d&#8217;una nota escrita enganxada a la carmanyola o mitjan\u00e7ant el correu que us facilitar\u00e0 la vostra tutora a l\u2019inici de curs.<\/p>\n<p class=\"p1\"><span style=\"text-decoration: underline;\"><strong>Al llarg del curs es far\u00e0:<\/strong><\/span><\/p>\n<ul>\n<li class=\"p1\">Una reuni\u00f3 general al juliol per les fam\u00edlies d\u2019 i3.<\/li>\n<li class=\"p1\">Una reuni\u00f3 de grup classe durant el primer mes d\u2019escola.<\/li>\n<li class=\"p1\">Una entrevista individual al setembre (nom\u00e9s a I3) i una altra, com a m\u00ednim, al llarg del curs per tot l&#8217;alumnat i sempre que sigui necessari.<\/li>\n<\/ul>\n<p class=\"p1\"><span style=\"text-decoration: underline;\"><strong>Accidents, malalties i medicaments:<\/strong> <\/span><\/p>\n<p class=\"p1\">En cas d\u2019accident s\u2019avisar\u00e0 primer a les fam\u00edlies perqu\u00e8 portin el nen\/a al metge. En cas de no localitzar-les, un adult responsable del centre acompanyar\u00e0 el nen\/a accidentat.<\/p>\n<p class=\"p1\">En cas de malaltia, assegureu-vos que el vostre fill\/a est\u00e0 totalment recuperat abans de portar-lo a l\u2019escola. <strong>Els medicaments que s\u2019hagin de donar als nens\/es, han d\u2019anar acompanyats de la recepta del metge amb l\u2019hora i la quantitat prescrita. Intenteu, sempre que sigui possible, que la dosi de la medicaci\u00f3 no coincideixi amb l\u2019horari escolar.<\/strong> Per qualsevol activitat escolar que els vostres fills\/filles no puguin fer per problemes de salut, haureu de portar un justificant del metge.<\/p>\n<p><span style=\"text-decoration: underline;\"><strong>Informes de seguiment:<\/strong><\/span><\/p>\n<ul>\n<li><strong>Educaci\u00f3 Infantil:<\/strong> Es lliuraran <strong>dos informes<\/strong> durant el curs.<\/li>\n<li><strong>Educaci\u00f3 Prim\u00e0ria:<\/strong> Es lliuraran <strong>tres informes<\/strong> per valorar el progr\u00e9s acad\u00e8mic i personal dels alumnes.<\/li>\n<\/ul>\n<p>Aquestes mesures tenen com a objectiu garantir una comunicaci\u00f3 fluida i un seguiment adequat del proc\u00e9s educatiu dels infants.<\/p>\n","protected":false},"excerpt":{"rendered":"<p>Comunicacions: Quan vulgueu comunicar alguna qu\u0308esti\u00f3 a la mestra, si el vostre fill\/a \u00e9s de prim\u00e0ria, ho podreu fer a trav\u00e9s d\u2019una nota escrita a l\u2019agenda, en cap moment es pot pujar a les classes per parlar directament amb les mestres sense cita pr\u00e8via. Si el vostre fill\/a \u00e9s d\u2019infantil, ho podreu fer a trav\u00e9s [&hellip;]<\/p>\n","protected":false},"author":1,"featured_media":0,"parent":22,"menu_order":80,"comment_status":"closed","ping_status":"closed","template":"page-templates\/side-menu.php","meta":{"_bbp_topic_count":0,"_bbp_reply_count":0,"_bbp_total_topic_count":0,"_bbp_total_reply_count":0,"_bbp_voice_count":0,"_bbp_anonymous_reply_count":0,"_bbp_topic_count_hidden":0,"_bbp_reply_count_hidden":0,"_bbp_forum_subforum_count":0,"site-sidebar-layout":"default","site-content-layout":"","ast-site-content-layout":"","site-content-style":"default","site-sidebar-style":"default","ast-global-header-display":"","ast-banner-title-visibility":"","ast-main-header-display":"","ast-hfb-above-header-display":"","ast-hfb-below-header-display":"","ast-hfb-mobile-header-display":"","site-post-title":"","ast-breadcrumbs-content":"","ast-featured-img":"","footer-sml-layout":"","theme-transparent-header-meta":"","adv-header-id-meta":"","stick-header-meta":"","header-above-stick-meta":"","header-main-stick-meta":"","header-below-stick-meta":"","astra-migrate-meta-layouts":"default","ast-page-background-enabled":"default","ast-page-background-meta":{"desktop":{"background-color":"var(--ast-global-color-4)","background-image":"","background-repeat":"repeat","background-position":"center center","background-size":"auto","background-attachment":"scroll","background-type":"","background-media":"","overlay-type":"","overlay-color":"","overlay-opacity":"","overlay-gradient":""},"tablet":{"background-color":"","background-image":"","background-repeat":"repeat","background-position":"center center","background-size":"auto","background-attachment":"scroll","background-type":"","background-media":"","overlay-type":"","overlay-color":"","overlay-opacity":"","overlay-gradient":""},"mobile":{"background-color":"","background-image":"","background-repeat":"repeat","background-position":"center center","background-size":"auto","background-attachment":"scroll","background-type":"","background-media":"","overlay-type":"","overlay-color":"","overlay-opacity":"","overlay-gradient":""}},"ast-content-background-meta":{"desktop":{"background-color":"var(--ast-global-color-5)","background-image":"","background-repeat":"repeat","background-position":"center center","background-size":"auto","background-attachment":"scroll","background-type":"","background-media":"","overlay-type":"","overlay-color":"","overlay-opacity":"","overlay-gradient":""},"tablet":{"background-color":"var(--ast-global-color-5)","background-image":"","background-repeat":"repeat","background-position":"center center","background-size":"auto","background-attachment":"scroll","background-type":"","background-media":"","overlay-type":"","overlay-color":"","overlay-opacity":"","overlay-gradient":""},"mobile":{"background-color":"var(--ast-global-color-5)","background-image":"","background-repeat":"repeat","background-position":"center center","background-size":"auto","background-attachment":"scroll","background-type":"","background-media":"","overlay-type":"","overlay-color":"","overlay-opacity":"","overlay-gradient":""}},"footnotes":""},"class_list":["post-566","page","type-page","status-publish","hentry"],"post_mailing_queue_ids":[],"_links":{"self":[{"href":"https:\/\/agora.xtec.cat\/ceippladelesvinyes\/wp-json\/wp\/v2\/pages\/566","targetHints":{"allow":["GET"]}}],"collection":[{"href":"https:\/\/agora.xtec.cat\/ceippladelesvinyes\/wp-json\/wp\/v2\/pages"}],"about":[{"href":"https:\/\/agora.xtec.cat\/ceippladelesvinyes\/wp-json\/wp\/v2\/types\/page"}],"author":[{"embeddable":true,"href":"https:\/\/agora.xtec.cat\/ceippladelesvinyes\/wp-json\/wp\/v2\/users\/1"}],"replies":[{"embeddable":true,"href":"https:\/\/agora.xtec.cat\/ceippladelesvinyes\/wp-json\/wp\/v2\/comments?post=566"}],"version-history":[{"count":6,"href":"https:\/\/agora.xtec.cat\/ceippladelesvinyes\/wp-json\/wp\/v2\/pages\/566\/revisions"}],"predecessor-version":[{"id":14035,"href":"https:\/\/agora.xtec.cat\/ceippladelesvinyes\/wp-json\/wp\/v2\/pages\/566\/revisions\/14035"}],"up":[{"embeddable":true,"href":"https:\/\/agora.xtec.cat\/ceippladelesvinyes\/wp-json\/wp\/v2\/pages\/22"}],"wp:attachment":[{"href":"https:\/\/agora.xtec.cat\/ceippladelesvinyes\/wp-json\/wp\/v2\/media?parent=566"}],"curies":[{"name":"wp","href":"https:\/\/api.w.org\/{rel}","templated":true}]}}