{"id":28,"date":"2014-09-18T12:29:35","date_gmt":"2014-09-18T10:29:35","guid":{"rendered":"http:\/\/agora.xtec.cat\/ceippladelesvinyes\/?page_id=28"},"modified":"2026-01-26T06:46:17","modified_gmt":"2026-01-26T05:46:17","slug":"consell-escolar","status":"publish","type":"page","link":"https:\/\/agora.xtec.cat\/ceippladelesvinyes\/lescola\/consell-escolar\/","title":{"rendered":"CONSELL ESCOLAR"},"content":{"rendered":"\n<p><strong>MEMBRES DEL CONSELL ESCOLAR<\/strong><\/p>\n\n\n\n<p><strong>Directora: <\/strong>Laila Benaliti Seddiki&nbsp;<\/p>\n\n\n\n<p><strong>Cap d&#8217;estudis:<\/strong> Neus Vicente Oll\u00e9<\/p>\n\n\n\n<p><strong>Secret\u00e0ria:<\/strong> Anna Gutierrez Algaba<\/p>\n\n\n\n<p><strong>Representants<\/strong> <strong>docents: <\/strong>Ver\u00f2nica Alcaraz;  M.Jos\u00e9 Izquierdo;  Inma Farin\u00f3s (representant mestres)<\/p>\n\n\n\n<p><strong>Representant de l&#8217;Ajuntament:<\/strong> Adri\u00e0 Garc\u00eda i Arjona<\/p>\n\n\n\n<p><strong>Representant de l&#8217;AFA:<\/strong> Esther Castillo Sotelo<\/p>\n\n\n\n<p><strong>Representant de fam\u00edlies:<\/strong> Helena Perez Sangiao; Jennifer Galisteo Mendoza; Sandra Lorca Pi\u00f1ero; Teresa Vicente Mart\u00ednez&nbsp;<\/p>\n\n\n\n<p><strong>Representant del PAS<\/strong>: Maria Areque<\/p>\n\n\n\n<p><\/p>\n","protected":false},"excerpt":{"rendered":"<p>MEMBRES DEL CONSELL ESCOLAR Directora: Laila Benaliti Seddiki&nbsp; Cap d&#8217;estudis: Neus Vicente Oll\u00e9 Secret\u00e0ria: Anna Gutierrez Algaba Representants docents: Ver\u00f2nica Alcaraz; M.Jos\u00e9 Izquierdo; Inma Farin\u00f3s (representant mestres) Representant de l&#8217;Ajuntament: Adri\u00e0 Garc\u00eda i Arjona Representant de l&#8217;AFA: Esther Castillo Sotelo Representant de fam\u00edlies: Helena Perez Sangiao; Jennifer Galisteo Mendoza; Sandra Lorca Pi\u00f1ero; Teresa Vicente Mart\u00ednez&nbsp; [&hellip;]<\/p>\n","protected":false},"author":1,"featured_media":0,"parent":22,"menu_order":100,"comment_status":"closed","ping_status":"closed","template":"page-templates\/side-menu.php","meta":{"_bbp_topic_count":0,"_bbp_reply_count":0,"_bbp_total_topic_count":0,"_bbp_total_reply_count":0,"_bbp_voice_count":0,"_bbp_anonymous_reply_count":0,"_bbp_topic_count_hidden":0,"_bbp_reply_count_hidden":0,"_bbp_forum_subforum_count":0,"site-sidebar-layout":"default","site-content-layout":"","ast-site-content-layout":"default","site-content-style":"default","site-sidebar-style":"default","ast-global-header-display":"","ast-banner-title-visibility":"","ast-main-header-display":"","ast-hfb-above-header-display":"","ast-hfb-below-header-display":"","ast-hfb-mobile-header-display":"","site-post-title":"","ast-breadcrumbs-content":"","ast-featured-img":"","footer-sml-layout":"","theme-transparent-header-meta":"","adv-header-id-meta":"","stick-header-meta":"","header-above-stick-meta":"","header-main-stick-meta":"","header-below-stick-meta":"","astra-migrate-meta-layouts":"set","ast-page-background-enabled":"default","ast-page-background-meta":{"desktop":{"background-color":"var(--ast-global-color-4)","background-image":"","background-repeat":"repeat","background-position":"center center","background-size":"auto","background-attachment":"scroll","background-type":"","background-media":"","overlay-type":"","overlay-color":"","overlay-opacity":"","overlay-gradient":""},"tablet":{"background-color":"","background-image":"","background-repeat":"repeat","background-position":"center center","background-size":"auto","background-attachment":"scroll","background-type":"","background-media":"","overlay-type":"","overlay-color":"","overlay-opacity":"","overlay-gradient":""},"mobile":{"background-color":"","background-image":"","background-repeat":"repeat","background-position":"center center","background-size":"auto","background-attachment":"scroll","background-type":"","background-media":"","overlay-type":"","overlay-color":"","overlay-opacity":"","overlay-gradient":""}},"ast-content-background-meta":{"desktop":{"background-color":"var(--ast-global-color-5)","background-image":"","background-repeat":"repeat","background-position":"center center","background-size":"auto","background-attachment":"scroll","background-type":"","background-media":"","overlay-type":"","overlay-color":"","overlay-opacity":"","overlay-gradient":""},"tablet":{"background-color":"var(--ast-global-color-5)","background-image":"","background-repeat":"repeat","background-position":"center center","background-size":"auto","background-attachment":"scroll","background-type":"","background-media":"","overlay-type":"","overlay-color":"","overlay-opacity":"","overlay-gradient":""},"mobile":{"background-color":"var(--ast-global-color-5)","background-image":"","background-repeat":"repeat","background-position":"center center","background-size":"auto","background-attachment":"scroll","background-type":"","background-media":"","overlay-type":"","overlay-color":"","overlay-opacity":"","overlay-gradient":""}},"footnotes":""},"class_list":["post-28","page","type-page","status-publish","hentry"],"post_mailing_queue_ids":[],"_links":{"self":[{"href":"https:\/\/agora.xtec.cat\/ceippladelesvinyes\/wp-json\/wp\/v2\/pages\/28","targetHints":{"allow":["GET"]}}],"collection":[{"href":"https:\/\/agora.xtec.cat\/ceippladelesvinyes\/wp-json\/wp\/v2\/pages"}],"about":[{"href":"https:\/\/agora.xtec.cat\/ceippladelesvinyes\/wp-json\/wp\/v2\/types\/page"}],"author":[{"embeddable":true,"href":"https:\/\/agora.xtec.cat\/ceippladelesvinyes\/wp-json\/wp\/v2\/users\/1"}],"replies":[{"embeddable":true,"href":"https:\/\/agora.xtec.cat\/ceippladelesvinyes\/wp-json\/wp\/v2\/comments?post=28"}],"version-history":[{"count":6,"href":"https:\/\/agora.xtec.cat\/ceippladelesvinyes\/wp-json\/wp\/v2\/pages\/28\/revisions"}],"predecessor-version":[{"id":14632,"href":"https:\/\/agora.xtec.cat\/ceippladelesvinyes\/wp-json\/wp\/v2\/pages\/28\/revisions\/14632"}],"up":[{"embeddable":true,"href":"https:\/\/agora.xtec.cat\/ceippladelesvinyes\/wp-json\/wp\/v2\/pages\/22"}],"wp:attachment":[{"href":"https:\/\/agora.xtec.cat\/ceippladelesvinyes\/wp-json\/wp\/v2\/media?parent=28"}],"curies":[{"name":"wp","href":"https:\/\/api.w.org\/{rel}","templated":true}]}}