{"id":22,"date":"2014-09-18T12:19:57","date_gmt":"2014-09-18T10:19:57","guid":{"rendered":"http:\/\/agora.xtec.cat\/ceippladelesvinyes\/?page_id=22"},"modified":"2026-01-26T12:01:44","modified_gmt":"2026-01-26T11:01:44","slug":"lescola","status":"publish","type":"page","link":"https:\/\/agora.xtec.cat\/ceippladelesvinyes\/lescola\/","title":{"rendered":"L&#8217;escola"},"content":{"rendered":"<p><img loading=\"lazy\" decoding=\"async\" class=\"wp-image-13211 aligncenter\" src=\"https:\/\/agora.xtec.cat\/ceippladelesvinyes\/wp-content\/uploads\/usu1439\/2025\/01\/1736775459892-1-1024x683.jpg\" alt=\"\" width=\"637\" height=\"425\" srcset=\"https:\/\/agora.xtec.cat\/ceippladelesvinyes\/wp-content\/uploads\/usu1439\/2025\/01\/1736775459892-1-1024x683.jpg 1024w, https:\/\/agora.xtec.cat\/ceippladelesvinyes\/wp-content\/uploads\/usu1439\/2025\/01\/1736775459892-1-290x193.jpg 290w, https:\/\/agora.xtec.cat\/ceippladelesvinyes\/wp-content\/uploads\/usu1439\/2025\/01\/1736775459892-1-768x512.jpg 768w, https:\/\/agora.xtec.cat\/ceippladelesvinyes\/wp-content\/uploads\/usu1439\/2025\/01\/1736775459892-1-1536x1024.jpg 1536w, https:\/\/agora.xtec.cat\/ceippladelesvinyes\/wp-content\/uploads\/usu1439\/2025\/01\/1736775459892-1-2048x1365.jpg 2048w\" sizes=\"auto, (max-width: 637px) 100vw, 637px\" \/><\/p>\n\n\n<p><strong>Com som i com treballem<\/strong><\/p>\n\n\n\n<p>A l\u2019Escola Pla de les Vinyes eduquem des d\u2019un aprenentatge actiu i vivencial, amb l\u2019alumnat com a protagonista i respectant els ritmes individuals. Som una escola inclusiva, organitzada per comunitats, i donem valor a la conviv\u00e8ncia, l\u2019autonomia i el sentit dels aprenentatges.<\/p>\n\n\n\n<p><strong>Infantil (3-6 anys)<\/strong><\/p>\n\n\n\n<ul class=\"wp-block-list\">\n<li>Treballem <strong>per projectes<\/strong> per despertar la curiositat i el llenguatge oral.<\/li>\n\n\n\n<li>Fem <strong>tallers<\/strong> d\u2019art, m\u00fasica, experimentaci\u00f3 i psicomotricitat.<\/li>\n\n\n\n<li>Organitzem <strong>ambients i microespais<\/strong> de joc simb\u00f2lic, construcci\u00f3, llenguatge i descoberta.<\/li>\n\n\n\n<li>Introdu\u00efm la <strong>lectura, l\u2019escriptura i la matem\u00e0tica<\/strong> de manera vivencial.<\/li>\n\n\n\n<li>Fem\u00a0<strong>racons<\/strong>\u00a0manipulatius de llengua i matem\u00e0tiques.<\/li>\n\n\n\n<li>A Infantil <strong>no fem \u00fas de pantalles<\/strong>; apostem per la manipulaci\u00f3, la comunicaci\u00f3 i les relacions.<\/li>\n<\/ul>\n\n\n\n<p><strong>Prim\u00e0ria (6-12 anys)<\/strong><\/p>\n\n\n\n<ul class=\"wp-block-list\">\n<li>Treballem <strong>per projectes<\/strong> per investigar i cooperar.<\/li>\n\n\n\n<li>Fem <strong>racons<\/strong> manipulatius de llengua i matem\u00e0tiques.<\/li>\n\n\n\n<li>Realitzem <strong>tallers<\/strong> creatius i tecnol\u00f2gics: rob\u00f2tica, programaci\u00f3, teatre i r\u00e0dio.<\/li>\n\n\n\n<li>Potenciem els <strong>tallers d\u2019experimentaci\u00f3 i <\/strong><strong>l\u2019aula STEAM<\/strong> per desenvolupar el pensament cient\u00edfic.<\/li>\n\n\n\n<li>A angl\u00e8s impulsem el projecte <strong>\u201cChering to Learning\u201d<\/strong> per refor\u00e7ar la comunicaci\u00f3 i l\u2019oralitat.<\/li>\n\n\n\n<li>Treballem les <strong>\u00e0rees instrumentals<\/strong> amb funcionalitat i sentit.<\/li>\n\n\n\n<li>Desenvolupem <strong>projectes compartits i servei comunitari<\/strong> vinculats als ODS.<br><\/li>\n<\/ul>\n\n\n\n<p><strong>Educaci\u00f3 art\u00edstica<br><\/strong>L\u2019expressi\u00f3 art\u00edstica \u00e9s un \u00e0mbit que cuidem i promovem. Treballem la pl\u00e0stica, la m\u00fasica i les arts esc\u00e8niques per potenciar la creativitat, la sensibilitat i la comunicaci\u00f3. Participem en projectes musicals com&nbsp;la <strong>Clika<\/strong>, la <strong>Trobada de corals &#8211; CorArts<\/strong>, i la&nbsp;<strong>Cant\u00e0nia<\/strong>&nbsp;, que ens permeten viure la m\u00fasica en comunitat i compartir-la amb les fam\u00edlies.<\/p>\n\n\n\n<p><strong>Compet\u00e8ncia digital i TAC<\/strong><\/p>\n\n\n\n<ul class=\"wp-block-list\">\n<li>A <strong>Infantil<\/strong> no utilitzem pantalles; prioritzem el joc i la manipulaci\u00f3.<\/li>\n\n\n\n<li>A <strong>Prim\u00e0ria<\/strong> iniciem la compet\u00e8ncia digital amb rob\u00f2tica, programaci\u00f3, entorns digitals i producci\u00f3 multim\u00e8dia.<\/li>\n\n\n\n<li>Afavorim el <strong>pensament computacional<\/strong>, l\u2019autonomia i el treball cooperatiu.<\/li>\n\n\n\n<li>Utilitzem la biblioteca i recursos digitals com a suport a la lectura i la recerca.<\/li>\n<\/ul>\n\n\n\n<p><strong>Educaci\u00f3 en valors i conviv\u00e8ncia<\/strong><\/p>\n\n\n\n<p>L\u2019educaci\u00f3 en valors \u00e9s el centre del nostre projecte. Treballem la conviv\u00e8ncia, les emocions, la sostenibilitat, l\u2019empatia, la inclusi\u00f3 i la responsabilitat personal.<\/p>\n\n\n\n<p>Som&nbsp;<strong>escola verda<\/strong>&nbsp;i fomentem la cura del nostre entorn. Comptem amb&nbsp;<strong>ecodelegats i ecodelegades<\/strong>&nbsp;a cada comunitat, que participen en la presa de decisions per conservar i millorar els espais naturals i sostenibles de l\u2019escola.<\/p>\n\n\n\n<p>A trav\u00e9s del&nbsp;<strong>Consell d\u2019Infants<\/strong>, l\u2019alumnat participa activament en les decisions que afecten la vida del centre i contribueix al funcionament democr\u00e0tic de l\u2019escola.<\/p>\n\n\n\n<p>Eduquem per aprendre a viure junts i juntes, a dialogar i a construir criteri propi, perqu\u00e8 l\u2019escola \u00e9s tamb\u00e9 un espai per cr\u00e9ixer com a persones.<\/p>\n\n\n\n<p><strong>Participaci\u00f3 de les fam\u00edlies<\/strong><br>La participaci\u00f3 de les fam\u00edlies \u00e9s molt important per al funcionament i l\u2019enriquiment de l\u2019escola. Disposem de diversos espais de participaci\u00f3:&nbsp;<strong>AFA, Consell Escolar<\/strong>&nbsp;i comissions mixtes de&nbsp;<strong>festes, econ\u00f2mica, permanent, manteniment, fam\u00edlies delegades, etc.<\/strong>, on les fam\u00edlies poden implicar-se activament i aportar les seves idees i experi\u00e8ncia.<\/p>\n\n\n\n<p><\/p>\n","protected":false},"excerpt":{"rendered":"<p>Com som i com treballem A l\u2019Escola Pla de les Vinyes eduquem des d\u2019un aprenentatge actiu i vivencial, amb l\u2019alumnat com a protagonista i respectant els ritmes individuals. Som una escola inclusiva, organitzada per comunitats, i donem valor a la conviv\u00e8ncia, l\u2019autonomia i el sentit dels aprenentatges. Infantil (3-6 anys) Prim\u00e0ria (6-12 anys) Educaci\u00f3 art\u00edsticaL\u2019expressi\u00f3 [&hellip;]<\/p>\n","protected":false},"author":1,"featured_media":0,"parent":0,"menu_order":0,"comment_status":"closed","ping_status":"closed","template":"page-templates\/side-menu.php","meta":{"_bbp_topic_count":0,"_bbp_reply_count":0,"_bbp_total_topic_count":0,"_bbp_total_reply_count":0,"_bbp_voice_count":0,"_bbp_anonymous_reply_count":0,"_bbp_topic_count_hidden":0,"_bbp_reply_count_hidden":0,"_bbp_forum_subforum_count":0,"site-sidebar-layout":"default","site-content-layout":"","ast-site-content-layout":"default","site-content-style":"default","site-sidebar-style":"default","ast-global-header-display":"","ast-banner-title-visibility":"","ast-main-header-display":"","ast-hfb-above-header-display":"","ast-hfb-below-header-display":"","ast-hfb-mobile-header-display":"","site-post-title":"","ast-breadcrumbs-content":"","ast-featured-img":"","footer-sml-layout":"","theme-transparent-header-meta":"","adv-header-id-meta":"","stick-header-meta":"","header-above-stick-meta":"","header-main-stick-meta":"","header-below-stick-meta":"","astra-migrate-meta-layouts":"set","ast-page-background-enabled":"default","ast-page-background-meta":{"desktop":{"background-color":"var(--ast-global-color-4)","background-image":"","background-repeat":"repeat","background-position":"center center","background-size":"auto","background-attachment":"scroll","background-type":"","background-media":"","overlay-type":"","overlay-color":"","overlay-opacity":"","overlay-gradient":""},"tablet":{"background-color":"","background-image":"","background-repeat":"repeat","background-position":"center center","background-size":"auto","background-attachment":"scroll","background-type":"","background-media":"","overlay-type":"","overlay-color":"","overlay-opacity":"","overlay-gradient":""},"mobile":{"background-color":"","background-image":"","background-repeat":"repeat","background-position":"center center","background-size":"auto","background-attachment":"scroll","background-type":"","background-media":"","overlay-type":"","overlay-color":"","overlay-opacity":"","overlay-gradient":""}},"ast-content-background-meta":{"desktop":{"background-color":"var(--ast-global-color-5)","background-image":"","background-repeat":"repeat","background-position":"center center","background-size":"auto","background-attachment":"scroll","background-type":"","background-media":"","overlay-type":"","overlay-color":"","overlay-opacity":"","overlay-gradient":""},"tablet":{"background-color":"var(--ast-global-color-5)","background-image":"","background-repeat":"repeat","background-position":"center center","background-size":"auto","background-attachment":"scroll","background-type":"","background-media":"","overlay-type":"","overlay-color":"","overlay-opacity":"","overlay-gradient":""},"mobile":{"background-color":"var(--ast-global-color-5)","background-image":"","background-repeat":"repeat","background-position":"center center","background-size":"auto","background-attachment":"scroll","background-type":"","background-media":"","overlay-type":"","overlay-color":"","overlay-opacity":"","overlay-gradient":""}},"footnotes":""},"class_list":["post-22","page","type-page","status-publish","hentry"],"post_mailing_queue_ids":[],"_links":{"self":[{"href":"https:\/\/agora.xtec.cat\/ceippladelesvinyes\/wp-json\/wp\/v2\/pages\/22","targetHints":{"allow":["GET"]}}],"collection":[{"href":"https:\/\/agora.xtec.cat\/ceippladelesvinyes\/wp-json\/wp\/v2\/pages"}],"about":[{"href":"https:\/\/agora.xtec.cat\/ceippladelesvinyes\/wp-json\/wp\/v2\/types\/page"}],"author":[{"embeddable":true,"href":"https:\/\/agora.xtec.cat\/ceippladelesvinyes\/wp-json\/wp\/v2\/users\/1"}],"replies":[{"embeddable":true,"href":"https:\/\/agora.xtec.cat\/ceippladelesvinyes\/wp-json\/wp\/v2\/comments?post=22"}],"version-history":[{"count":6,"href":"https:\/\/agora.xtec.cat\/ceippladelesvinyes\/wp-json\/wp\/v2\/pages\/22\/revisions"}],"predecessor-version":[{"id":14633,"href":"https:\/\/agora.xtec.cat\/ceippladelesvinyes\/wp-json\/wp\/v2\/pages\/22\/revisions\/14633"}],"wp:attachment":[{"href":"https:\/\/agora.xtec.cat\/ceippladelesvinyes\/wp-json\/wp\/v2\/media?parent=22"}],"curies":[{"name":"wp","href":"https:\/\/api.w.org\/{rel}","templated":true}]}}