{"id":12971,"date":"2024-04-25T10:15:47","date_gmt":"2024-04-25T08:15:47","guid":{"rendered":"https:\/\/agora.xtec.cat\/ceippladelesvinyes\/?page_id=12971"},"modified":"2025-09-05T09:49:20","modified_gmt":"2025-09-05T07:49:20","slug":"pressupost-i-liquidacio-economica","status":"publish","type":"page","link":"https:\/\/agora.xtec.cat\/ceippladelesvinyes\/pressupost-i-liquidacio-economica\/","title":{"rendered":"Pressupost i liquidaci\u00f3 econ\u00f2mica"},"content":{"rendered":"<p>D\u2019acord amb el que preveu l\u2019apartat de <b>Transpar\u00e8ncia i acc\u00e9s a la informaci\u00f3 p\u00fablica<\/b><b>,\u00a0<\/b>els centres educatius publiquem al nostre web, la informaci\u00f3 corresponent al pressupost amb la descripci\u00f3 de les partides pressupost\u00e0ries anuals i les dades de l&#8217;execuci\u00f3 i liquidaci\u00f3 d&#8217;aquest:<\/p>\n<ul>\n<li><a href=\"https:\/\/drive.google.com\/file\/d\/1SLQoacsTdMUqaY2sHWhEGRCkDzApLJhx\/view?usp=sharing\">Pressupost 2024<\/a><\/li>\n<li><a href=\"https:\/\/drive.google.com\/file\/d\/1hLlwSiWbNXY-5BhAqDTM_3U6tHK-LiZ8\/view?usp=sharing\">Liquidaci\u00f3 exercici 2023<\/a><\/li>\n<\/ul>\n<p>&nbsp;<\/p>\n","protected":false},"excerpt":{"rendered":"<p>D\u2019acord amb el que preveu l\u2019apartat de Transpar\u00e8ncia i acc\u00e9s a la informaci\u00f3 p\u00fablica,\u00a0els centres educatius publiquem al nostre web, la informaci\u00f3 corresponent al pressupost amb la descripci\u00f3 de les partides pressupost\u00e0ries anuals i les dades de l&#8217;execuci\u00f3 i liquidaci\u00f3 d&#8217;aquest: Pressupost 2024 Liquidaci\u00f3 exercici 2023 &nbsp;<\/p>\n","protected":false},"author":1,"featured_media":0,"parent":0,"menu_order":0,"comment_status":"closed","ping_status":"closed","template":"","meta":{"_bbp_topic_count":0,"_bbp_reply_count":0,"_bbp_total_topic_count":0,"_bbp_total_reply_count":0,"_bbp_voice_count":0,"_bbp_anonymous_reply_count":0,"_bbp_topic_count_hidden":0,"_bbp_reply_count_hidden":0,"_bbp_forum_subforum_count":0,"site-sidebar-layout":"default","site-content-layout":"","ast-site-content-layout":"","site-content-style":"default","site-sidebar-style":"default","ast-global-header-display":"","ast-banner-title-visibility":"","ast-main-header-display":"","ast-hfb-above-header-display":"","ast-hfb-below-header-display":"","ast-hfb-mobile-header-display":"","site-post-title":"","ast-breadcrumbs-content":"","ast-featured-img":"","footer-sml-layout":"","theme-transparent-header-meta":"","adv-header-id-meta":"","stick-header-meta":"","header-above-stick-meta":"","header-main-stick-meta":"","header-below-stick-meta":"","astra-migrate-meta-layouts":"default","ast-page-background-enabled":"default","ast-page-background-meta":{"desktop":{"background-color":"var(--ast-global-color-4)","background-image":"","background-repeat":"repeat","background-position":"center center","background-size":"auto","background-attachment":"scroll","background-type":"","background-media":"","overlay-type":"","overlay-color":"","overlay-opacity":"","overlay-gradient":""},"tablet":{"background-color":"","background-image":"","background-repeat":"repeat","background-position":"center center","background-size":"auto","background-attachment":"scroll","background-type":"","background-media":"","overlay-type":"","overlay-color":"","overlay-opacity":"","overlay-gradient":""},"mobile":{"background-color":"","background-image":"","background-repeat":"repeat","background-position":"center center","background-size":"auto","background-attachment":"scroll","background-type":"","background-media":"","overlay-type":"","overlay-color":"","overlay-opacity":"","overlay-gradient":""}},"ast-content-background-meta":{"desktop":{"background-color":"var(--ast-global-color-5)","background-image":"","background-repeat":"repeat","background-position":"center center","background-size":"auto","background-attachment":"scroll","background-type":"","background-media":"","overlay-type":"","overlay-color":"","overlay-opacity":"","overlay-gradient":""},"tablet":{"background-color":"var(--ast-global-color-5)","background-image":"","background-repeat":"repeat","background-position":"center center","background-size":"auto","background-attachment":"scroll","background-type":"","background-media":"","overlay-type":"","overlay-color":"","overlay-opacity":"","overlay-gradient":""},"mobile":{"background-color":"var(--ast-global-color-5)","background-image":"","background-repeat":"repeat","background-position":"center center","background-size":"auto","background-attachment":"scroll","background-type":"","background-media":"","overlay-type":"","overlay-color":"","overlay-opacity":"","overlay-gradient":""}},"footnotes":""},"class_list":["post-12971","page","type-page","status-publish","hentry"],"post_mailing_queue_ids":[],"_links":{"self":[{"href":"https:\/\/agora.xtec.cat\/ceippladelesvinyes\/wp-json\/wp\/v2\/pages\/12971","targetHints":{"allow":["GET"]}}],"collection":[{"href":"https:\/\/agora.xtec.cat\/ceippladelesvinyes\/wp-json\/wp\/v2\/pages"}],"about":[{"href":"https:\/\/agora.xtec.cat\/ceippladelesvinyes\/wp-json\/wp\/v2\/types\/page"}],"author":[{"embeddable":true,"href":"https:\/\/agora.xtec.cat\/ceippladelesvinyes\/wp-json\/wp\/v2\/users\/1"}],"replies":[{"embeddable":true,"href":"https:\/\/agora.xtec.cat\/ceippladelesvinyes\/wp-json\/wp\/v2\/comments?post=12971"}],"version-history":[{"count":4,"href":"https:\/\/agora.xtec.cat\/ceippladelesvinyes\/wp-json\/wp\/v2\/pages\/12971\/revisions"}],"predecessor-version":[{"id":14022,"href":"https:\/\/agora.xtec.cat\/ceippladelesvinyes\/wp-json\/wp\/v2\/pages\/12971\/revisions\/14022"}],"wp:attachment":[{"href":"https:\/\/agora.xtec.cat\/ceippladelesvinyes\/wp-json\/wp\/v2\/media?parent=12971"}],"curies":[{"name":"wp","href":"https:\/\/api.w.org\/{rel}","templated":true}]}}