{"id":9,"date":"2014-09-17T15:08:18","date_gmt":"2014-09-17T14:08:18","guid":{"rendered":"http:\/\/agora.xtec.cat\/ceippladedalt\/?page_id=9"},"modified":"2026-04-29T15:20:16","modified_gmt":"2026-04-29T13:20:16","slug":"pagina-dinici-buida","status":"publish","type":"page","link":"https:\/\/agora.xtec.cat\/ceippladedalt\/","title":{"rendered":"Pagina d&#8217;inici"},"content":{"rendered":"<h3 style=\"text-align: center;\"><img loading=\"lazy\" decoding=\"async\" class=\"size-large wp-image-985 aligncenter\" src=\"https:\/\/agora.xtec.cat\/ceippladedalt\/wp-content\/uploads\/usu2126\/2020\/07\/Benvinguda1-1024x149.jpeg\" alt=\"\" width=\"1024\" height=\"149\" srcset=\"https:\/\/agora.xtec.cat\/ceippladedalt\/wp-content\/uploads\/usu2126\/2020\/07\/Benvinguda1-1024x149.jpeg 1024w, https:\/\/agora.xtec.cat\/ceippladedalt\/wp-content\/uploads\/usu2126\/2020\/07\/Benvinguda1-300x44.jpeg 300w, https:\/\/agora.xtec.cat\/ceippladedalt\/wp-content\/uploads\/usu2126\/2020\/07\/Benvinguda1-768x112.jpeg 768w\" sizes=\"auto, (max-width: 1024px) 100vw, 1024px\" \/><\/h3>\n\n\n<figure class=\"wp-block-image size-large\"><a href=\"https:\/\/agora.xtec.cat\/ceippladedalt\/wp-content\/uploads\/usu2126\/2026\/03\/Preinscripcio_baners_Web_educacio__Preinscripcio_web_educacio_1900x372_3imatges.jpg\"><img loading=\"lazy\" decoding=\"async\" width=\"1024\" height=\"200\" src=\"https:\/\/agora.xtec.cat\/ceippladedalt\/wp-content\/uploads\/usu2126\/2026\/03\/Preinscripcio_baners_Web_educacio__Preinscripcio_web_educacio_1900x372_3imatges-1024x200.jpg\" alt=\"\" class=\"wp-image-23694\" srcset=\"https:\/\/agora.xtec.cat\/ceippladedalt\/wp-content\/uploads\/usu2126\/2026\/03\/Preinscripcio_baners_Web_educacio__Preinscripcio_web_educacio_1900x372_3imatges-1024x200.jpg 1024w, https:\/\/agora.xtec.cat\/ceippladedalt\/wp-content\/uploads\/usu2126\/2026\/03\/Preinscripcio_baners_Web_educacio__Preinscripcio_web_educacio_1900x372_3imatges-300x59.jpg 300w, https:\/\/agora.xtec.cat\/ceippladedalt\/wp-content\/uploads\/usu2126\/2026\/03\/Preinscripcio_baners_Web_educacio__Preinscripcio_web_educacio_1900x372_3imatges-768x150.jpg 768w, https:\/\/agora.xtec.cat\/ceippladedalt\/wp-content\/uploads\/usu2126\/2026\/03\/Preinscripcio_baners_Web_educacio__Preinscripcio_web_educacio_1900x372_3imatges-1536x301.jpg 1536w, https:\/\/agora.xtec.cat\/ceippladedalt\/wp-content\/uploads\/usu2126\/2026\/03\/Preinscripcio_baners_Web_educacio__Preinscripcio_web_educacio_1900x372_3imatges.jpg 1900w\" sizes=\"auto, (max-width: 1024px) 100vw, 1024px\" \/><\/a><\/figure>\n\n\n\n<p class=\"has-text-align-center has-vivid-purple-color has-text-color has-link-color has-medium-font-size wp-elements-59954602dc19a63426dd790d694fe73e\"><strong>CALENDARI DE PREINSCRIPCI\u00d3 I MATRICULACI\u00d3 2026-202<\/strong>7<\/p>\n\n\n\n<h3 class=\"wp-block-heading has-text-align-center\"><strong><a href=\"https:\/\/drive.google.com\/file\/d\/1zSJHNTxtj7YzV8oC_hl7I7r8Ir4QkWuM\/view?usp=sharing\">RESOLUCI\u00d3 EDF\/293\/2026, de 6 de febrer<\/a><\/strong> <strong>Educaci\u00f3 infantil i prim\u00e0ria<\/strong><\/h3>\n\n\n\n<p>Benvolgudes fam\u00edlies,<\/p>\n\n\n\n<p>Ja teniu informaci\u00f3 sobre la Preinscripci\u00f3 escolar al web&nbsp;<strong><a href=\"https:\/\/preinscripcio.gencat.cat\/ca\/inici\/\" target=\"_blank\" rel=\"noreferrer noopener\">preinscripcio.gencat.cat<\/a><\/strong>, que neix de la voluntat d\u2019acompanyar millor les fam\u00edlies durant el proc\u00e9s de preinscripci\u00f3 2026-2027 als ensenyaments obligatoris.<\/p>\n\n\n\n<p><a href=\"https:\/\/preinscripcio.gencat.cat\/ca\/estudis\/infantil-3-6\/preinscriute\/sollicitud\/\"><strong>SOL\u00b7LICITUD DE PREINSCRIPCI\u00d3 D\u2019EDUCACI\u00d3 INFANTIL (3-6 ANYS)<\/strong><\/a><\/p>\n\n\n\n<p><strong><a href=\"https:\/\/preinscripcio.gencat.cat\/ca\/estudis\/primaria\/preinscriute\/sollicitud\/\">SOL\u00b7LICITUD DE PREINSCRIPCI\u00d3 D\u2019EDUCACI\u00d3 PRIM\u00c0RIA (6-12 ANYS)<\/a><\/strong><\/p>\n\n\n\n<p class=\"has-text-align-center\"><strong>CALENDARI<\/strong><\/p>\n\n\n\n<figure class=\"wp-block-table\"><table class=\"has-fixed-layout\"><tbody><tr><td>=&gt;<strong><a href=\"https:\/\/drive.google.com\/file\/d\/1I1YFe_U3nJY_CiDgRLE-eCn7e7y-bICH\/view?usp=sharing\">Publicaci\u00f3 de l\u2018oferta inicial<\/a><\/strong><\/td><td><strong>3 mar\u00e7<\/strong><\/td><\/tr><tr><td>=&gt;<strong>Presentaci\u00f3 de&nbsp;sol\u00b7licituds<\/strong><\/td><td><strong>Del 4 al 18 de mar\u00e7<\/strong><\/td><\/tr><tr><td>=&gt;<strong>Presentaci\u00f3 de documentaci\u00f3<\/strong><\/td><td><strong>19 de mar\u00e7<\/strong><\/td><\/tr><tr><td>=&gt;<strong><a href=\"https:\/\/drive.google.com\/file\/d\/1Gm--fx21bBsssnLs-F9NEtxL6yfcNqPU\/view?usp=sharing\">Publicaci\u00f3 de la&nbsp;llista de sol\u00b7licituds amb la&nbsp;puntuaci\u00f3 provisional<\/a><\/strong><\/td><td><strong>15 d\u2019abril<\/strong><\/td><\/tr><tr><td>=&gt;<strong>Presentaci\u00f3 de reclamacions a la llista amb la puntuaci\u00f3 provisional<\/strong><\/td><td><strong>Del 15 al 20 d\u2019abril<\/strong><\/td><\/tr><tr><td><strong>=&gt; Gesti\u00f3 de reclamacions<\/strong><\/td><td><strong>Del 15 al 20 d\u2019abril<\/strong><\/td><\/tr><tr><td>=&gt;<strong><a href=\"https:\/\/drive.google.com\/file\/d\/1J8h5o3h5ODbxEdCZdt6hVVOwIvz_sdme\/view?usp=sharing\">Publicaci\u00f3 de la&nbsp;llista amb la puntuaci\u00f3 definitiva, un cop resoltes de les reclamacions<\/a><\/strong><\/td><td><strong>23 d\u2019abril<\/strong><\/td><\/tr><tr><td>=&gt;<strong>Sorteig del n\u00famero per al desempat<\/strong> <strong>&nbsp;42129<\/strong><\/td><td><strong>28 d\u2019abril<\/strong><\/td><\/tr><tr><td>=><a href=\"https:\/\/drive.google.com\/file\/d\/1PAWFfG0PgC0vqw7bu6wz7kgbR_9NToCp\/view?usp=sharing\"> <strong>Publicaci\u00f3 de les\u00a0llistes ordenades definitives<\/strong><\/a><\/td><td><strong>29 d\u2019abril<\/strong><\/td><\/tr><tr><td><strong>Ampliaci\u00f3 de petici\u00f3 de centres per alumnes NEE B les sol\u00b7licituds que no han obtingut cap assignaci\u00f3<\/strong><\/td><td><strong>21 i 22 de maig<\/strong><\/td><\/tr><tr><td><strong>Ampliaci\u00f3 de petici\u00f3 de centres per alumnes ordinaris les sol\u00b7licituds que no han obtingut cap assignaci\u00f3<\/strong><\/td><td><strong>Del 13 al 14 maig (NESE)<br>1 al 3 de juny (Ordinaris)<\/strong><\/td><\/tr><tr><td><strong>Publicaci\u00f3 de l<\/strong>\u2019<strong>oferta final<\/strong><\/td><td><strong>10 juny<\/strong><\/td><\/tr><tr><td><strong>Publicaci\u00f3 llista&nbsp; alumnes preinscrits,&nbsp;llista d\u2019alumnes assignats<\/strong>&nbsp;i la&nbsp;<strong>llista d\u2019espera<\/strong><\/td><td><strong>10 juny<\/strong><\/td><\/tr><tr><td><strong>Per\u00edode de matriculaci\u00f3<\/strong><\/td><td><strong>Del 22 al 30 de juny<\/strong><\/td><\/tr><\/tbody><\/table><\/figure>\n\n\n\n<p><\/p>\n","protected":false},"excerpt":{"rendered":"<p><a href=\"https:\/\/agora.xtec.cat\/ceippladedalt\/wp-content\/uploads\/usu2126\/2026\/03\/Preinscripcio_baners_Web_educacio__Preinscripcio_web_educacio_1900x372_3imatges.jpg\"><\/a><\/p>\n<p>CALENDARI DE PREINSCRIPCI\u00d3 I MATRICULACI\u00d3 2026-2027<\/p>\n<p><a href=\"https:\/\/drive.google.com\/file\/d\/1zSJHNTxtj7YzV8oC_hl7I7r8Ir4QkWuM\/view?usp=sharing\">RESOLUCI\u00d3 EDF\/293\/2026, de 6 de febrer<\/a> Educaci\u00f3 infantil i prim\u00e0ria<\/p>\n<p>Benvolgudes fam\u00edlies,<\/p>\n<p>Ja teniu informaci\u00f3 sobre la Preinscripci\u00f3 escolar al web&nbsp;<a href=\"https:\/\/preinscripcio.gencat.cat\/ca\/inici\/\" target=\"_blank\" rel=\"noreferrer noopener\">preinscripcio.gencat.cat<\/a>, que neix de la voluntat d\u2019acompanyar millor les fam\u00edlies durant el proc\u00e9s de preinscripci\u00f3 2026-2027&hellip;  <a href=\"https:\/\/agora.xtec.cat\/ceippladedalt\/\" title=\"Read Pagina d&#8217;inici\">Llegeix m\u00e9s\u00bb<\/a><\/p>\n","protected":false},"author":1,"featured_media":21410,"parent":0,"menu_order":0,"comment_status":"closed","ping_status":"closed","template":"page-templates\/front-page.php","meta":{"_bbp_topic_count":0,"_bbp_reply_count":0,"_bbp_total_topic_count":0,"_bbp_total_reply_count":0,"_bbp_voice_count":0,"_bbp_anonymous_reply_count":0,"_bbp_topic_count_hidden":0,"_bbp_reply_count_hidden":0,"_bbp_forum_subforum_count":0,"footnotes":""},"class_list":["post-9","page","type-page","status-publish","has-post-thumbnail","hentry"],"post_mailing_queue_ids":[],"_links":{"self":[{"href":"https:\/\/agora.xtec.cat\/ceippladedalt\/wp-json\/wp\/v2\/pages\/9","targetHints":{"allow":["GET"]}}],"collection":[{"href":"https:\/\/agora.xtec.cat\/ceippladedalt\/wp-json\/wp\/v2\/pages"}],"about":[{"href":"https:\/\/agora.xtec.cat\/ceippladedalt\/wp-json\/wp\/v2\/types\/page"}],"author":[{"embeddable":true,"href":"https:\/\/agora.xtec.cat\/ceippladedalt\/wp-json\/wp\/v2\/users\/1"}],"replies":[{"embeddable":true,"href":"https:\/\/agora.xtec.cat\/ceippladedalt\/wp-json\/wp\/v2\/comments?post=9"}],"version-history":[{"count":6,"href":"https:\/\/agora.xtec.cat\/ceippladedalt\/wp-json\/wp\/v2\/pages\/9\/revisions"}],"predecessor-version":[{"id":23742,"href":"https:\/\/agora.xtec.cat\/ceippladedalt\/wp-json\/wp\/v2\/pages\/9\/revisions\/23742"}],"wp:featuredmedia":[{"embeddable":true,"href":"https:\/\/agora.xtec.cat\/ceippladedalt\/wp-json\/wp\/v2\/media\/21410"}],"wp:attachment":[{"href":"https:\/\/agora.xtec.cat\/ceippladedalt\/wp-json\/wp\/v2\/media?parent=9"}],"curies":[{"name":"wp","href":"https:\/\/api.w.org\/{rel}","templated":true}]}}