{"id":3564,"date":"2022-01-20T13:02:06","date_gmt":"2022-01-20T12:02:06","guid":{"rendered":"https:\/\/agora.xtec.cat\/ceippladedalt\/?page_id=3564"},"modified":"2025-02-24T15:20:14","modified_gmt":"2025-02-24T14:20:14","slug":"especialitats","status":"publish","type":"page","link":"https:\/\/agora.xtec.cat\/ceippladedalt\/especialitats\/","title":{"rendered":"ANGL\u00c8S, ED.F\u00cdSICA I M\u00daSICA"},"content":{"rendered":"<table style=\"border-collapse: collapse; width: 100%;\">\n<tbody>\n<tr>\n<td style=\"width: 33.3333%;\"><a href=\"https:\/\/sites.google.com\/escolapladedalt.cat\/using-language-to-learn-learni\/p%C3%A0gina-principal\" target=\"_blank\" rel=\"noopener\"><img loading=\"lazy\" decoding=\"async\" class=\"size-medium wp-image-3576 aligncenter\" src=\"https:\/\/agora.xtec.cat\/ceippladedalt\/wp-content\/uploads\/usu2126\/2022\/01\/ANGLES-300x152.jpg\" alt=\"\" width=\"300\" height=\"152\" srcset=\"https:\/\/agora.xtec.cat\/ceippladedalt\/wp-content\/uploads\/usu2126\/2022\/01\/ANGLES-300x152.jpg 300w, https:\/\/agora.xtec.cat\/ceippladedalt\/wp-content\/uploads\/usu2126\/2022\/01\/ANGLES.jpg 315w\" sizes=\"auto, (max-width: 300px) 100vw, 300px\" \/><\/a><\/td>\n<td style=\"width: 33.3333%;\"><a href=\"https:\/\/sites.google.com\/escolapladedalt.cat\/educaciofisica\/inici\" target=\"_blank\" rel=\"noopener\"><img loading=\"lazy\" decoding=\"async\" class=\"aligncenter wp-image-3568 size-medium\" title=\"https:\/\/sites.google.com\/escolapladedalt.cat\/educaciofisica\/inici\" src=\"https:\/\/agora.xtec.cat\/ceippladedalt\/wp-content\/uploads\/usu2126\/2022\/01\/EdFisica-300x186.jpg\" alt=\"\" width=\"300\" height=\"186\" srcset=\"https:\/\/agora.xtec.cat\/ceippladedalt\/wp-content\/uploads\/usu2126\/2022\/01\/EdFisica-300x186.jpg 300w, https:\/\/agora.xtec.cat\/ceippladedalt\/wp-content\/uploads\/usu2126\/2022\/01\/EdFisica-1024x635.jpg 1024w, https:\/\/agora.xtec.cat\/ceippladedalt\/wp-content\/uploads\/usu2126\/2022\/01\/EdFisica-768x476.jpg 768w, https:\/\/agora.xtec.cat\/ceippladedalt\/wp-content\/uploads\/usu2126\/2022\/01\/EdFisica.jpg 1280w\" sizes=\"auto, (max-width: 300px) 100vw, 300px\" \/><\/a><\/td>\n<td style=\"width: 33.3333%;\"><a href=\"https:\/\/sites.google.com\/escolapladedalt.cat\/educaciomusical\/inici\" target=\"_blank\" rel=\"noopener\"><img loading=\"lazy\" decoding=\"async\" class=\"aligncenter wp-image-3570 size-full\" src=\"https:\/\/agora.xtec.cat\/ceippladedalt\/wp-content\/uploads\/usu2126\/2022\/01\/MUSICA.jpg\" alt=\"\" width=\"289\" height=\"196\" \/><\/a><\/td>\n<\/tr>\n<tr>\n<td style=\"width: 33.3333%; text-align: center;\">\n<h3><a href=\"https:\/\/sites.google.com\/escolapladedalt.cat\/using-language-to-learn-learni\/p%C3%A0gina-principal\" target=\"_blank\" rel=\"noopener\"><strong>ANGL\u00c8S<\/strong><\/a><\/h3>\n<\/td>\n<td style=\"width: 33.3333%; text-align: center;\">\n<h3><a href=\"https:\/\/sites.google.com\/escolapladedalt.cat\/educaciofisica\/inici\" target=\"_blank\" rel=\"noopener\" data-wplink-edit=\"true\"><strong>EDUCACI\u00d3 F\u00cdSICA<\/strong><\/a><\/h3>\n<\/td>\n<td style=\"width: 33.3333%; text-align: center;\">\n<h3><a href=\"https:\/\/sites.google.com\/escolapladedalt.cat\/educaciomusical\/inici\" target=\"_blank\" rel=\"noopener\"><strong>M\u00daSICA<\/strong><\/a><\/h3>\n<\/td>\n<\/tr>\n<\/tbody>\n<\/table>\n","protected":false},"excerpt":{"rendered":"<p><a href=\"https:\/\/sites.google.com\/escolapladedalt.cat\/using-language-to-learn-learni\/p%C3%A0gina-principal\" target=\"_blank\" rel=\"noopener\"><\/a><br \/>\n<a href=\"https:\/\/sites.google.com\/escolapladedalt.cat\/educaciofisica\/inici\" target=\"_blank\" rel=\"noopener\"><\/a><br \/>\n<a href=\"https:\/\/sites.google.com\/escolapladedalt.cat\/educaciomusical\/inici\" target=\"_blank\" rel=\"noopener\"><\/a><\/p>\n<p><a href=\"https:\/\/sites.google.com\/escolapladedalt.cat\/using-language-to-learn-learni\/p%C3%A0gina-principal\" target=\"_blank\" rel=\"noopener\">ANGL\u00c8S<\/a><\/p>\n<p><a href=\"https:\/\/sites.google.com\/escolapladedalt.cat\/educaciofisica\/inici\" target=\"_blank\" rel=\"noopener\" data-wplink-edit=\"true\">EDUCACI\u00d3 F\u00cdSICA<\/a><\/p>\n<p><a href=\"https:\/\/sites.google.com\/escolapladedalt.cat\/educaciomusical\/inici\" target=\"_blank\" rel=\"noopener\">M\u00daSICA<\/a><\/p>\n","protected":false},"author":1,"featured_media":0,"parent":0,"menu_order":0,"comment_status":"closed","ping_status":"closed","template":"","meta":{"_bbp_topic_count":0,"_bbp_reply_count":0,"_bbp_total_topic_count":0,"_bbp_total_reply_count":0,"_bbp_voice_count":0,"_bbp_anonymous_reply_count":0,"_bbp_topic_count_hidden":0,"_bbp_reply_count_hidden":0,"_bbp_forum_subforum_count":0,"footnotes":""},"class_list":["post-3564","page","type-page","status-publish","hentry"],"post_mailing_queue_ids":[],"_links":{"self":[{"href":"https:\/\/agora.xtec.cat\/ceippladedalt\/wp-json\/wp\/v2\/pages\/3564","targetHints":{"allow":["GET"]}}],"collection":[{"href":"https:\/\/agora.xtec.cat\/ceippladedalt\/wp-json\/wp\/v2\/pages"}],"about":[{"href":"https:\/\/agora.xtec.cat\/ceippladedalt\/wp-json\/wp\/v2\/types\/page"}],"author":[{"embeddable":true,"href":"https:\/\/agora.xtec.cat\/ceippladedalt\/wp-json\/wp\/v2\/users\/1"}],"replies":[{"embeddable":true,"href":"https:\/\/agora.xtec.cat\/ceippladedalt\/wp-json\/wp\/v2\/comments?post=3564"}],"version-history":[{"count":5,"href":"https:\/\/agora.xtec.cat\/ceippladedalt\/wp-json\/wp\/v2\/pages\/3564\/revisions"}],"predecessor-version":[{"id":22375,"href":"https:\/\/agora.xtec.cat\/ceippladedalt\/wp-json\/wp\/v2\/pages\/3564\/revisions\/22375"}],"wp:attachment":[{"href":"https:\/\/agora.xtec.cat\/ceippladedalt\/wp-json\/wp\/v2\/media?parent=3564"}],"curies":[{"name":"wp","href":"https:\/\/api.w.org\/{rel}","templated":true}]}}