{"id":23081,"date":"2025-06-18T09:14:05","date_gmt":"2025-06-18T07:14:05","guid":{"rendered":"https:\/\/agora.xtec.cat\/ceippladedalt\/?page_id=23081"},"modified":"2025-06-18T10:01:08","modified_gmt":"2025-06-18T08:01:08","slug":"e-twinning","status":"publish","type":"page","link":"https:\/\/agora.xtec.cat\/ceippladedalt\/projectes\/e-twinning\/","title":{"rendered":"E-TWINNING"},"content":{"rendered":"\n<p>Al setembre del curs 24-25 iniciem dos projectes&nbsp;<em>eTwinning<\/em>.&nbsp;&nbsp;<\/p>\n\n\n\n<p><a href=\"https:\/\/sites.google.com\/escolapladedalt.cat\/using-language-to-learn-learni\/p%C3%A0gina-principal\/etwinning?authuser=0\" data-type=\"link\" data-id=\"https:\/\/sites.google.com\/escolapladedalt.cat\/using-language-to-learn-learni\/p%C3%A0gina-principal\/etwinning?authuser=0\"><em>eTwinning<\/em>\u00a0<\/a>\u00e9s una comunitat digital d&#8217;escoles europees. Els 4 pilars imprescindibles de tots els projectes s\u00f3n la dimensi\u00f3 europea, el treball col.laboratiu entre alumnes de diferents pa\u00efsos, l&#8217;aprenentatge de les lleng\u00fces i les noves tecnologies.<\/p>\n\n\n\n<p><\/p>\n","protected":false},"excerpt":{"rendered":"<p>Al setembre del curs 24-25 iniciem dos projectes&nbsp;eTwinning.&nbsp;&nbsp;<\/p>\n<p><a href=\"https:\/\/sites.google.com\/escolapladedalt.cat\/using-language-to-learn-learni\/p%C3%A0gina-principal\/etwinning?authuser=0\" data-type=\"link\" data-id=\"https:\/\/sites.google.com\/escolapladedalt.cat\/using-language-to-learn-learni\/p%C3%A0gina-principal\/etwinning?authuser=0\">eTwinning\u00a0<\/a>\u00e9s una comunitat digital d&#8217;escoles europees. Els 4 pilars imprescindibles de tots els projectes s\u00f3n la dimensi\u00f3 europea, el treball col.laboratiu entre alumnes de diferents pa\u00efsos, l&#8217;aprenentatge de les lleng\u00fces i les noves tecnologies.<\/p>\n","protected":false},"author":1,"featured_media":0,"parent":733,"menu_order":0,"comment_status":"closed","ping_status":"closed","template":"page-templates\/side-menu.php","meta":{"_bbp_topic_count":0,"_bbp_reply_count":0,"_bbp_total_topic_count":0,"_bbp_total_reply_count":0,"_bbp_voice_count":0,"_bbp_anonymous_reply_count":0,"_bbp_topic_count_hidden":0,"_bbp_reply_count_hidden":0,"_bbp_forum_subforum_count":0,"footnotes":""},"class_list":["post-23081","page","type-page","status-publish","hentry"],"post_mailing_queue_ids":[],"_links":{"self":[{"href":"https:\/\/agora.xtec.cat\/ceippladedalt\/wp-json\/wp\/v2\/pages\/23081","targetHints":{"allow":["GET"]}}],"collection":[{"href":"https:\/\/agora.xtec.cat\/ceippladedalt\/wp-json\/wp\/v2\/pages"}],"about":[{"href":"https:\/\/agora.xtec.cat\/ceippladedalt\/wp-json\/wp\/v2\/types\/page"}],"author":[{"embeddable":true,"href":"https:\/\/agora.xtec.cat\/ceippladedalt\/wp-json\/wp\/v2\/users\/1"}],"replies":[{"embeddable":true,"href":"https:\/\/agora.xtec.cat\/ceippladedalt\/wp-json\/wp\/v2\/comments?post=23081"}],"version-history":[{"count":3,"href":"https:\/\/agora.xtec.cat\/ceippladedalt\/wp-json\/wp\/v2\/pages\/23081\/revisions"}],"predecessor-version":[{"id":23103,"href":"https:\/\/agora.xtec.cat\/ceippladedalt\/wp-json\/wp\/v2\/pages\/23081\/revisions\/23103"}],"up":[{"embeddable":true,"href":"https:\/\/agora.xtec.cat\/ceippladedalt\/wp-json\/wp\/v2\/pages\/733"}],"wp:attachment":[{"href":"https:\/\/agora.xtec.cat\/ceippladedalt\/wp-json\/wp\/v2\/media?parent=23081"}],"curies":[{"name":"wp","href":"https:\/\/api.w.org\/{rel}","templated":true}]}}