{"id":22691,"date":"2025-05-08T12:58:19","date_gmt":"2025-05-08T10:58:19","guid":{"rendered":"https:\/\/agora.xtec.cat\/ceippladedalt\/?page_id=22691"},"modified":"2025-07-09T20:06:48","modified_gmt":"2025-07-09T18:06:48","slug":"nofc","status":"publish","type":"page","link":"https:\/\/agora.xtec.cat\/ceippladedalt\/documents-de-centre\/nofc\/","title":{"rendered":"NOFC"},"content":{"rendered":"\n<p>Les Normes d\u2019Organitzaci\u00f3 i Funcionament del Centre (NOFC) s\u00f3n un document essencial que regula el dia a dia dels centres educatius. Aquestes normes estableixen com s\u2019organitza el centre, quins s\u00f3n els drets i deures de l\u2019alumnat i de les fam\u00edlies, i com es gestionen els diferents serveis i activitats. En definitiva, les NOFC s\u00f3n una eina que garanteix una conviv\u00e8ncia ordenada i un funcionament adequat en tots els aspectes relacionats amb l\u2019escola, des de la gesti\u00f3 acad\u00e8mica fins a les relacions entre tots els membres de la comunitat educativa.<\/p>\n\n\n\n<p>Segons el Departament d\u2019Educaci\u00f3 de la Generalitat de Catalunya, les NOFC han de recollir temes clau com l\u2019organitzaci\u00f3 pedag\u00f2gica i administrativa, els criteris d\u2019avaluaci\u00f3, les normes de conviv\u00e8ncia, la gesti\u00f3 econ\u00f2mica del centre i la transpar\u00e8ncia en la informaci\u00f3. Cada centre adapta les seves NOFC a les seves necessitats i caracter\u00edstiques particulars\u200b.<\/p>\n\n\n\n<p><strong>NOFC de l&#8217;escola Pla de Dalt<\/strong> Pendent de revisi\u00f3<\/p>\n","protected":false},"excerpt":{"rendered":"<p>Les Normes d\u2019Organitzaci\u00f3 i Funcionament del Centre (NOFC) s\u00f3n un document essencial que regula el dia a dia dels centres educatius. Aquestes normes estableixen com s\u2019organitza el centre, quins s\u00f3n els drets i deures de l\u2019alumnat i de les fam\u00edlies, i com es gestionen els&hellip;  <a href=\"https:\/\/agora.xtec.cat\/ceippladedalt\/documents-de-centre\/nofc\/\" title=\"Read NOFC\">Llegeix m\u00e9s\u00bb<\/a><\/p>\n","protected":false},"author":1,"featured_media":0,"parent":510,"menu_order":40,"comment_status":"closed","ping_status":"close","template":"page-templates\/side-menu.php","meta":{"_bbp_topic_count":0,"_bbp_reply_count":0,"_bbp_total_topic_count":0,"_bbp_total_reply_count":0,"_bbp_voice_count":0,"_bbp_anonymous_reply_count":0,"_bbp_topic_count_hidden":0,"_bbp_reply_count_hidden":0,"_bbp_forum_subforum_count":0,"footnotes":""},"class_list":["post-22691","page","type-page","status-publish","hentry"],"post_mailing_queue_ids":[],"_links":{"self":[{"href":"https:\/\/agora.xtec.cat\/ceippladedalt\/wp-json\/wp\/v2\/pages\/22691","targetHints":{"allow":["GET"]}}],"collection":[{"href":"https:\/\/agora.xtec.cat\/ceippladedalt\/wp-json\/wp\/v2\/pages"}],"about":[{"href":"https:\/\/agora.xtec.cat\/ceippladedalt\/wp-json\/wp\/v2\/types\/page"}],"author":[{"embeddable":true,"href":"https:\/\/agora.xtec.cat\/ceippladedalt\/wp-json\/wp\/v2\/users\/1"}],"replies":[{"embeddable":true,"href":"https:\/\/agora.xtec.cat\/ceippladedalt\/wp-json\/wp\/v2\/comments?post=22691"}],"version-history":[{"count":3,"href":"https:\/\/agora.xtec.cat\/ceippladedalt\/wp-json\/wp\/v2\/pages\/22691\/revisions"}],"predecessor-version":[{"id":23219,"href":"https:\/\/agora.xtec.cat\/ceippladedalt\/wp-json\/wp\/v2\/pages\/22691\/revisions\/23219"}],"up":[{"embeddable":true,"href":"https:\/\/agora.xtec.cat\/ceippladedalt\/wp-json\/wp\/v2\/pages\/510"}],"wp:attachment":[{"href":"https:\/\/agora.xtec.cat\/ceippladedalt\/wp-json\/wp\/v2\/media?parent=22691"}],"curies":[{"name":"wp","href":"https:\/\/api.w.org\/{rel}","templated":true}]}}