{"id":9,"date":"2014-09-17T15:08:18","date_gmt":"2014-09-17T14:08:18","guid":{"rendered":"http:\/\/agora.xtec.cat\/ceippereviver\/?page_id=9"},"modified":"2026-04-29T09:39:54","modified_gmt":"2026-04-29T07:39:54","slug":"pagina-dinici-buida","status":"publish","type":"page","link":"https:\/\/agora.xtec.cat\/ceippereviver\/","title":{"rendered":"ELS NENS I LES NENES D&#8217; I5 JUGUEM AMB LA POESIA AMB LA ROSA FIT\u00c9"},"content":{"rendered":"<pre><\/pre>\n<table style=\"width: 99.4853%; height: 683px;\">\n<tbody>\n<tr style=\"height: 472px;\">\n<td style=\"width: 142.248%; height: 460px;\" colspan=\"2\">\n<h1><span style=\"color: #000000;\"><a style=\"color: #000000;\" href=\"https:\/\/agora.xtec.cat\/ceippereviver\/wp-content\/uploads\/usu879\/2026\/02\/jORNADA-PORTES-OBERTES-1.pdf\" target=\"_blank\" rel=\"noopener\"><img loading=\"lazy\" decoding=\"async\" class=\"wp-image-6941 aligncenter\" src=\"https:\/\/agora.xtec.cat\/ceippereviver\/wp-content\/uploads\/usu879\/2026\/02\/jORNADA-PORTES-OBERTES-1-pdf-1024x576.jpg\" alt=\"\" width=\"788\" height=\"444\" \/><\/a><\/span><\/h1>\n<\/td>\n<\/tr>\n<tr style=\"height: 231px;\">\n<td style=\"width: 53.0447%; height: 223px; text-align: center;\">\n<h5><strong><span style=\"color: #339966;\"><a style=\"color: #339966;\" href=\"https:\/\/agora.xtec.cat\/ceippereviver\/wp-content\/uploads\/usu879\/2026\/02\/Form-1.jpg\"><img loading=\"lazy\" decoding=\"async\" class=\"wp-image-6942 aligncenter\" src=\"https:\/\/agora.xtec.cat\/ceippereviver\/wp-content\/uploads\/usu879\/2026\/02\/Form-1.jpg\" alt=\"\" width=\"176\" height=\"176\" srcset=\"https:\/\/agora.xtec.cat\/ceippereviver\/wp-content\/uploads\/usu879\/2026\/02\/Form-1.jpg 500w, https:\/\/agora.xtec.cat\/ceippereviver\/wp-content\/uploads\/usu879\/2026\/02\/Form-1-300x300.jpg 300w, https:\/\/agora.xtec.cat\/ceippereviver\/wp-content\/uploads\/usu879\/2026\/02\/Form-1-150x150.jpg 150w\" sizes=\"auto, (max-width: 176px) 100vw, 176px\" \/><\/a><\/span><\/strong><\/h5>\n<h5 style=\"text-align: center;\"><strong><span style=\"color: #339966;\"><a style=\"color: #339966;\" href=\"https:\/\/docs.google.com\/forms\/d\/e\/1FAIpQLSc7EtnoAVi6rnvBxtE1Do1bmnVl-Hy1x1nUH7QS9Q3fOUnN4g\/viewform?usp=publish-editor\"> FORMULARI <\/a><\/span><\/strong><\/h5>\n<h5 style=\"text-align: center;\"><strong><span style=\"color: #339966;\"><a style=\"color: #339966;\" href=\"https:\/\/docs.google.com\/forms\/d\/e\/1FAIpQLSc7EtnoAVi6rnvBxtE1Do1bmnVl-Hy1x1nUH7QS9Q3fOUnN4g\/viewform?usp=publish-editor\">JORNADA PORTES OBERTES\u00a0<\/a><\/span><\/strong><\/h5>\n<\/td>\n<td style=\"width: 89.203%; height: 223px; text-align: center;\">\n<h5 style=\"text-align: center;\"><strong><span style=\"color: #339966;\"><a style=\"color: #339966;\" href=\"https:\/\/agora.xtec.cat\/ceippereviver\/wp-content\/uploads\/usu879\/2026\/02\/CAMARA-1.png\"><img loading=\"lazy\" decoding=\"async\" class=\"wp-image-6965\" src=\"https:\/\/agora.xtec.cat\/ceippereviver\/wp-content\/uploads\/usu879\/2026\/02\/CAMARA-1.png\" alt=\"\" width=\"178\" height=\"199\" srcset=\"https:\/\/agora.xtec.cat\/ceippereviver\/wp-content\/uploads\/usu879\/2026\/02\/CAMARA-1.png 550w, https:\/\/agora.xtec.cat\/ceippereviver\/wp-content\/uploads\/usu879\/2026\/02\/CAMARA-1-268x300.png 268w\" sizes=\"auto, (max-width: 178px) 100vw, 178px\" \/><\/a><\/span><\/strong><\/h5>\n<h5><strong><span style=\"color: #339966;\"><a style=\"color: #339966;\" href=\"https:\/\/drive.google.com\/file\/d\/1nojlXaft1UvAlTAl_rGtFTNNFK_9ekqA\/view?usp=drive_link\" target=\"_blank\" rel=\"noopener\">V\u00cdDEO <\/a><\/span><\/strong><\/h5>\n<h5><strong><span style=\"color: #339966;\"><a style=\"color: #339966;\" href=\"https:\/\/drive.google.com\/file\/d\/1nojlXaft1UvAlTAl_rGtFTNNFK_9ekqA\/view?usp=drive_link\" target=\"_blank\" rel=\"noopener\">PORTES\u00a0<\/a><\/span><\/strong><strong><span style=\"color: #339966;\"><a style=\"color: #339966;\" href=\"https:\/\/drive.google.com\/file\/d\/1nojlXaft1UvAlTAl_rGtFTNNFK_9ekqA\/view?usp=drive_link\" target=\"_blank\" rel=\"noopener\">OBERTES<\/a><\/span><\/strong><\/h5>\n<\/td>\n<\/tr>\n<\/tbody>\n<\/table>\n<table style=\"border-collapse: collapse; width: 102.98%; height: 1227px;\">\n<tbody>\n<tr style=\"height: 1227px;\">\n<td style=\"width: 100%; height: 1227px;\"><img loading=\"lazy\" decoding=\"async\" class=\"aligncenter\" src=\"https:\/\/png.pngtree.com\/png-clipart\/20250823\/original\/pngtree-simple-calendar-with-marked-task-and-pencil-illustration-png-image_22331255.png\" alt=\"Calendario Simple Con Tarea Marcada E Ilustraci\u00f3n De L\u00e1piz PNG ,dibujos Calendario, Planificador, Planificaci\u00f3n PNG Imagen para Descarga Gratuita | Pngtree\" width=\"167\" height=\"167\" \/><\/p>\n<h5 style=\"text-align: center;\"><span style=\"color: #339966;\"><strong>CALENDARI PREINSCRIPCI\u00d3 I MATR\u00cdCULA CURS 2026-2027<\/strong><\/span><\/h5>\n<p>&nbsp;<\/p>\n<table style=\"width: 97.3783%; height: 728px;\">\n<tbody>\n<tr style=\"height: 50px;\">\n<td style=\"text-align: center; height: 50px; width: 49.877%;\" width=\"239\">\n<h5><span style=\"color: #000000;\">Fases de la preinscripci\u00f3<\/span><\/h5>\n<\/td>\n<td style=\"text-align: center; height: 50px; width: 46.9934%;\" width=\"264\">\n<h5><span style=\"color: #000000;\">Dates<\/span><\/h5>\n<\/td>\n<\/tr>\n<tr style=\"height: 50px;\">\n<td style=\"text-align: center; height: 50px; width: 49.877%;\" width=\"239\">Publicaci\u00f3 de l&#8217;oferta inicial<\/td>\n<td style=\"text-align: center; height: 50px; width: 46.9934%;\" width=\"264\"><strong><a href=\"https:\/\/drive.google.com\/file\/d\/1eWcN4agArVw73_ArtP09__bDcExVNcoh\/view?usp=sharing\">enlla\u00e7\u00a0 3 de mar\u00e7<\/a><\/strong><\/td>\n<\/tr>\n<tr style=\"height: 105px;\">\n<td style=\"text-align: center; height: 76px; width: 49.877%;\" width=\"239\">Presentaci\u00f3 i\/o modi\ufb01caci\u00f3 de sol\u00b7licituds*<\/p>\n<p>infantil, prim\u00e0ria, eso<\/td>\n<td style=\"text-align: center; height: 76px; width: 46.9934%;\" width=\"264\"><strong>Del 4 al 18 de mar\u00e7\u00a0 \u00a0 \u00a0 \u00a0enlla\u00e7<\/strong><\/p>\n<p>Del 6 al 18 de mar\u00e7 ESO \u00a0enlla\u00e7<\/td>\n<\/tr>\n<tr style=\"height: 85px;\">\n<td style=\"text-align: center; height: 63px; width: 49.877%;\" width=\"239\">Presentaci\u00f3 de documentaci\u00f3 2n cicle Educaci\u00f3 Infantil i Prim\u00e0ria, ESO<\/td>\n<td style=\"text-align: center; height: 63px; width: 46.9934%;\" width=\"264\">Fins al 19 de mar\u00e7<\/td>\n<\/tr>\n<tr style=\"height: 70px;\">\n<td style=\"text-align: center; height: 70px; width: 49.877%;\" width=\"239\">Publicaci\u00f3 de la llista de sol\u00b7licituds amb la puntuaci\u00f3 provisional.<\/td>\n<td style=\"text-align: center; height: 70px; width: 46.9934%;\" width=\"264\">\n<h5><strong><a href=\"https:\/\/drive.google.com\/file\/d\/1XnMtL0QuodK3HCt2dbErVaG-aYsrEvc4\/view?usp=sharing\">\u00a0enlla\u00e7 15 d\u2019abril<\/a><\/strong><\/h5>\n<\/td>\n<\/tr>\n<tr style=\"height: 70px;\">\n<td style=\"text-align: center; height: 70px; width: 49.877%;\" width=\"239\">Presentaci\u00f3 de reclamacions a la llista amb la puntuaci\u00f3 provisional<\/td>\n<td style=\"text-align: center; height: 70px; width: 46.9934%;\" width=\"264\">Del 15 al 20 d\u2019abril<\/td>\n<\/tr>\n<tr style=\"height: 70px;\">\n<td style=\"text-align: center; height: 70px; width: 49.877%;\" width=\"239\">Publicaci\u00f3 de la llista amb la puntuaci\u00f3, resoltes les reclamacions<\/td>\n<td style=\"text-align: center; height: 70px; width: 46.9934%;\" width=\"264\">\n<h6><strong><span style=\"color: #21a3cf;\"><a style=\"color: #21a3cf;\" href=\"https:\/\/drive.google.com\/file\/d\/1bu_SMtn_i-60NyqWuibHtR2SvqQW4CPo\/view?usp=sharing\">enlla\u00e7\u00a0 23 d\u2019abril<\/a><\/span><\/strong><\/h6>\n<\/td>\n<\/tr>\n<tr style=\"height: 50px;\">\n<td style=\"text-align: center; height: 49px; width: 49.877%;\" width=\"239\">Publicaci\u00f3 de la llista ordenada<\/td>\n<td style=\"text-align: center; height: 49px; width: 46.9934%;\" width=\"264\">\n<h5><strong>\u00a0N\u00famero desempat :42129<\/strong><\/h5>\n<p><span style=\"color: #00ccff;\"><a style=\"color: #00ccff;\" href=\"https:\/\/drive.google.com\/file\/d\/1_yIg1WtRBUAGdVDMBTxzhp7NoZSDHfCq\/view?usp=sharing\"><strong>enlla\u00e7\u00a0 29 d\u2019abril<\/strong><\/a><\/span><\/td>\n<\/tr>\n<tr style=\"height: 124px;\">\n<td style=\"text-align: center; height: 60px; width: 49.877%;\" width=\"239\">Ampliaci\u00f3 de peticions per<\/p>\n<p>aquells alumnes NEEB que necessiten assignaci\u00f3 d\u2019ofici i no s\u2019han assignat per petici\u00f3 original- (fam\u00edlies)<\/td>\n<td style=\"text-align: center; height: 60px; width: 46.9934%;\" width=\"264\">13 i 14 de maig<\/td>\n<\/tr>\n<tr style=\"height: 159px;\">\n<td style=\"text-align: center; height: 77px; width: 49.877%;\" width=\"239\">Ampliaci\u00f3 de peticions \u2013per\u00a0aquells alumnes ordinaris que necessiten assignaci\u00f3 d\u2019ofici i no s\u2019han assignat per petici\u00f3 original- (fam\u00edlies)<\/td>\n<td style=\"text-align: center; height: 77px; width: 46.9934%;\" width=\"264\">De l\u20191 al 3 de juny<\/td>\n<\/tr>\n<tr style=\"height: 50px;\">\n<td style=\"text-align: center; height: 18px; width: 49.877%;\" width=\"239\">Publicaci\u00f3 de l\u2019oferta final<\/td>\n<td style=\"text-align: center; height: 18px; width: 46.9934%;\" width=\"264\">10 de juny<\/td>\n<\/tr>\n<tr style=\"height: 70px;\">\n<td style=\"text-align: center; height: 19px; width: 49.877%;\" width=\"239\">Publicaci\u00f3 de la llista d\u2019admesos i la llista d\u2019espera<\/td>\n<td style=\"text-align: center; height: 19px; width: 46.9934%;\" width=\"264\">10 de juny<\/td>\n<\/tr>\n<tr style=\"height: 105px;\">\n<td style=\"text-align: center; height: 14px; width: 49.877%;\" width=\"239\">Per\u00edode de matr\u00edcula de l\u2019Educaci\u00f3 Infantil, Prim\u00e0ria, ESO<\/td>\n<td style=\"text-align: center; height: 14px; width: 46.9934%;\" width=\"264\">Del 22 al 30 de juny<\/td>\n<\/tr>\n<tr style=\"height: 70px;\">\n<td style=\"text-align: center; height: 22px; width: 49.877%;\" width=\"239\">Gesti\u00f3 de la llista d\u2019espera d&#8217;Educaci\u00f3 Infantil i prim\u00e0ria<\/td>\n<td style=\"text-align: center; height: 22px; width: 46.9934%;\" width=\"264\">De l\u20191 de juliol al 2 de setembre<\/td>\n<\/tr>\n<tr style=\"height: 89px;\">\n<td style=\"text-align: center; height: 20px; width: 49.877%;\" width=\"239\">Publicaci\u00f3 de la llista d&#8217;alumnes matriculats procedents de preinscripci\u00f3 i nova admissi\u00f3<\/td>\n<td style=\"text-align: center; height: 20px; width: 46.9934%;\" width=\"264\">30 de setembre<\/td>\n<\/tr>\n<\/tbody>\n<\/table>\n<p>&nbsp;<\/td>\n<\/tr>\n<\/tbody>\n<\/table>\n<table style=\"border-collapse: collapse; width: 99.3445%; height: 159px;\">\n<tbody>\n<tr style=\"height: 81px;\">\n<td style=\"width: 52.799%; height: 81px; text-align: center;\">\n<h5 style=\"text-align: left;\"><span style=\"color: #000000;\"><a style=\"color: #000000;\" href=\"https:\/\/agora.xtec.cat\/ceippereviver\/wp-content\/uploads\/usu879\/2025\/11\/insta.jpg\"><img loading=\"lazy\" decoding=\"async\" class=\"wp-image-6847 alignleft\" src=\"https:\/\/agora.xtec.cat\/ceippereviver\/wp-content\/uploads\/usu879\/2025\/11\/insta.jpg\" alt=\"\" width=\"48\" height=\"48\" srcset=\"https:\/\/agora.xtec.cat\/ceippereviver\/wp-content\/uploads\/usu879\/2025\/11\/insta.jpg 225w, https:\/\/agora.xtec.cat\/ceippereviver\/wp-content\/uploads\/usu879\/2025\/11\/insta-150x150.jpg 150w\" sizes=\"auto, (max-width: 48px) 100vw, 48px\" \/> \u00a0 <\/a><\/span><\/h5>\n<h5 style=\"text-align: left;\"><span style=\"color: #000000;\"><a style=\"color: #000000;\" href=\"https:\/\/www.instagram.com\/iepereviver\/\" target=\"_blank\" rel=\"noopener\">Segueix-nos a Instagram<\/a><\/span><\/h5>\n<\/td>\n<td style=\"width: 46.5455%; height: 81px; text-align: center;\">\n<h5 style=\"text-align: left;\"><span style=\"color: #000000;\"><img loading=\"lazy\" decoding=\"async\" class=\"wp-image-6850 alignleft\" src=\"https:\/\/agora.xtec.cat\/ceippereviver\/wp-content\/uploads\/usu879\/2025\/11\/Fotolia_117855281_Subscription_Monthly_M-1024x1024.jpg\" alt=\"\" width=\"50\" height=\"50\" \/><\/span><\/h5>\n<h5 style=\"text-align: left;\"><span style=\"color: #000000;\"><a style=\"color: #000000;\" href=\"https:\/\/drive.google.com\/file\/d\/1nojlXaft1UvAlTAl_rGtFTNNFK_9ekqA\/view?usp=drive_link\" target=\"_blank\" rel=\"noopener\">V\u00eddeo portes obertes<\/a><\/span><\/h5>\n<\/td>\n<\/tr>\n<tr style=\"height: 78px;\">\n<td style=\"width: 52.799%; height: 78px; text-align: center;\"><a href=\"https:\/\/agora.xtec.cat\/ceippereviver\/wp-content\/uploads\/usu879\/2025\/11\/png-clipart-roadworks-administration-s-text-logo.png\"><img loading=\"lazy\" decoding=\"async\" class=\"wp-image-6854 alignleft\" src=\"https:\/\/agora.xtec.cat\/ceippereviver\/wp-content\/uploads\/usu879\/2025\/11\/png-clipart-roadworks-administration-s-text-logo.png\" alt=\"\" width=\"61\" height=\"37\" srcset=\"https:\/\/agora.xtec.cat\/ceippereviver\/wp-content\/uploads\/usu879\/2025\/11\/png-clipart-roadworks-administration-s-text-logo.png 900w, https:\/\/agora.xtec.cat\/ceippereviver\/wp-content\/uploads\/usu879\/2025\/11\/png-clipart-roadworks-administration-s-text-logo-300x182.png 300w, https:\/\/agora.xtec.cat\/ceippereviver\/wp-content\/uploads\/usu879\/2025\/11\/png-clipart-roadworks-administration-s-text-logo-768x465.png 768w\" sizes=\"auto, (max-width: 61px) 100vw, 61px\" \/><\/a><\/p>\n<h5 style=\"text-align: left;\"><span style=\"color: #000000;\"><a style=\"color: #000000;\" href=\"https:\/\/drive.google.com\/file\/d\/1OL55M87yyOw6fpZIoL5d3hPiQmXHRnEx\/view?usp=sharing\" target=\"_blank\" rel=\"noopener noreferrer\">Ampliaci\u00f3 i remodelaci\u00f3 IE Pere Viver<\/a><\/span><\/h5>\n<\/td>\n<td style=\"width: 46.5455%; height: 78px; text-align: center;\">\n<h5 style=\"text-align: left;\"><span style=\"color: #000000;\"><a style=\"color: #000000;\" href=\"https:\/\/agora.xtec.cat\/ceippereviver\/calendar\/activitats\/\" target=\"_blank\" rel=\"noopener\"><img loading=\"lazy\" decoding=\"async\" class=\"wp-image-6860 alignleft\" src=\"https:\/\/agora.xtec.cat\/ceippereviver\/wp-content\/uploads\/usu879\/2025\/11\/calendari-1024x1024.png\" alt=\"\" width=\"51\" height=\"51\" srcset=\"https:\/\/agora.xtec.cat\/ceippereviver\/wp-content\/uploads\/usu879\/2025\/11\/calendari-1024x1024.png 1024w, https:\/\/agora.xtec.cat\/ceippereviver\/wp-content\/uploads\/usu879\/2025\/11\/calendari-300x300.png 300w, https:\/\/agora.xtec.cat\/ceippereviver\/wp-content\/uploads\/usu879\/2025\/11\/calendari-150x150.png 150w, https:\/\/agora.xtec.cat\/ceippereviver\/wp-content\/uploads\/usu879\/2025\/11\/calendari-768x768.png 768w, https:\/\/agora.xtec.cat\/ceippereviver\/wp-content\/uploads\/usu879\/2025\/11\/calendari-1536x1536.png 1536w, https:\/\/agora.xtec.cat\/ceippereviver\/wp-content\/uploads\/usu879\/2025\/11\/calendari-2048x2048.png 2048w\" sizes=\"auto, (max-width: 51px) 100vw, 51px\" \/>\u00a0 \u00a0<\/a><\/span><\/h5>\n<h5 style=\"text-align: left;\"><span style=\"color: #000000;\"><a style=\"color: #000000;\" href=\"https:\/\/agora.xtec.cat\/ceippereviver\/calendar\/activitats\/\" target=\"_blank\" rel=\"noopener\">Calendari activitats<\/a><\/span><\/h5>\n<\/td>\n<\/tr>\n<\/tbody>\n<\/table>\n<p>&nbsp;<\/p>\n","protected":false},"excerpt":{"rendered":"<p><a style=\"color: #000000;\" href=\"https:\/\/agora.xtec.cat\/ceippereviver\/wp-content\/uploads\/usu879\/2026\/02\/jORNADA-PORTES-OBERTES-1.pdf\" target=\"_blank\" rel=\"noopener\"><\/a><\/p>\n<p><a style=\"color: #339966;\" href=\"https:\/\/agora.xtec.cat\/ceippereviver\/wp-content\/uploads\/usu879\/2026\/02\/Form-1.jpg\"><\/a><br \/>\n<a style=\"color: #339966;\" href=\"https:\/\/docs.google.com\/forms\/d\/e\/1FAIpQLSc7EtnoAVi6rnvBxtE1Do1bmnVl-Hy1x1nUH7QS9Q3fOUnN4g\/viewform?usp=publish-editor\"> FORMULARI <\/a><br \/>\n<a style=\"color: #339966;\" href=\"https:\/\/docs.google.com\/forms\/d\/e\/1FAIpQLSc7EtnoAVi6rnvBxtE1Do1bmnVl-Hy1x1nUH7QS9Q3fOUnN4g\/viewform?usp=publish-editor\">JORNADA PORTES OBERTES\u00a0<\/a><\/p>\n<p><a style=\"color: #339966;\" href=\"https:\/\/agora.xtec.cat\/ceippereviver\/wp-content\/uploads\/usu879\/2026\/02\/CAMARA-1.png\"><\/a><br \/>\n<a style=\"color: #339966;\" href=\"https:\/\/drive.google.com\/file\/d\/1nojlXaft1UvAlTAl_rGtFTNNFK_9ekqA\/view?usp=drive_link\" target=\"_blank\" rel=\"noopener\">V\u00cdDEO <\/a><br \/>\n<a style=\"color: #339966;\" href=\"https:\/\/drive.google.com\/file\/d\/1nojlXaft1UvAlTAl_rGtFTNNFK_9ekqA\/view?usp=drive_link\" target=\"_blank\" rel=\"noopener\">PORTES\u00a0<\/a><a style=\"color: #339966;\" href=\"https:\/\/drive.google.com\/file\/d\/1nojlXaft1UvAlTAl_rGtFTNNFK_9ekqA\/view?usp=drive_link\" target=\"_blank\" rel=\"noopener\">OBERTES<\/a><\/p>\n<p>CALENDARI PREINSCRIPCI\u00d3 I MATR\u00cdCULA CURS 2026-2027<br \/>\n&nbsp;<\/p>\n<p>Fases de la&hellip;  <a href=\"https:\/\/agora.xtec.cat\/ceippereviver\/\" title=\"Read ELS NENS I LES NENES D&#8217; I5 JUGUEM AMB LA POESIA AMB LA ROSA FIT\u00c9\">Llegeix m\u00e9s\u00bb<\/a><\/p>\n","protected":false},"author":1,"featured_media":0,"parent":7,"menu_order":0,"comment_status":"closed","ping_status":"closed","template":"page-templates\/front-page.php","meta":{"_bbp_topic_count":0,"_bbp_reply_count":0,"_bbp_total_topic_count":0,"_bbp_total_reply_count":0,"_bbp_voice_count":0,"_bbp_anonymous_reply_count":0,"_bbp_topic_count_hidden":0,"_bbp_reply_count_hidden":0,"_bbp_forum_subforum_count":0,"footnotes":""},"class_list":["post-9","page","type-page","status-publish","hentry"],"post_mailing_queue_ids":[],"_links":{"self":[{"href":"https:\/\/agora.xtec.cat\/ceippereviver\/wp-json\/wp\/v2\/pages\/9","targetHints":{"allow":["GET"]}}],"collection":[{"href":"https:\/\/agora.xtec.cat\/ceippereviver\/wp-json\/wp\/v2\/pages"}],"about":[{"href":"https:\/\/agora.xtec.cat\/ceippereviver\/wp-json\/wp\/v2\/types\/page"}],"author":[{"embeddable":true,"href":"https:\/\/agora.xtec.cat\/ceippereviver\/wp-json\/wp\/v2\/users\/1"}],"replies":[{"embeddable":true,"href":"https:\/\/agora.xtec.cat\/ceippereviver\/wp-json\/wp\/v2\/comments?post=9"}],"version-history":[{"count":14,"href":"https:\/\/agora.xtec.cat\/ceippereviver\/wp-json\/wp\/v2\/pages\/9\/revisions"}],"predecessor-version":[{"id":7044,"href":"https:\/\/agora.xtec.cat\/ceippereviver\/wp-json\/wp\/v2\/pages\/9\/revisions\/7044"}],"up":[{"embeddable":true,"href":"https:\/\/agora.xtec.cat\/ceippereviver\/wp-json\/wp\/v2\/pages\/7"}],"wp:attachment":[{"href":"https:\/\/agora.xtec.cat\/ceippereviver\/wp-json\/wp\/v2\/media?parent=9"}],"curies":[{"name":"wp","href":"https:\/\/api.w.org\/{rel}","templated":true}]}}