{"id":32,"date":"2014-09-18T12:31:33","date_gmt":"2014-09-18T11:31:33","guid":{"rendered":"http:\/\/agora.xtec.cat\/ceippereviver\/?page_id=32"},"modified":"2025-08-28T12:50:48","modified_gmt":"2025-08-28T10:50:48","slug":"calendari-del-curs","status":"publish","type":"page","link":"https:\/\/agora.xtec.cat\/ceippereviver\/lescola\/calendari-del-curs\/","title":{"rendered":"Calendari del curs 2025-2026"},"content":{"rendered":"<h4><strong>\u00a0CURS 2025-2026:<\/strong><\/h4>\n<p><span style=\"font-weight: 400;\">Segons la resoluci\u00f3 del Departament d\u2019Educaci\u00f3 de la Generalitat de Catalunya, pel que fa al calendari escolar:<\/span><\/p>\n<ul>\n<li style=\"font-weight: 400;\" aria-level=\"1\"><b>Dilluns 8 de setembre de 2025<\/b><span style=\"font-weight: 400;\">: inici de les classes al segon cicle de l\u2019educaci\u00f3 infantil, a l\u2019educaci\u00f3 prim\u00e0ria i l\u2019ESO.<\/span><\/li>\n<li style=\"font-weight: 400;\" aria-level=\"1\"><b>Del 20 de desembre de 2025 al 7 de gener de 2026<\/b><span style=\"font-weight: 400;\">: vacances de Nadal, ambd\u00f3s inclosos.<\/span><\/li>\n<li style=\"font-weight: 400;\" aria-level=\"1\"><b>Del 28 de mar\u00e7 al 6 d\u2019abril de 2026<\/b><span style=\"font-weight: 400;\">: vacances de Setmana Santa, ambd\u00f3s inclosos.<\/span><\/li>\n<li style=\"font-weight: 400;\" aria-level=\"1\"><b>19 de juny de 2026<\/b><span style=\"font-weight: 400;\">: acaben les classes a l\u2019educaci\u00f3 infantil, prim\u00e0ria i secund\u00e0ria.<\/span><\/li>\n<\/ul>\n<p><span style=\"font-weight: 400;\">Pel curs 2025-2026 els dies de lliure disposici\u00f3 aprovats pel Consell Escolar i Municipal s\u00f3n:<\/span><\/p>\n<ul>\n<li style=\"font-weight: 400;\" aria-level=\"1\"><b>10 d\u2019octubre de 2025<\/b><\/li>\n<li style=\"font-weight: 400;\" aria-level=\"1\"><b>3 de novembre de 2025<\/b><\/li>\n<li style=\"font-weight: 400;\" aria-level=\"1\"><b>5 de desembre de 2025<\/b><\/li>\n<li style=\"font-weight: 400;\" aria-level=\"1\"><b>16 de febrer de 2026<\/b><\/li>\n<li style=\"font-weight: 400;\" aria-level=\"1\"><b>30 d\u2019abril de 2026<\/b><\/li>\n<li style=\"font-weight: 400;\" aria-level=\"1\"><b>25 de maig de 2026<\/b><\/li>\n<\/ul>\n<p>&nbsp;<\/p>\n<h3><strong>Horari lectiu:<\/strong><\/h3>\n<p><span style=\"font-weight: 400;\">L\u2019horari d<\/span><b>\u2019Educaci\u00f3 Infantil i Prim\u00e0ria<\/b><span style=\"font-weight: 400;\"> ser\u00e0 de <\/span><b>9.00h a 12.30h<\/b><span style=\"font-weight: 400;\"> al mat\u00ed i de <\/span><b>15.00h a 16.30h<\/b><span style=\"font-weight: 400;\"> a\u00a0 la tarda.<\/span><\/p>\n<p><span style=\"font-weight: 400;\">L\u2019horari d\u2019<\/span><b>Educaci\u00f3 Secund\u00e0ria<\/b><span style=\"font-weight: 400;\"> ser\u00e0 dilluns, dimarts i dimecres de <\/span><b>8.00 a 13.00<\/b><span style=\"font-weight: 400;\"> i de <\/span><b>15.00 a 16.30<\/b><span style=\"font-weight: 400;\">, i dijous i divendres de<\/span><b> 8.00 a 14.30<\/b><\/p>\n<p><b>Jornada continuada:<\/b><\/p>\n<ul>\n<li style=\"font-weight: 400;\" aria-level=\"1\"><b>El 19 de desembre de 2025<\/b><span style=\"font-weight: 400;\"> de 9.00h a 13.00h per tot l\u2019alumnat.<\/span><\/li>\n<li style=\"font-weight: 400;\" aria-level=\"1\"><b>Del 8 al 19 de juny de 2026<\/b><span style=\"font-weight: 400;\"> l\u2019horari ser\u00e0 de 9.00h a 13.00h a Infantil i Prim\u00e0ria i de 8.00h a 13.30h a Secund\u00e0ria.<\/span><\/li>\n<\/ul>\n","protected":false},"excerpt":{"rendered":"<p>\u00a0CURS 2025-2026:<br \/>\nSegons la resoluci\u00f3 del Departament d\u2019Educaci\u00f3 de la Generalitat de Catalunya, pel que fa al calendari escolar:<\/p>\n<ul>\n<li style=\"font-weight: 400;\" aria-level=\"1\">Dilluns 8 de setembre de 2025: inici de les classes al segon cicle de l\u2019educaci\u00f3 infantil, a l\u2019educaci\u00f3 prim\u00e0ria i l\u2019ESO.<\/li>\n<li style=\"font-weight: 400;\" aria-level=\"1\">Del 20&hellip;  <a href=\"https:\/\/agora.xtec.cat\/ceippereviver\/lescola\/calendari-del-curs\/\" title=\"Read Calendari del curs 2025-2026\">Llegeix m\u00e9s\u00bb<\/a><br \/>\n","protected":false},"author":1,"featured_media":0,"parent":22,"menu_order":50,"comment_status":"closed","ping_status":"closed","template":"page-templates\/side-menu.php","meta":{"_bbp_topic_count":0,"_bbp_reply_count":0,"_bbp_total_topic_count":0,"_bbp_total_reply_count":0,"_bbp_voice_count":0,"_bbp_anonymous_reply_count":0,"_bbp_topic_count_hidden":0,"_bbp_reply_count_hidden":0,"_bbp_forum_subforum_count":0,"footnotes":""},"class_list":["post-32","page","type-page","status-publish","hentry"],"post_mailing_queue_ids":[],"_links":{"self":[{"href":"https:\/\/agora.xtec.cat\/ceippereviver\/wp-json\/wp\/v2\/pages\/32","targetHints":{"allow":["GET"]}}],"collection":[{"href":"https:\/\/agora.xtec.cat\/ceippereviver\/wp-json\/wp\/v2\/pages"}],"about":[{"href":"https:\/\/agora.xtec.cat\/ceippereviver\/wp-json\/wp\/v2\/types\/page"}],"author":[{"embeddable":true,"href":"https:\/\/agora.xtec.cat\/ceippereviver\/wp-json\/wp\/v2\/users\/1"}],"replies":[{"embeddable":true,"href":"https:\/\/agora.xtec.cat\/ceippereviver\/wp-json\/wp\/v2\/comments?post=32"}],"version-history":[{"count":8,"href":"https:\/\/agora.xtec.cat\/ceippereviver\/wp-json\/wp\/v2\/pages\/32\/revisions"}],"predecessor-version":[{"id":6722,"href":"https:\/\/agora.xtec.cat\/ceippereviver\/wp-json\/wp\/v2\/pages\/32\/revisions\/6722"}],"up":[{"embeddable":true,"href":"https:\/\/agora.xtec.cat\/ceippereviver\/wp-json\/wp\/v2\/pages\/22"}],"wp:attachment":[{"href":"https:\/\/agora.xtec.cat\/ceippereviver\/wp-json\/wp\/v2\/media?parent=32"}],"curies":[{"name":"wp","href":"https:\/\/api.w.org\/{rel}","templated":true}]}}