{"id":26,"date":"2014-09-18T12:24:32","date_gmt":"2014-09-18T11:24:32","guid":{"rendered":"http:\/\/agora.xtec.cat\/ceippereviver\/?page_id=26"},"modified":"2025-01-14T15:16:59","modified_gmt":"2025-01-14T14:16:59","slug":"historia","status":"publish","type":"page","link":"https:\/\/agora.xtec.cat\/ceippereviver\/lescola\/historia\/","title":{"rendered":"Hist\u00f2ria"},"content":{"rendered":"<p><a href=\"http:\/\/agora.xtec.cat\/ceippereviver\/wp-content\/uploads\/usu879\/2014\/09\/pla-bonaire1.png\" rel=\"attachment wp-att-251\"><img loading=\"lazy\" decoding=\"async\" class=\" wp-image-251 alignright\" src=\"http:\/\/agora.xtec.cat\/ceippereviver\/wp-content\/uploads\/usu879\/2014\/09\/pla-bonaire1.png\" alt=\"pla bonaire1\" width=\"514\" height=\"469\" srcset=\"https:\/\/agora.xtec.cat\/ceippereviver\/wp-content\/uploads\/usu879\/2014\/09\/pla-bonaire1.png 796w, https:\/\/agora.xtec.cat\/ceippereviver\/wp-content\/uploads\/usu879\/2014\/09\/pla-bonaire1-300x274.png 300w, https:\/\/agora.xtec.cat\/ceippereviver\/wp-content\/uploads\/usu879\/2014\/09\/pla-bonaire1-768x701.png 768w\" sizes=\"auto, (max-width: 514px) 100vw, 514px\" \/><\/a>El barri del Pla del Bonaire es construeix cap als anys 70.<\/p>\n<p><span style=\"font-family: inherit; font-size: 1em; line-height: 1.6;\">\u00c9s habitat per treballadors i treballadores de les f\u00e0briques t\u00e8xtils de Terrassa. En la seva majoria s\u00f3n immigrants vinguts del sud d&#8217;Espanya.<\/span><\/p>\n<p>L&#8217;escola Pere Viver i Aymerich comen\u00e7a la seva tasca educativa l&#8217;any 1975. \u00c9s un dels primers serveis que es construeix en el barri Pla del Bonaire. . L&#8217;alumnat procedeix dels barris d&#8217;influ\u00e8ncia del Pla del Bon Aire, Can Tusell i Can Roca.<\/p>\n<p>El centre durant el curs 2019\/2020 va esdevenir el primer institut escola de Terrassa, Institut Escola Pere Viver i actualment ja tenim fins a 4t d&#8217;ESO.<\/p>\n<p>Els primers anys acull tota la poblaci\u00f3 en edat escolar del barri i arriba a tenir m\u00e9s de 1000 alumnes.<\/p>\n<p>En l&#8217;actualitat, compta amb 636 alumnes organitzats en dues l\u00ednies. El claustre est\u00e0 format per 31 mestres d&#8217;infantil i prim\u00e0ria i 22 professors de secund\u00e0ria.<\/p>\n<p>&nbsp;<\/p>\n<p>&nbsp;<\/p>\n<p><strong>QUI ERA EL PERE VIVER?<\/strong><\/p>\n<p>En Pere Viver va n\u00e9ixer a Terrassa l&#8217;any 1873 i va morir molt jove l&#8217;any 1917. Va ser un dels representants del paisatgisme pict\u00f2ric a Terrassa, junt amb <a href=\"http:\/\/www.artnouveau.eu\/ca\/author.php?author=20\" target=\"_blank\" rel=\"noopener\">J. Vancells<\/a>, del qual va ser deixeble.<\/p>\n<p><a href=\"http:\/\/agora.xtec.cat\/ceippereviver\/wp-content\/uploads\/usu879\/2014\/09\/pere-viver.jpg\" rel=\"attachment wp-att-323\"><img loading=\"lazy\" decoding=\"async\" class=\"size-full wp-image-323 alignleft\" src=\"http:\/\/agora.xtec.cat\/ceippereviver\/wp-content\/uploads\/usu879\/2014\/09\/pere-viver.jpg\" alt=\"pere-viver\" width=\"279\" height=\"389\" srcset=\"https:\/\/agora.xtec.cat\/ceippereviver\/wp-content\/uploads\/usu879\/2014\/09\/pere-viver.jpg 279w, https:\/\/agora.xtec.cat\/ceippereviver\/wp-content\/uploads\/usu879\/2014\/09\/pere-viver-215x300.jpg 215w\" sizes=\"auto, (max-width: 279px) 100vw, 279px\" \/><\/a>La seva fam\u00edlia tenia una empresa de pintura decorativa, on es van formar ell i el seu germ\u00e0 Tom\u00e0s (1876-1951), tamb\u00e9 pintor.<\/p>\n<p>Va completar la formaci\u00f3 art\u00edstica a la Llotja de Barcelona i a l\u2019Acad\u00e8mia Baixas i al llarg de la seva traject\u00f2ria va fer pintura de cavallet i pintura decorativa.<\/p>\n<p>Va participar a diverses exposicions oficials a Barcelona i Madrid.<\/p>\n<p>Els dos germans Viver van treballar el 1898 amb\u00a0<a href=\"http:\/\/www.artnouveau.eu\/ca\/author.php?author=96\" target=\"_blank\" rel=\"noopener\">A. de Riquer<\/a>\u00a0al Caf\u00e8 Catal\u00e0 del Raval a Terrassa, on van introduir elements simbolistes europeus. Una altra de les obres de Pere Viver s\u00f3n les pintures decoratives de la Casa Pere M\u00e0rtir Armengol (1909), recuperades pel Museu de Terrassa.<\/p>\n<p>Les primeres obres d\u2019aquest artista mostren un llenguatge proper al de\u00a0<a href=\"http:\/\/www.artnouveau.eu\/ca\/author.php?author=20\" target=\"_blank\" rel=\"noopener\">J. Vancells<\/a>, per\u00f2 m\u00e9s endavant va rebre la influ\u00e8ncia d&#8217;A. de\u00a0Riquer, la qual \u00e9s palesa principalment en la pintura decorativa, per acabar finalment fent una pintura propera a les noves avantguardes.<\/p>\n<p>Com a pintor de cavallet destaquen sobretot pintures centrades en el tema dels paisatges dels Pirineus catalans.<a href=\"http:\/\/www.flickr.com\/\/photos\/61567552@N08\/sets\/72157626328151413\/show\/\" target=\"_blank\" rel=\"attachment noopener wp-att-322\"><img loading=\"lazy\" decoding=\"async\" class=\"size-full wp-image-322 alignright\" src=\"http:\/\/agora.xtec.cat\/ceippereviver\/wp-content\/uploads\/usu879\/2014\/09\/obres-pv.jpg\" alt=\"obres pv\" width=\"319\" height=\"239\" srcset=\"https:\/\/agora.xtec.cat\/ceippereviver\/wp-content\/uploads\/usu879\/2014\/09\/obres-pv.jpg 319w, https:\/\/agora.xtec.cat\/ceippereviver\/wp-content\/uploads\/usu879\/2014\/09\/obres-pv-300x225.jpg 300w, https:\/\/agora.xtec.cat\/ceippereviver\/wp-content\/uploads\/usu879\/2014\/09\/obres-pv-200x150.jpg 200w\" sizes=\"auto, (max-width: 319px) 100vw, 319px\" \/><\/a><\/p>\n<p>Aix\u00ed mateix, va ser professor a l\u2019Escola d\u2019Arts i Oficis de Terrassa.<\/p>\n<p>&nbsp;<\/p>\n<p style=\"text-align: right;\">Mireu la seva obra:<\/p>\n<div><\/div>\n","protected":false},"excerpt":{"rendered":"<p><a href=\"http:\/\/agora.xtec.cat\/ceippereviver\/wp-content\/uploads\/usu879\/2014\/09\/pla-bonaire1.png\" rel=\"attachment wp-att-251\"><\/a>El barri del Pla del Bonaire es construeix cap als anys 70.<br \/>\n\u00c9s habitat per treballadors i treballadores de les f\u00e0briques t\u00e8xtils de Terrassa. En la seva majoria s\u00f3n immigrants vinguts del sud d&#8217;Espanya.<br \/>\nL&#8217;escola Pere Viver i Aymerich comen\u00e7a la seva tasca educativa&hellip;  <a href=\"https:\/\/agora.xtec.cat\/ceippereviver\/lescola\/historia\/\" title=\"Read Hist\u00f2ria\">Llegeix m\u00e9s\u00bb<\/a><\/p>\n","protected":false},"author":1,"featured_media":0,"parent":22,"menu_order":20,"comment_status":"closed","ping_status":"closed","template":"page-templates\/side-menu.php","meta":{"_bbp_topic_count":0,"_bbp_reply_count":0,"_bbp_total_topic_count":0,"_bbp_total_reply_count":0,"_bbp_voice_count":0,"_bbp_anonymous_reply_count":0,"_bbp_topic_count_hidden":0,"_bbp_reply_count_hidden":0,"_bbp_forum_subforum_count":0,"footnotes":""},"class_list":["post-26","page","type-page","status-publish","hentry"],"post_mailing_queue_ids":[],"_links":{"self":[{"href":"https:\/\/agora.xtec.cat\/ceippereviver\/wp-json\/wp\/v2\/pages\/26","targetHints":{"allow":["GET"]}}],"collection":[{"href":"https:\/\/agora.xtec.cat\/ceippereviver\/wp-json\/wp\/v2\/pages"}],"about":[{"href":"https:\/\/agora.xtec.cat\/ceippereviver\/wp-json\/wp\/v2\/types\/page"}],"author":[{"embeddable":true,"href":"https:\/\/agora.xtec.cat\/ceippereviver\/wp-json\/wp\/v2\/users\/1"}],"replies":[{"embeddable":true,"href":"https:\/\/agora.xtec.cat\/ceippereviver\/wp-json\/wp\/v2\/comments?post=26"}],"version-history":[{"count":6,"href":"https:\/\/agora.xtec.cat\/ceippereviver\/wp-json\/wp\/v2\/pages\/26\/revisions"}],"predecessor-version":[{"id":6405,"href":"https:\/\/agora.xtec.cat\/ceippereviver\/wp-json\/wp\/v2\/pages\/26\/revisions\/6405"}],"up":[{"embeddable":true,"href":"https:\/\/agora.xtec.cat\/ceippereviver\/wp-json\/wp\/v2\/pages\/22"}],"wp:attachment":[{"href":"https:\/\/agora.xtec.cat\/ceippereviver\/wp-json\/wp\/v2\/media?parent=26"}],"curies":[{"name":"wp","href":"https:\/\/api.w.org\/{rel}","templated":true}]}}