{"id":87,"date":"2014-09-18T14:28:12","date_gmt":"2014-09-18T14:28:12","guid":{"rendered":"http:\/\/agora.xtec.cat\/ceippereanton\/?page_id=87"},"modified":"2025-02-26T19:43:51","modified_gmt":"2025-02-26T18:43:51","slug":"nivells","status":"publish","type":"page","link":"https:\/\/agora.xtec.cat\/ceippereanton\/nivells\/","title":{"rendered":"Nivells"},"content":{"rendered":"<p><span style=\"text-decoration: underline;\"><strong>EDUCACI\u00d3 INFANTIL<\/strong><\/span><\/p>\n<ul class=\"sub-menu menu-even sub-sub-menu menu-depth-2\">\n<li id=\"nav-menu-item-93\" class=\"sub-menu-item sub-sub-menu-item menu-item-even menu-item-depth-2 menu-item menu-item-type-taxonomy menu-item-object-category\"><a class=\"menu-link sub-menu-link\" href=\"https:\/\/agora.xtec.cat\/ceippereanton\/categoria\/infantil\/3-anys\/\">i3<\/a><\/li>\n<li id=\"nav-menu-item-94\" class=\"sub-menu-item sub-sub-menu-item menu-item-even menu-item-depth-2 menu-item menu-item-type-taxonomy menu-item-object-category\"><a class=\"menu-link sub-menu-link\" href=\"https:\/\/agora.xtec.cat\/ceippereanton\/categoria\/infantil\/4-anys\/\">i4<\/a><\/li>\n<li id=\"nav-menu-item-95\" class=\"sub-menu-item sub-sub-menu-item menu-item-even menu-item-depth-2 menu-item menu-item-type-taxonomy menu-item-object-category\"><a class=\"menu-link sub-menu-link\" href=\"https:\/\/agora.xtec.cat\/ceippereanton\/categoria\/infantil\/5-anys\/\">i5<\/a><\/li>\n<\/ul>\n<p><span style=\"text-decoration: underline;\"><strong>EDUCACI\u00d3 PRIM\u00c0RIA<\/strong><\/span><\/p>\n<ul class=\"sub-menu menu-even sub-sub-menu menu-depth-2\">\n<li id=\"nav-menu-item-3272\" class=\"sub-menu-item sub-sub-menu-item menu-item-even menu-item-depth-2 menu-item menu-item-type-taxonomy menu-item-object-category\"><a class=\"menu-link sub-menu-link\" href=\"http:\/\/agora.xtec.cat\/ceippereanton\/categoria\/primaria\/1r\/\">1r<\/a><\/li>\n<li id=\"nav-menu-item-3273\" class=\"sub-menu-item sub-sub-menu-item menu-item-even menu-item-depth-2 menu-item menu-item-type-taxonomy menu-item-object-category\"><a class=\"menu-link sub-menu-link\" href=\"http:\/\/agora.xtec.cat\/ceippereanton\/categoria\/primaria\/2n\/\">2n<\/a><\/li>\n<li id=\"nav-menu-item-3274\" class=\"sub-menu-item sub-sub-menu-item menu-item-even menu-item-depth-2 menu-item menu-item-type-taxonomy menu-item-object-category\"><a class=\"menu-link sub-menu-link\" href=\"http:\/\/agora.xtec.cat\/ceippereanton\/categoria\/primaria\/3r\/\">3r<\/a><\/li>\n<li id=\"nav-menu-item-3275\" class=\"sub-menu-item sub-sub-menu-item menu-item-even menu-item-depth-2 menu-item menu-item-type-taxonomy menu-item-object-category\"><a class=\"menu-link sub-menu-link\" href=\"http:\/\/agora.xtec.cat\/ceippereanton\/categoria\/primaria\/4t\/\">4t<\/a><\/li>\n<li id=\"nav-menu-item-3276\" class=\"sub-menu-item sub-sub-menu-item menu-item-even menu-item-depth-2 menu-item menu-item-type-taxonomy menu-item-object-category\"><a class=\"menu-link sub-menu-link\" href=\"http:\/\/agora.xtec.cat\/ceippereanton\/categoria\/primaria\/5e\/\">5\u00e8<\/a><\/li>\n<li id=\"nav-menu-item-3277\" class=\"sub-menu-item sub-sub-menu-item menu-item-even menu-item-depth-2 menu-item menu-item-type-taxonomy menu-item-object-category\"><a class=\"menu-link sub-menu-link\" href=\"http:\/\/agora.xtec.cat\/ceippereanton\/categoria\/primaria\/6e\/\">6\u00e8<\/a><\/li>\n<\/ul>\n","protected":false},"excerpt":{"rendered":"<p>EDUCACI\u00d3 INFANTIL i3 i4 i5 EDUCACI\u00d3 PRIM\u00c0RIA 1r 2n 3r 4t 5\u00e8 6\u00e8<\/p>\n","protected":false},"author":2,"featured_media":0,"parent":0,"menu_order":0,"comment_status":"closed","ping_status":"closed","template":"","meta":{"_bbp_topic_count":0,"_bbp_reply_count":0,"_bbp_total_topic_count":0,"_bbp_total_reply_count":0,"_bbp_voice_count":0,"_bbp_anonymous_reply_count":0,"_bbp_topic_count_hidden":0,"_bbp_reply_count_hidden":0,"_bbp_forum_subforum_count":0,"site-sidebar-layout":"default","site-content-layout":"","ast-site-content-layout":"default","site-content-style":"default","site-sidebar-style":"default","ast-global-header-display":"","ast-banner-title-visibility":"","ast-main-header-display":"","ast-hfb-above-header-display":"","ast-hfb-below-header-display":"","ast-hfb-mobile-header-display":"","site-post-title":"","ast-breadcrumbs-content":"","ast-featured-img":"","footer-sml-layout":"","theme-transparent-header-meta":"","adv-header-id-meta":"","stick-header-meta":"","header-above-stick-meta":"","header-main-stick-meta":"","header-below-stick-meta":"","astra-migrate-meta-layouts":"set","ast-page-background-enabled":"default","ast-page-background-meta":{"desktop":{"background-color":"var(--ast-global-color-4)","background-image":"","background-repeat":"repeat","background-position":"center center","background-size":"auto","background-attachment":"scroll","background-type":"","background-media":"","overlay-type":"","overlay-color":"","overlay-opacity":"","overlay-gradient":""},"tablet":{"background-color":"","background-image":"","background-repeat":"repeat","background-position":"center center","background-size":"auto","background-attachment":"scroll","background-type":"","background-media":"","overlay-type":"","overlay-color":"","overlay-opacity":"","overlay-gradient":""},"mobile":{"background-color":"","background-image":"","background-repeat":"repeat","background-position":"center center","background-size":"auto","background-attachment":"scroll","background-type":"","background-media":"","overlay-type":"","overlay-color":"","overlay-opacity":"","overlay-gradient":""}},"ast-content-background-meta":{"desktop":{"background-color":"var(--ast-global-color-5)","background-image":"","background-repeat":"repeat","background-position":"center center","background-size":"auto","background-attachment":"scroll","background-type":"","background-media":"","overlay-type":"","overlay-color":"","overlay-opacity":"","overlay-gradient":""},"tablet":{"background-color":"var(--ast-global-color-5)","background-image":"","background-repeat":"repeat","background-position":"center center","background-size":"auto","background-attachment":"scroll","background-type":"","background-media":"","overlay-type":"","overlay-color":"","overlay-opacity":"","overlay-gradient":""},"mobile":{"background-color":"var(--ast-global-color-5)","background-image":"","background-repeat":"repeat","background-position":"center center","background-size":"auto","background-attachment":"scroll","background-type":"","background-media":"","overlay-type":"","overlay-color":"","overlay-opacity":"","overlay-gradient":""}},"footnotes":""},"class_list":["post-87","page","type-page","status-publish","hentry"],"post_mailing_queue_ids":[],"_links":{"self":[{"href":"https:\/\/agora.xtec.cat\/ceippereanton\/wp-json\/wp\/v2\/pages\/87","targetHints":{"allow":["GET"]}}],"collection":[{"href":"https:\/\/agora.xtec.cat\/ceippereanton\/wp-json\/wp\/v2\/pages"}],"about":[{"href":"https:\/\/agora.xtec.cat\/ceippereanton\/wp-json\/wp\/v2\/types\/page"}],"author":[{"embeddable":true,"href":"https:\/\/agora.xtec.cat\/ceippereanton\/wp-json\/wp\/v2\/users\/2"}],"replies":[{"embeddable":true,"href":"https:\/\/agora.xtec.cat\/ceippereanton\/wp-json\/wp\/v2\/comments?post=87"}],"version-history":[{"count":4,"href":"https:\/\/agora.xtec.cat\/ceippereanton\/wp-json\/wp\/v2\/pages\/87\/revisions"}],"predecessor-version":[{"id":17276,"href":"https:\/\/agora.xtec.cat\/ceippereanton\/wp-json\/wp\/v2\/pages\/87\/revisions\/17276"}],"wp:attachment":[{"href":"https:\/\/agora.xtec.cat\/ceippereanton\/wp-json\/wp\/v2\/media?parent=87"}],"curies":[{"name":"wp","href":"https:\/\/api.w.org\/{rel}","templated":true}]}}