{"id":4228,"date":"2017-09-16T17:37:22","date_gmt":"2017-09-16T15:37:22","guid":{"rendered":"http:\/\/agora.xtec.cat\/ceippereanton\/?page_id=4228"},"modified":"2025-02-17T16:13:08","modified_gmt":"2025-02-17T15:13:08","slug":"tpvescola","status":"publish","type":"page","link":"https:\/\/agora.xtec.cat\/ceippereanton\/tpvescola\/","title":{"rendered":"TPVescola"},"content":{"rendered":"<p>El m\u00e8tode de pagament de l&#8217;escola \u00e9s a trav\u00e9s de la plataforma TPVescola. Tamb\u00e9 s&#8217;utilitza aquesta plataforma per a altres notificacions i informacions diverses, per tant, \u00e9s interessant tenir l&#8217;aplicaci\u00f3 instal\u00b7lada al m\u00f2bil.<\/p>\n<p><b>COM FER ELS PAGAMENTS PER <\/b><span style=\"font-weight: 400;\">TPVESCOLA?<\/span><\/p>\n<p><span style=\"font-weight: 400;\">Cada alumne\/a rebr\u00e0 una targeta amb el nom i un codi. Aquest codi \u00e9s necessari per operar a trav\u00e9s d\u2019Internet.<\/span><\/p>\n<p><span style=\"font-weight: 400;\">\u00a0<\/span><b>DES DE CASA (PER INTERNET):<\/b><\/p>\n<ol>\n<li style=\"font-weight: 400;\" aria-level=\"1\"><span style=\"font-weight: 400;\">Accediu a: <\/span><a href=\"https:\/\/tpvescola.com\/\"><span style=\"font-weight: 400;\">\u00a0<\/span><span style=\"font-weight: 400;\">https:\/\/tpvescola.com<\/span><\/a><\/li>\n<li style=\"font-weight: 400;\" aria-level=\"1\"><span style=\"font-weight: 400;\">Seleccioneu el municipi i la vostra escola<\/span><\/li>\n<li style=\"font-weight: 400;\" aria-level=\"1\"><span style=\"font-weight: 400;\">Us demanar\u00e0 un nom d\u2019usuari i una contrasenya. El nom d\u2019usuari \u00e9s el codi de 8 d\u00edgits que est\u00e0 impr\u00e8s junt amb el nom, a la targeta que us ha proporcionat l\u2019escola. La contrasenya \u00e9s inicialment zx1234 (en min\u00fascules), us la podeu canviar si voleu.<\/span><\/li>\n<li style=\"font-weight: 400;\" aria-level=\"1\"><span style=\"font-weight: 400;\">Aneu a <\/span><i><span style=\"font-weight: 400;\">Pagaments i<\/span><\/i><span style=\"font-weight: 400;\"> seleccioneu els conceptes. Fent clic al bot\u00f3 <\/span><i><span style=\"font-weight: 400;\">Pagar<\/span><\/i><span style=\"font-weight: 400;\"> accedireu a la p\u00e0gina de validaci\u00f3 banc\u00e0ria. Heu de posar les dades de la vostra targeta de cr\u00e8dit o d\u00e8bit i seguir les instruccions en pantalla. La transacci\u00f3 es processa en un entorn segur.<\/span><\/li>\n<li style=\"font-weight: 400;\" aria-level=\"1\"><span style=\"font-weight: 400;\">Un cop validada la vostra operaci\u00f3 rebreu un mail amb el justificant del pagament.<\/span><\/li>\n<li style=\"font-weight: 400;\" aria-level=\"1\"><span style=\"font-weight: 400;\">No cal entregar el justificant a l\u2019escola.<\/span><\/li>\n<\/ol>\n<p><b>DES DEL M\u00d2BIL:<\/b><span style=\"font-weight: 400;\"> Us podeu baixar l\u2019app de TPVEscola.<\/span><\/p>\n<p><span style=\"font-weight: 400;\">Aconsellem aquesta opci\u00f3 perqu\u00e8 \u00e9s f\u00e0cil, \u00e0gil i r\u00e0pida.<\/span><\/p>\n","protected":false},"excerpt":{"rendered":"<p>El m\u00e8tode de pagament de l&#8217;escola \u00e9s a trav\u00e9s de la plataforma TPVescola. Tamb\u00e9 s&#8217;utilitza aquesta plataforma per a altres [&hellip;]<\/p>\n","protected":false},"author":1,"featured_media":0,"parent":0,"menu_order":0,"comment_status":"closed","ping_status":"closed","template":"","meta":{"_bbp_topic_count":0,"_bbp_reply_count":0,"_bbp_total_topic_count":0,"_bbp_total_reply_count":0,"_bbp_voice_count":0,"_bbp_anonymous_reply_count":0,"_bbp_topic_count_hidden":0,"_bbp_reply_count_hidden":0,"_bbp_forum_subforum_count":0,"site-sidebar-layout":"default","site-content-layout":"","ast-site-content-layout":"default","site-content-style":"default","site-sidebar-style":"default","ast-global-header-display":"","ast-banner-title-visibility":"","ast-main-header-display":"","ast-hfb-above-header-display":"","ast-hfb-below-header-display":"","ast-hfb-mobile-header-display":"","site-post-title":"","ast-breadcrumbs-content":"","ast-featured-img":"","footer-sml-layout":"","theme-transparent-header-meta":"","adv-header-id-meta":"","stick-header-meta":"","header-above-stick-meta":"","header-main-stick-meta":"","header-below-stick-meta":"","astra-migrate-meta-layouts":"set","ast-page-background-enabled":"default","ast-page-background-meta":{"desktop":{"background-color":"var(--ast-global-color-4)","background-image":"","background-repeat":"repeat","background-position":"center center","background-size":"auto","background-attachment":"scroll","background-type":"","background-media":"","overlay-type":"","overlay-color":"","overlay-opacity":"","overlay-gradient":""},"tablet":{"background-color":"","background-image":"","background-repeat":"repeat","background-position":"center center","background-size":"auto","background-attachment":"scroll","background-type":"","background-media":"","overlay-type":"","overlay-color":"","overlay-opacity":"","overlay-gradient":""},"mobile":{"background-color":"","background-image":"","background-repeat":"repeat","background-position":"center center","background-size":"auto","background-attachment":"scroll","background-type":"","background-media":"","overlay-type":"","overlay-color":"","overlay-opacity":"","overlay-gradient":""}},"ast-content-background-meta":{"desktop":{"background-color":"var(--ast-global-color-5)","background-image":"","background-repeat":"repeat","background-position":"center center","background-size":"auto","background-attachment":"scroll","background-type":"","background-media":"","overlay-type":"","overlay-color":"","overlay-opacity":"","overlay-gradient":""},"tablet":{"background-color":"var(--ast-global-color-5)","background-image":"","background-repeat":"repeat","background-position":"center center","background-size":"auto","background-attachment":"scroll","background-type":"","background-media":"","overlay-type":"","overlay-color":"","overlay-opacity":"","overlay-gradient":""},"mobile":{"background-color":"var(--ast-global-color-5)","background-image":"","background-repeat":"repeat","background-position":"center center","background-size":"auto","background-attachment":"scroll","background-type":"","background-media":"","overlay-type":"","overlay-color":"","overlay-opacity":"","overlay-gradient":""}},"footnotes":""},"class_list":["post-4228","page","type-page","status-publish","hentry"],"post_mailing_queue_ids":[],"_links":{"self":[{"href":"https:\/\/agora.xtec.cat\/ceippereanton\/wp-json\/wp\/v2\/pages\/4228","targetHints":{"allow":["GET"]}}],"collection":[{"href":"https:\/\/agora.xtec.cat\/ceippereanton\/wp-json\/wp\/v2\/pages"}],"about":[{"href":"https:\/\/agora.xtec.cat\/ceippereanton\/wp-json\/wp\/v2\/types\/page"}],"author":[{"embeddable":true,"href":"https:\/\/agora.xtec.cat\/ceippereanton\/wp-json\/wp\/v2\/users\/1"}],"replies":[{"embeddable":true,"href":"https:\/\/agora.xtec.cat\/ceippereanton\/wp-json\/wp\/v2\/comments?post=4228"}],"version-history":[{"count":3,"href":"https:\/\/agora.xtec.cat\/ceippereanton\/wp-json\/wp\/v2\/pages\/4228\/revisions"}],"predecessor-version":[{"id":17108,"href":"https:\/\/agora.xtec.cat\/ceippereanton\/wp-json\/wp\/v2\/pages\/4228\/revisions\/17108"}],"wp:attachment":[{"href":"https:\/\/agora.xtec.cat\/ceippereanton\/wp-json\/wp\/v2\/media?parent=4228"}],"curies":[{"name":"wp","href":"https:\/\/api.w.org\/{rel}","templated":true}]}}