{"id":4226,"date":"2017-09-16T17:37:22","date_gmt":"2017-09-16T15:37:22","guid":{"rendered":"http:\/\/agora.xtec.cat\/ceippereanton\/?page_id=4226"},"modified":"2025-12-02T13:11:12","modified_gmt":"2025-12-02T12:11:12","slug":"equip-pedagogic","status":"publish","type":"page","link":"https:\/\/agora.xtec.cat\/ceippereanton\/lescola\/equip-pedagogic\/","title":{"rendered":"Equip pedag\u00f2gic Curs 2025 &#8211; 2026"},"content":{"rendered":"\n<div class=\"wp-block-group is-layout-constrained wp-block-group-is-layout-constrained\">\n<h5 class=\"wp-block-heading\">EDUCACI\u00d3 INFANTIL<\/h5>\n\n\n\n<ul class=\"wp-block-list\">\n<li>i3: L\u00eddia P\u00e9rez<\/li>\n\n\n\n<li>i4: Laura Ramos&nbsp;<\/li>\n\n\n\n<li>i5: Maria Sall\u00e9s&nbsp;<\/li>\n<\/ul>\n<\/div>\n\n\n\n<h5 class=\"wp-block-heading\">EDUCACI\u00d3 PRIM\u00c0RIA&nbsp;<\/h5>\n\n\n\n<ul class=\"wp-block-list\">\n<li>1r: Ana Luque&nbsp;<\/li>\n\n\n\n<li>2n: Anna Fern\u00e1ndez&nbsp;<\/li>\n\n\n\n<li>3r: Ester Pajarols&nbsp;<\/li>\n\n\n\n<li>4t: \u00d2scar Pujol<\/li>\n\n\n\n<li>5\u00e8: M\u00edriam Andr\u00e9s<\/li>\n\n\n\n<li>6\u00e8: Irene Fern\u00e1ndez&nbsp;<\/li>\n<\/ul>\n\n\n\n<h5 class=\"wp-block-heading\">ESPECIALISTES&nbsp;<\/h5>\n\n\n\n<ul class=\"wp-block-list\">\n<li>Suport Ed. Inclusiva: Conxita Armengol&nbsp;<\/li>\n\n\n\n<li>Ed. F\u00edsica: Marina Tallada i Ferran Masip<\/li>\n\n\n\n<li>M\u00fasica: Marta Nor\u00f3, Toni Santiago <\/li>\n\n\n\n<li>Llengua Anglesa: Rosa Garc\u00eda<\/li>\n\n\n\n<li>Vetlladores: Silvia Aragay<\/li>\n\n\n\n<li>Suport: Andr\u00e9s D\u00edaz-Pinto<\/li>\n<\/ul>\n\n\n\n<h5 class=\"wp-block-heading\">EQUIP DIRECTIU&nbsp;<\/h5>\n\n\n\n<ul class=\"wp-block-list\">\n<li>Directora: \u00c0gata Medalla&nbsp;<\/li>\n\n\n\n<li>Cap d\u2019Estudis: Toni Santiago&nbsp;<\/li>\n\n\n\n<li>Secretaria: Mireia Padr\u00f3s&nbsp;<\/li>\n<\/ul>\n\n\n\n<p><strong>EQUIP DOCENT DEL PROJECTE DE M\u00daSICA<br><\/strong>Dansa: Carme N\u00e1jera<br>Piano i Esp. M\u00fasica Petits: Laura Espaulella<br>Trompeta, tromb\u00f3 i Big Band: Toni Cuesta<br> Clarinet i saxo: Cl\u00e0udia Bosch<br>Guitarra i baix: Dani R\u00fabies<br>Percussi\u00f3: Alfons Bertran<\/p>\n\n\n\n<p>&nbsp;<\/p>\n","protected":false},"excerpt":{"rendered":"<p>EDUCACI\u00d3 INFANTIL EDUCACI\u00d3 PRIM\u00c0RIA&nbsp; ESPECIALISTES&nbsp; EQUIP DIRECTIU&nbsp; EQUIP DOCENT DEL PROJECTE DE M\u00daSICADansa: Carme N\u00e1jeraPiano i Esp. M\u00fasica Petits: Laura [&hellip;]<\/p>\n","protected":false},"author":1,"featured_media":0,"parent":22,"menu_order":0,"comment_status":"closed","ping_status":"closed","template":"","meta":{"_bbp_topic_count":0,"_bbp_reply_count":0,"_bbp_total_topic_count":0,"_bbp_total_reply_count":0,"_bbp_voice_count":0,"_bbp_anonymous_reply_count":0,"_bbp_topic_count_hidden":0,"_bbp_reply_count_hidden":0,"_bbp_forum_subforum_count":0,"site-sidebar-layout":"default","site-content-layout":"","ast-site-content-layout":"default","site-content-style":"default","site-sidebar-style":"default","ast-global-header-display":"","ast-banner-title-visibility":"","ast-main-header-display":"","ast-hfb-above-header-display":"","ast-hfb-below-header-display":"","ast-hfb-mobile-header-display":"","site-post-title":"","ast-breadcrumbs-content":"","ast-featured-img":"","footer-sml-layout":"","theme-transparent-header-meta":"","adv-header-id-meta":"","stick-header-meta":"","header-above-stick-meta":"","header-main-stick-meta":"","header-below-stick-meta":"","astra-migrate-meta-layouts":"set","ast-page-background-enabled":"default","ast-page-background-meta":{"desktop":{"background-color":"var(--ast-global-color-4)","background-image":"","background-repeat":"repeat","background-position":"center center","background-size":"auto","background-attachment":"scroll","background-type":"","background-media":"","overlay-type":"","overlay-color":"","overlay-opacity":"","overlay-gradient":""},"tablet":{"background-color":"","background-image":"","background-repeat":"repeat","background-position":"center center","background-size":"auto","background-attachment":"scroll","background-type":"","background-media":"","overlay-type":"","overlay-color":"","overlay-opacity":"","overlay-gradient":""},"mobile":{"background-color":"","background-image":"","background-repeat":"repeat","background-position":"center center","background-size":"auto","background-attachment":"scroll","background-type":"","background-media":"","overlay-type":"","overlay-color":"","overlay-opacity":"","overlay-gradient":""}},"ast-content-background-meta":{"desktop":{"background-color":"var(--ast-global-color-5)","background-image":"","background-repeat":"repeat","background-position":"center center","background-size":"auto","background-attachment":"scroll","background-type":"","background-media":"","overlay-type":"","overlay-color":"","overlay-opacity":"","overlay-gradient":""},"tablet":{"background-color":"var(--ast-global-color-5)","background-image":"","background-repeat":"repeat","background-position":"center center","background-size":"auto","background-attachment":"scroll","background-type":"","background-media":"","overlay-type":"","overlay-color":"","overlay-opacity":"","overlay-gradient":""},"mobile":{"background-color":"var(--ast-global-color-5)","background-image":"","background-repeat":"repeat","background-position":"center center","background-size":"auto","background-attachment":"scroll","background-type":"","background-media":"","overlay-type":"","overlay-color":"","overlay-opacity":"","overlay-gradient":""}},"footnotes":""},"class_list":["post-4226","page","type-page","status-publish","hentry"],"post_mailing_queue_ids":[],"_links":{"self":[{"href":"https:\/\/agora.xtec.cat\/ceippereanton\/wp-json\/wp\/v2\/pages\/4226","targetHints":{"allow":["GET"]}}],"collection":[{"href":"https:\/\/agora.xtec.cat\/ceippereanton\/wp-json\/wp\/v2\/pages"}],"about":[{"href":"https:\/\/agora.xtec.cat\/ceippereanton\/wp-json\/wp\/v2\/types\/page"}],"author":[{"embeddable":true,"href":"https:\/\/agora.xtec.cat\/ceippereanton\/wp-json\/wp\/v2\/users\/1"}],"replies":[{"embeddable":true,"href":"https:\/\/agora.xtec.cat\/ceippereanton\/wp-json\/wp\/v2\/comments?post=4226"}],"version-history":[{"count":6,"href":"https:\/\/agora.xtec.cat\/ceippereanton\/wp-json\/wp\/v2\/pages\/4226\/revisions"}],"predecessor-version":[{"id":17479,"href":"https:\/\/agora.xtec.cat\/ceippereanton\/wp-json\/wp\/v2\/pages\/4226\/revisions\/17479"}],"up":[{"embeddable":true,"href":"https:\/\/agora.xtec.cat\/ceippereanton\/wp-json\/wp\/v2\/pages\/22"}],"wp:attachment":[{"href":"https:\/\/agora.xtec.cat\/ceippereanton\/wp-json\/wp\/v2\/media?parent=4226"}],"curies":[{"name":"wp","href":"https:\/\/api.w.org\/{rel}","templated":true}]}}