{"id":22,"date":"2014-09-18T12:19:57","date_gmt":"2014-09-18T12:19:57","guid":{"rendered":"http:\/\/agora.xtec.cat\/ceippereanton\/?page_id=22"},"modified":"2025-02-17T16:17:35","modified_gmt":"2025-02-17T15:17:35","slug":"lescola","status":"publish","type":"page","link":"https:\/\/agora.xtec.cat\/ceippereanton\/lescola\/","title":{"rendered":"L&#8217;escola"},"content":{"rendered":"<p>L\u2019<strong>Escola Pereanton\u00a0<\/strong>es troba<strong>\u00a0<\/strong>situada al centre hist\u00f2ric de Granollers, dins de la zona peatonal i pr\u00f2xima a l\u2019eix cultural de la ciutat,\u00a0 en un edifici noucentista catalogat.<\/p>\n<p>\u00c9s una escola p\u00fablica d\u2019infantil i prim\u00e0ria d\u2019una sola l\u00ednia. La singularitat del nostre centre es basa en un projecte musical que ajuda al desenvolupament global de la persona.<\/p>\n<ul>\n<li>La m\u00fasica facilita el treball de les compet\u00e8ncies.<\/li>\n<li>\u00c9s una eina que permet desenvolupar la sensibilitat art\u00edstica, la comprensi\u00f3 i la creativitat de tots els alumnes.<\/li>\n<li>La veu i els instruments s\u00f3n les eines b\u00e0siques d\u2019interpretaci\u00f3.<\/li>\n<li>La dansa tradicional i d\u2019arreu del m\u00f3n possibilita noves formes de comunicaci\u00f3 i de relaci\u00f3.<\/li>\n<li>Educa en la diversitat i la interculturalitat.<\/li>\n<li>Fomenta l\u2019esperit cr\u00edtic.<\/li>\n<li>Desenvolupa les capacitats intel\u00b7lectuals.<\/li>\n<li>Permet educar h\u00e0bits.<\/li>\n<li>Afavoreix una cultura enriquidora de l\u2019oci.<\/li>\n<li>Obre noves portes professionals.<\/li>\n<\/ul>\n<p>Amb el nostre projecte volem fomentar:<\/p>\n<ul>\n<li>L\u2019educaci\u00f3 en l\u2019autoestima, incidint en els processos de construcci\u00f3\u00a0 d\u2019una identitat aut\u00f2noma, digna i solid\u00e0ria.<\/li>\n<li>L\u2019educaci\u00f3 per garantir l\u2019equitat d\u2019oportunitats.<\/li>\n<li>L\u2019Educaci\u00f3 per a la ciutadania, el di\u00e0leg i la cohesi\u00f3 social.<\/li>\n<li>L\u2019\u00fas de la llengua catalana com a llengua d\u2019aprenentatge i comunicaci\u00f3.<\/li>\n<li>La m\u00fasica com a eix principal de tots els aprenentatges.<\/li>\n<\/ul>\n","protected":false},"excerpt":{"rendered":"<p>L\u2019Escola Pereanton\u00a0es troba\u00a0situada al centre hist\u00f2ric de Granollers, dins de la zona peatonal i pr\u00f2xima a l\u2019eix cultural de la [&hellip;]<\/p>\n","protected":false},"author":2,"featured_media":0,"parent":0,"menu_order":0,"comment_status":"closed","ping_status":"closed","template":"","meta":{"_bbp_topic_count":0,"_bbp_reply_count":0,"_bbp_total_topic_count":0,"_bbp_total_reply_count":0,"_bbp_voice_count":0,"_bbp_anonymous_reply_count":0,"_bbp_topic_count_hidden":0,"_bbp_reply_count_hidden":0,"_bbp_forum_subforum_count":0,"site-sidebar-layout":"default","site-content-layout":"","ast-site-content-layout":"default","site-content-style":"default","site-sidebar-style":"default","ast-global-header-display":"","ast-banner-title-visibility":"","ast-main-header-display":"","ast-hfb-above-header-display":"","ast-hfb-below-header-display":"","ast-hfb-mobile-header-display":"","site-post-title":"","ast-breadcrumbs-content":"","ast-featured-img":"","footer-sml-layout":"","theme-transparent-header-meta":"","adv-header-id-meta":"","stick-header-meta":"","header-above-stick-meta":"","header-main-stick-meta":"","header-below-stick-meta":"","astra-migrate-meta-layouts":"set","ast-page-background-enabled":"default","ast-page-background-meta":{"desktop":{"background-color":"var(--ast-global-color-4)","background-image":"","background-repeat":"repeat","background-position":"center center","background-size":"auto","background-attachment":"scroll","background-type":"","background-media":"","overlay-type":"","overlay-color":"","overlay-opacity":"","overlay-gradient":""},"tablet":{"background-color":"","background-image":"","background-repeat":"repeat","background-position":"center center","background-size":"auto","background-attachment":"scroll","background-type":"","background-media":"","overlay-type":"","overlay-color":"","overlay-opacity":"","overlay-gradient":""},"mobile":{"background-color":"","background-image":"","background-repeat":"repeat","background-position":"center center","background-size":"auto","background-attachment":"scroll","background-type":"","background-media":"","overlay-type":"","overlay-color":"","overlay-opacity":"","overlay-gradient":""}},"ast-content-background-meta":{"desktop":{"background-color":"var(--ast-global-color-5)","background-image":"","background-repeat":"repeat","background-position":"center center","background-size":"auto","background-attachment":"scroll","background-type":"","background-media":"","overlay-type":"","overlay-color":"","overlay-opacity":"","overlay-gradient":""},"tablet":{"background-color":"var(--ast-global-color-5)","background-image":"","background-repeat":"repeat","background-position":"center center","background-size":"auto","background-attachment":"scroll","background-type":"","background-media":"","overlay-type":"","overlay-color":"","overlay-opacity":"","overlay-gradient":""},"mobile":{"background-color":"var(--ast-global-color-5)","background-image":"","background-repeat":"repeat","background-position":"center center","background-size":"auto","background-attachment":"scroll","background-type":"","background-media":"","overlay-type":"","overlay-color":"","overlay-opacity":"","overlay-gradient":""}},"footnotes":""},"class_list":["post-22","page","type-page","status-publish","hentry"],"post_mailing_queue_ids":[],"_links":{"self":[{"href":"https:\/\/agora.xtec.cat\/ceippereanton\/wp-json\/wp\/v2\/pages\/22","targetHints":{"allow":["GET"]}}],"collection":[{"href":"https:\/\/agora.xtec.cat\/ceippereanton\/wp-json\/wp\/v2\/pages"}],"about":[{"href":"https:\/\/agora.xtec.cat\/ceippereanton\/wp-json\/wp\/v2\/types\/page"}],"author":[{"embeddable":true,"href":"https:\/\/agora.xtec.cat\/ceippereanton\/wp-json\/wp\/v2\/users\/2"}],"replies":[{"embeddable":true,"href":"https:\/\/agora.xtec.cat\/ceippereanton\/wp-json\/wp\/v2\/comments?post=22"}],"version-history":[{"count":4,"href":"https:\/\/agora.xtec.cat\/ceippereanton\/wp-json\/wp\/v2\/pages\/22\/revisions"}],"predecessor-version":[{"id":17113,"href":"https:\/\/agora.xtec.cat\/ceippereanton\/wp-json\/wp\/v2\/pages\/22\/revisions\/17113"}],"wp:attachment":[{"href":"https:\/\/agora.xtec.cat\/ceippereanton\/wp-json\/wp\/v2\/media?parent=22"}],"curies":[{"name":"wp","href":"https:\/\/api.w.org\/{rel}","templated":true}]}}