{"id":17550,"date":"2026-03-02T15:39:40","date_gmt":"2026-03-02T14:39:40","guid":{"rendered":"https:\/\/agora.xtec.cat\/ceippereanton\/?page_id=17550"},"modified":"2026-04-17T16:22:08","modified_gmt":"2026-04-17T14:22:08","slug":"projectes-destacats","status":"publish","type":"page","link":"https:\/\/agora.xtec.cat\/ceippereanton\/projectes-destacats\/","title":{"rendered":"Projectes destacats"},"content":{"rendered":"\n<p id=\"PRESSPART\"><a href=\"#PRESSPART\" data-type=\"internal\" data-id=\"#PRESSPART\">PRESSUPOSTOS PARTICIPATIUS 2026<\/a><\/p>\n\n\n\n<p><a href=\"#CASAL\" data-type=\"internal\" data-id=\"#CASAL\">CASAL D&#8217;ESTIU 2026<\/a><\/p>\n\n\n\n<hr class=\"wp-block-separator has-alpha-channel-opacity\" style=\"margin-top:var(--wp--preset--spacing--70);margin-bottom:var(--wp--preset--spacing--70)\"\/>\n\n\n\n<p id=\"PRESSPART\"><strong>PRESSUPOSTOS PARTICIPATIUS 2026<\/strong><\/p>\n\n\n\n<p>L\u2019Ajuntament de Granollers impulsa una nova edici\u00f3 dels Pressupostos Participatius, l&#8217;eina perqu\u00e8 la ciutadania decideixi directament a qu\u00e8 es destina una part del pressupost municipal. Per con\u00e8ixer els detalls del proc\u00e9s, podeu fer clic <a href=\"https:\/\/participa311-granollers.diba.cat\/processes\/pressupostosparticipatius-2025-29\" data-type=\"link\" data-id=\"https:\/\/participa311-granollers.diba.cat\/processes\/pressupostosparticipatius-2025-29\">aqu\u00ed<\/a>.<\/p>\n\n\n\n<p>L&#8217;AFA ha presentat una proposta per a millorar el pati de l&#8217;escola i la confortabilitat t\u00e8rmica d&#8217;algunes aules. L&#8217;iniciativa de l&#8217;ajuntament \u00e9s una oportunitat per presentar propostes des de la ciutadania, que tinguin un benefici per bona part de la poblaci\u00f3.<\/p>\n\n\n\n<p>El projecte presentat es pot consultar <a href=\"https:\/\/participa311-granollers.diba.cat\/processes\/pressupostosparticipatius-2025-29\/f\/7989\/proposals\/33466\" data-type=\"link\" data-id=\"https:\/\/participa311-granollers.diba.cat\/processes\/pressupostosparticipatius-2025-29\/f\/7989\/proposals\/33466\">aqu\u00ed<\/a>.<\/p>\n\n\n\n<figure class=\"wp-block-image alignleft size-large is-resized\"><a href=\"https:\/\/agora.xtec.cat\/ceippereanton\/wp-content\/uploads\/usu570\/2026\/03\/AbansDespres1.jpg\"><img loading=\"lazy\" decoding=\"async\" width=\"576\" height=\"1024\" src=\"https:\/\/agora.xtec.cat\/ceippereanton\/wp-content\/uploads\/usu570\/2026\/03\/AbansDespres1-576x1024.jpg\" alt=\"\" class=\"wp-image-17708\" style=\"width:204px;height:auto\" srcset=\"https:\/\/agora.xtec.cat\/ceippereanton\/wp-content\/uploads\/usu570\/2026\/03\/AbansDespres1-576x1024.jpg 576w, https:\/\/agora.xtec.cat\/ceippereanton\/wp-content\/uploads\/usu570\/2026\/03\/AbansDespres1-169x300.jpg 169w, https:\/\/agora.xtec.cat\/ceippereanton\/wp-content\/uploads\/usu570\/2026\/03\/AbansDespres1-768x1365.jpg 768w, https:\/\/agora.xtec.cat\/ceippereanton\/wp-content\/uploads\/usu570\/2026\/03\/AbansDespres1-864x1536.jpg 864w, https:\/\/agora.xtec.cat\/ceippereanton\/wp-content\/uploads\/usu570\/2026\/03\/AbansDespres1.jpg 1080w\" sizes=\"auto, (max-width: 576px) 100vw, 576px\" \/><\/a><\/figure>\n\n\n\n<figure class=\"wp-block-image size-large is-resized\"><a href=\"https:\/\/agora.xtec.cat\/ceippereanton\/wp-content\/uploads\/usu570\/2026\/03\/AbansDespres2.jpg\"><img loading=\"lazy\" decoding=\"async\" width=\"576\" height=\"1024\" src=\"https:\/\/agora.xtec.cat\/ceippereanton\/wp-content\/uploads\/usu570\/2026\/03\/AbansDespres2-576x1024.jpg\" alt=\"\" class=\"wp-image-17709\" style=\"width:203px;height:auto\" srcset=\"https:\/\/agora.xtec.cat\/ceippereanton\/wp-content\/uploads\/usu570\/2026\/03\/AbansDespres2-576x1024.jpg 576w, https:\/\/agora.xtec.cat\/ceippereanton\/wp-content\/uploads\/usu570\/2026\/03\/AbansDespres2-169x300.jpg 169w, https:\/\/agora.xtec.cat\/ceippereanton\/wp-content\/uploads\/usu570\/2026\/03\/AbansDespres2-768x1365.jpg 768w, https:\/\/agora.xtec.cat\/ceippereanton\/wp-content\/uploads\/usu570\/2026\/03\/AbansDespres2-864x1536.jpg 864w, https:\/\/agora.xtec.cat\/ceippereanton\/wp-content\/uploads\/usu570\/2026\/03\/AbansDespres2.jpg 1080w\" sizes=\"auto, (max-width: 576px) 100vw, 576px\" \/><\/a><\/figure>\n\n\n\n<p><\/p>\n\n\n\n<p style=\"font-size:12px\">*Les imatges han estat generades amb intel\u00b7lig\u00e8ncia artificial i tenen nom\u00e9s un valor orientatiu. No representen el resultat final del projecte.<\/p>\n\n\n\n<p>La proposta va sorgir inicialment de la junta de l\u2019AFA i, despr\u00e9s d\u2019una consulta oberta a les fam\u00edlies, es va enriquir amb les aportacions rebudes. Ara esperem que l\u2019Ajuntament la validi i que pugui passar a la fase de votaci\u00f3 popular.<\/p>\n\n\n\n<p>Quan arribi el moment, necessitarem tots els vots possibles per fer-la realitat!<\/p>\n\n\n\n<p><\/p>\n\n\n\n<p class=\"has-vivid-green-cyan-color has-text-color has-link-color wp-elements-b749eeab507cef896f2b08af42dbd967\"><strong>PER UN PATI M\u00c9S VERD I MENYS CALOR A L&#8217;ESCOLA!<\/strong><\/p>\n\n\n\n<p>Volem reduir l\u2019efecte d\u2019illa de calor i millorar la qualitat ambiental i energ\u00e8tica de l\u2019Escola Pereanton mitjan\u00e7ant la desimpermeabilitzaci\u00f3 de 300 m\u00b2 de pati i la incorporaci\u00f3 de zones verdes. Inclou actuacions estructurals de millora del confort t\u00e8rmic, qualitat de l\u2019aire interior i efici\u00e8ncia energ\u00e8tica de l\u2019edifici, reduint consum energ\u00e8tic i costos associats.<\/p>\n\n\n\n<p>La proposta millorar\u00e0 directament la salut, el confort i el benestar de l\u2019alumnat i del professorat. La reducci\u00f3 de temperatures al pati i a l\u2019interior de les aules contribuir\u00e0 a millorar les condicions d\u2019aprenentatge i a reduir riscos associats a episodis de calor extrema. A nivell ambiental, incrementa el verd urb\u00e0, redueix superf\u00edcies impermeables, disminueix el consum energ\u00e8tic, millora la qualitat de l&#8217;aire i contribueix a la descarbonitzaci\u00f3 de l\u2019equipament municipal. La creaci\u00f3 d\u2019un refugi clim\u00e0tic al menjador genera un espai segur i confortable per a la comunitat educativa durant episodis de temperatures extremes.<\/p>\n\n\n\n<p><\/p>\n\n\n\n<p>CALENDARI:<\/p>\n\n\n\n<ol class=\"wp-block-list\">\n<li>Informaci\u00f3 del proc\u00e9s 24\/11\/2025 &#8211; 08\/12\/2025<\/li>\n\n\n\n<li>Debat i recollida de propostes 09\/12\/2025 &#8211; 15\/02\/2026<\/li>\n\n\n\n<li>Valoraci\u00f3 t\u00e8cnica de les propostes 16\/02\/2026 &#8211; 15\/03\/2026 <\/li>\n\n\n\n<li>Prioritzaci\u00f3 de propostes i suports 16\/03\/2026 &#8211; 31\/03\/2026 &#8211;&gt; EL PROJECTE HA ESTAT SELECCIONAT ENTRE ELS 25 PRIMERS, PASSA A LA SEG\u00dcENT FASE!<\/li>\n\n\n\n<li>Concreci\u00f3 de les propostes 01\/04\/2026 &#8211; 13\/05\/2026<\/li>\n\n\n\n<li>Presentaci\u00f3 de les propostes 14\/05\/2026 &#8211; 07\/06\/2026<\/li>\n\n\n\n<li>Votaci\u00f3 final dels projectes 15\/05\/2026 &#8211; 07\/06\/2026<\/li>\n\n\n\n<li>Retorn 08\/06\/2026 &#8211; 22\/06\/2026<\/li>\n\n\n\n<li>Execuci\u00f3 i seguiment dels projectes 23\/06\/2026 &#8211; 31\/07\/2029<\/li>\n<\/ol>\n\n\n\n<hr class=\"wp-block-separator has-alpha-channel-opacity\" style=\"margin-top:var(--wp--preset--spacing--80);margin-bottom:var(--wp--preset--spacing--80)\"\/>\n\n\n\n<p id=\"CASAL\"><strong>CASAL D&#8217;ESTIU 2026<\/strong><\/p>\n\n\n\n<p>Del 22 de juny al 31 de juliol a l&#8217;escola Pereanton per a infants d&#8217;I3 a 6\u00e8!<\/p>\n\n\n\n<p>L&#8217;empresa que gestionar\u00e0 el casal \u00e9s A parts iguals, que ja gestiona algunes extraescolars a l&#8217;escola.<br><br>\u00a0<strong>Reuni\u00f3 informativa:<\/strong><br>\u2022\u2060 \u00a0\u206029 d&#8217;abril a les 17h \u2013 al menjador de l&#8217;Escola\u00a0Pereanton<\/p>\n\n\n\n<p><em>\u00a0<strong>IMPORTANT!\u00a0<\/strong><\/em><\/p>\n\n\n\n<p>Inscripci\u00f3 a partir del\u00a0<strong>20 d&#8217;abril\u00a0<\/strong>a trav\u00e9s de la\u00a0<a href=\"https:\/\/mail.google.com\/mail\/u\/1\/www.apartsiguals.com\" target=\"_blank\" rel=\"noreferrer noopener\">p\u00e0gina<\/a><a href=\"https:\/\/apartsiguals.com\/casal-pereanton-granollers\/\" target=\"_blank\" rel=\"noreferrer noopener\"> <\/a><a href=\"https:\/\/mail.google.com\/mail\/u\/1\/www.apartsiguals.com\" target=\"_blank\" rel=\"noreferrer noopener\">web<\/a>.\u00a0Aquestes es realitzaran\u00a0<strong>100% en l\u00ednia.<\/strong><\/p>\n\n\n\n<p><em>Si alg\u00fa vol realitzar un altra forma de pagament ho podr\u00e0 fer el dia de la reuni\u00f3 informativa.&nbsp;<\/em><\/p>\n\n\n\n<p>\u00a0Tota la informaci\u00f3 sobre les sortides, preus i m\u00e9s, la trobareu detallada a:<\/p>\n\n\n\n<p><em>\u00a0<a href=\"http:\/\/www.apartsiguals.com\/\" target=\"_blank\" rel=\"noreferrer noopener\">www.<\/a><a href=\"https:\/\/apartsiguals.com\/casal-pereanton-granollers\/\" data-type=\"link\" data-id=\"https:\/\/apartsiguals.com\/casal-pereanton-granollers\/\" target=\"_blank\" rel=\"noreferrer noopener\">apartsiguals<\/a><a href=\"http:\/\/www.apartsiguals.com\/\" target=\"_blank\" rel=\"noreferrer noopener\">.com<\/a><br><br><\/em><strong>\u00a0\u00a0No us ho perdeu! Aquest estiu promet!\u00a0<\/strong><\/p>\n\n\n\n<p><\/p>\n","protected":false},"excerpt":{"rendered":"<p>PRESSUPOSTOS PARTICIPATIUS 2026 CASAL D&#8217;ESTIU 2026 PRESSUPOSTOS PARTICIPATIUS 2026 L\u2019Ajuntament de Granollers impulsa una nova edici\u00f3 dels Pressupostos Participatius, l&#8217;eina [&hellip;]<\/p>\n","protected":false},"author":50,"featured_media":0,"parent":0,"menu_order":0,"comment_status":"closed","ping_status":"close","template":"","meta":{"_bbp_topic_count":0,"_bbp_reply_count":0,"_bbp_total_topic_count":0,"_bbp_total_reply_count":0,"_bbp_voice_count":0,"_bbp_anonymous_reply_count":0,"_bbp_topic_count_hidden":0,"_bbp_reply_count_hidden":0,"_bbp_forum_subforum_count":0,"site-sidebar-layout":"default","site-content-layout":"","ast-site-content-layout":"default","site-content-style":"default","site-sidebar-style":"default","ast-global-header-display":"","ast-banner-title-visibility":"","ast-main-header-display":"","ast-hfb-above-header-display":"","ast-hfb-below-header-display":"","ast-hfb-mobile-header-display":"","site-post-title":"","ast-breadcrumbs-content":"","ast-featured-img":"","footer-sml-layout":"","theme-transparent-header-meta":"","adv-header-id-meta":"","stick-header-meta":"","header-above-stick-meta":"","header-main-stick-meta":"","header-below-stick-meta":"","astra-migrate-meta-layouts":"set","ast-page-background-enabled":"default","ast-page-background-meta":{"desktop":{"background-color":"var(--ast-global-color-4)","background-image":"","background-repeat":"repeat","background-position":"center center","background-size":"auto","background-attachment":"scroll","background-type":"","background-media":"","overlay-type":"","overlay-color":"","overlay-opacity":"","overlay-gradient":""},"tablet":{"background-color":"","background-image":"","background-repeat":"repeat","background-position":"center center","background-size":"auto","background-attachment":"scroll","background-type":"","background-media":"","overlay-type":"","overlay-color":"","overlay-opacity":"","overlay-gradient":""},"mobile":{"background-color":"","background-image":"","background-repeat":"repeat","background-position":"center center","background-size":"auto","background-attachment":"scroll","background-type":"","background-media":"","overlay-type":"","overlay-color":"","overlay-opacity":"","overlay-gradient":""}},"ast-content-background-meta":{"desktop":{"background-color":"var(--ast-global-color-5)","background-image":"","background-repeat":"repeat","background-position":"center center","background-size":"auto","background-attachment":"scroll","background-type":"","background-media":"","overlay-type":"","overlay-color":"","overlay-opacity":"","overlay-gradient":""},"tablet":{"background-color":"var(--ast-global-color-5)","background-image":"","background-repeat":"repeat","background-position":"center center","background-size":"auto","background-attachment":"scroll","background-type":"","background-media":"","overlay-type":"","overlay-color":"","overlay-opacity":"","overlay-gradient":""},"mobile":{"background-color":"var(--ast-global-color-5)","background-image":"","background-repeat":"repeat","background-position":"center center","background-size":"auto","background-attachment":"scroll","background-type":"","background-media":"","overlay-type":"","overlay-color":"","overlay-opacity":"","overlay-gradient":""}},"footnotes":""},"class_list":["post-17550","page","type-page","status-publish","hentry"],"post_mailing_queue_ids":[],"_links":{"self":[{"href":"https:\/\/agora.xtec.cat\/ceippereanton\/wp-json\/wp\/v2\/pages\/17550","targetHints":{"allow":["GET"]}}],"collection":[{"href":"https:\/\/agora.xtec.cat\/ceippereanton\/wp-json\/wp\/v2\/pages"}],"about":[{"href":"https:\/\/agora.xtec.cat\/ceippereanton\/wp-json\/wp\/v2\/types\/page"}],"author":[{"embeddable":true,"href":"https:\/\/agora.xtec.cat\/ceippereanton\/wp-json\/wp\/v2\/users\/50"}],"replies":[{"embeddable":true,"href":"https:\/\/agora.xtec.cat\/ceippereanton\/wp-json\/wp\/v2\/comments?post=17550"}],"version-history":[{"count":6,"href":"https:\/\/agora.xtec.cat\/ceippereanton\/wp-json\/wp\/v2\/pages\/17550\/revisions"}],"predecessor-version":[{"id":17731,"href":"https:\/\/agora.xtec.cat\/ceippereanton\/wp-json\/wp\/v2\/pages\/17550\/revisions\/17731"}],"wp:attachment":[{"href":"https:\/\/agora.xtec.cat\/ceippereanton\/wp-json\/wp\/v2\/media?parent=17550"}],"curies":[{"name":"wp","href":"https:\/\/api.w.org\/{rel}","templated":true}]}}