{"id":16694,"date":"2023-05-22T12:15:44","date_gmt":"2023-05-22T10:15:44","guid":{"rendered":"https:\/\/agora.xtec.cat\/ceippereanton\/?page_id=16694"},"modified":"2025-07-17T10:58:55","modified_gmt":"2025-07-17T08:58:55","slug":"cultura-digital","status":"publish","type":"page","link":"https:\/\/agora.xtec.cat\/ceippereanton\/lescola\/estrategia-digital-de-centre\/cultura-digital\/","title":{"rendered":"Cultura digital"},"content":{"rendered":"<h4 class=\"wp-block-heading\">Compet\u00e8ncia digital de l\u2019alumnat<\/h4>\n<p>Els alumnes assoleixen la compet\u00e8ncia digital mitjan\u00e7ant les diferents situacions d\u2019aprenentatge dissenyades a cada nivell. S\u2019estableix una gradaci\u00f3 orientativa de l\u2019assoliment de la compet\u00e8ncia digital, es fan propostes d\u2019orientacions dels continguts digitals a treballar des de cada \u00e0mbit, i es dissenyen orientacions per a la creaci\u00f3 d\u2019instruments d\u2019avaluaci\u00f3 de l\u2019assoliment de la compet\u00e8ncia digital, per tal de poder fer una avaluaci\u00f3 transversal de l\u2019assoliment de la compet\u00e8ncia digital en tots els \u00e0mbits.<\/p>\n<h3 class=\"wp-block-heading\">Acolliment digital<\/h3>\n<p>A l\u2019escola utilitzem diversos serveis digitals, siguin propis o de tercers, allotjats a servidors del centre o externs. Alguns estan vinculats a unes condicions d\u2019\u00fas que aproven els mateixos usuaris o els seus tutors legals en iniciar el curs.\u00a0<\/p>\n<table style=\"width: 100%;\">\n<tbody>\n<tr>\n<td style=\"width: 34.5946%; text-align: center;\"><strong>\u00a0FAM\u00cdLIES<\/strong><\/td>\n<td style=\"width: 33.2432%; text-align: center;\"><strong>PROFESSORAT<\/strong><\/td>\n<td style=\"width: 30.9459%; text-align: center;\"><strong>ALUMNAT<\/strong><\/td>\n<\/tr>\n<tr>\n<td style=\"width: 34.5946%;\">Carta comprom\u00eds d\u2019\u00fas dels Chromebooks\u00a0<\/td>\n<td style=\"width: 33.2432%;\">Guies i manuals per a la cultura digital inclosos a la guia de mestres.<\/td>\n<td style=\"width: 30.9459%;\">Carta comprom\u00eds d\u2019\u00fas dels Chromebooks\u00a0<\/td>\n<\/tr>\n<tr>\n<td style=\"width: 34.5946%;\">Autoritzaci\u00f3 alumnat: \u00fas d\u2019imatges, publicaci\u00f3<br \/>de dades de car\u00e0cter personal i de material que elaboren.<\/td>\n<td style=\"width: 33.2432%;\">Protocol Incid\u00e8ncies al preventiu i servei t\u00e8cnic \u00e0tom.<\/td>\n<td style=\"width: 30.9459%;\">\u00a0<\/td>\n<\/tr>\n<tr>\n<td style=\"width: 34.5946%;\">Autoritzaci\u00f3 alumnat per \u00fas d&#8217;eines digitals.<\/td>\n<td style=\"width: 33.2432%;\">\u00a0<\/td>\n<td style=\"width: 30.9459%;\">\u00a0<\/td>\n<\/tr>\n<tr>\n<td style=\"width: 34.5946%;\">\u00a0<\/td>\n<td style=\"width: 33.2432%;\">\u00a0<\/td>\n<td style=\"width: 30.9459%;\">\u00a0<\/td>\n<\/tr>\n<\/tbody>\n<\/table>\n<h4>Serveis digitals<\/h4>\n<p>DOCENTS<\/p>\n<p>A l\u2019inici de curs, en el moment en qu\u00e8 es fa l\u2019acollida del professorat nou, se\u2019ls presenta les eines principals que s\u2019utilitzen al centre. Paral\u00b7lelament, es comparteixen diferents documents i tutorials per tal d\u2019acollir el professorat des del punt de vista digital. La documentaci\u00f3 b\u00e0sica que s\u2019ha creat i \u00e9s compartida per tot el professorat \u00e9s la seg\u00fcent:<\/p>\n<ul>\n<li style=\"list-style-type: none;\">\n<ul>\n<li>C\u00e0psules formatives<\/li>\n<li>Tutorials<\/li>\n<li>Eines de GSuite for Education<\/li>\n<\/ul>\n<\/li>\n<\/ul>\n<p>ALUMNAT<\/p>\n<ul style=\"list-style-type: circle;\">\n<li>Eines de GSuite for Education: Drive, Google sites.<\/li>\n<li>Correu electr\u00f2nic de l&#8217;alumnat amb domini del centre.<\/li>\n<\/ul>\n<p>FAM\u00cdLIES<\/p>\n<ul style=\"list-style-type: circle;\">\n<li>Acc\u00e9s al TPV<\/li>\n<\/ul>\n<h4>Portals Digitals del centre<\/h4>\n<ul style=\"list-style-type: circle;\">\n<li>P\u00e0gina web del centre<\/li>\n<li>El centre disposa d\u2019un domini GSuite for Education propi. L\u2019 alumnat, professorat i personal d\u2019administraci\u00f3 disposen d\u2019un usuari\u00a0<strong><span class=\"\">@pereanton.cat<\/span><\/strong><\/li>\n<li>Cada aula t\u00e9 el seu propi blog d&#8217;aula en format Google Sites.<\/li>\n<li>Youtube: restringit en alguns continguts.<\/li>\n<\/ul>\n<ul>\n<li style=\"list-style-type: none;\">\u00a0<\/li>\n<\/ul>\n<ul>\n<li style=\"list-style-type: none;\">\u00a0<\/li>\n<\/ul>\n<h4>\u00a0<\/h4>\n\n\n<p><\/p>\n","protected":false},"excerpt":{"rendered":"<p>Compet\u00e8ncia digital de l\u2019alumnat Els alumnes assoleixen la compet\u00e8ncia digital mitjan\u00e7ant les diferents situacions d\u2019aprenentatge dissenyades a cada nivell. S\u2019estableix [&hellip;]<\/p>\n","protected":false},"author":50,"featured_media":0,"parent":16586,"menu_order":0,"comment_status":"closed","ping_status":"closed","template":"","meta":{"_bbp_topic_count":0,"_bbp_reply_count":0,"_bbp_total_topic_count":0,"_bbp_total_reply_count":0,"_bbp_voice_count":0,"_bbp_anonymous_reply_count":0,"_bbp_topic_count_hidden":0,"_bbp_reply_count_hidden":0,"_bbp_forum_subforum_count":0,"site-sidebar-layout":"default","site-content-layout":"","ast-site-content-layout":"default","site-content-style":"default","site-sidebar-style":"default","ast-global-header-display":"","ast-banner-title-visibility":"","ast-main-header-display":"","ast-hfb-above-header-display":"","ast-hfb-below-header-display":"","ast-hfb-mobile-header-display":"","site-post-title":"","ast-breadcrumbs-content":"","ast-featured-img":"","footer-sml-layout":"","theme-transparent-header-meta":"","adv-header-id-meta":"","stick-header-meta":"","header-above-stick-meta":"","header-main-stick-meta":"","header-below-stick-meta":"","astra-migrate-meta-layouts":"set","ast-page-background-enabled":"default","ast-page-background-meta":{"desktop":{"background-color":"var(--ast-global-color-4)","background-image":"","background-repeat":"repeat","background-position":"center center","background-size":"auto","background-attachment":"scroll","background-type":"","background-media":"","overlay-type":"","overlay-color":"","overlay-opacity":"","overlay-gradient":""},"tablet":{"background-color":"","background-image":"","background-repeat":"repeat","background-position":"center center","background-size":"auto","background-attachment":"scroll","background-type":"","background-media":"","overlay-type":"","overlay-color":"","overlay-opacity":"","overlay-gradient":""},"mobile":{"background-color":"","background-image":"","background-repeat":"repeat","background-position":"center center","background-size":"auto","background-attachment":"scroll","background-type":"","background-media":"","overlay-type":"","overlay-color":"","overlay-opacity":"","overlay-gradient":""}},"ast-content-background-meta":{"desktop":{"background-color":"var(--ast-global-color-5)","background-image":"","background-repeat":"repeat","background-position":"center center","background-size":"auto","background-attachment":"scroll","background-type":"","background-media":"","overlay-type":"","overlay-color":"","overlay-opacity":"","overlay-gradient":""},"tablet":{"background-color":"var(--ast-global-color-5)","background-image":"","background-repeat":"repeat","background-position":"center center","background-size":"auto","background-attachment":"scroll","background-type":"","background-media":"","overlay-type":"","overlay-color":"","overlay-opacity":"","overlay-gradient":""},"mobile":{"background-color":"var(--ast-global-color-5)","background-image":"","background-repeat":"repeat","background-position":"center center","background-size":"auto","background-attachment":"scroll","background-type":"","background-media":"","overlay-type":"","overlay-color":"","overlay-opacity":"","overlay-gradient":""}},"footnotes":""},"class_list":["post-16694","page","type-page","status-publish","hentry"],"post_mailing_queue_ids":[],"_links":{"self":[{"href":"https:\/\/agora.xtec.cat\/ceippereanton\/wp-json\/wp\/v2\/pages\/16694","targetHints":{"allow":["GET"]}}],"collection":[{"href":"https:\/\/agora.xtec.cat\/ceippereanton\/wp-json\/wp\/v2\/pages"}],"about":[{"href":"https:\/\/agora.xtec.cat\/ceippereanton\/wp-json\/wp\/v2\/types\/page"}],"author":[{"embeddable":true,"href":"https:\/\/agora.xtec.cat\/ceippereanton\/wp-json\/wp\/v2\/users\/50"}],"replies":[{"embeddable":true,"href":"https:\/\/agora.xtec.cat\/ceippereanton\/wp-json\/wp\/v2\/comments?post=16694"}],"version-history":[{"count":6,"href":"https:\/\/agora.xtec.cat\/ceippereanton\/wp-json\/wp\/v2\/pages\/16694\/revisions"}],"predecessor-version":[{"id":17423,"href":"https:\/\/agora.xtec.cat\/ceippereanton\/wp-json\/wp\/v2\/pages\/16694\/revisions\/17423"}],"up":[{"embeddable":true,"href":"https:\/\/agora.xtec.cat\/ceippereanton\/wp-json\/wp\/v2\/pages\/16586"}],"wp:attachment":[{"href":"https:\/\/agora.xtec.cat\/ceippereanton\/wp-json\/wp\/v2\/media?parent=16694"}],"curies":[{"name":"wp","href":"https:\/\/api.w.org\/{rel}","templated":true}]}}