{"id":16401,"date":"2024-01-16T13:37:49","date_gmt":"2024-01-16T12:37:49","guid":{"rendered":"https:\/\/agora.xtec.cat\/ceippereanton\/?page_id=16401"},"modified":"2026-04-15T09:42:41","modified_gmt":"2026-04-15T07:42:41","slug":"preinscripcio-26-27","status":"publish","type":"page","link":"https:\/\/agora.xtec.cat\/ceippereanton\/preinscripcio-26-27\/","title":{"rendered":"Preinscripci\u00f3 i portes obertes curs 26-27"},"content":{"rendered":"<p>Presentaci\u00f3 de sol\u00b7licituds:<\/p>\n<ul>\n<li>Educaci\u00f3 infantil (3-6 anys) i educaci\u00f3 prim\u00e0ria: <strong>del 4 al 18 de mar\u00e7 de 2026<\/strong><\/li>\n<li><a href=\"https:\/\/agora.xtec.cat\/ceippereanton\/wp-content\/uploads\/usu570\/2026\/04\/INFORME-BAREM-PROVISIONAL-26-27.pdf\"><em>Publicaci\u00f3 llista amb barem provisional: <strong>15 d&#8217;abril de 2026<\/strong><\/em><\/a><\/li>\n<li><em>Presentaci\u00f3 de reclamacions: <strong>Del 15 al 20 d&#8217;abril de 2026<\/strong><\/em><\/li>\n<li><em>Publicaci\u00f3 llista amb barem definitiu:\u00a0 <strong>23 d&#8217;abril de 2026<\/strong><\/em><\/li>\n<li><em>Sorteig n\u00famero de desempat: <strong>28 d&#8217;abril de 2026<\/strong><\/em><\/li>\n<li><em>Publicaci\u00f3 llista definitiva ordenada: <strong>29 d&#8217;abril de 2026<\/strong><\/em><\/li>\n<li><em>Llista d\u2019admesos 26-27: <strong>10 de juny de 2026<\/strong><\/em><\/li>\n<li><em>Llista d\u2019espera 26-27: <strong>10 de juny de 2026<\/strong><\/em><\/li>\n<\/ul>\n<p><a href=\"https:\/\/preinscripcio.gencat.cat\/ca\/inici\/index.html\"><strong>CLICA AQU\u00cd PER CON\u00c8IXER EL CALENDARI I ELS TERMINIS: preinscripcio.gencat.cat<\/strong><\/a><\/p>\n<p style=\"font-weight: 400;\"><em>L&#8217;ajuntament ofereix\u00a0 dues sessions informatives, sobre el proc\u00e9s de preinscripci\u00f3 escolar:<\/em><\/p>\n<ul>\n<li><em><strong>Dimecres 10 de febrer, a les 17.30 h<\/strong>, a la sala Tarafa, al carrer Corr\u00f3, 47. Sessi\u00f3 informativa sobre el proc\u00e9s de preinscripci\u00f3 i matr\u00edcula als centres <strong>d\u2019educaci\u00f3 infantil i prim\u00e0ria<\/strong>, a c\u00e0rrec de membres de la Comissi\u00f3 de Garanties d\u2019Admissi\u00f3 de Granollers.<\/em><\/li>\n<li><em><strong>Dimecres 11 de febrer, a les 18:30 h,<\/strong> a la sala Tarafa, al carrer Corr\u00f3, 47. <\/em><em>Sessi\u00f3 informativa sobre el proc\u00e9s de preinscripci\u00f3 i matr\u00edcula als centres <\/em><em>p\u00fablics d\u2019<strong>educaci\u00f3 secund\u00e0ria obligat\u00f2ria<\/strong>, a c\u00e0rrec de les directores dels centres i <\/em><em>inspecci\u00f3 educativa.<\/em><\/li>\n<\/ul>\n<h4><span style=\"color: #ff6600;\"><strong>PORTES OBERTES A L&#8217;ESCOLA PEREANTON\u00a0<\/strong><\/span><\/h4>\n<p data-start=\"119\" data-end=\"362\">Oferim dues jornades de portes obertes. Podeu triar el dia que us vagi millor. Us agrairem que ens informeu del nombre de persones que vindreu trucant a l\u2019escola al <strong data-start=\"284\" data-end=\"300\">938 79 46 44<\/strong>, per tal de poder controlar l\u2019aforament i atendre-us com cal.<\/p>\n<ul>\n<li data-start=\"369\" data-end=\"621\"><strong data-start=\"369\" data-end=\"411\">Xerrada informativa i visita al centre<\/strong><br data-start=\"411\" data-end=\"414\" \/>Dimarts <strong data-start=\"424\" data-end=\"430\">24<\/strong> i dijous <strong data-start=\"440\" data-end=\"456\" data-is-only-node=\"\">26 de febrer<\/strong>, de <strong data-start=\"461\" data-end=\"482\">17.30 h a 20.30 h<\/strong>, farem una xerrada informativa a la <strong data-start=\"519\" data-end=\"552\">Casa de Cultura Sant Francesc<\/strong> (sense infants) i, posteriorment, una visita als espais de l\u2019escola.<\/li>\n<\/ul>\n<p><iframe loading=\"lazy\" title=\"YouTube video player\" src=\"\/\/www.youtube.com\/embed\/6MolbFJ1msw\" width=\"560\" height=\"315\" frameborder=\"0\" allowfullscreen=\"allowfullscreen\"><\/iframe><\/p>\n","protected":false},"excerpt":{"rendered":"<p>Presentaci\u00f3 de sol\u00b7licituds: Educaci\u00f3 infantil (3-6 anys) i educaci\u00f3 prim\u00e0ria: del 4 al 18 de mar\u00e7 de 2026 Publicaci\u00f3 llista [&hellip;]<\/p>\n","protected":false},"author":50,"featured_media":0,"parent":0,"menu_order":0,"comment_status":"closed","ping_status":"closed","template":"","meta":{"_bbp_topic_count":0,"_bbp_reply_count":0,"_bbp_total_topic_count":0,"_bbp_total_reply_count":0,"_bbp_voice_count":0,"_bbp_anonymous_reply_count":0,"_bbp_topic_count_hidden":0,"_bbp_reply_count_hidden":0,"_bbp_forum_subforum_count":0,"site-sidebar-layout":"default","site-content-layout":"","ast-site-content-layout":"default","site-content-style":"default","site-sidebar-style":"default","ast-global-header-display":"","ast-banner-title-visibility":"","ast-main-header-display":"","ast-hfb-above-header-display":"","ast-hfb-below-header-display":"","ast-hfb-mobile-header-display":"","site-post-title":"","ast-breadcrumbs-content":"","ast-featured-img":"","footer-sml-layout":"","theme-transparent-header-meta":"","adv-header-id-meta":"","stick-header-meta":"","header-above-stick-meta":"","header-main-stick-meta":"","header-below-stick-meta":"","astra-migrate-meta-layouts":"set","ast-page-background-enabled":"default","ast-page-background-meta":{"desktop":{"background-color":"var(--ast-global-color-4)","background-image":"","background-repeat":"repeat","background-position":"center center","background-size":"auto","background-attachment":"scroll","background-type":"","background-media":"","overlay-type":"","overlay-color":"","overlay-opacity":"","overlay-gradient":""},"tablet":{"background-color":"","background-image":"","background-repeat":"repeat","background-position":"center center","background-size":"auto","background-attachment":"scroll","background-type":"","background-media":"","overlay-type":"","overlay-color":"","overlay-opacity":"","overlay-gradient":""},"mobile":{"background-color":"","background-image":"","background-repeat":"repeat","background-position":"center center","background-size":"auto","background-attachment":"scroll","background-type":"","background-media":"","overlay-type":"","overlay-color":"","overlay-opacity":"","overlay-gradient":""}},"ast-content-background-meta":{"desktop":{"background-color":"var(--ast-global-color-5)","background-image":"","background-repeat":"repeat","background-position":"center center","background-size":"auto","background-attachment":"scroll","background-type":"","background-media":"","overlay-type":"","overlay-color":"","overlay-opacity":"","overlay-gradient":""},"tablet":{"background-color":"var(--ast-global-color-5)","background-image":"","background-repeat":"repeat","background-position":"center center","background-size":"auto","background-attachment":"scroll","background-type":"","background-media":"","overlay-type":"","overlay-color":"","overlay-opacity":"","overlay-gradient":""},"mobile":{"background-color":"var(--ast-global-color-5)","background-image":"","background-repeat":"repeat","background-position":"center center","background-size":"auto","background-attachment":"scroll","background-type":"","background-media":"","overlay-type":"","overlay-color":"","overlay-opacity":"","overlay-gradient":""}},"footnotes":""},"class_list":["post-16401","page","type-page","status-publish","hentry"],"post_mailing_queue_ids":[],"_links":{"self":[{"href":"https:\/\/agora.xtec.cat\/ceippereanton\/wp-json\/wp\/v2\/pages\/16401","targetHints":{"allow":["GET"]}}],"collection":[{"href":"https:\/\/agora.xtec.cat\/ceippereanton\/wp-json\/wp\/v2\/pages"}],"about":[{"href":"https:\/\/agora.xtec.cat\/ceippereanton\/wp-json\/wp\/v2\/types\/page"}],"author":[{"embeddable":true,"href":"https:\/\/agora.xtec.cat\/ceippereanton\/wp-json\/wp\/v2\/users\/50"}],"replies":[{"embeddable":true,"href":"https:\/\/agora.xtec.cat\/ceippereanton\/wp-json\/wp\/v2\/comments?post=16401"}],"version-history":[{"count":6,"href":"https:\/\/agora.xtec.cat\/ceippereanton\/wp-json\/wp\/v2\/pages\/16401\/revisions"}],"predecessor-version":[{"id":17727,"href":"https:\/\/agora.xtec.cat\/ceippereanton\/wp-json\/wp\/v2\/pages\/16401\/revisions\/17727"}],"wp:attachment":[{"href":"https:\/\/agora.xtec.cat\/ceippereanton\/wp-json\/wp\/v2\/media?parent=16401"}],"curies":[{"name":"wp","href":"https:\/\/api.w.org\/{rel}","templated":true}]}}