{"id":9947,"date":"2024-06-11T12:29:40","date_gmt":"2024-06-11T10:29:40","guid":{"rendered":"https:\/\/agora.xtec.cat\/ceippax\/?page_id=9947"},"modified":"2025-06-25T14:38:16","modified_gmt":"2025-06-25T12:38:16","slug":"proces-adaptacio-i3","status":"publish","type":"page","link":"https:\/\/agora.xtec.cat\/ceippax\/proces-adaptacio-i3\/","title":{"rendered":"Proc\u00e9s adaptaci\u00f3 I3"},"content":{"rendered":"<p><span style=\"font-weight: 400;\">Comen\u00e7ar l&#8217;escola a I3 \u00e9s un nou repte pels infants i les fam\u00edlies. Us acompanyem?<\/span><\/p>\n<p><b>CALENDARI PER AL CURS 2025-26<\/b><\/p>\n<p><b>Previ al setembre: <\/b>S&#8217;organitzen dues reunions:<\/p>\n<ul>\n<li><span style=\"font-weight: 400;\"><strong>18 de juny a les 15.15h<\/strong>: Escola ofereix una reuni\u00f3 a les fam\u00edlies per explicar el proc\u00e9s de matriculaci\u00f3, l\u2019inici de curs, aspectes generals a tenir en compte (durada 1 hora i mitja).<\/span><\/li>\n<li><span style=\"font-weight: 400;\"><strong>25 de juny a les 15:30h:<\/strong> AFA ofereix una reuni\u00f3 a les fam\u00edlies per explicar el funcionament de l&#8217;AFA i els serveis complementaris (acolllida i menjador)<\/span><\/li>\n<\/ul>\n<p><b>Fins a l\u20191 de juliol:<\/b><span style=\"font-weight: 400;\"> Les fam\u00edlies envieu el relat de vida dels infants al correu de l\u2019escola <\/span><a href=\"mailto:e3007117@xtec.cat\"><span style=\"font-weight: 400;\">e3007117@xtec.cat<\/span><\/a><\/p>\n<p><b>2 de setembre: <\/b><span style=\"font-weight: 400;\">Les fam\u00edlies rebeu un Dinantia on s\u2019informa del grup on estan assignats els infants i del nom de la tutora. En el mateix document s\u2019adjunta un formulari per demanar cita per la reuni\u00f3 de presentaci\u00f3 de la fam\u00edlia i la tutora, que es realitzar\u00e0 els dies 3,4 i 5 de setembre en horari de mat\u00ed.\u00a0<\/span><\/p>\n<p><b>3, 4 o 5 de setembre: <span style=\"font-weight: 400;\">Reuni\u00f3 de presentaci\u00f3 de la tutora amb l\u2019infant i la fam\u00edlia. En aquesta reuni\u00f3 la tutora us far\u00e0 entrega de <\/span><\/b><span style=\"font-weight: 400;\">la medalla i la bossa de la muda. S&#8217;aconsella venir amb l&#8217;infant, perqu\u00e8 conegui l&#8217;espai i la mestra, Quan vingueu a l&#8217;escola, trobareu el llistat d&#8217;alumnes i sabreu si el vostre infant \u00e9s del grup 1 o 2 durant el per\u00edode d&#8217;adaptaci\u00f3.\u00a0<\/span><\/p>\n<p><b>8 de setembre:<\/b><span style=\"font-weight: 400;\"> Inici de la primera setmana del curs amb entrada progressiva. Cliqueu <a href=\"https:\/\/agora.xtec.cat\/ceippax\/wp-content\/uploads\/usu1317\/2025\/06\/Periode-adaptacio-alumnat-dI3-Curs-25-26.docx.pdf\">aqu\u00ed<\/a> per descarregar el document sobre l\u2019organitzaci\u00f3 de la primera setmana de curs.\u00a0<\/span><\/p>\n<p><a href=\"https:\/\/agora.xtec.cat\/ceippax\/wp-content\/uploads\/usu1317\/2024\/06\/c2fbae8d-9244-45b2-9228-c795652449d2-1.jpg\"><img loading=\"lazy\" decoding=\"async\" class=\"wp-image-9952 aligncenter\" src=\"https:\/\/agora.xtec.cat\/ceippax\/wp-content\/uploads\/usu1317\/2024\/06\/c2fbae8d-9244-45b2-9228-c795652449d2-1.jpg\" alt=\"\" width=\"428\" height=\"321\" srcset=\"https:\/\/agora.xtec.cat\/ceippax\/wp-content\/uploads\/usu1317\/2024\/06\/c2fbae8d-9244-45b2-9228-c795652449d2-1.jpg 1024w, https:\/\/agora.xtec.cat\/ceippax\/wp-content\/uploads\/usu1317\/2024\/06\/c2fbae8d-9244-45b2-9228-c795652449d2-1-300x225.jpg 300w, https:\/\/agora.xtec.cat\/ceippax\/wp-content\/uploads\/usu1317\/2024\/06\/c2fbae8d-9244-45b2-9228-c795652449d2-1-768x576.jpg 768w, https:\/\/agora.xtec.cat\/ceippax\/wp-content\/uploads\/usu1317\/2024\/06\/c2fbae8d-9244-45b2-9228-c795652449d2-1-200x150.jpg 200w\" sizes=\"auto, (max-width: 428px) 100vw, 428px\" \/><\/a><\/p>\n<p><b>ASPECTES A TENIR EN COMPTE DES DE CASA<\/b><\/p>\n<p><span style=\"font-weight: 400;\">&#8211; Venir esmorzats de casa per comen\u00e7ar ja jornada amb energia.\u00a0\u00a0<\/span><\/p>\n<p><span style=\"font-weight: 400;\">&#8211; Portar un petit esmorzar saludable a l\u2019escola i que puguin menjar sols.\u00a0<\/span><\/p>\n<p><span style=\"font-weight: 400;\">&#8211; Fer \u00fas de carmanyola i de cantimplora amb el nom posat.\u00a0<\/span><\/p>\n<p><span style=\"font-weight: 400;\">&#8211; Fer \u00fas de roba c\u00f2moda per la jornada escolar i que permeti l\u2019autonomia de l\u2019infant per anar al lavabo.\u00a0<\/span><\/p>\n<p><span style=\"font-weight: 400;\">&#8211; Tenir una muda de roba a l\u2019escola per poder-se canviar.\u00a0<\/span><\/p>\n<p><span style=\"font-weight: 400;\">&#8211; Comen\u00e7ar el curs sense bolquer.<\/span><\/p>\n<p><span style=\"font-weight: 400;\">&#8211; Tenir unes rutines de son i h\u00e0bits saludables.<\/span><\/p>\n<p><b>ALGUNA COSA M\u00c9S<\/b><\/p>\n<p><span style=\"font-weight: 400;\">Voleu alguna recomanaci\u00f3 m\u00e9s? Us deixem les indicacions que el Departament d\u2019Educaci\u00f3 dona a les fam\u00edlies per comen\u00e7ar aquesta nova etapa de la millor manera possible.\u00a0<\/span><\/p>\n<p><a href=\"https:\/\/educacio.gencat.cat\/ca\/arees-actuacio\/families\/families-escola\/escolaritat\/i3-comencem-escola\/index.html\"><span style=\"font-weight: 400;\">https:\/\/educacio.gencat.cat\/ca\/arees-actuacio\/families\/families-escola\/escolaritat\/i3-comencem-escola\/index.html\u00a0<\/span><\/a><\/p>\n","protected":false},"excerpt":{"rendered":"<p>Comen\u00e7ar l&#8217;escola a I3 \u00e9s un nou repte pels infants i les fam\u00edlies. Us acompanyem? CALENDARI PER AL CURS 2025-26 Previ al setembre: S&#8217;organitzen dues reunions: 18 de juny a les 15.15h: Escola ofereix una reuni\u00f3 a les fam\u00edlies per explicar el proc\u00e9s de matriculaci\u00f3, l\u2019inici de curs, aspectes generals a tenir en compte (durada [&hellip;]<\/p>\n","protected":false},"author":12,"featured_media":0,"parent":0,"menu_order":0,"comment_status":"closed","ping_status":"closed","template":"","meta":{"_bbp_topic_count":0,"_bbp_reply_count":0,"_bbp_total_topic_count":0,"_bbp_total_reply_count":0,"_bbp_voice_count":0,"_bbp_anonymous_reply_count":0,"_bbp_topic_count_hidden":0,"_bbp_reply_count_hidden":0,"_bbp_forum_subforum_count":0,"site-sidebar-layout":"default","site-content-layout":"","ast-site-content-layout":"","site-content-style":"default","site-sidebar-style":"default","ast-global-header-display":"","ast-banner-title-visibility":"","ast-main-header-display":"","ast-hfb-above-header-display":"","ast-hfb-below-header-display":"","ast-hfb-mobile-header-display":"","site-post-title":"","ast-breadcrumbs-content":"","ast-featured-img":"","footer-sml-layout":"","theme-transparent-header-meta":"","adv-header-id-meta":"","stick-header-meta":"","header-above-stick-meta":"","header-main-stick-meta":"","header-below-stick-meta":"","astra-migrate-meta-layouts":"default","ast-page-background-enabled":"default","ast-page-background-meta":{"desktop":{"background-color":"var(--ast-global-color-4)","background-image":"","background-repeat":"repeat","background-position":"center center","background-size":"auto","background-attachment":"scroll","background-type":"","background-media":"","overlay-type":"","overlay-color":"","overlay-opacity":"","overlay-gradient":""},"tablet":{"background-color":"","background-image":"","background-repeat":"repeat","background-position":"center center","background-size":"auto","background-attachment":"scroll","background-type":"","background-media":"","overlay-type":"","overlay-color":"","overlay-opacity":"","overlay-gradient":""},"mobile":{"background-color":"","background-image":"","background-repeat":"repeat","background-position":"center center","background-size":"auto","background-attachment":"scroll","background-type":"","background-media":"","overlay-type":"","overlay-color":"","overlay-opacity":"","overlay-gradient":""}},"ast-content-background-meta":{"desktop":{"background-color":"var(--ast-global-color-5)","background-image":"","background-repeat":"repeat","background-position":"center center","background-size":"auto","background-attachment":"scroll","background-type":"","background-media":"","overlay-type":"","overlay-color":"","overlay-opacity":"","overlay-gradient":""},"tablet":{"background-color":"var(--ast-global-color-5)","background-image":"","background-repeat":"repeat","background-position":"center center","background-size":"auto","background-attachment":"scroll","background-type":"","background-media":"","overlay-type":"","overlay-color":"","overlay-opacity":"","overlay-gradient":""},"mobile":{"background-color":"var(--ast-global-color-5)","background-image":"","background-repeat":"repeat","background-position":"center center","background-size":"auto","background-attachment":"scroll","background-type":"","background-media":"","overlay-type":"","overlay-color":"","overlay-opacity":"","overlay-gradient":""}},"footnotes":""},"class_list":["post-9947","page","type-page","status-publish","hentry"],"post_mailing_queue_ids":[],"_links":{"self":[{"href":"https:\/\/agora.xtec.cat\/ceippax\/wp-json\/wp\/v2\/pages\/9947","targetHints":{"allow":["GET"]}}],"collection":[{"href":"https:\/\/agora.xtec.cat\/ceippax\/wp-json\/wp\/v2\/pages"}],"about":[{"href":"https:\/\/agora.xtec.cat\/ceippax\/wp-json\/wp\/v2\/types\/page"}],"author":[{"embeddable":true,"href":"https:\/\/agora.xtec.cat\/ceippax\/wp-json\/wp\/v2\/users\/12"}],"replies":[{"embeddable":true,"href":"https:\/\/agora.xtec.cat\/ceippax\/wp-json\/wp\/v2\/comments?post=9947"}],"version-history":[{"count":6,"href":"https:\/\/agora.xtec.cat\/ceippax\/wp-json\/wp\/v2\/pages\/9947\/revisions"}],"predecessor-version":[{"id":10838,"href":"https:\/\/agora.xtec.cat\/ceippax\/wp-json\/wp\/v2\/pages\/9947\/revisions\/10838"}],"wp:attachment":[{"href":"https:\/\/agora.xtec.cat\/ceippax\/wp-json\/wp\/v2\/media?parent=9947"}],"curies":[{"name":"wp","href":"https:\/\/api.w.org\/{rel}","templated":true}]}}