{"id":9534,"date":"2024-01-30T10:37:10","date_gmt":"2024-01-30T09:37:10","guid":{"rendered":"https:\/\/agora.xtec.cat\/ceippax\/?page_id=9534"},"modified":"2024-01-30T10:42:00","modified_gmt":"2024-01-30T09:42:00","slug":"oferta-educativa-i-serveis","status":"publish","type":"page","link":"https:\/\/agora.xtec.cat\/ceippax\/lescola\/oferta-educativa-i-serveis\/","title":{"rendered":"Oferta educativa i serveis"},"content":{"rendered":"<p><span style=\"font-weight: 400;\">L\u2019escola Pax \u00e9s una escola p\u00fablica situada al nord de la ciutat de Tarragona, al barri que es coneix com a Tarragona 2.\u00a0<\/span><\/p>\n<p><span style=\"font-weight: 400;\">L\u2019oferta educativa actual \u00e9s de dos grups per a cada nivell des de I3 fins a 6\u00e8 de prim\u00e0ria.\u00a0<\/span><\/p>\n<p><span style=\"font-weight: 400;\">El nostre horari lectiu \u00e9s de 9:00h a 12:30h i de 15:00h a 16:30h.\u00a0<\/span><\/p>\n<p><span style=\"font-weight: 400;\">Tamb\u00e9 s\u2019ofereixen serveis d\u2019acollida de mat\u00ed a partir de les 7:45h i de tarda de 16:30 a 17:30h, activitats extraescolars de migdia i tarda, aix\u00ed com servei de menjador amb cuina pr\u00f2pia. Tots aquests serveis estan gestionats per la pr\u00f2pia AFA de\u00a0 l\u2019escola, formada per totes les fam\u00edlies de l\u2019escola que en s\u00f3n s\u00f2cies.\u00a0<\/span><\/p>\n<p><span style=\"font-weight: 400;\">Aquesta gesti\u00f3 pr\u00f2pia permet mantenir el Projecte Educatiu durant tota la jornada escolar i garantir un servei de qualitat i amb uns preus ajustats, ja que s\u00f3n les fam\u00edlies les qui gestionen els serveis i els seus fills i filles qui en s\u00f3n benefici\u00e0ries.\u00a0<\/span><\/p>\n<p><span style=\"font-weight: 400;\">En finalitzar 6\u00e8, els nostre alumnat t\u00e9 doble adscripci\u00f3: L\u2019institut Tarragona i l\u2019Institut Sant Pere i Sant Pau. S\u00f3n les fam\u00edlies qui escullen a quin dels dos instituts volen que els infants cursin l\u2019educaci\u00f3 secund\u00e0ria.\u00a0<\/span><\/p>\n","protected":false},"excerpt":{"rendered":"<p>L\u2019escola Pax \u00e9s una escola p\u00fablica situada al nord de la ciutat de Tarragona, al barri que es coneix com a Tarragona 2.\u00a0 L\u2019oferta educativa actual \u00e9s de dos grups per a cada nivell des de I3 fins a 6\u00e8 de prim\u00e0ria.\u00a0 El nostre horari lectiu \u00e9s de 9:00h a 12:30h i de 15:00h a [&hellip;]<\/p>\n","protected":false},"author":28,"featured_media":0,"parent":22,"menu_order":2,"comment_status":"closed","ping_status":"closed","template":"page-templates\/side-menu.php","meta":{"_bbp_topic_count":0,"_bbp_reply_count":0,"_bbp_total_topic_count":0,"_bbp_total_reply_count":0,"_bbp_voice_count":0,"_bbp_anonymous_reply_count":0,"_bbp_topic_count_hidden":0,"_bbp_reply_count_hidden":0,"_bbp_forum_subforum_count":0,"site-sidebar-layout":"default","site-content-layout":"","ast-site-content-layout":"","site-content-style":"default","site-sidebar-style":"default","ast-global-header-display":"","ast-banner-title-visibility":"","ast-main-header-display":"","ast-hfb-above-header-display":"","ast-hfb-below-header-display":"","ast-hfb-mobile-header-display":"","site-post-title":"","ast-breadcrumbs-content":"","ast-featured-img":"","footer-sml-layout":"","theme-transparent-header-meta":"","adv-header-id-meta":"","stick-header-meta":"","header-above-stick-meta":"","header-main-stick-meta":"","header-below-stick-meta":"","astra-migrate-meta-layouts":"default","ast-page-background-enabled":"default","ast-page-background-meta":{"desktop":{"background-color":"var(--ast-global-color-4)","background-image":"","background-repeat":"repeat","background-position":"center center","background-size":"auto","background-attachment":"scroll","background-type":"","background-media":"","overlay-type":"","overlay-color":"","overlay-opacity":"","overlay-gradient":""},"tablet":{"background-color":"","background-image":"","background-repeat":"repeat","background-position":"center center","background-size":"auto","background-attachment":"scroll","background-type":"","background-media":"","overlay-type":"","overlay-color":"","overlay-opacity":"","overlay-gradient":""},"mobile":{"background-color":"","background-image":"","background-repeat":"repeat","background-position":"center center","background-size":"auto","background-attachment":"scroll","background-type":"","background-media":"","overlay-type":"","overlay-color":"","overlay-opacity":"","overlay-gradient":""}},"ast-content-background-meta":{"desktop":{"background-color":"var(--ast-global-color-5)","background-image":"","background-repeat":"repeat","background-position":"center center","background-size":"auto","background-attachment":"scroll","background-type":"","background-media":"","overlay-type":"","overlay-color":"","overlay-opacity":"","overlay-gradient":""},"tablet":{"background-color":"var(--ast-global-color-5)","background-image":"","background-repeat":"repeat","background-position":"center center","background-size":"auto","background-attachment":"scroll","background-type":"","background-media":"","overlay-type":"","overlay-color":"","overlay-opacity":"","overlay-gradient":""},"mobile":{"background-color":"var(--ast-global-color-5)","background-image":"","background-repeat":"repeat","background-position":"center center","background-size":"auto","background-attachment":"scroll","background-type":"","background-media":"","overlay-type":"","overlay-color":"","overlay-opacity":"","overlay-gradient":""}},"footnotes":""},"class_list":["post-9534","page","type-page","status-publish","hentry"],"post_mailing_queue_ids":[],"_links":{"self":[{"href":"https:\/\/agora.xtec.cat\/ceippax\/wp-json\/wp\/v2\/pages\/9534","targetHints":{"allow":["GET"]}}],"collection":[{"href":"https:\/\/agora.xtec.cat\/ceippax\/wp-json\/wp\/v2\/pages"}],"about":[{"href":"https:\/\/agora.xtec.cat\/ceippax\/wp-json\/wp\/v2\/types\/page"}],"author":[{"embeddable":true,"href":"https:\/\/agora.xtec.cat\/ceippax\/wp-json\/wp\/v2\/users\/28"}],"replies":[{"embeddable":true,"href":"https:\/\/agora.xtec.cat\/ceippax\/wp-json\/wp\/v2\/comments?post=9534"}],"version-history":[{"count":1,"href":"https:\/\/agora.xtec.cat\/ceippax\/wp-json\/wp\/v2\/pages\/9534\/revisions"}],"predecessor-version":[{"id":9535,"href":"https:\/\/agora.xtec.cat\/ceippax\/wp-json\/wp\/v2\/pages\/9534\/revisions\/9535"}],"up":[{"embeddable":true,"href":"https:\/\/agora.xtec.cat\/ceippax\/wp-json\/wp\/v2\/pages\/22"}],"wp:attachment":[{"href":"https:\/\/agora.xtec.cat\/ceippax\/wp-json\/wp\/v2\/media?parent=9534"}],"curies":[{"name":"wp","href":"https:\/\/api.w.org\/{rel}","templated":true}]}}