{"id":9252,"date":"2023-11-02T16:30:53","date_gmt":"2023-11-02T15:30:53","guid":{"rendered":"https:\/\/agora.xtec.cat\/ceippax\/?page_id=9252"},"modified":"2023-11-02T16:31:05","modified_gmt":"2023-11-02T15:31:05","slug":"al%c2%b7lergies-o-intolerancies","status":"publish","type":"page","link":"https:\/\/agora.xtec.cat\/ceippax\/salut-escolar\/al%c2%b7lergies-o-intolerancies\/","title":{"rendered":"AL\u00b7L\u00c8RGIES O INTOLER\u00c0NCIES"},"content":{"rendered":"<p><b>AL\u00b7L\u00c8RGIES O INTOLER\u00c0NCIES<\/b><\/p>\n<p><span style=\"font-weight: 400;\">Les fam\u00edlies dels alumnes amb alguna al\u00b7l\u00e8rgia o intoler\u00e0ncia aliment\u00e0ria heu d\u2019informar a l\u2019escola utilitzant els models:<\/span><\/p>\n<p><span style=\"font-weight: 400;\"> &#8211; <a href=\"https:\/\/agora.xtec.cat\/ceippax\/wp-content\/uploads\/usu1317\/2017\/01\/31-INFORME-M\u00c8DIC-D-1.pdf\">Informe m\u00e8dic d\u2019al\u00b7l\u00e8rgies i\/o intoler\u00e0ncies per l\u2019escola <\/a><\/span><\/p>\n<p><a href=\"https:\/\/agora.xtec.cat\/ceippax\/wp-content\/uploads\/usu1317\/2021\/01\/model-autoritzacio-medicaments-al\u00b7l\u00e8rgies-o-intoler\u00e0ncies.pdf\"><span style=\"font-weight: 400;\">&#8211; Medicaments d\u2019intoler\u00e0ncies i\/o al\u00b7l\u00e8rgies\u00a0<\/span><\/a><\/p>\n","protected":false},"excerpt":{"rendered":"<p>AL\u00b7L\u00c8RGIES O INTOLER\u00c0NCIES Les fam\u00edlies dels alumnes amb alguna al\u00b7l\u00e8rgia o intoler\u00e0ncia aliment\u00e0ria heu d\u2019informar a l\u2019escola utilitzant els models: &#8211; Informe m\u00e8dic d\u2019al\u00b7l\u00e8rgies i\/o intoler\u00e0ncies per l\u2019escola &#8211; Medicaments d\u2019intoler\u00e0ncies i\/o al\u00b7l\u00e8rgies\u00a0<\/p>\n","protected":false},"author":3,"featured_media":0,"parent":9208,"menu_order":0,"comment_status":"closed","ping_status":"closed","template":"","meta":{"_bbp_topic_count":0,"_bbp_reply_count":0,"_bbp_total_topic_count":0,"_bbp_total_reply_count":0,"_bbp_voice_count":0,"_bbp_anonymous_reply_count":0,"_bbp_topic_count_hidden":0,"_bbp_reply_count_hidden":0,"_bbp_forum_subforum_count":0,"site-sidebar-layout":"default","site-content-layout":"","ast-site-content-layout":"","site-content-style":"default","site-sidebar-style":"default","ast-global-header-display":"","ast-banner-title-visibility":"","ast-main-header-display":"","ast-hfb-above-header-display":"","ast-hfb-below-header-display":"","ast-hfb-mobile-header-display":"","site-post-title":"","ast-breadcrumbs-content":"","ast-featured-img":"","footer-sml-layout":"","theme-transparent-header-meta":"","adv-header-id-meta":"","stick-header-meta":"","header-above-stick-meta":"","header-main-stick-meta":"","header-below-stick-meta":"","astra-migrate-meta-layouts":"default","ast-page-background-enabled":"default","ast-page-background-meta":{"desktop":{"background-color":"var(--ast-global-color-4)","background-image":"","background-repeat":"repeat","background-position":"center center","background-size":"auto","background-attachment":"scroll","background-type":"","background-media":"","overlay-type":"","overlay-color":"","overlay-opacity":"","overlay-gradient":""},"tablet":{"background-color":"","background-image":"","background-repeat":"repeat","background-position":"center center","background-size":"auto","background-attachment":"scroll","background-type":"","background-media":"","overlay-type":"","overlay-color":"","overlay-opacity":"","overlay-gradient":""},"mobile":{"background-color":"","background-image":"","background-repeat":"repeat","background-position":"center center","background-size":"auto","background-attachment":"scroll","background-type":"","background-media":"","overlay-type":"","overlay-color":"","overlay-opacity":"","overlay-gradient":""}},"ast-content-background-meta":{"desktop":{"background-color":"var(--ast-global-color-5)","background-image":"","background-repeat":"repeat","background-position":"center center","background-size":"auto","background-attachment":"scroll","background-type":"","background-media":"","overlay-type":"","overlay-color":"","overlay-opacity":"","overlay-gradient":""},"tablet":{"background-color":"var(--ast-global-color-5)","background-image":"","background-repeat":"repeat","background-position":"center center","background-size":"auto","background-attachment":"scroll","background-type":"","background-media":"","overlay-type":"","overlay-color":"","overlay-opacity":"","overlay-gradient":""},"mobile":{"background-color":"var(--ast-global-color-5)","background-image":"","background-repeat":"repeat","background-position":"center center","background-size":"auto","background-attachment":"scroll","background-type":"","background-media":"","overlay-type":"","overlay-color":"","overlay-opacity":"","overlay-gradient":""}},"footnotes":""},"class_list":["post-9252","page","type-page","status-publish","hentry"],"post_mailing_queue_ids":[],"_links":{"self":[{"href":"https:\/\/agora.xtec.cat\/ceippax\/wp-json\/wp\/v2\/pages\/9252","targetHints":{"allow":["GET"]}}],"collection":[{"href":"https:\/\/agora.xtec.cat\/ceippax\/wp-json\/wp\/v2\/pages"}],"about":[{"href":"https:\/\/agora.xtec.cat\/ceippax\/wp-json\/wp\/v2\/types\/page"}],"author":[{"embeddable":true,"href":"https:\/\/agora.xtec.cat\/ceippax\/wp-json\/wp\/v2\/users\/3"}],"replies":[{"embeddable":true,"href":"https:\/\/agora.xtec.cat\/ceippax\/wp-json\/wp\/v2\/comments?post=9252"}],"version-history":[{"count":1,"href":"https:\/\/agora.xtec.cat\/ceippax\/wp-json\/wp\/v2\/pages\/9252\/revisions"}],"predecessor-version":[{"id":9254,"href":"https:\/\/agora.xtec.cat\/ceippax\/wp-json\/wp\/v2\/pages\/9252\/revisions\/9254"}],"up":[{"embeddable":true,"href":"https:\/\/agora.xtec.cat\/ceippax\/wp-json\/wp\/v2\/pages\/9208"}],"wp:attachment":[{"href":"https:\/\/agora.xtec.cat\/ceippax\/wp-json\/wp\/v2\/media?parent=9252"}],"curies":[{"name":"wp","href":"https:\/\/api.w.org\/{rel}","templated":true}]}}