{"id":9249,"date":"2023-11-02T16:28:21","date_gmt":"2023-11-02T15:28:21","guid":{"rendered":"https:\/\/agora.xtec.cat\/ceippax\/?page_id=9249"},"modified":"2023-11-02T16:41:25","modified_gmt":"2023-11-02T15:41:25","slug":"malalties-i-medicaments","status":"publish","type":"page","link":"https:\/\/agora.xtec.cat\/ceippax\/salut-escolar\/malalties-i-medicaments\/","title":{"rendered":"MALALTIES I MEDICAMENTS"},"content":{"rendered":"<p><b>MEDICAMENTS<\/b><\/p>\n<p><span style=\"font-weight: 400;\">La responsabilitat d\u2019administrar medicacions correspon a les fam\u00edlies.\u00a0<\/span><\/p>\n<p><span style=\"font-weight: 400;\">De forma excepcional, els tractaments m\u00e8dics especials, espor\u00e0dics i estrictament necessaris s\u2019hagin de prendre en horari escolar hauran de ser comunicats, per escrit, al tutor o tutora. En aquest cas, cal que entregueu <\/span><a href=\"https:\/\/agora.xtec.cat\/ceippax\/wp-content\/uploads\/usu1317\/2017\/09\/Autoritzaci\u00f3medicaments-2015.pdf\"><b>el full d\u2019autoritzaci\u00f3<\/b><\/a><span style=\"font-weight: 400;\"> on es detalla com administrar la medicaci\u00f3 i <\/span><b>la prescripci\u00f3 i\/o recepta m\u00e8dica<\/b><span style=\"font-weight: 400;\">.\u00a0<\/span><\/p>\n<p><span style=\"font-weight: 400;\">Sense ambd\u00f3s documents, el centre no podem administrar cap medicament.\u00a0<\/span><\/p>\n<p>&nbsp;<\/p>\n","protected":false},"excerpt":{"rendered":"<p>MEDICAMENTS La responsabilitat d\u2019administrar medicacions correspon a les fam\u00edlies.\u00a0 De forma excepcional, els tractaments m\u00e8dics especials, espor\u00e0dics i estrictament necessaris s\u2019hagin de prendre en horari escolar hauran de ser comunicats, per escrit, al tutor o tutora. En aquest cas, cal que entregueu el full d\u2019autoritzaci\u00f3 on es detalla com administrar la medicaci\u00f3 i la prescripci\u00f3 [&hellip;]<\/p>\n","protected":false},"author":3,"featured_media":0,"parent":9208,"menu_order":0,"comment_status":"closed","ping_status":"closed","template":"","meta":{"_bbp_topic_count":0,"_bbp_reply_count":0,"_bbp_total_topic_count":0,"_bbp_total_reply_count":0,"_bbp_voice_count":0,"_bbp_anonymous_reply_count":0,"_bbp_topic_count_hidden":0,"_bbp_reply_count_hidden":0,"_bbp_forum_subforum_count":0,"site-sidebar-layout":"default","site-content-layout":"","ast-site-content-layout":"","site-content-style":"default","site-sidebar-style":"default","ast-global-header-display":"","ast-banner-title-visibility":"","ast-main-header-display":"","ast-hfb-above-header-display":"","ast-hfb-below-header-display":"","ast-hfb-mobile-header-display":"","site-post-title":"","ast-breadcrumbs-content":"","ast-featured-img":"","footer-sml-layout":"","theme-transparent-header-meta":"","adv-header-id-meta":"","stick-header-meta":"","header-above-stick-meta":"","header-main-stick-meta":"","header-below-stick-meta":"","astra-migrate-meta-layouts":"default","ast-page-background-enabled":"default","ast-page-background-meta":{"desktop":{"background-color":"var(--ast-global-color-4)","background-image":"","background-repeat":"repeat","background-position":"center center","background-size":"auto","background-attachment":"scroll","background-type":"","background-media":"","overlay-type":"","overlay-color":"","overlay-opacity":"","overlay-gradient":""},"tablet":{"background-color":"","background-image":"","background-repeat":"repeat","background-position":"center center","background-size":"auto","background-attachment":"scroll","background-type":"","background-media":"","overlay-type":"","overlay-color":"","overlay-opacity":"","overlay-gradient":""},"mobile":{"background-color":"","background-image":"","background-repeat":"repeat","background-position":"center center","background-size":"auto","background-attachment":"scroll","background-type":"","background-media":"","overlay-type":"","overlay-color":"","overlay-opacity":"","overlay-gradient":""}},"ast-content-background-meta":{"desktop":{"background-color":"var(--ast-global-color-5)","background-image":"","background-repeat":"repeat","background-position":"center center","background-size":"auto","background-attachment":"scroll","background-type":"","background-media":"","overlay-type":"","overlay-color":"","overlay-opacity":"","overlay-gradient":""},"tablet":{"background-color":"var(--ast-global-color-5)","background-image":"","background-repeat":"repeat","background-position":"center center","background-size":"auto","background-attachment":"scroll","background-type":"","background-media":"","overlay-type":"","overlay-color":"","overlay-opacity":"","overlay-gradient":""},"mobile":{"background-color":"var(--ast-global-color-5)","background-image":"","background-repeat":"repeat","background-position":"center center","background-size":"auto","background-attachment":"scroll","background-type":"","background-media":"","overlay-type":"","overlay-color":"","overlay-opacity":"","overlay-gradient":""}},"footnotes":""},"class_list":["post-9249","page","type-page","status-publish","hentry"],"post_mailing_queue_ids":[],"_links":{"self":[{"href":"https:\/\/agora.xtec.cat\/ceippax\/wp-json\/wp\/v2\/pages\/9249","targetHints":{"allow":["GET"]}}],"collection":[{"href":"https:\/\/agora.xtec.cat\/ceippax\/wp-json\/wp\/v2\/pages"}],"about":[{"href":"https:\/\/agora.xtec.cat\/ceippax\/wp-json\/wp\/v2\/types\/page"}],"author":[{"embeddable":true,"href":"https:\/\/agora.xtec.cat\/ceippax\/wp-json\/wp\/v2\/users\/3"}],"replies":[{"embeddable":true,"href":"https:\/\/agora.xtec.cat\/ceippax\/wp-json\/wp\/v2\/comments?post=9249"}],"version-history":[{"count":2,"href":"https:\/\/agora.xtec.cat\/ceippax\/wp-json\/wp\/v2\/pages\/9249\/revisions"}],"predecessor-version":[{"id":9264,"href":"https:\/\/agora.xtec.cat\/ceippax\/wp-json\/wp\/v2\/pages\/9249\/revisions\/9264"}],"up":[{"embeddable":true,"href":"https:\/\/agora.xtec.cat\/ceippax\/wp-json\/wp\/v2\/pages\/9208"}],"wp:attachment":[{"href":"https:\/\/agora.xtec.cat\/ceippax\/wp-json\/wp\/v2\/media?parent=9249"}],"curies":[{"name":"wp","href":"https:\/\/api.w.org\/{rel}","templated":true}]}}