{"id":8961,"date":"2023-05-09T21:28:15","date_gmt":"2023-05-09T19:28:15","guid":{"rendered":"https:\/\/agora.xtec.cat\/ceippax\/?page_id=8961"},"modified":"2023-05-09T21:29:50","modified_gmt":"2023-05-09T19:29:50","slug":"instagram-de-lescola","status":"publish","type":"page","link":"https:\/\/agora.xtec.cat\/ceippax\/estrategia-digital-de-centre\/cultura-digital\/centre\/instagram-de-lescola\/","title":{"rendered":"Instagram de l&#8217;escola"},"content":{"rendered":"<p>&nbsp;<\/p>\n<p><span style=\"font-weight: 400;\">L\u2019escola t\u00e9 el compte d\u2019Instagram:\u00a0 @escolapax.<\/span><\/p>\n<p><span style=\"font-weight: 400;\">L\u2019objectiu d\u2019aquesta xarxa social \u00e9s donar la possibilitat a la comunitat educativa de con\u00e8ixer quines activitats pedag\u00f2giques rellevants portem a terme al centre. Aquesta xarxa social est\u00e0 administrada per l\u2019equip directiu. Per una correcta administraci\u00f3 cal tenir en compte els seg\u00fcents aspectes:<\/span><\/p>\n<p><span style=\"font-weight: 400;\">\u2794 Representar de manera equitativa tots els cursos de la comunitat.<\/span><\/p>\n<p><span style=\"font-weight: 400;\">\u2794 El text ha d\u2019explicar l\u2019activitat que es mostra i definir l\u2019objectiu pel qual es realitza.<\/span><\/p>\n<p><span style=\"font-weight: 400;\">\u2794 Les fotografies han de ser generals i cal tenir en compte l\u2019autoritzaci\u00f3 dels drets d\u2019imatges dels infants en les xarxes socials.<\/span><\/p>\n<p><span style=\"font-weight: 400;\">\u2794 Es poden agrupar les fotografies elaborant mosaics i fotografies per separat.<\/span><\/p>\n<p><span style=\"font-weight: 400;\">\u2794 Donat que \u00e9s una xarxa social de fotografies cal tenir en compte l\u2019est\u00e8tica.<\/span><\/p>\n<p>&nbsp;<\/p>\n","protected":false},"excerpt":{"rendered":"<p>&nbsp; L\u2019escola t\u00e9 el compte d\u2019Instagram:\u00a0 @escolapax. L\u2019objectiu d\u2019aquesta xarxa social \u00e9s donar la possibilitat a la comunitat educativa de con\u00e8ixer quines activitats pedag\u00f2giques rellevants portem a terme al centre. Aquesta xarxa social est\u00e0 administrada per l\u2019equip directiu. Per una correcta administraci\u00f3 cal tenir en compte els seg\u00fcents aspectes: \u2794 Representar de manera equitativa tots [&hellip;]<\/p>\n","protected":false},"author":28,"featured_media":0,"parent":8432,"menu_order":0,"comment_status":"closed","ping_status":"closed","template":"page-templates\/side-menu.php","meta":{"_bbp_topic_count":0,"_bbp_reply_count":0,"_bbp_total_topic_count":0,"_bbp_total_reply_count":0,"_bbp_voice_count":0,"_bbp_anonymous_reply_count":0,"_bbp_topic_count_hidden":0,"_bbp_reply_count_hidden":0,"_bbp_forum_subforum_count":0,"site-sidebar-layout":"default","site-content-layout":"","ast-site-content-layout":"","site-content-style":"default","site-sidebar-style":"default","ast-global-header-display":"","ast-banner-title-visibility":"","ast-main-header-display":"","ast-hfb-above-header-display":"","ast-hfb-below-header-display":"","ast-hfb-mobile-header-display":"","site-post-title":"","ast-breadcrumbs-content":"","ast-featured-img":"","footer-sml-layout":"","theme-transparent-header-meta":"","adv-header-id-meta":"","stick-header-meta":"","header-above-stick-meta":"","header-main-stick-meta":"","header-below-stick-meta":"","astra-migrate-meta-layouts":"default","ast-page-background-enabled":"default","ast-page-background-meta":{"desktop":{"background-color":"var(--ast-global-color-4)","background-image":"","background-repeat":"repeat","background-position":"center center","background-size":"auto","background-attachment":"scroll","background-type":"","background-media":"","overlay-type":"","overlay-color":"","overlay-opacity":"","overlay-gradient":""},"tablet":{"background-color":"","background-image":"","background-repeat":"repeat","background-position":"center center","background-size":"auto","background-attachment":"scroll","background-type":"","background-media":"","overlay-type":"","overlay-color":"","overlay-opacity":"","overlay-gradient":""},"mobile":{"background-color":"","background-image":"","background-repeat":"repeat","background-position":"center center","background-size":"auto","background-attachment":"scroll","background-type":"","background-media":"","overlay-type":"","overlay-color":"","overlay-opacity":"","overlay-gradient":""}},"ast-content-background-meta":{"desktop":{"background-color":"var(--ast-global-color-5)","background-image":"","background-repeat":"repeat","background-position":"center center","background-size":"auto","background-attachment":"scroll","background-type":"","background-media":"","overlay-type":"","overlay-color":"","overlay-opacity":"","overlay-gradient":""},"tablet":{"background-color":"var(--ast-global-color-5)","background-image":"","background-repeat":"repeat","background-position":"center center","background-size":"auto","background-attachment":"scroll","background-type":"","background-media":"","overlay-type":"","overlay-color":"","overlay-opacity":"","overlay-gradient":""},"mobile":{"background-color":"var(--ast-global-color-5)","background-image":"","background-repeat":"repeat","background-position":"center center","background-size":"auto","background-attachment":"scroll","background-type":"","background-media":"","overlay-type":"","overlay-color":"","overlay-opacity":"","overlay-gradient":""}},"footnotes":""},"class_list":["post-8961","page","type-page","status-publish","hentry"],"post_mailing_queue_ids":[],"_links":{"self":[{"href":"https:\/\/agora.xtec.cat\/ceippax\/wp-json\/wp\/v2\/pages\/8961","targetHints":{"allow":["GET"]}}],"collection":[{"href":"https:\/\/agora.xtec.cat\/ceippax\/wp-json\/wp\/v2\/pages"}],"about":[{"href":"https:\/\/agora.xtec.cat\/ceippax\/wp-json\/wp\/v2\/types\/page"}],"author":[{"embeddable":true,"href":"https:\/\/agora.xtec.cat\/ceippax\/wp-json\/wp\/v2\/users\/28"}],"replies":[{"embeddable":true,"href":"https:\/\/agora.xtec.cat\/ceippax\/wp-json\/wp\/v2\/comments?post=8961"}],"version-history":[{"count":2,"href":"https:\/\/agora.xtec.cat\/ceippax\/wp-json\/wp\/v2\/pages\/8961\/revisions"}],"predecessor-version":[{"id":8965,"href":"https:\/\/agora.xtec.cat\/ceippax\/wp-json\/wp\/v2\/pages\/8961\/revisions\/8965"}],"up":[{"embeddable":true,"href":"https:\/\/agora.xtec.cat\/ceippax\/wp-json\/wp\/v2\/pages\/8432"}],"wp:attachment":[{"href":"https:\/\/agora.xtec.cat\/ceippax\/wp-json\/wp\/v2\/media?parent=8961"}],"curies":[{"name":"wp","href":"https:\/\/api.w.org\/{rel}","templated":true}]}}