{"id":8913,"date":"2023-05-07T10:37:53","date_gmt":"2023-05-07T08:37:53","guid":{"rendered":"https:\/\/agora.xtec.cat\/ceippax\/?page_id=8913"},"modified":"2023-05-07T11:04:24","modified_gmt":"2023-05-07T09:04:24","slug":"classroom","status":"publish","type":"page","link":"https:\/\/agora.xtec.cat\/ceippax\/estrategia-digital-de-centre\/cultura-digital\/professorat\/classroom\/","title":{"rendered":"Classroom docents"},"content":{"rendered":"<p>A l\u2019escola Pax estem implementant l\u2019entorn Google Workspace for Education per al treball col\u00b7laboratiu, gesti\u00f3 de documents al n\u00favol, acc\u00e9s al correu electr\u00f2nic del centre i altres funcions lligades al compte educatiu.<br \/>\nDins la suite de Google, tamb\u00e9 est\u00e0 disponible Google Classroom que, com a Entorn Virtual d\u2019Aprenentatge (EVA), destaca per la seva senzillesa d\u2019\u00fas i integraci\u00f3 amb els serveis i eines d\u2019aquest paquet d\u2019utilitats.<br \/>\n\ud83d\udd17 Acc\u00e9s a l\u2019EVA: <a href=\"http:\/\/classroom.google.com\/\">classroom.google.com<\/a><br \/>\nTots els docents de l\u2019escola disposen de correu corporatiu sota el domini @escolapax.cat necessari per poder accedir al Classroom.<br \/>\nA l\u2019inici de curs se us far\u00e0 una petita formaci\u00f3 sobre l\u2019entorn d\u2019aprenentatge i la seva normativa d\u2019escola.<br \/>\nResponsable:<br \/>\n\u25cf Rafa Luque (cordinacio.digital@escolapax.cat)<\/p>\n<p><strong>Material de suport:<\/strong><\/p>\n<p><a href=\"https:\/\/agora.xtec.cat\/ceippax\/?page_id=8922&amp;preview=true\">Guies en v\u00eddeo sobre l&#8217;\u00fas del google Classroom per a docents.<\/a><\/p>\n<p>Tamb\u00e9 podeu consultar una guia elaborada per \u00d2mnia Tria que us pot servir d&#8217;ajuda per les vostres classes.<\/p>\n<p>La\u00a0<a href=\"https:\/\/xarxaomnia.gencat.cat\/sites\/xarxaomnia.gencat.cat\/files\/guia_google_classroom_profesores.pdf\" target=\"_blank\" rel=\"noopener\">guia d&#8217;introducci\u00f3 a Google Classroom per a\u00a0educadors\/ores<\/a>\u00a0explica com crear una classe, com configurar-la, com configurar el sistema de qualificacions i\u00a0com\u00a0crear tasques per a l&#8217;alumnat.<\/p>\n","protected":false},"excerpt":{"rendered":"<p>A l\u2019escola Pax estem implementant l\u2019entorn Google Workspace for Education per al treball col\u00b7laboratiu, gesti\u00f3 de documents al n\u00favol, acc\u00e9s al correu electr\u00f2nic del centre i altres funcions lligades al compte educatiu. Dins la suite de Google, tamb\u00e9 est\u00e0 disponible Google Classroom que, com a Entorn Virtual d\u2019Aprenentatge (EVA), destaca per la seva senzillesa d\u2019\u00fas [&hellip;]<\/p>\n","protected":false},"author":28,"featured_media":0,"parent":8434,"menu_order":0,"comment_status":"closed","ping_status":"closed","template":"page-templates\/side-menu.php","meta":{"_bbp_topic_count":0,"_bbp_reply_count":0,"_bbp_total_topic_count":0,"_bbp_total_reply_count":0,"_bbp_voice_count":0,"_bbp_anonymous_reply_count":0,"_bbp_topic_count_hidden":0,"_bbp_reply_count_hidden":0,"_bbp_forum_subforum_count":0,"site-sidebar-layout":"default","site-content-layout":"","ast-site-content-layout":"","site-content-style":"default","site-sidebar-style":"default","ast-global-header-display":"","ast-banner-title-visibility":"","ast-main-header-display":"","ast-hfb-above-header-display":"","ast-hfb-below-header-display":"","ast-hfb-mobile-header-display":"","site-post-title":"","ast-breadcrumbs-content":"","ast-featured-img":"","footer-sml-layout":"","theme-transparent-header-meta":"","adv-header-id-meta":"","stick-header-meta":"","header-above-stick-meta":"","header-main-stick-meta":"","header-below-stick-meta":"","astra-migrate-meta-layouts":"default","ast-page-background-enabled":"default","ast-page-background-meta":{"desktop":{"background-color":"var(--ast-global-color-4)","background-image":"","background-repeat":"repeat","background-position":"center center","background-size":"auto","background-attachment":"scroll","background-type":"","background-media":"","overlay-type":"","overlay-color":"","overlay-opacity":"","overlay-gradient":""},"tablet":{"background-color":"","background-image":"","background-repeat":"repeat","background-position":"center center","background-size":"auto","background-attachment":"scroll","background-type":"","background-media":"","overlay-type":"","overlay-color":"","overlay-opacity":"","overlay-gradient":""},"mobile":{"background-color":"","background-image":"","background-repeat":"repeat","background-position":"center center","background-size":"auto","background-attachment":"scroll","background-type":"","background-media":"","overlay-type":"","overlay-color":"","overlay-opacity":"","overlay-gradient":""}},"ast-content-background-meta":{"desktop":{"background-color":"var(--ast-global-color-5)","background-image":"","background-repeat":"repeat","background-position":"center center","background-size":"auto","background-attachment":"scroll","background-type":"","background-media":"","overlay-type":"","overlay-color":"","overlay-opacity":"","overlay-gradient":""},"tablet":{"background-color":"var(--ast-global-color-5)","background-image":"","background-repeat":"repeat","background-position":"center center","background-size":"auto","background-attachment":"scroll","background-type":"","background-media":"","overlay-type":"","overlay-color":"","overlay-opacity":"","overlay-gradient":""},"mobile":{"background-color":"var(--ast-global-color-5)","background-image":"","background-repeat":"repeat","background-position":"center center","background-size":"auto","background-attachment":"scroll","background-type":"","background-media":"","overlay-type":"","overlay-color":"","overlay-opacity":"","overlay-gradient":""}},"footnotes":""},"class_list":["post-8913","page","type-page","status-publish","hentry"],"post_mailing_queue_ids":[],"_links":{"self":[{"href":"https:\/\/agora.xtec.cat\/ceippax\/wp-json\/wp\/v2\/pages\/8913","targetHints":{"allow":["GET"]}}],"collection":[{"href":"https:\/\/agora.xtec.cat\/ceippax\/wp-json\/wp\/v2\/pages"}],"about":[{"href":"https:\/\/agora.xtec.cat\/ceippax\/wp-json\/wp\/v2\/types\/page"}],"author":[{"embeddable":true,"href":"https:\/\/agora.xtec.cat\/ceippax\/wp-json\/wp\/v2\/users\/28"}],"replies":[{"embeddable":true,"href":"https:\/\/agora.xtec.cat\/ceippax\/wp-json\/wp\/v2\/comments?post=8913"}],"version-history":[{"count":3,"href":"https:\/\/agora.xtec.cat\/ceippax\/wp-json\/wp\/v2\/pages\/8913\/revisions"}],"predecessor-version":[{"id":8927,"href":"https:\/\/agora.xtec.cat\/ceippax\/wp-json\/wp\/v2\/pages\/8913\/revisions\/8927"}],"up":[{"embeddable":true,"href":"https:\/\/agora.xtec.cat\/ceippax\/wp-json\/wp\/v2\/pages\/8434"}],"wp:attachment":[{"href":"https:\/\/agora.xtec.cat\/ceippax\/wp-json\/wp\/v2\/media?parent=8913"}],"curies":[{"name":"wp","href":"https:\/\/api.w.org\/{rel}","templated":true}]}}