{"id":879,"date":"2019-02-01T16:48:00","date_gmt":"2019-02-01T15:48:00","guid":{"rendered":"http:\/\/blocs.xtec.cat\/ceippax\/?page_id=879"},"modified":"2020-05-09T00:39:46","modified_gmt":"2020-05-08T22:39:46","slug":"horari-reunions-informatives-preinscripcio-2010-11","status":"publish","type":"page","link":"https:\/\/agora.xtec.cat\/ceippax\/informacio-general\/horari-reunions-informatives-preinscripcio-2010-11\/","title":{"rendered":"PREINSCRIPCI\u00d3 2020-21"},"content":{"rendered":"<p><strong><strong style=\"font-family: inherit; font-size: 1em;\"><span style=\"color: #0000ff;\">NOVES DATES PREISNCRIPCI\u00d3, DEL 13 AL 22 DE MAIG.<\/span><\/strong><\/strong><\/p>\n<p><strong><strong style=\"font-family: inherit; font-size: 1em;\"><span style=\"color: #0000ff;\">ESTEM ACTUALITZANT LA INFORMACI\u00d3. EN BREU PODREU CONSULTAR-LA.<\/span><\/strong><\/strong><\/p>\n<p>&nbsp;<\/p>\n<p>L&#8217;escola organitza <strong><span style=\"color: #993366;\">reunions informatives (d&#8217;unes 10 fam\u00edlies aproximadament )<\/span><\/strong> amb les fam\u00edlies que estiguin interessades en preinscriure els seus fills o filles al centre. <strong>Aquestes reunions es faran del 20 al 30 de mar\u00e7 de 2020.<\/strong><\/p>\n<p style=\"text-align: left;\">Tenen una <strong><span style=\"color: #993366;\">durada de\u00a060 minuts aproximadament i estan adre\u00e7ades a pares i\/o mares,<\/span><\/strong> no als nens i\/o nenes . Es fan en horari escolar\u00a0 Es d\u00f3na informaci\u00f3 general del centre, dels seus serveis i es fa una petita visita a les instal\u2022lacions. Tamb\u00e9 s&#8217;explica el proc\u00e9s\u00a0 de preinscripci\u00f3. A continuaci\u00f3 teniu els dies i les franges hor\u00e0ries. Cal telefonar per reservar hora. <strong>L&#8217;horari per trucar \u00e9s de 9.15 a 14 i de 15 a 16.<\/strong><\/p>\n<p>&nbsp;<\/p>\n<table class=\" aligncenter\" style=\"height: 169px; width: 345px;\" width=\"379\">\n<tbody>\n<tr>\n<td style=\"width: 235px;\"><strong><span style=\"color: #993366;\">DATES MES DE MAR\u00c7 2020<\/span><\/strong><\/td>\n<td style=\"width: 102px;\"><strong><span style=\"color: #993366;\">HORARI<\/span><\/strong><\/td>\n<\/tr>\n<tr>\n<td style=\"width: 235px;\"><strong><span style=\"color: #993366;\">\u00a0DIVENDRES\u00a0 20<\/span><\/strong><\/td>\n<td style=\"width: 102px;\"><strong><span style=\"color: #993366;\">15.15<\/span><\/strong><\/td>\n<\/tr>\n<tr>\n<td style=\"width: 235px;\"><strong><span style=\"color: #993366;\">\u00a0DILLUNS\u00a0 23<\/span><\/strong><\/td>\n<td style=\"width: 102px;\"><strong><span style=\"color: #993366;\">15.15<\/span><\/strong><\/td>\n<\/tr>\n<tr>\n<td style=\"width: 235px;\"><strong><span style=\"color: #993366;\">\u00a0DIMARTS\u00a0 24<\/span><\/strong><\/td>\n<td style=\"width: 102px;\"><strong><span style=\"color: #993366;\">09.15<\/span><\/strong><\/td>\n<\/tr>\n<tr>\n<td style=\"width: 235px;\"><strong><span style=\"color: #993366;\">\u00a0DIMECRES\u00a0 25<\/span><\/strong><\/td>\n<td style=\"width: 102px;\"><strong><span style=\"color: #993366;\">09.15<\/span><\/strong><\/td>\n<\/tr>\n<tr>\n<td style=\"width: 235px;\"><strong><span style=\"color: #993366;\">\u00a0DIJOUS 26<\/span><\/strong><\/td>\n<td style=\"width: 102px;\"><strong><span style=\"color: #993366;\">15.15<\/span><\/strong><\/td>\n<\/tr>\n<tr>\n<td style=\"width: 235px;\"><strong><span style=\"color: #993366;\">\u00a0DILLUNS 30\u00a0<\/span><\/strong><\/td>\n<td style=\"width: 102px;\"><strong><span style=\"color: #993366;\"> 09.30<\/span><\/strong><\/td>\n<\/tr>\n<\/tbody>\n<\/table>\n<p>&nbsp;<\/p>\n<p>&nbsp;<\/p>\n<p><strong style=\"font-family: inherit; font-size: 1em;\"><span style=\"color: #0000ff;\"><br \/>\nDOCUMENTACI\u00d3 QUE CAL PRESENTAR AL FER LA PREINSCRIPCI\u00d3\u00a0<\/span><\/strong><\/p>\n<p style=\"text-align: left;\" align=\"CENTER\"><strong><span style=\"color: #993366;\">\u00a0 \u00a0 \u00a0 \u00a0EN TOTS ELS CASOS<\/span><\/strong><\/p>\n<ul>\n<li>\n<p align=\"JUSTIFY\"><span style=\"font-family: 'Trebuchet MS', sans-serif;\"><span style=\"font-size: small;\">Sol\u00b7licitud (la podeu demanar a la conserge o administrativa del centre o b\u00e9 baixar-la d\u2019internet). Es pot presentar al centre demanat en primer lloc o a l\u2019OME (oficina municipal d\u2019escolaritzaci\u00f3).<\/span><\/span><\/p>\n<\/li>\n<\/ul>\n<ul>\n<li>\n<p align=\"JUSTIFY\"><span style=\"font-family: 'Trebuchet MS', sans-serif;\"><span style=\"font-size: small;\">Original i fotoc\u00f2pia del llibre de fam\u00edlia o altres documents relatius a la filiaci\u00f3.<\/span><\/span><\/p>\n<\/li>\n<\/ul>\n<ul>\n<li>\n<p align=\"JUSTIFY\"><span style=\"font-family: 'Trebuchet MS', sans-serif;\"><span style=\"font-size: small;\">Original i fotoc\u00f2pia del DNI del pare, mare o tutor legal o de la targeta de resid\u00e8ncia on consta el NIE si es tracta de persones estrangeres.<\/span><\/span><\/p>\n<\/li>\n<li><span style=\"font-family: 'Trebuchet MS', sans-serif;\"><span style=\"font-size: small;\">Original i fotoc\u00f2pia del DNI de l&#8217;alumne\/-a si en t\u00e9.<\/span><\/span>\n<p align=\"JUSTIFY\">\n<\/li>\n<li>\n<p align=\"JUSTIFY\"><strong><span style=\"color: #993366;\">NOM\u00c9S PER ALS CRITERIS AL\u00b7LEGATS A LA SOL\u00b7LICITUD\u00a0<\/span><\/strong><\/p>\n<\/li>\n<\/ul>\n<ul>\n<li>\n<p align=\"JUSTIFY\"><span style=\"font-family: 'Trebuchet MS', sans-serif;\"><span style=\"font-size: small;\">Quan el domicili familiar al\u00b7legat en la sol\u00b7licitud a efectes del criteri de proximitat al centre no coincideixi amb el que figura al DNI de la persona sol\u00b7licitant, el domicili s\u2019acreditar\u00e0 amb el certificat o volant municipal de conviv\u00e8ncia de l\u2019alumne\/a on ha de constar que conviu amb la persona sol\u00b7licitant. En el moment de la matr\u00edcula cal presentar el DNI renovat amb la nova adre\u00e7a.<\/span><\/span><\/p>\n<\/li>\n<\/ul>\n<ul>\n<li>\n<p align=\"JUSTIFY\"><span style=\"font-family: 'Trebuchet MS', sans-serif;\"><span style=\"font-size: small;\">Documentaci\u00f3 acreditativa del lloc de treball (c\u00f2pia del contracte o certificat em\u00e8s amb aquesta finalitat per l\u2019empresa).<\/span><\/span><\/p>\n<\/li>\n<\/ul>\n<ul>\n<li>\n<p align=\"JUSTIFY\"><span style=\"font-family: 'Trebuchet MS', sans-serif;\"><span style=\"font-size: small;\">Original i fotoc\u00f2pia del carnet de fam\u00edlia nombrosa o familia monoparental.<\/span><\/span><\/p>\n<\/li>\n<\/ul>\n<ul>\n<li>\n<p align=\"JUSTIFY\"><span style=\"font-family: 'Trebuchet MS', sans-serif;\"><span style=\"font-size: small;\">Documentaci\u00f3 que acrediti la prestaci\u00f3 econ\u00f2mica de la renda m\u00ednima d\u2019inserci\u00f3.<\/span><\/span><\/p>\n<\/li>\n<\/ul>\n<ul>\n<li>\n<p align=\"JUSTIFY\"><span style=\"font-family: 'Trebuchet MS', sans-serif;\"><span style=\"font-size: small;\">Original i fotoc\u00f2pia del certificat de disminuci\u00f3 expedit pel Departament d\u2019Acci\u00f3 Social i Ciutadania, o per ICAM o pels organismes competents d\u2019altres comunitats.<\/span><\/span><\/p>\n<\/li>\n<\/ul>\n<p><strong><span style=\"color: #0000ff;\">HORARI PRESENTACI\u00d3 SOL\u00b7LICITUDS A LA SECRETARIA DEL CENTRE\u00a0<\/span><\/strong><\/p>\n<dl>\n<dd>\n<table style=\"width: 439px;\" border=\"0\" cellspacing=\"0\" cellpadding=\"8\">\n<colgroup>\n<col width=\"146\" \/>\n<col width=\"146\" \/>\n<col width=\"146\" \/> <\/colgroup>\n<tbody>\n<tr>\n<td style=\"width: 161px;\"><\/td>\n<td style=\"width: 142px;\">\n<p align=\"CENTER\"><span style=\"font-family: Arial, sans-serif;\"><span style=\"font-size: small;\">MATINS<\/span><\/span><\/p>\n<\/td>\n<td style=\"width: 134px;\">\n<p align=\"CENTER\"><span style=\"font-family: Arial, sans-serif;\"><span style=\"font-size: small;\">TARDES<\/span><\/span><\/p>\n<\/td>\n<\/tr>\n<tr>\n<td style=\"width: 161px;\">\n<p align=\"CENTER\"><span style=\"font-family: Arial, sans-serif;\"><span style=\"font-size: small;\">DILLUNS<\/span><\/span><\/p>\n<\/td>\n<td style=\"text-align: center; width: 142px;\">\n<p align=\"CENTER\"><span style=\"font-family: Arial, sans-serif;\"><span style=\"font-size: small;\">de 9 a 11<br \/>\n<\/span><\/span><\/p>\n<\/td>\n<td style=\"width: 134px;\">\n<p align=\"CENTER\"><span style=\"font-family: Arial, sans-serif;\"><span style=\"font-size: small;\">de 15 a 16<\/span><\/span><\/p>\n<\/td>\n<\/tr>\n<tr>\n<td style=\"width: 161px;\">\n<p align=\"CENTER\"><span style=\"font-family: Arial, sans-serif;\"><span style=\"font-size: small;\">DIMARTS<\/span><\/span><\/p>\n<\/td>\n<td style=\"text-align: center; width: 142px;\">\n<p align=\"CENTER\">de 9 a 11<\/p>\n<\/td>\n<td style=\"width: 134px;\">\n<p align=\"CENTER\">de 15 a 16<\/p>\n<\/td>\n<\/tr>\n<tr>\n<td style=\"width: 161px;\">\n<p align=\"CENTER\"><span style=\"font-family: Arial, sans-serif;\"><span style=\"font-size: small;\">DIMECRES<\/span><\/span><\/p>\n<\/td>\n<td style=\"text-align: center; width: 142px;\">\n<p align=\"CENTER\"><span style=\"font-family: Arial, sans-serif;\"><span style=\"font-size: small;\">de 9 a 11<\/span><\/span><\/p>\n<\/td>\n<td style=\"width: 134px;\"><strong>\u00a0\u00a0\u00a0\u00a0\u00a0 &#8230;&#8230;&#8230;&#8230;&#8230;&#8230;<\/strong><\/td>\n<\/tr>\n<tr>\n<td style=\"width: 161px;\">\n<p align=\"CENTER\"><span style=\"font-family: Arial, sans-serif;\"><span style=\"font-size: small;\">\u00a0 DIJOUS<\/span><\/span><\/p>\n<\/td>\n<td style=\"text-align: center; width: 142px;\">\n<p align=\"CENTER\">de 9 a 11<\/p>\n<\/td>\n<td style=\"width: 134px;\">\u00a0 \u00a0 \u00a0 \u00a0 de\u00a015 a16<\/td>\n<\/tr>\n<tr>\n<td style=\"width: 161px;\">\n<p align=\"CENTER\"><span style=\"font-family: Arial, sans-serif;\"><span style=\"font-size: small;\">DIVENDRES<\/span><\/span><\/p>\n<\/td>\n<td style=\"text-align: center; width: 142px;\">\n<p align=\"CENTER\"><span style=\"font-family: Arial, sans-serif;\"><span style=\"font-size: small;\">de 9 a 11<\/span><\/span><\/p>\n<\/td>\n<td style=\"width: 134px;\">\n<p align=\"CENTER\"><strong><span style=\"font-family: Arial, sans-serif;\"><span style=\"font-size: small;\">&#8230;&#8230;&#8230;&#8230;&#8230;&#8230;<\/span><\/span><\/strong><\/p>\n<\/td>\n<\/tr>\n<\/tbody>\n<\/table>\n<\/dd>\n<\/dl>\n","protected":false},"excerpt":{"rendered":"<p>NOVES DATES PREISNCRIPCI\u00d3, DEL 13 AL 22 DE MAIG. ESTEM ACTUALITZANT LA INFORMACI\u00d3. EN BREU PODREU CONSULTAR-LA. &nbsp; L&#8217;escola organitza reunions informatives (d&#8217;unes 10 fam\u00edlies aproximadament ) amb les fam\u00edlies que estiguin interessades en preinscriure els seus fills o filles al centre. Aquestes reunions es faran del 20 al 30 de mar\u00e7 de 2020. Tenen [&hellip;]<\/p>\n","protected":false},"author":1,"featured_media":0,"parent":241,"menu_order":0,"comment_status":"open","ping_status":"open","template":"","meta":{"_bbp_topic_count":0,"_bbp_reply_count":0,"_bbp_total_topic_count":0,"_bbp_total_reply_count":0,"_bbp_voice_count":0,"_bbp_anonymous_reply_count":0,"_bbp_topic_count_hidden":0,"_bbp_reply_count_hidden":0,"_bbp_forum_subforum_count":0,"site-sidebar-layout":"default","site-content-layout":"","ast-site-content-layout":"","site-content-style":"default","site-sidebar-style":"default","ast-global-header-display":"","ast-banner-title-visibility":"","ast-main-header-display":"","ast-hfb-above-header-display":"","ast-hfb-below-header-display":"","ast-hfb-mobile-header-display":"","site-post-title":"","ast-breadcrumbs-content":"","ast-featured-img":"","footer-sml-layout":"","theme-transparent-header-meta":"","adv-header-id-meta":"","stick-header-meta":"","header-above-stick-meta":"","header-main-stick-meta":"","header-below-stick-meta":"","astra-migrate-meta-layouts":"default","ast-page-background-enabled":"default","ast-page-background-meta":{"desktop":{"background-color":"var(--ast-global-color-4)","background-image":"","background-repeat":"repeat","background-position":"center center","background-size":"auto","background-attachment":"scroll","background-type":"","background-media":"","overlay-type":"","overlay-color":"","overlay-opacity":"","overlay-gradient":""},"tablet":{"background-color":"","background-image":"","background-repeat":"repeat","background-position":"center center","background-size":"auto","background-attachment":"scroll","background-type":"","background-media":"","overlay-type":"","overlay-color":"","overlay-opacity":"","overlay-gradient":""},"mobile":{"background-color":"","background-image":"","background-repeat":"repeat","background-position":"center center","background-size":"auto","background-attachment":"scroll","background-type":"","background-media":"","overlay-type":"","overlay-color":"","overlay-opacity":"","overlay-gradient":""}},"ast-content-background-meta":{"desktop":{"background-color":"var(--ast-global-color-5)","background-image":"","background-repeat":"repeat","background-position":"center center","background-size":"auto","background-attachment":"scroll","background-type":"","background-media":"","overlay-type":"","overlay-color":"","overlay-opacity":"","overlay-gradient":""},"tablet":{"background-color":"var(--ast-global-color-5)","background-image":"","background-repeat":"repeat","background-position":"center center","background-size":"auto","background-attachment":"scroll","background-type":"","background-media":"","overlay-type":"","overlay-color":"","overlay-opacity":"","overlay-gradient":""},"mobile":{"background-color":"var(--ast-global-color-5)","background-image":"","background-repeat":"repeat","background-position":"center center","background-size":"auto","background-attachment":"scroll","background-type":"","background-media":"","overlay-type":"","overlay-color":"","overlay-opacity":"","overlay-gradient":""}},"footnotes":""},"class_list":["post-879","page","type-page","status-publish","hentry"],"post_mailing_queue_ids":[],"_links":{"self":[{"href":"https:\/\/agora.xtec.cat\/ceippax\/wp-json\/wp\/v2\/pages\/879","targetHints":{"allow":["GET"]}}],"collection":[{"href":"https:\/\/agora.xtec.cat\/ceippax\/wp-json\/wp\/v2\/pages"}],"about":[{"href":"https:\/\/agora.xtec.cat\/ceippax\/wp-json\/wp\/v2\/types\/page"}],"author":[{"embeddable":true,"href":"https:\/\/agora.xtec.cat\/ceippax\/wp-json\/wp\/v2\/users\/1"}],"replies":[{"embeddable":true,"href":"https:\/\/agora.xtec.cat\/ceippax\/wp-json\/wp\/v2\/comments?post=879"}],"version-history":[{"count":4,"href":"https:\/\/agora.xtec.cat\/ceippax\/wp-json\/wp\/v2\/pages\/879\/revisions"}],"predecessor-version":[{"id":7486,"href":"https:\/\/agora.xtec.cat\/ceippax\/wp-json\/wp\/v2\/pages\/879\/revisions\/7486"}],"up":[{"embeddable":true,"href":"https:\/\/agora.xtec.cat\/ceippax\/wp-json\/wp\/v2\/pages\/241"}],"wp:attachment":[{"href":"https:\/\/agora.xtec.cat\/ceippax\/wp-json\/wp\/v2\/media?parent=879"}],"curies":[{"name":"wp","href":"https:\/\/api.w.org\/{rel}","templated":true}]}}