{"id":8436,"date":"2022-03-30T22:05:43","date_gmt":"2022-03-30T20:05:43","guid":{"rendered":"https:\/\/agora.xtec.cat\/ceippax\/?page_id=8436"},"modified":"2023-05-09T18:13:14","modified_gmt":"2023-05-09T16:13:14","slug":"alumnat","status":"publish","type":"page","link":"https:\/\/agora.xtec.cat\/ceippax\/estrategia-digital-de-centre\/cultura-digital\/alumnat\/","title":{"rendered":"Alumnat"},"content":{"rendered":"<table style=\"height: 96px; width: 100%; border-collapse: collapse; border-style: hidden;\">\n<tbody>\n<tr style=\"border-style: hidden;\">\n<td style=\"width: 22.0134%; height: 32px; border-style: hidden;\"><img loading=\"lazy\" decoding=\"async\" class=\"size-thumbnail wp-image-8574 aligncenter\" src=\"https:\/\/agora.xtec.cat\/ceippax\/wp-content\/uploads\/usu1317\/2022\/05\/bienvenido-de-nuevo-150x150.png\" alt=\"\" width=\"150\" height=\"150\" srcset=\"https:\/\/agora.xtec.cat\/ceippax\/wp-content\/uploads\/usu1317\/2022\/05\/bienvenido-de-nuevo-150x150.png 150w, https:\/\/agora.xtec.cat\/ceippax\/wp-content\/uploads\/usu1317\/2022\/05\/bienvenido-de-nuevo-300x300.png 300w, https:\/\/agora.xtec.cat\/ceippax\/wp-content\/uploads\/usu1317\/2022\/05\/bienvenido-de-nuevo.png 512w\" sizes=\"auto, (max-width: 150px) 100vw, 150px\" \/><\/td>\n<td style=\"width: 17.9866%; height: 32px; border-style: hidden;\"><a href=\"https:\/\/agora.xtec.cat\/ceippax\/estrategia-digital-de-centre\/cultura-digital\/alumnat\/desplegament-competencia-digital\/\"><img loading=\"lazy\" decoding=\"async\" class=\"size-thumbnail wp-image-8582 aligncenter\" src=\"https:\/\/agora.xtec.cat\/ceippax\/wp-content\/uploads\/usu1317\/2022\/05\/image_33737313-148x150.png\" alt=\"\" width=\"148\" height=\"150\" \/><\/a><\/td>\n<td style=\"width: 20%; height: 32px; border-style: hidden;\"><img loading=\"lazy\" decoding=\"async\" class=\"aligncenter wp-image-8867\" src=\"https:\/\/agora.xtec.cat\/ceippax\/wp-content\/uploads\/usu1317\/2023\/04\/grupo.png\" alt=\"\" width=\"148\" height=\"148\" srcset=\"https:\/\/agora.xtec.cat\/ceippax\/wp-content\/uploads\/usu1317\/2023\/04\/grupo.png 512w, https:\/\/agora.xtec.cat\/ceippax\/wp-content\/uploads\/usu1317\/2023\/04\/grupo-300x300.png 300w, https:\/\/agora.xtec.cat\/ceippax\/wp-content\/uploads\/usu1317\/2023\/04\/grupo-150x150.png 150w\" sizes=\"auto, (max-width: 148px) 100vw, 148px\" \/><\/td>\n<td style=\"width: 20%; height: 32px; border-style: hidden;\"><img loading=\"lazy\" decoding=\"async\" class=\"aligncenter wp-image-8761\" src=\"https:\/\/agora.xtec.cat\/ceippax\/wp-content\/uploads\/usu1317\/2022\/11\/images.jpg\" alt=\"\" width=\"160\" height=\"139\" \/><\/td>\n<td style=\"width: 20%; height: 32px; border-style: hidden;\"><img loading=\"lazy\" decoding=\"async\" class=\"size-thumbnail wp-image-8573 aligncenter\" style=\"background-color: #f9f9f9; border: none; color: #2795b6;\" src=\"https:\/\/agora.xtec.cat\/ceippax\/wp-content\/uploads\/usu1317\/2022\/05\/campana-digital-150x150.png\" alt=\"\" width=\"150\" height=\"150\" srcset=\"https:\/\/agora.xtec.cat\/ceippax\/wp-content\/uploads\/usu1317\/2022\/05\/campana-digital-150x150.png 150w, https:\/\/agora.xtec.cat\/ceippax\/wp-content\/uploads\/usu1317\/2022\/05\/campana-digital-300x300.png 300w, https:\/\/agora.xtec.cat\/ceippax\/wp-content\/uploads\/usu1317\/2022\/05\/campana-digital.png 512w\" sizes=\"auto, (max-width: 150px) 100vw, 150px\" \/><\/td>\n<\/tr>\n<tr style=\"border-style: hidden;\">\n<td style=\"width: 22.0134%; height: 64px; border-style: hidden; text-align: center;\">\n<h5><strong>PLA D&#8217;ACOLLIDA DIGITAL DE L&#8217;ALUMNAT<\/strong><\/h5>\n<\/td>\n<td style=\"width: 17.9866%; height: 64px; border-style: hidden; text-align: center;\">\n<h5><a href=\"https:\/\/agora.xtec.cat\/ceippax\/estrategia-digital-de-centre\/cultura-digital\/alumnat\/desplegament-competencia-digital\/\"><strong>DESPLEGAMENT COMPET\u00c8NCIA DIGITAL<\/strong><\/a><\/h5>\n<\/td>\n<td style=\"width: 20%; height: 64px; border-style: hidden; text-align: center;\">\n<h5><a href=\"https:\/\/agora.xtec.cat\/ceippax\/estrategia-digital-de-centre\/cultura-digital\/professorat\/pla-de-comunicacio\/\"><strong>PLA DE COMUNICACI\u00d3<\/strong><\/a><\/h5>\n<\/td>\n<td style=\"width: 20%; height: 64px; border-style: hidden; text-align: center;\">\n<h5><a href=\"https:\/\/agora.xtec.cat\/ceippax\/estrategia-digital-de-centre\/cultura-digital\/alumnat\/classroom-alumnat\/\"><strong>CLASSROOM<\/strong><\/a><\/h5>\n<\/td>\n<td style=\"width: 20%; height: 64px; border-style: hidden; text-align: center;\">\n<h5><a href=\"https:\/\/agora.xtec.cat\/ceippax\/estrategia-digital-de-centre\/cultura-digital\/centre\/recursos-digitals\/\"><strong>RECURSOS DIGITALS<\/strong><\/a><\/h5>\n<\/td>\n<\/tr>\n<\/tbody>\n<\/table>\n<table style=\"height: 96px; width: 100%; border-collapse: collapse; border-style: hidden;\">\n<tbody>\n<tr style=\"border-style: hidden;\">\n<td style=\"width: 20%; height: 32px; border-style: hidden;\"><img loading=\"lazy\" decoding=\"async\" class=\"aligncenter size-full wp-image-8941\" src=\"https:\/\/agora.xtec.cat\/ceippax\/wp-content\/uploads\/usu1317\/2023\/05\/descarga-2.png\" alt=\"\" width=\"225\" height=\"225\" srcset=\"https:\/\/agora.xtec.cat\/ceippax\/wp-content\/uploads\/usu1317\/2023\/05\/descarga-2.png 225w, https:\/\/agora.xtec.cat\/ceippax\/wp-content\/uploads\/usu1317\/2023\/05\/descarga-2-150x150.png 150w\" sizes=\"auto, (max-width: 225px) 100vw, 225px\" \/><\/td>\n<td style=\"width: 20%; height: 32px; border-style: hidden;\"><img loading=\"lazy\" decoding=\"async\" class=\"aligncenter wp-image-8940\" src=\"https:\/\/agora.xtec.cat\/ceippax\/wp-content\/uploads\/usu1317\/2023\/05\/descarga.jpg\" alt=\"\" width=\"142\" height=\"142\" srcset=\"https:\/\/agora.xtec.cat\/ceippax\/wp-content\/uploads\/usu1317\/2023\/05\/descarga.jpg 225w, https:\/\/agora.xtec.cat\/ceippax\/wp-content\/uploads\/usu1317\/2023\/05\/descarga-150x150.jpg 150w\" sizes=\"auto, (max-width: 142px) 100vw, 142px\" \/><\/td>\n<td style=\"width: 20%; height: 32px; border-style: hidden;\"><img loading=\"lazy\" decoding=\"async\" class=\"size-thumbnail wp-image-8584 aligncenter\" src=\"https:\/\/agora.xtec.cat\/ceippax\/wp-content\/uploads\/usu1317\/2022\/05\/descarga-1-150x150.jpg\" alt=\"\" width=\"150\" height=\"150\" \/><\/td>\n<td style=\"width: 20%; height: 32px; border-style: hidden;\"><img loading=\"lazy\" decoding=\"async\" class=\"aligncenter wp-image-8885\" src=\"https:\/\/agora.xtec.cat\/ceippax\/wp-content\/uploads\/usu1317\/2023\/04\/cerradura-inteligente.png\" alt=\"\" width=\"107\" height=\"107\" srcset=\"https:\/\/agora.xtec.cat\/ceippax\/wp-content\/uploads\/usu1317\/2023\/04\/cerradura-inteligente.png 512w, https:\/\/agora.xtec.cat\/ceippax\/wp-content\/uploads\/usu1317\/2023\/04\/cerradura-inteligente-300x300.png 300w, https:\/\/agora.xtec.cat\/ceippax\/wp-content\/uploads\/usu1317\/2023\/04\/cerradura-inteligente-150x150.png 150w\" sizes=\"auto, (max-width: 107px) 100vw, 107px\" \/><\/td>\n<td style=\"width: 20%; height: 32px; border-style: hidden;\"><img loading=\"lazy\" decoding=\"async\" class=\"aligncenter size-full wp-image-8886\" src=\"https:\/\/agora.xtec.cat\/ceippax\/wp-content\/uploads\/usu1317\/2023\/04\/intelectual.png\" alt=\"\" width=\"512\" height=\"512\" srcset=\"https:\/\/agora.xtec.cat\/ceippax\/wp-content\/uploads\/usu1317\/2023\/04\/intelectual.png 512w, https:\/\/agora.xtec.cat\/ceippax\/wp-content\/uploads\/usu1317\/2023\/04\/intelectual-300x300.png 300w, https:\/\/agora.xtec.cat\/ceippax\/wp-content\/uploads\/usu1317\/2023\/04\/intelectual-150x150.png 150w\" sizes=\"auto, (max-width: 512px) 100vw, 512px\" \/><\/td>\n<\/tr>\n<tr style=\"border-style: hidden;\">\n<td style=\"width: 20%; height: 64px; border-style: hidden; text-align: center;\">\n<h5><strong>INNOVAMAT<\/strong><\/h5>\n<\/td>\n<td style=\"width: 20%; height: 64px; border-style: hidden; text-align: center;\">\n<h5><strong>SCIENCE BITS<\/strong><\/h5>\n<\/td>\n<td style=\"width: 20%; height: 64px; border-style: hidden; text-align: center;\">\n<h5><strong>INCLUSI\u00d3 DIGITAL<\/strong><\/h5>\n<\/td>\n<td style=\"width: 20%; height: 64px; border-style: hidden; text-align: center;\">\n<h5><a href=\"https:\/\/agora.xtec.cat\/ceippax\/internet-segura\/\"><strong>INTERNET SEGURA<\/strong><\/a><\/h5>\n<\/td>\n<td style=\"width: 20%; height: 64px; border-style: hidden; text-align: center;\">\n<h5><strong>PROPIETAT INTELECTUAL<\/strong><\/h5>\n<\/td>\n<\/tr>\n<\/tbody>\n<\/table>\n<p><a title=\"digital iconos\" href=\"https:\/\/www.flaticon.es\/iconos-gratis\/digital\">Digital iconos creados por Freepik &#8211; Flaticon<\/a><\/p>\n","protected":false},"excerpt":{"rendered":"<p>PLA D&#8217;ACOLLIDA DIGITAL DE L&#8217;ALUMNAT DESPLEGAMENT COMPET\u00c8NCIA DIGITAL PLA DE COMUNICACI\u00d3 CLASSROOM RECURSOS DIGITALS INNOVAMAT SCIENCE BITS INCLUSI\u00d3 DIGITAL INTERNET SEGURA PROPIETAT INTELECTUAL Digital iconos creados por Freepik &#8211; Flaticon<\/p>\n","protected":false},"author":28,"featured_media":0,"parent":8425,"menu_order":0,"comment_status":"closed","ping_status":"closed","template":"page-templates\/side-menu.php","meta":{"_bbp_topic_count":0,"_bbp_reply_count":0,"_bbp_total_topic_count":0,"_bbp_total_reply_count":0,"_bbp_voice_count":0,"_bbp_anonymous_reply_count":0,"_bbp_topic_count_hidden":0,"_bbp_reply_count_hidden":0,"_bbp_forum_subforum_count":0,"site-sidebar-layout":"default","site-content-layout":"","ast-site-content-layout":"","site-content-style":"default","site-sidebar-style":"default","ast-global-header-display":"","ast-banner-title-visibility":"","ast-main-header-display":"","ast-hfb-above-header-display":"","ast-hfb-below-header-display":"","ast-hfb-mobile-header-display":"","site-post-title":"","ast-breadcrumbs-content":"","ast-featured-img":"","footer-sml-layout":"","theme-transparent-header-meta":"","adv-header-id-meta":"","stick-header-meta":"","header-above-stick-meta":"","header-main-stick-meta":"","header-below-stick-meta":"","astra-migrate-meta-layouts":"default","ast-page-background-enabled":"default","ast-page-background-meta":{"desktop":{"background-color":"var(--ast-global-color-4)","background-image":"","background-repeat":"repeat","background-position":"center center","background-size":"auto","background-attachment":"scroll","background-type":"","background-media":"","overlay-type":"","overlay-color":"","overlay-opacity":"","overlay-gradient":""},"tablet":{"background-color":"","background-image":"","background-repeat":"repeat","background-position":"center center","background-size":"auto","background-attachment":"scroll","background-type":"","background-media":"","overlay-type":"","overlay-color":"","overlay-opacity":"","overlay-gradient":""},"mobile":{"background-color":"","background-image":"","background-repeat":"repeat","background-position":"center center","background-size":"auto","background-attachment":"scroll","background-type":"","background-media":"","overlay-type":"","overlay-color":"","overlay-opacity":"","overlay-gradient":""}},"ast-content-background-meta":{"desktop":{"background-color":"var(--ast-global-color-5)","background-image":"","background-repeat":"repeat","background-position":"center center","background-size":"auto","background-attachment":"scroll","background-type":"","background-media":"","overlay-type":"","overlay-color":"","overlay-opacity":"","overlay-gradient":""},"tablet":{"background-color":"var(--ast-global-color-5)","background-image":"","background-repeat":"repeat","background-position":"center center","background-size":"auto","background-attachment":"scroll","background-type":"","background-media":"","overlay-type":"","overlay-color":"","overlay-opacity":"","overlay-gradient":""},"mobile":{"background-color":"var(--ast-global-color-5)","background-image":"","background-repeat":"repeat","background-position":"center center","background-size":"auto","background-attachment":"scroll","background-type":"","background-media":"","overlay-type":"","overlay-color":"","overlay-opacity":"","overlay-gradient":""}},"footnotes":""},"class_list":["post-8436","page","type-page","status-publish","hentry"],"post_mailing_queue_ids":[],"_links":{"self":[{"href":"https:\/\/agora.xtec.cat\/ceippax\/wp-json\/wp\/v2\/pages\/8436","targetHints":{"allow":["GET"]}}],"collection":[{"href":"https:\/\/agora.xtec.cat\/ceippax\/wp-json\/wp\/v2\/pages"}],"about":[{"href":"https:\/\/agora.xtec.cat\/ceippax\/wp-json\/wp\/v2\/types\/page"}],"author":[{"embeddable":true,"href":"https:\/\/agora.xtec.cat\/ceippax\/wp-json\/wp\/v2\/users\/28"}],"replies":[{"embeddable":true,"href":"https:\/\/agora.xtec.cat\/ceippax\/wp-json\/wp\/v2\/comments?post=8436"}],"version-history":[{"count":4,"href":"https:\/\/agora.xtec.cat\/ceippax\/wp-json\/wp\/v2\/pages\/8436\/revisions"}],"predecessor-version":[{"id":8959,"href":"https:\/\/agora.xtec.cat\/ceippax\/wp-json\/wp\/v2\/pages\/8436\/revisions\/8959"}],"up":[{"embeddable":true,"href":"https:\/\/agora.xtec.cat\/ceippax\/wp-json\/wp\/v2\/pages\/8425"}],"wp:attachment":[{"href":"https:\/\/agora.xtec.cat\/ceippax\/wp-json\/wp\/v2\/media?parent=8436"}],"curies":[{"name":"wp","href":"https:\/\/api.w.org\/{rel}","templated":true}]}}