{"id":8432,"date":"2022-03-30T22:04:56","date_gmt":"2022-03-30T20:04:56","guid":{"rendered":"https:\/\/agora.xtec.cat\/ceippax\/?page_id=8432"},"modified":"2023-05-09T21:28:44","modified_gmt":"2023-05-09T19:28:44","slug":"centre","status":"publish","type":"page","link":"https:\/\/agora.xtec.cat\/ceippax\/estrategia-digital-de-centre\/cultura-digital\/centre\/","title":{"rendered":"Centre"},"content":{"rendered":"<table style=\"width: 100%; border-collapse: collapse; border-style: hidden; height: 234px;\">\n<tbody>\n<tr style=\"border-style: none;\">\n<td style=\"width: 20%; border-style: none; height: 156px;\"><img loading=\"lazy\" decoding=\"async\" class=\"aligncenter wp-image-8867\" src=\"https:\/\/agora.xtec.cat\/ceippax\/wp-content\/uploads\/usu1317\/2023\/04\/grupo.png\" alt=\"\" width=\"161\" height=\"161\" srcset=\"https:\/\/agora.xtec.cat\/ceippax\/wp-content\/uploads\/usu1317\/2023\/04\/grupo.png 512w, https:\/\/agora.xtec.cat\/ceippax\/wp-content\/uploads\/usu1317\/2023\/04\/grupo-300x300.png 300w, https:\/\/agora.xtec.cat\/ceippax\/wp-content\/uploads\/usu1317\/2023\/04\/grupo-150x150.png 150w\" sizes=\"auto, (max-width: 161px) 100vw, 161px\" \/><\/td>\n<td style=\"width: 20%; border-style: none; height: 156px;\"><a href=\"https:\/\/agora.xtec.cat\/ceippax\/estrategia-digital-de-centre\/cultura-digital\/centre\/documents-cultura-digital-centre\/\"><img loading=\"lazy\" decoding=\"async\" class=\"size-thumbnail wp-image-8550 aligncenter\" src=\"https:\/\/agora.xtec.cat\/ceippax\/wp-content\/uploads\/usu1317\/2022\/05\/documentos-150x150.png\" alt=\"\" width=\"150\" height=\"150\" srcset=\"https:\/\/agora.xtec.cat\/ceippax\/wp-content\/uploads\/usu1317\/2022\/05\/documentos-150x150.png 150w, https:\/\/agora.xtec.cat\/ceippax\/wp-content\/uploads\/usu1317\/2022\/05\/documentos-300x300.png 300w, https:\/\/agora.xtec.cat\/ceippax\/wp-content\/uploads\/usu1317\/2022\/05\/documentos.png 512w\" sizes=\"auto, (max-width: 150px) 100vw, 150px\" \/><\/a><\/td>\n<td style=\"width: 20%; border-style: none; height: 156px;\"><img loading=\"lazy\" decoding=\"async\" class=\"size-thumbnail wp-image-8573 aligncenter\" style=\"background-color: #f9f9f9; border: none; color: #2795b6;\" src=\"https:\/\/agora.xtec.cat\/ceippax\/wp-content\/uploads\/usu1317\/2022\/05\/campana-digital-150x150.png\" alt=\"\" width=\"150\" height=\"150\" srcset=\"https:\/\/agora.xtec.cat\/ceippax\/wp-content\/uploads\/usu1317\/2022\/05\/campana-digital-150x150.png 150w, https:\/\/agora.xtec.cat\/ceippax\/wp-content\/uploads\/usu1317\/2022\/05\/campana-digital-300x300.png 300w, https:\/\/agora.xtec.cat\/ceippax\/wp-content\/uploads\/usu1317\/2022\/05\/campana-digital.png 512w\" sizes=\"auto, (max-width: 150px) 100vw, 150px\" \/><\/td>\n<td style=\"width: 20%; border-style: none; height: 156px;\"><img loading=\"lazy\" decoding=\"async\" class=\"wp-image-8578 aligncenter\" src=\"https:\/\/agora.xtec.cat\/ceippax\/wp-content\/uploads\/usu1317\/2022\/05\/DHD-GZhX_400x400-150x150.png\" alt=\"\" width=\"125\" height=\"125\" srcset=\"https:\/\/agora.xtec.cat\/ceippax\/wp-content\/uploads\/usu1317\/2022\/05\/DHD-GZhX_400x400-150x150.png 150w, https:\/\/agora.xtec.cat\/ceippax\/wp-content\/uploads\/usu1317\/2022\/05\/DHD-GZhX_400x400.png 240w\" sizes=\"auto, (max-width: 125px) 100vw, 125px\" \/><\/td>\n<td style=\"width: 20%; border-style: none; height: 156px;\"><a href=\"https:\/\/agora.xtec.cat\/ceippax\/estrategia-digital-de-centre\/cultura-digital\/families\/guies-dinantia\/\"><img loading=\"lazy\" decoding=\"async\" class=\"size-thumbnail wp-image-8562 aligncenter\" style=\"background-color: #f9f9f9;\" src=\"https:\/\/agora.xtec.cat\/ceippax\/wp-content\/uploads\/usu1317\/2022\/05\/unnamed-150x150.png\" alt=\"\" width=\"150\" height=\"150\" srcset=\"https:\/\/agora.xtec.cat\/ceippax\/wp-content\/uploads\/usu1317\/2022\/05\/unnamed-150x150.png 150w, https:\/\/agora.xtec.cat\/ceippax\/wp-content\/uploads\/usu1317\/2022\/05\/unnamed-300x300.png 300w, https:\/\/agora.xtec.cat\/ceippax\/wp-content\/uploads\/usu1317\/2022\/05\/unnamed.png 512w\" sizes=\"auto, (max-width: 150px) 100vw, 150px\" \/><\/a><\/td>\n<\/tr>\n<tr style=\"border-style: none;\">\n<td style=\"width: 20%; border-style: none; text-align: center; height: 78px;\">\n<h5><a href=\"https:\/\/agora.xtec.cat\/ceippax\/estrategia-digital-de-centre\/cultura-digital\/professorat\/pla-de-comunicacio\/\"><strong>PLA DE COMUNICACI\u00d3<\/strong><\/a><\/h5>\n<\/td>\n<td style=\"width: 20%; border-style: none; text-align: center; height: 78px;\">\n<h5><a href=\"https:\/\/agora.xtec.cat\/ceippax\/estrategia-digital-de-centre\/cultura-digital\/centre\/documents-cultura-digital-centre\/\"><strong>NORMATIVA I ASPECTES METODOL\u00d2GICS \u00c0MBIT DIGITAL<\/strong><\/a><\/h5>\n<\/td>\n<td style=\"width: 20%; border-style: none; text-align: center; height: 78px;\">\n<h5><a href=\"https:\/\/agora.xtec.cat\/ceippax\/estrategia-digital-de-centre\/cultura-digital\/centre\/recursos-digitals\/\"><strong>RECURSOS DIGITALS<\/strong><\/a><\/h5>\n<\/td>\n<td style=\"width: 20%; border-style: none; text-align: center; height: 78px;\">\n<h5><a href=\"https:\/\/agora.xtec.cat\/ceippax\/estrategia-digital-de-centre\/cultura-digital\/centre\/web-de-lescola\/\"><strong>WEB DE L&#8217;ESCOLA<\/strong><\/a><\/h5>\n<\/td>\n<td style=\"width: 20%; border-style: none; text-align: center; height: 78px;\">\n<h5><a href=\"https:\/\/agora.xtec.cat\/ceippax\/estrategia-digital-de-centre\/cultura-digital\/families\/guies-dinantia\/\"><strong>DINANTIA<\/strong><\/a><\/h5>\n<\/td>\n<\/tr>\n<\/tbody>\n<\/table>\n<table style=\"width: 100%; border-collapse: collapse; border-style: hidden; height: 234px;\">\n<tbody>\n<tr style=\"border-style: none;\">\n<td style=\"width: 20%; border-style: none; height: 156px;\"><img loading=\"lazy\" decoding=\"async\" class=\"wp-image-8576 aligncenter\" src=\"https:\/\/agora.xtec.cat\/ceippax\/wp-content\/uploads\/usu1317\/2022\/05\/descarga-150x150.jpg\" alt=\"\" width=\"181\" height=\"181\" \/><\/td>\n<td style=\"width: 20%; border-style: none; height: 156px;\"><\/td>\n<td style=\"width: 20%; border-style: none; height: 156px;\"><\/td>\n<td style=\"width: 20%; border-style: none; height: 156px;\"><\/td>\n<td style=\"width: 20%; border-style: none; height: 156px;\"><\/td>\n<\/tr>\n<tr style=\"border-style: none;\">\n<td style=\"width: 20%; border-style: none; text-align: center; height: 78px;\">\n<h5><a href=\"https:\/\/agora.xtec.cat\/ceippax\/?page_id=8961&amp;preview=true\"><strong>INSTAGRAM<\/strong><\/a><\/h5>\n<\/td>\n<td style=\"width: 20%; border-style: none; text-align: center; height: 78px;\"><\/td>\n<td style=\"width: 20%; border-style: none; text-align: center; height: 78px;\"><\/td>\n<td style=\"width: 20%; border-style: none; text-align: center; height: 78px;\"><\/td>\n<td style=\"width: 20%; border-style: none; text-align: center; height: 78px;\"><\/td>\n<\/tr>\n<\/tbody>\n<\/table>\n<p><a title=\"digital iconos\" href=\"https:\/\/www.flaticon.es\/iconos-gratis\/digital\">Digital iconos creados por Freepik &#8211; Flaticon<\/a><\/p>\n","protected":false},"excerpt":{"rendered":"<p>PLA DE COMUNICACI\u00d3 NORMATIVA I ASPECTES METODOL\u00d2GICS \u00c0MBIT DIGITAL RECURSOS DIGITALS WEB DE L&#8217;ESCOLA DINANTIA INSTAGRAM Digital iconos creados por Freepik &#8211; Flaticon<\/p>\n","protected":false},"author":28,"featured_media":0,"parent":8425,"menu_order":0,"comment_status":"closed","ping_status":"closed","template":"page-templates\/side-menu.php","meta":{"_bbp_topic_count":0,"_bbp_reply_count":0,"_bbp_total_topic_count":0,"_bbp_total_reply_count":0,"_bbp_voice_count":0,"_bbp_anonymous_reply_count":0,"_bbp_topic_count_hidden":0,"_bbp_reply_count_hidden":0,"_bbp_forum_subforum_count":0,"site-sidebar-layout":"default","site-content-layout":"","ast-site-content-layout":"","site-content-style":"default","site-sidebar-style":"default","ast-global-header-display":"","ast-banner-title-visibility":"","ast-main-header-display":"","ast-hfb-above-header-display":"","ast-hfb-below-header-display":"","ast-hfb-mobile-header-display":"","site-post-title":"","ast-breadcrumbs-content":"","ast-featured-img":"","footer-sml-layout":"","theme-transparent-header-meta":"","adv-header-id-meta":"","stick-header-meta":"","header-above-stick-meta":"","header-main-stick-meta":"","header-below-stick-meta":"","astra-migrate-meta-layouts":"default","ast-page-background-enabled":"default","ast-page-background-meta":{"desktop":{"background-color":"var(--ast-global-color-4)","background-image":"","background-repeat":"repeat","background-position":"center center","background-size":"auto","background-attachment":"scroll","background-type":"","background-media":"","overlay-type":"","overlay-color":"","overlay-opacity":"","overlay-gradient":""},"tablet":{"background-color":"","background-image":"","background-repeat":"repeat","background-position":"center center","background-size":"auto","background-attachment":"scroll","background-type":"","background-media":"","overlay-type":"","overlay-color":"","overlay-opacity":"","overlay-gradient":""},"mobile":{"background-color":"","background-image":"","background-repeat":"repeat","background-position":"center center","background-size":"auto","background-attachment":"scroll","background-type":"","background-media":"","overlay-type":"","overlay-color":"","overlay-opacity":"","overlay-gradient":""}},"ast-content-background-meta":{"desktop":{"background-color":"var(--ast-global-color-5)","background-image":"","background-repeat":"repeat","background-position":"center center","background-size":"auto","background-attachment":"scroll","background-type":"","background-media":"","overlay-type":"","overlay-color":"","overlay-opacity":"","overlay-gradient":""},"tablet":{"background-color":"var(--ast-global-color-5)","background-image":"","background-repeat":"repeat","background-position":"center center","background-size":"auto","background-attachment":"scroll","background-type":"","background-media":"","overlay-type":"","overlay-color":"","overlay-opacity":"","overlay-gradient":""},"mobile":{"background-color":"var(--ast-global-color-5)","background-image":"","background-repeat":"repeat","background-position":"center center","background-size":"auto","background-attachment":"scroll","background-type":"","background-media":"","overlay-type":"","overlay-color":"","overlay-opacity":"","overlay-gradient":""}},"footnotes":""},"class_list":["post-8432","page","type-page","status-publish","hentry"],"post_mailing_queue_ids":[],"_links":{"self":[{"href":"https:\/\/agora.xtec.cat\/ceippax\/wp-json\/wp\/v2\/pages\/8432","targetHints":{"allow":["GET"]}}],"collection":[{"href":"https:\/\/agora.xtec.cat\/ceippax\/wp-json\/wp\/v2\/pages"}],"about":[{"href":"https:\/\/agora.xtec.cat\/ceippax\/wp-json\/wp\/v2\/types\/page"}],"author":[{"embeddable":true,"href":"https:\/\/agora.xtec.cat\/ceippax\/wp-json\/wp\/v2\/users\/28"}],"replies":[{"embeddable":true,"href":"https:\/\/agora.xtec.cat\/ceippax\/wp-json\/wp\/v2\/comments?post=8432"}],"version-history":[{"count":4,"href":"https:\/\/agora.xtec.cat\/ceippax\/wp-json\/wp\/v2\/pages\/8432\/revisions"}],"predecessor-version":[{"id":8963,"href":"https:\/\/agora.xtec.cat\/ceippax\/wp-json\/wp\/v2\/pages\/8432\/revisions\/8963"}],"up":[{"embeddable":true,"href":"https:\/\/agora.xtec.cat\/ceippax\/wp-json\/wp\/v2\/pages\/8425"}],"wp:attachment":[{"href":"https:\/\/agora.xtec.cat\/ceippax\/wp-json\/wp\/v2\/media?parent=8432"}],"curies":[{"name":"wp","href":"https:\/\/api.w.org\/{rel}","templated":true}]}}