{"id":8430,"date":"2022-03-30T22:04:18","date_gmt":"2022-03-30T20:04:18","guid":{"rendered":"https:\/\/agora.xtec.cat\/ceippax\/?page_id=8430"},"modified":"2023-04-18T23:52:32","modified_gmt":"2023-04-18T21:52:32","slug":"objectius","status":"publish","type":"page","link":"https:\/\/agora.xtec.cat\/ceippax\/estrategia-digital-de-centre\/estrategia-digital\/objectius\/","title":{"rendered":"Objectius"},"content":{"rendered":"<p>Amb els resultats extrets de la diagnosi, la <strong>Comissi\u00f3 d&#8217;Estrat\u00e8gia Digital del Centre<\/strong> ha formulat els seg\u00fcents <strong>objectius generals<\/strong> a desenvolupar els propers cursos:<\/p>\n<ul>\n<li>Revisar i implementar les programacions did\u00e0ctiques per l\u2019assoliment de la compet\u00e8ncia digital de l&#8217;alumnat, d\u2019acord amb el nou curr\u00edculum.<\/li>\n<li>Dissenyar estrat\u00e8gies de suport per la transfer\u00e8ncia a l\u2019aula de la formaci\u00f3 digital del professorat.<\/li>\n<li>Consensuar, definir i desenvolupar l&#8217;\u00fas de l&#8217;EVA de centre per nivells educatius.<\/li>\n<li>Revisar i millorar la documentaci\u00f3 relativa la integraci\u00f3 digital de l\u2019alumnat, professorat i fam\u00edlies.<\/li>\n<li>Dissenyar, implementar i consolidar projectes d\u2019innovaci\u00f3 basats en tecnologies digitals.<\/li>\n<li>Revisar i vetllar per la seguretat i privacitat de la gesti\u00f3 documental del centre.<\/li>\n<li>Actualitzar les NOFC d\u2019acord amb l\u2019Estrat\u00e8gia Digital de Centre.<\/li>\n<\/ul>\n<div class=\"container-wrapper-genially\" style=\"position: relative; min-height: 400px; max-width: 100%;\">\n<p><video class=\"loader-genially\" style=\"position: absolute; top: 45%; left: 50%; transform: translate(-50%, -50%); width: 80px; height: 80px; margin-bottom: 10%;\" autoplay=\"autoplay\" loop=\"loop\" muted=\"muted\" width=\"300\" height=\"150\"><source src=\"https:\/\/static.genial.ly\/resources\/panel-loader-low.mp4\" type=\"video\/mp4\" \/>Your browser does not support the video tag.<\/video><\/p>\n<div id=\"62856071787be10012a92cb4\" class=\"genially-embed\" style=\"margin: 0px auto; position: relative; height: auto; width: 100%;\"><\/div>\n<\/div>\n<p><script>(function (d) { var js, id = \"genially-embed-js\", ref = d.getElementsByTagName(\"script\")[0]; if (d.getElementById(id)) { return; } js = d.createElement(\"script\"); js.id = id; js.async = true; js.src = \"https:\/\/view.genial.ly\/static\/embed\/embed.js\"; ref.parentNode.insertBefore(js, ref); }(document));<\/script><\/p>\n<p><iframe src=\"https:\/\/docs.google.com\/spreadsheets\/d\/e\/2PACX-1vSeVNGEa7W9Naq9Ki9zVNQaaXgslOmc2BsDf_7P9kIYMPtcTJrYm3PYWR4StP9ycy7qjSJNbxWRQZsM\/pubhtml?gid=0&amp;single=true&amp;widget=true&amp;headers=false\"width=\"900\" height=\"450\" frameborder=\"0\" scrolling=\"sin\"><\/iframe><\/p>\n","protected":false},"excerpt":{"rendered":"<p>Amb els resultats extrets de la diagnosi, la Comissi\u00f3 d&#8217;Estrat\u00e8gia Digital del Centre ha formulat els seg\u00fcents objectius generals a desenvolupar els propers cursos: Revisar i implementar les programacions did\u00e0ctiques per l\u2019assoliment de la compet\u00e8ncia digital de l&#8217;alumnat, d\u2019acord amb el nou curr\u00edculum. Dissenyar estrat\u00e8gies de suport per la transfer\u00e8ncia a l\u2019aula de la formaci\u00f3 [&hellip;]<\/p>\n","protected":false},"author":28,"featured_media":0,"parent":8423,"menu_order":0,"comment_status":"closed","ping_status":"closed","template":"page-templates\/side-menu.php","meta":{"_bbp_topic_count":0,"_bbp_reply_count":0,"_bbp_total_topic_count":0,"_bbp_total_reply_count":0,"_bbp_voice_count":0,"_bbp_anonymous_reply_count":0,"_bbp_topic_count_hidden":0,"_bbp_reply_count_hidden":0,"_bbp_forum_subforum_count":0,"site-sidebar-layout":"default","site-content-layout":"","ast-site-content-layout":"","site-content-style":"default","site-sidebar-style":"default","ast-global-header-display":"","ast-banner-title-visibility":"","ast-main-header-display":"","ast-hfb-above-header-display":"","ast-hfb-below-header-display":"","ast-hfb-mobile-header-display":"","site-post-title":"","ast-breadcrumbs-content":"","ast-featured-img":"","footer-sml-layout":"","theme-transparent-header-meta":"","adv-header-id-meta":"","stick-header-meta":"","header-above-stick-meta":"","header-main-stick-meta":"","header-below-stick-meta":"","astra-migrate-meta-layouts":"default","ast-page-background-enabled":"default","ast-page-background-meta":{"desktop":{"background-color":"var(--ast-global-color-4)","background-image":"","background-repeat":"repeat","background-position":"center center","background-size":"auto","background-attachment":"scroll","background-type":"","background-media":"","overlay-type":"","overlay-color":"","overlay-opacity":"","overlay-gradient":""},"tablet":{"background-color":"","background-image":"","background-repeat":"repeat","background-position":"center center","background-size":"auto","background-attachment":"scroll","background-type":"","background-media":"","overlay-type":"","overlay-color":"","overlay-opacity":"","overlay-gradient":""},"mobile":{"background-color":"","background-image":"","background-repeat":"repeat","background-position":"center center","background-size":"auto","background-attachment":"scroll","background-type":"","background-media":"","overlay-type":"","overlay-color":"","overlay-opacity":"","overlay-gradient":""}},"ast-content-background-meta":{"desktop":{"background-color":"var(--ast-global-color-5)","background-image":"","background-repeat":"repeat","background-position":"center center","background-size":"auto","background-attachment":"scroll","background-type":"","background-media":"","overlay-type":"","overlay-color":"","overlay-opacity":"","overlay-gradient":""},"tablet":{"background-color":"var(--ast-global-color-5)","background-image":"","background-repeat":"repeat","background-position":"center center","background-size":"auto","background-attachment":"scroll","background-type":"","background-media":"","overlay-type":"","overlay-color":"","overlay-opacity":"","overlay-gradient":""},"mobile":{"background-color":"var(--ast-global-color-5)","background-image":"","background-repeat":"repeat","background-position":"center center","background-size":"auto","background-attachment":"scroll","background-type":"","background-media":"","overlay-type":"","overlay-color":"","overlay-opacity":"","overlay-gradient":""}},"footnotes":""},"class_list":["post-8430","page","type-page","status-publish","hentry"],"post_mailing_queue_ids":[],"_links":{"self":[{"href":"https:\/\/agora.xtec.cat\/ceippax\/wp-json\/wp\/v2\/pages\/8430","targetHints":{"allow":["GET"]}}],"collection":[{"href":"https:\/\/agora.xtec.cat\/ceippax\/wp-json\/wp\/v2\/pages"}],"about":[{"href":"https:\/\/agora.xtec.cat\/ceippax\/wp-json\/wp\/v2\/types\/page"}],"author":[{"embeddable":true,"href":"https:\/\/agora.xtec.cat\/ceippax\/wp-json\/wp\/v2\/users\/28"}],"replies":[{"embeddable":true,"href":"https:\/\/agora.xtec.cat\/ceippax\/wp-json\/wp\/v2\/comments?post=8430"}],"version-history":[{"count":3,"href":"https:\/\/agora.xtec.cat\/ceippax\/wp-json\/wp\/v2\/pages\/8430\/revisions"}],"predecessor-version":[{"id":8864,"href":"https:\/\/agora.xtec.cat\/ceippax\/wp-json\/wp\/v2\/pages\/8430\/revisions\/8864"}],"up":[{"embeddable":true,"href":"https:\/\/agora.xtec.cat\/ceippax\/wp-json\/wp\/v2\/pages\/8423"}],"wp:attachment":[{"href":"https:\/\/agora.xtec.cat\/ceippax\/wp-json\/wp\/v2\/media?parent=8430"}],"curies":[{"name":"wp","href":"https:\/\/api.w.org\/{rel}","templated":true}]}}