{"id":8425,"date":"2022-03-30T22:02:12","date_gmt":"2022-03-30T20:02:12","guid":{"rendered":"https:\/\/agora.xtec.cat\/ceippax\/?page_id=8425"},"modified":"2023-04-26T17:56:45","modified_gmt":"2023-04-26T15:56:45","slug":"cultura-digital","status":"publish","type":"page","link":"https:\/\/agora.xtec.cat\/ceippax\/estrategia-digital-de-centre\/cultura-digital\/","title":{"rendered":"Cultura Digital"},"content":{"rendered":"<p>La\u00a0<strong>cultura digital<\/strong>\u00a0fa refer\u00e8ncia a totes les expressions, comunicacions i interaccions que es porten a terme o neixen a partir de la tecnologia o els mitjans digitals.<\/p>\n<p>La usabilitat dels dispositius de forma generalitzada per la ciutadania ha proporcionat noves din\u00e0miques de comunicaci\u00f3, noves formes d\u2019educaci\u00f3 no formal, i noves expressions art\u00edstiques on la tecnologia \u00e9s l\u2019eix vehicular.<\/p>\n<p>A la nostra escola podem definir 4 grans \u00e0mbits pel que fa a la cultura digital del centre:<\/p>\n<p>&nbsp;<\/p>\n<table style=\"border-collapse: collapse; width: 100%;\">\n<tbody>\n<tr>\n<td style=\"width: 25%; text-align: center; border-style: hidden;\">\n<h3><a href=\"https:\/\/agora.xtec.cat\/ceippax\/estrategia-digital-de-centre\/cultura-digital\/centre\/\"><strong><img loading=\"lazy\" decoding=\"async\" class=\"alignnone wp-image-8507\" src=\"https:\/\/agora.xtec.cat\/ceippax\/wp-content\/uploads\/usu1317\/2022\/05\/2602414-150x150.png\" alt=\"\" width=\"123\" height=\"123\" srcset=\"https:\/\/agora.xtec.cat\/ceippax\/wp-content\/uploads\/usu1317\/2022\/05\/2602414-150x150.png 150w, https:\/\/agora.xtec.cat\/ceippax\/wp-content\/uploads\/usu1317\/2022\/05\/2602414-300x300.png 300w, https:\/\/agora.xtec.cat\/ceippax\/wp-content\/uploads\/usu1317\/2022\/05\/2602414.png 512w\" sizes=\"auto, (max-width: 123px) 100vw, 123px\" \/><\/strong><\/a><\/h3>\n<h3><a href=\"https:\/\/agora.xtec.cat\/ceippax\/estrategia-digital-de-centre\/cultura-digital\/centre\/\"><strong>CENTRE<\/strong><\/a><\/h3>\n<\/td>\n<td style=\"width: 25%; text-align: center; border-style: hidden;\">\n<h3><a href=\"https:\/\/agora.xtec.cat\/ceippax\/estrategia-digital-de-centre\/cultura-digital\/professorat\/\"><strong style=\"font-size: 1.6875em;\"><img loading=\"lazy\" decoding=\"async\" class=\" wp-image-8513 aligncenter\" src=\"https:\/\/agora.xtec.cat\/ceippax\/wp-content\/uploads\/usu1317\/2022\/05\/5369664-150x150.png\" alt=\"\" width=\"123\" height=\"123\" srcset=\"https:\/\/agora.xtec.cat\/ceippax\/wp-content\/uploads\/usu1317\/2022\/05\/5369664-150x150.png 150w, https:\/\/agora.xtec.cat\/ceippax\/wp-content\/uploads\/usu1317\/2022\/05\/5369664-300x300.png 300w, https:\/\/agora.xtec.cat\/ceippax\/wp-content\/uploads\/usu1317\/2022\/05\/5369664.png 512w\" sizes=\"auto, (max-width: 123px) 100vw, 123px\" \/><\/strong><strong>PROFESSORAT<\/strong><\/a><\/h3>\n<\/td>\n<td style=\"width: 25%; text-align: center; border-style: hidden;\">\n<h3><a href=\"https:\/\/agora.xtec.cat\/ceippax\/estrategia-digital-de-centre\/cultura-digital\/alumnat\/\"><strong><img loading=\"lazy\" decoding=\"async\" class=\" wp-image-8512 aligncenter\" src=\"https:\/\/agora.xtec.cat\/ceippax\/wp-content\/uploads\/usu1317\/2022\/05\/2995620-150x150.png\" alt=\"\" width=\"125\" height=\"125\" srcset=\"https:\/\/agora.xtec.cat\/ceippax\/wp-content\/uploads\/usu1317\/2022\/05\/2995620-150x150.png 150w, https:\/\/agora.xtec.cat\/ceippax\/wp-content\/uploads\/usu1317\/2022\/05\/2995620-300x300.png 300w, https:\/\/agora.xtec.cat\/ceippax\/wp-content\/uploads\/usu1317\/2022\/05\/2995620.png 512w\" sizes=\"auto, (max-width: 125px) 100vw, 125px\" \/><\/strong><\/a><\/h3>\n<h3><a href=\"https:\/\/agora.xtec.cat\/ceippax\/estrategia-digital-de-centre\/cultura-digital\/alumnat\/\"><strong>ALUMNAT<\/strong><\/a><\/h3>\n<\/td>\n<td style=\"width: 25%; text-align: center; border-style: hidden;\">\n<h3><a href=\"https:\/\/agora.xtec.cat\/ceippax\/estrategia-digital-de-centre\/cultura-digital\/families\/\"><strong style=\"font-size: 1.6875em;\"><img loading=\"lazy\" decoding=\"async\" class=\" wp-image-8511 aligncenter\" src=\"https:\/\/agora.xtec.cat\/ceippax\/wp-content\/uploads\/usu1317\/2022\/05\/1476233-150x150.png\" alt=\"\" width=\"123\" height=\"123\" srcset=\"https:\/\/agora.xtec.cat\/ceippax\/wp-content\/uploads\/usu1317\/2022\/05\/1476233-150x150.png 150w, https:\/\/agora.xtec.cat\/ceippax\/wp-content\/uploads\/usu1317\/2022\/05\/1476233-300x300.png 300w, https:\/\/agora.xtec.cat\/ceippax\/wp-content\/uploads\/usu1317\/2022\/05\/1476233.png 512w\" sizes=\"auto, (max-width: 123px) 100vw, 123px\" \/><\/strong><strong>FAM\u00cdLIES<\/strong><\/a><\/h3>\n<\/td>\n<\/tr>\n<\/tbody>\n<\/table>\n<p>I<a title=\"colegio iconos\" href=\"https:\/\/www.flaticon.es\/iconos-gratis\/colegio\">conos creados por Freepik &#8211; Flaticon<\/a><\/p>\n","protected":false},"excerpt":{"rendered":"<p>La\u00a0cultura digital\u00a0fa refer\u00e8ncia a totes les expressions, comunicacions i interaccions que es porten a terme o neixen a partir de la tecnologia o els mitjans digitals. La usabilitat dels dispositius de forma generalitzada per la ciutadania ha proporcionat noves din\u00e0miques de comunicaci\u00f3, noves formes d\u2019educaci\u00f3 no formal, i noves expressions art\u00edstiques on la tecnologia \u00e9s [&hellip;]<\/p>\n","protected":false},"author":28,"featured_media":0,"parent":8421,"menu_order":0,"comment_status":"closed","ping_status":"closed","template":"page-templates\/side-menu.php","meta":{"_bbp_topic_count":0,"_bbp_reply_count":0,"_bbp_total_topic_count":0,"_bbp_total_reply_count":0,"_bbp_voice_count":0,"_bbp_anonymous_reply_count":0,"_bbp_topic_count_hidden":0,"_bbp_reply_count_hidden":0,"_bbp_forum_subforum_count":0,"site-sidebar-layout":"default","site-content-layout":"","ast-site-content-layout":"","site-content-style":"default","site-sidebar-style":"default","ast-global-header-display":"","ast-banner-title-visibility":"","ast-main-header-display":"","ast-hfb-above-header-display":"","ast-hfb-below-header-display":"","ast-hfb-mobile-header-display":"","site-post-title":"","ast-breadcrumbs-content":"","ast-featured-img":"","footer-sml-layout":"","theme-transparent-header-meta":"","adv-header-id-meta":"","stick-header-meta":"","header-above-stick-meta":"","header-main-stick-meta":"","header-below-stick-meta":"","astra-migrate-meta-layouts":"default","ast-page-background-enabled":"default","ast-page-background-meta":{"desktop":{"background-color":"var(--ast-global-color-4)","background-image":"","background-repeat":"repeat","background-position":"center center","background-size":"auto","background-attachment":"scroll","background-type":"","background-media":"","overlay-type":"","overlay-color":"","overlay-opacity":"","overlay-gradient":""},"tablet":{"background-color":"","background-image":"","background-repeat":"repeat","background-position":"center center","background-size":"auto","background-attachment":"scroll","background-type":"","background-media":"","overlay-type":"","overlay-color":"","overlay-opacity":"","overlay-gradient":""},"mobile":{"background-color":"","background-image":"","background-repeat":"repeat","background-position":"center center","background-size":"auto","background-attachment":"scroll","background-type":"","background-media":"","overlay-type":"","overlay-color":"","overlay-opacity":"","overlay-gradient":""}},"ast-content-background-meta":{"desktop":{"background-color":"var(--ast-global-color-5)","background-image":"","background-repeat":"repeat","background-position":"center center","background-size":"auto","background-attachment":"scroll","background-type":"","background-media":"","overlay-type":"","overlay-color":"","overlay-opacity":"","overlay-gradient":""},"tablet":{"background-color":"var(--ast-global-color-5)","background-image":"","background-repeat":"repeat","background-position":"center center","background-size":"auto","background-attachment":"scroll","background-type":"","background-media":"","overlay-type":"","overlay-color":"","overlay-opacity":"","overlay-gradient":""},"mobile":{"background-color":"var(--ast-global-color-5)","background-image":"","background-repeat":"repeat","background-position":"center center","background-size":"auto","background-attachment":"scroll","background-type":"","background-media":"","overlay-type":"","overlay-color":"","overlay-opacity":"","overlay-gradient":""}},"footnotes":""},"class_list":["post-8425","page","type-page","status-publish","hentry"],"post_mailing_queue_ids":[],"_links":{"self":[{"href":"https:\/\/agora.xtec.cat\/ceippax\/wp-json\/wp\/v2\/pages\/8425","targetHints":{"allow":["GET"]}}],"collection":[{"href":"https:\/\/agora.xtec.cat\/ceippax\/wp-json\/wp\/v2\/pages"}],"about":[{"href":"https:\/\/agora.xtec.cat\/ceippax\/wp-json\/wp\/v2\/types\/page"}],"author":[{"embeddable":true,"href":"https:\/\/agora.xtec.cat\/ceippax\/wp-json\/wp\/v2\/users\/28"}],"replies":[{"embeddable":true,"href":"https:\/\/agora.xtec.cat\/ceippax\/wp-json\/wp\/v2\/comments?post=8425"}],"version-history":[{"count":3,"href":"https:\/\/agora.xtec.cat\/ceippax\/wp-json\/wp\/v2\/pages\/8425\/revisions"}],"predecessor-version":[{"id":8880,"href":"https:\/\/agora.xtec.cat\/ceippax\/wp-json\/wp\/v2\/pages\/8425\/revisions\/8880"}],"up":[{"embeddable":true,"href":"https:\/\/agora.xtec.cat\/ceippax\/wp-json\/wp\/v2\/pages\/8421"}],"wp:attachment":[{"href":"https:\/\/agora.xtec.cat\/ceippax\/wp-json\/wp\/v2\/media?parent=8425"}],"curies":[{"name":"wp","href":"https:\/\/api.w.org\/{rel}","templated":true}]}}