{"id":8423,"date":"2022-03-30T22:01:49","date_gmt":"2022-03-30T20:01:49","guid":{"rendered":"https:\/\/agora.xtec.cat\/ceippax\/?page_id=8423"},"modified":"2022-05-02T12:03:33","modified_gmt":"2022-05-02T10:03:33","slug":"estrategia-digital","status":"publish","type":"page","link":"https:\/\/agora.xtec.cat\/ceippax\/estrategia-digital-de-centre\/estrategia-digital\/","title":{"rendered":"Estrat\u00e8gia Digital"},"content":{"rendered":"<p>L&#8217;<strong>Estrat\u00e8gia Digital de Centre<\/strong> ha de tenir com a referent el <strong>Pla d\u2019educaci\u00f3 digital de Catalunya<\/strong> (PEDC), on s\u2019indica la necessitat d\u2019assolir la fita d\u2019una societat digitalment competent, fent \u00e8mfasi en l\u2019equitat i tenint en compte l\u2019evoluci\u00f3 del context social i tecnol\u00f2gic. Amb aquest fi a l&#8217;escola Pax s&#8217;ha constitu\u00eft una <strong>comissi\u00f3 d&#8217;estrat\u00e8gia digital de centre<\/strong> formada per mestres dels diferents cicles, el coordinador TAC i la secret\u00e0ria de l&#8217;escola.<\/p>\n<p>La\u00a0<strong>comissi\u00f3 d\u2019estrat\u00e8gia digital de centre<\/strong>\u00a0\u00e9s l\u2019equip encarregat de definir i implementar l\u2019estrat\u00e8gia que vol seguir un centre en relaci\u00f3 amb les tecnologies digitals, amb l\u2019objectiu que l\u2019alumnat, els docents i el centre assoleixin el nivell m\u00e9s alt possible de maduresa i compet\u00e8ncia digital des d\u2019una perspectiva d\u2019innovaci\u00f3 i de millora cont\u00ednua. Per tant, ha de ser, per una banda, un equip impulsor de l\u2019<strong>Estrat\u00e8gia Digital de Centre<\/strong>\u00a0(EDC) i, per l\u2019altra, un equip dinamitzador que faci arribar l\u2019Estrat\u00e8gia Digital a tota la comunitat educativa.<\/p>\n<p>Per tant, les funcions de la comissi\u00f3 \u00e9s l\u2019elaboraci\u00f3 de l\u2019EDC, la planificaci\u00f3 de la seva implementaci\u00f3 i el seu seguiment i avaluaci\u00f3. Per portar a terme tot aix\u00f2, ha de comprendre tots els \u00e0mbits del centre: organitzatius, metodol\u00f2gics, curriculars i comunicatius.<\/p>\n<p>Seguint les indicacions del document definici\u00f3 de l\u2019EDC, la <strong>comissi\u00f3 d&#8217;estrat\u00e8gia digital de centre<\/strong> de l&#8217;escola Pax ha definit <strong>4 fases<\/strong> per la seva definici\u00f3 i implementaci\u00f3:<\/p>\n<table style=\"height: 170px; width: 100%; border-collapse: collapse; border-style: hidden;\">\n<tbody>\n<tr style=\"height: 170px;\">\n<td style=\"width: 25%; height: 170px; border-style: hidden;\">\n<h4><a href=\"https:\/\/agora.xtec.cat\/ceippax\/estrategia-digital-de-centre\/estrategia-digital\/diagnosi\/\"><strong><img loading=\"lazy\" decoding=\"async\" class=\"alignnone size-thumbnail wp-image-8493\" src=\"https:\/\/agora.xtec.cat\/ceippax\/wp-content\/uploads\/usu1317\/2022\/05\/images-2-150x150.jpg\" alt=\"\" width=\"150\" height=\"150\" \/><\/strong><\/a><\/h4>\n<h4><strong>\u00a0 \u00a0DIAGN\u00d2STIC<\/strong><\/h4>\n<\/td>\n<td style=\"width: 25%; height: 170px;\">\n<h4><a href=\"https:\/\/agora.xtec.cat\/ceippax\/estrategia-digital-de-centre\/estrategia-digital\/objectius\/\"><strong><img loading=\"lazy\" decoding=\"async\" class=\"alignnone size-thumbnail wp-image-8494\" src=\"https:\/\/agora.xtec.cat\/ceippax\/wp-content\/uploads\/usu1317\/2022\/05\/610251-150x150.png\" alt=\"\" width=\"150\" height=\"150\" srcset=\"https:\/\/agora.xtec.cat\/ceippax\/wp-content\/uploads\/usu1317\/2022\/05\/610251-150x150.png 150w, https:\/\/agora.xtec.cat\/ceippax\/wp-content\/uploads\/usu1317\/2022\/05\/610251-300x300.png 300w, https:\/\/agora.xtec.cat\/ceippax\/wp-content\/uploads\/usu1317\/2022\/05\/610251.png 512w\" sizes=\"auto, (max-width: 150px) 100vw, 150px\" \/><\/strong><\/a><\/h4>\n<h4><strong>\u00a0 \u00a0OBJECTIUS<\/strong><\/h4>\n<\/td>\n<td style=\"width: 25%; height: 170px; border-style: hidden;\">\n<h4><a href=\"https:\/\/agora.xtec.cat\/ceippax\/estrategia-digital-de-centre\/estrategia-digital\/actuacions\/\"><strong><img loading=\"lazy\" decoding=\"async\" class=\"alignnone size-thumbnail wp-image-8495\" src=\"https:\/\/agora.xtec.cat\/ceippax\/wp-content\/uploads\/usu1317\/2022\/05\/checklist-1295319_1280-150x150.png\" alt=\"\" width=\"150\" height=\"150\" \/><\/strong><\/a><\/h4>\n<h4><strong>\u00a0 \u00a0ACTUACIONS<\/strong><\/h4>\n<\/td>\n<td style=\"width: 25%; height: 170px;\">\n<h4><a href=\"https:\/\/agora.xtec.cat\/ceippax\/estrategia-digital-de-centre\/estrategia-digital\/avaluacio\/\"><strong><img loading=\"lazy\" decoding=\"async\" class=\"alignnone size-thumbnail wp-image-8496\" style=\"font-size: 16px;\" src=\"https:\/\/agora.xtec.cat\/ceippax\/wp-content\/uploads\/usu1317\/2022\/05\/rating-g1a45e4652_1280-150x150.png\" alt=\"\" width=\"150\" height=\"150\" srcset=\"https:\/\/agora.xtec.cat\/ceippax\/wp-content\/uploads\/usu1317\/2022\/05\/rating-g1a45e4652_1280-150x150.png 150w, https:\/\/agora.xtec.cat\/ceippax\/wp-content\/uploads\/usu1317\/2022\/05\/rating-g1a45e4652_1280-300x300.png 300w, https:\/\/agora.xtec.cat\/ceippax\/wp-content\/uploads\/usu1317\/2022\/05\/rating-g1a45e4652_1280-1024x1024.png 1024w, https:\/\/agora.xtec.cat\/ceippax\/wp-content\/uploads\/usu1317\/2022\/05\/rating-g1a45e4652_1280-768x768.png 768w, https:\/\/agora.xtec.cat\/ceippax\/wp-content\/uploads\/usu1317\/2022\/05\/rating-g1a45e4652_1280.png 1280w\" sizes=\"auto, (max-width: 150px) 100vw, 150px\" \/><\/strong><\/a><\/h4>\n<h4><strong>\u00a0 \u00a0AVALUACI\u00d3<\/strong><\/h4>\n<\/td>\n<\/tr>\n<\/tbody>\n<\/table>\n","protected":false},"excerpt":{"rendered":"<p>L&#8217;Estrat\u00e8gia Digital de Centre ha de tenir com a referent el Pla d\u2019educaci\u00f3 digital de Catalunya (PEDC), on s\u2019indica la necessitat d\u2019assolir la fita d\u2019una societat digitalment competent, fent \u00e8mfasi en l\u2019equitat i tenint en compte l\u2019evoluci\u00f3 del context social i tecnol\u00f2gic. Amb aquest fi a l&#8217;escola Pax s&#8217;ha constitu\u00eft una comissi\u00f3 d&#8217;estrat\u00e8gia digital de [&hellip;]<\/p>\n","protected":false},"author":28,"featured_media":0,"parent":8421,"menu_order":0,"comment_status":"closed","ping_status":"closed","template":"page-templates\/side-menu.php","meta":{"_bbp_topic_count":0,"_bbp_reply_count":0,"_bbp_total_topic_count":0,"_bbp_total_reply_count":0,"_bbp_voice_count":0,"_bbp_anonymous_reply_count":0,"_bbp_topic_count_hidden":0,"_bbp_reply_count_hidden":0,"_bbp_forum_subforum_count":0,"site-sidebar-layout":"default","site-content-layout":"","ast-site-content-layout":"","site-content-style":"default","site-sidebar-style":"default","ast-global-header-display":"","ast-banner-title-visibility":"","ast-main-header-display":"","ast-hfb-above-header-display":"","ast-hfb-below-header-display":"","ast-hfb-mobile-header-display":"","site-post-title":"","ast-breadcrumbs-content":"","ast-featured-img":"","footer-sml-layout":"","theme-transparent-header-meta":"","adv-header-id-meta":"","stick-header-meta":"","header-above-stick-meta":"","header-main-stick-meta":"","header-below-stick-meta":"","astra-migrate-meta-layouts":"default","ast-page-background-enabled":"default","ast-page-background-meta":{"desktop":{"background-color":"var(--ast-global-color-4)","background-image":"","background-repeat":"repeat","background-position":"center center","background-size":"auto","background-attachment":"scroll","background-type":"","background-media":"","overlay-type":"","overlay-color":"","overlay-opacity":"","overlay-gradient":""},"tablet":{"background-color":"","background-image":"","background-repeat":"repeat","background-position":"center center","background-size":"auto","background-attachment":"scroll","background-type":"","background-media":"","overlay-type":"","overlay-color":"","overlay-opacity":"","overlay-gradient":""},"mobile":{"background-color":"","background-image":"","background-repeat":"repeat","background-position":"center center","background-size":"auto","background-attachment":"scroll","background-type":"","background-media":"","overlay-type":"","overlay-color":"","overlay-opacity":"","overlay-gradient":""}},"ast-content-background-meta":{"desktop":{"background-color":"var(--ast-global-color-5)","background-image":"","background-repeat":"repeat","background-position":"center center","background-size":"auto","background-attachment":"scroll","background-type":"","background-media":"","overlay-type":"","overlay-color":"","overlay-opacity":"","overlay-gradient":""},"tablet":{"background-color":"var(--ast-global-color-5)","background-image":"","background-repeat":"repeat","background-position":"center center","background-size":"auto","background-attachment":"scroll","background-type":"","background-media":"","overlay-type":"","overlay-color":"","overlay-opacity":"","overlay-gradient":""},"mobile":{"background-color":"var(--ast-global-color-5)","background-image":"","background-repeat":"repeat","background-position":"center center","background-size":"auto","background-attachment":"scroll","background-type":"","background-media":"","overlay-type":"","overlay-color":"","overlay-opacity":"","overlay-gradient":""}},"footnotes":""},"class_list":["post-8423","page","type-page","status-publish","hentry"],"post_mailing_queue_ids":[],"_links":{"self":[{"href":"https:\/\/agora.xtec.cat\/ceippax\/wp-json\/wp\/v2\/pages\/8423","targetHints":{"allow":["GET"]}}],"collection":[{"href":"https:\/\/agora.xtec.cat\/ceippax\/wp-json\/wp\/v2\/pages"}],"about":[{"href":"https:\/\/agora.xtec.cat\/ceippax\/wp-json\/wp\/v2\/types\/page"}],"author":[{"embeddable":true,"href":"https:\/\/agora.xtec.cat\/ceippax\/wp-json\/wp\/v2\/users\/28"}],"replies":[{"embeddable":true,"href":"https:\/\/agora.xtec.cat\/ceippax\/wp-json\/wp\/v2\/comments?post=8423"}],"version-history":[{"count":3,"href":"https:\/\/agora.xtec.cat\/ceippax\/wp-json\/wp\/v2\/pages\/8423\/revisions"}],"predecessor-version":[{"id":8501,"href":"https:\/\/agora.xtec.cat\/ceippax\/wp-json\/wp\/v2\/pages\/8423\/revisions\/8501"}],"up":[{"embeddable":true,"href":"https:\/\/agora.xtec.cat\/ceippax\/wp-json\/wp\/v2\/pages\/8421"}],"wp:attachment":[{"href":"https:\/\/agora.xtec.cat\/ceippax\/wp-json\/wp\/v2\/media?parent=8423"}],"curies":[{"name":"wp","href":"https:\/\/api.w.org\/{rel}","templated":true}]}}