{"id":4570,"date":"2017-01-13T12:10:03","date_gmt":"2017-01-13T11:10:03","guid":{"rendered":"http:\/\/agora.xtec.cat\/ceippax\/?page_id=4570"},"modified":"2018-09-25T06:39:23","modified_gmt":"2018-09-25T04:39:23","slug":"internet-segura","status":"publish","type":"page","link":"https:\/\/agora.xtec.cat\/ceippax\/internet-segura\/","title":{"rendered":"INTERNET SEGURA"},"content":{"rendered":"<p><span style=\"font-family: inherit; font-size: 1em;\">Des de la comissi\u00f3 TAC (Tecnologies de l\u2019aprenentatge i coneixement) us recomanem unes webs molt \u00fatils per fer un \u00fas responsable i segur de les noves tecnologies. Algunes van m\u00e9s adre\u00e7ades cap als infants i les seves fam\u00edlies i d\u2019altres als mestres. Us convidem a fer-hi una una ullada ja que pensem que poden ser del vostre inter\u00e8s.<\/span><\/p>\n<p>&nbsp;<\/p>\n<h2 style=\"text-align: center;\"><strong>FEM UN BON \u00daS D&#8217;INTERNET!<\/strong><\/h2>\n<ul style=\"list-style-type: circle;\">\n<li><strong><a href=\"http:\/\/familiaiescola.gencat.cat\/ca\/educar-creixer-en-familia\/educacio-us-tecnologies\/\">Educaci\u00f3 en l&#8217;\u00fas de les tecnologies (Fam\u00edlia i escola)<\/a><\/strong><\/li>\n<li><strong><a href=\"http:\/\/www.edu365.cat\/internetsegura\/index.htm\">Internet segura edu365.cat (alumnes i families)<\/a><\/strong><\/li>\n<li><strong><a href=\"http:\/\/xtec.gencat.cat\/ca\/recursos\/tecinformacio\/internet_segura\/\">Internet segura a l&#8217;xtec (mestres)<\/a><\/strong><\/li>\n<li><strong><a href=\"https:\/\/internetsegura.cat\/\">Internet + segura<\/a>\u00a0<\/strong><\/li>\n<\/ul>\n<p style=\"text-align: center;\"><iframe loading=\"lazy\" src=\"https:\/\/www.symbaloo.com\/embed\/tac21?bgcolor=000000\" name=\"_symFrame\" width=\"560px\" height=\"510px\" frameborder=\"0\"><\/iframe><\/p>\n<p>&nbsp;<\/p>\n<ul style=\"list-style-type: circle;\">\n<li><strong><a href=\"http:\/\/agora.xtec.cat\/ceippax\/wp-content\/uploads\/usu1317\/2018\/09\/glossari_ciberseguretat_yomo.pdf\" target=\"_blank\" rel=\"noopener\">Glossari de ciberseguretat:<\/a><\/strong> per estar informats sobre qu\u00e8 signifiquen els termes inform\u00e0tics relacionats amb la seguretat a Internet.<\/li>\n<\/ul>\n","protected":false},"excerpt":{"rendered":"<p>Des de la comissi\u00f3 TAC (Tecnologies de l\u2019aprenentatge i coneixement) us recomanem unes webs molt \u00fatils per fer un \u00fas responsable i segur de les noves tecnologies. Algunes van m\u00e9s adre\u00e7ades cap als infants i les seves fam\u00edlies i d\u2019altres als mestres. Us convidem a fer-hi una una ullada ja que pensem que poden ser [&hellip;]<\/p>\n","protected":false},"author":3,"featured_media":0,"parent":0,"menu_order":0,"comment_status":"closed","ping_status":"closed","template":"","meta":{"_bbp_topic_count":0,"_bbp_reply_count":0,"_bbp_total_topic_count":0,"_bbp_total_reply_count":0,"_bbp_voice_count":0,"_bbp_anonymous_reply_count":0,"_bbp_topic_count_hidden":0,"_bbp_reply_count_hidden":0,"_bbp_forum_subforum_count":0,"site-sidebar-layout":"default","site-content-layout":"","ast-site-content-layout":"","site-content-style":"default","site-sidebar-style":"default","ast-global-header-display":"","ast-banner-title-visibility":"","ast-main-header-display":"","ast-hfb-above-header-display":"","ast-hfb-below-header-display":"","ast-hfb-mobile-header-display":"","site-post-title":"","ast-breadcrumbs-content":"","ast-featured-img":"","footer-sml-layout":"","theme-transparent-header-meta":"","adv-header-id-meta":"","stick-header-meta":"","header-above-stick-meta":"","header-main-stick-meta":"","header-below-stick-meta":"","astra-migrate-meta-layouts":"default","ast-page-background-enabled":"default","ast-page-background-meta":{"desktop":{"background-color":"var(--ast-global-color-4)","background-image":"","background-repeat":"repeat","background-position":"center center","background-size":"auto","background-attachment":"scroll","background-type":"","background-media":"","overlay-type":"","overlay-color":"","overlay-opacity":"","overlay-gradient":""},"tablet":{"background-color":"","background-image":"","background-repeat":"repeat","background-position":"center center","background-size":"auto","background-attachment":"scroll","background-type":"","background-media":"","overlay-type":"","overlay-color":"","overlay-opacity":"","overlay-gradient":""},"mobile":{"background-color":"","background-image":"","background-repeat":"repeat","background-position":"center center","background-size":"auto","background-attachment":"scroll","background-type":"","background-media":"","overlay-type":"","overlay-color":"","overlay-opacity":"","overlay-gradient":""}},"ast-content-background-meta":{"desktop":{"background-color":"var(--ast-global-color-5)","background-image":"","background-repeat":"repeat","background-position":"center center","background-size":"auto","background-attachment":"scroll","background-type":"","background-media":"","overlay-type":"","overlay-color":"","overlay-opacity":"","overlay-gradient":""},"tablet":{"background-color":"var(--ast-global-color-5)","background-image":"","background-repeat":"repeat","background-position":"center center","background-size":"auto","background-attachment":"scroll","background-type":"","background-media":"","overlay-type":"","overlay-color":"","overlay-opacity":"","overlay-gradient":""},"mobile":{"background-color":"var(--ast-global-color-5)","background-image":"","background-repeat":"repeat","background-position":"center center","background-size":"auto","background-attachment":"scroll","background-type":"","background-media":"","overlay-type":"","overlay-color":"","overlay-opacity":"","overlay-gradient":""}},"footnotes":""},"class_list":["post-4570","page","type-page","status-publish","hentry"],"post_mailing_queue_ids":[],"_links":{"self":[{"href":"https:\/\/agora.xtec.cat\/ceippax\/wp-json\/wp\/v2\/pages\/4570","targetHints":{"allow":["GET"]}}],"collection":[{"href":"https:\/\/agora.xtec.cat\/ceippax\/wp-json\/wp\/v2\/pages"}],"about":[{"href":"https:\/\/agora.xtec.cat\/ceippax\/wp-json\/wp\/v2\/types\/page"}],"author":[{"embeddable":true,"href":"https:\/\/agora.xtec.cat\/ceippax\/wp-json\/wp\/v2\/users\/3"}],"replies":[{"embeddable":true,"href":"https:\/\/agora.xtec.cat\/ceippax\/wp-json\/wp\/v2\/comments?post=4570"}],"version-history":[{"count":4,"href":"https:\/\/agora.xtec.cat\/ceippax\/wp-json\/wp\/v2\/pages\/4570\/revisions"}],"predecessor-version":[{"id":5928,"href":"https:\/\/agora.xtec.cat\/ceippax\/wp-json\/wp\/v2\/pages\/4570\/revisions\/5928"}],"wp:attachment":[{"href":"https:\/\/agora.xtec.cat\/ceippax\/wp-json\/wp\/v2\/media?parent=4570"}],"curies":[{"name":"wp","href":"https:\/\/api.w.org\/{rel}","templated":true}]}}