{"id":4456,"date":"2008-12-17T16:45:16","date_gmt":"2008-12-17T15:45:16","guid":{"rendered":"http:\/\/blocs.xtec.cat\/ceippax\/el-centre\/el-consell-escolar\/"},"modified":"2008-12-17T16:45:16","modified_gmt":"2008-12-17T15:45:16","slug":"el-consell-escolar-2","status":"publish","type":"page","link":"https:\/\/agora.xtec.cat\/ceippax\/el-centre\/el-consell-escolar-2\/","title":{"rendered":"4.El Consell Escolar"},"content":{"rendered":"<h4><span style=\"color: #008080;\"><strong>COMPOSICI\u00d3\u00a0 2014 (actualitzat gener 2016)<\/strong><\/span><\/h4>\n<p><strong>DIRECTORA: <\/strong> Maria G\u00fcell Ivern<\/p>\n<p><strong>CAP D&#8217;ESTUDIS:<\/strong> Olga Brull Casad\u00f3<\/p>\n<p><strong>SECTOR PARES I MARES:<\/strong><\/p>\n<p>\u00c0ngels Adern Morales<\/p>\n<p>Alba Potente Figuerola<\/p>\n<p>Jordi Carmona D\u00edaz<\/p>\n<p>Laura Ramos Barriuso<\/p>\n<p>Jordi Izquierdo Cases<\/p>\n<p>Elisa Cort\u00e9s Cots<\/p>\n<p><strong style=\"line-height: 1.714285714; font-size: 1rem;\">SECTOR MESTRES:<\/strong><\/p>\n<p>N\u00faria Lla\u00f3 Calder\u00f3<\/p>\n<p>Anna Pastrana Bitria<\/p>\n<p>M. Carme Cardona Blanc<\/p>\n<p>Noem\u00ed Cervera Bel<\/p>\n<p>Susana Gim\u00e9nez Arroyo<\/p>\n<p>Concepci\u00f3 Segura Paez<\/p>\n<p><strong style=\"line-height: 1.714285714; font-size: 1rem;\">REPRESENTANT A.M.P.A:\u00a0<\/strong>Joan Juera Puig<\/p>\n<p><strong style=\"line-height: 1.714285714; font-size: 1rem;\">REPRESENTANT AJUNTAMENT: <\/strong>Maria Elisa Vedrina Conesa<\/p>\n<p><strong>SECTOR P.A.S.:\u00a0<\/strong>Montserrat Fortuny Octavio<\/p>\n<p><strong style=\"line-height: 1.714285714; font-size: 1rem;\">COMISSI\u00d3 ECON\u00d2MICA:<\/strong><\/p>\n<p>Maria G\u00fcell Ivern<\/p>\n<p>Fina Munt\u00e9 Dom\u00e8nech<\/p>\n<p>Anna Pastrana Bitria<\/p>\n<p>Laura Ramos Barriuso<\/p>\n<p>Jordi Izquierdo Cases<\/p>\n<p>Maria Elisa Vedrina Conesa<\/p>\n<p><strong>COMISSI\u00d3 PERMANENT: <\/strong><\/p>\n<p>Maria G\u00fcell Ivern<\/p>\n<p>Olga Brull Casad\u00f3<\/p>\n<p>Josefina Munt\u00e9 Dom\u00e8nech<\/p>\n<p>\u00c0ngels Adern Morales<\/p>\n<p>Carme Cardona Blanch<\/p>\n<p><strong>COMISSI\u00d3 MATRICULACI\u00d3: <\/strong><\/p>\n<p>Maria G\u00fcell Ivern<\/p>\n<p>Alba Potente Figuerola<\/p>\n<p>N\u00faria Lla\u00f3 Calder\u00f3<\/p>\n<p><strong>COMISSI\u00d3 CONVIV\u00c8NCIA: <\/strong><\/p>\n<p>Maria G\u00fcell Ivern<\/p>\n<p>Josefina Munt\u00e9 Dom\u00e8nech<\/p>\n<p>Jordi Carmona D\u00edaz<\/p>\n<p>Elisa Cort\u00e9s Cots<\/p>\n<p>Susana Gim\u00e9nez Arroyo<\/p>\n<p>Noem\u00ed Cervera Bel<\/p>\n<p><strong>SECRET\u00c0RIA: <\/strong> Fina Munt\u00e9 Dom\u00e8nech<\/p>\n","protected":false},"excerpt":{"rendered":"<p>COMPOSICI\u00d3\u00a0 2014 (actualitzat gener 2016) DIRECTORA: Maria G\u00fcell Ivern CAP D&#8217;ESTUDIS: Olga Brull Casad\u00f3 SECTOR PARES I MARES: \u00c0ngels Adern Morales Alba Potente Figuerola Jordi Carmona D\u00edaz Laura Ramos Barriuso Jordi Izquierdo Cases Elisa Cort\u00e9s Cots SECTOR MESTRES: N\u00faria Lla\u00f3 Calder\u00f3 Anna Pastrana Bitria M. Carme Cardona Blanc Noem\u00ed Cervera Bel Susana Gim\u00e9nez Arroyo Concepci\u00f3 [&hellip;]<\/p>\n","protected":false},"author":1,"featured_media":0,"parent":16,"menu_order":0,"comment_status":"open","ping_status":"open","template":"","meta":{"_bbp_topic_count":0,"_bbp_reply_count":0,"_bbp_total_topic_count":0,"_bbp_total_reply_count":0,"_bbp_voice_count":0,"_bbp_anonymous_reply_count":0,"_bbp_topic_count_hidden":0,"_bbp_reply_count_hidden":0,"_bbp_forum_subforum_count":0,"site-sidebar-layout":"default","site-content-layout":"","ast-site-content-layout":"","site-content-style":"default","site-sidebar-style":"default","ast-global-header-display":"","ast-banner-title-visibility":"","ast-main-header-display":"","ast-hfb-above-header-display":"","ast-hfb-below-header-display":"","ast-hfb-mobile-header-display":"","site-post-title":"","ast-breadcrumbs-content":"","ast-featured-img":"","footer-sml-layout":"","theme-transparent-header-meta":"","adv-header-id-meta":"","stick-header-meta":"","header-above-stick-meta":"","header-main-stick-meta":"","header-below-stick-meta":"","astra-migrate-meta-layouts":"default","ast-page-background-enabled":"default","ast-page-background-meta":{"desktop":{"background-color":"var(--ast-global-color-4)","background-image":"","background-repeat":"repeat","background-position":"center center","background-size":"auto","background-attachment":"scroll","background-type":"","background-media":"","overlay-type":"","overlay-color":"","overlay-opacity":"","overlay-gradient":""},"tablet":{"background-color":"","background-image":"","background-repeat":"repeat","background-position":"center center","background-size":"auto","background-attachment":"scroll","background-type":"","background-media":"","overlay-type":"","overlay-color":"","overlay-opacity":"","overlay-gradient":""},"mobile":{"background-color":"","background-image":"","background-repeat":"repeat","background-position":"center center","background-size":"auto","background-attachment":"scroll","background-type":"","background-media":"","overlay-type":"","overlay-color":"","overlay-opacity":"","overlay-gradient":""}},"ast-content-background-meta":{"desktop":{"background-color":"var(--ast-global-color-5)","background-image":"","background-repeat":"repeat","background-position":"center center","background-size":"auto","background-attachment":"scroll","background-type":"","background-media":"","overlay-type":"","overlay-color":"","overlay-opacity":"","overlay-gradient":""},"tablet":{"background-color":"var(--ast-global-color-5)","background-image":"","background-repeat":"repeat","background-position":"center center","background-size":"auto","background-attachment":"scroll","background-type":"","background-media":"","overlay-type":"","overlay-color":"","overlay-opacity":"","overlay-gradient":""},"mobile":{"background-color":"var(--ast-global-color-5)","background-image":"","background-repeat":"repeat","background-position":"center center","background-size":"auto","background-attachment":"scroll","background-type":"","background-media":"","overlay-type":"","overlay-color":"","overlay-opacity":"","overlay-gradient":""}},"footnotes":""},"class_list":["post-4456","page","type-page","status-publish","hentry"],"post_mailing_queue_ids":[],"_links":{"self":[{"href":"https:\/\/agora.xtec.cat\/ceippax\/wp-json\/wp\/v2\/pages\/4456","targetHints":{"allow":["GET"]}}],"collection":[{"href":"https:\/\/agora.xtec.cat\/ceippax\/wp-json\/wp\/v2\/pages"}],"about":[{"href":"https:\/\/agora.xtec.cat\/ceippax\/wp-json\/wp\/v2\/types\/page"}],"author":[{"embeddable":true,"href":"https:\/\/agora.xtec.cat\/ceippax\/wp-json\/wp\/v2\/users\/1"}],"replies":[{"embeddable":true,"href":"https:\/\/agora.xtec.cat\/ceippax\/wp-json\/wp\/v2\/comments?post=4456"}],"version-history":[{"count":0,"href":"https:\/\/agora.xtec.cat\/ceippax\/wp-json\/wp\/v2\/pages\/4456\/revisions"}],"up":[{"embeddable":true,"href":"https:\/\/agora.xtec.cat\/ceippax\/wp-json\/wp\/v2\/pages\/16"}],"wp:attachment":[{"href":"https:\/\/agora.xtec.cat\/ceippax\/wp-json\/wp\/v2\/media?parent=4456"}],"curies":[{"name":"wp","href":"https:\/\/api.w.org\/{rel}","templated":true}]}}