{"id":4324,"date":"2016-10-03T16:12:49","date_gmt":"2016-10-03T15:12:49","guid":{"rendered":"http:\/\/agora.xtec.cat\/ceippax\/?page_id=4324"},"modified":"2017-01-13T12:25:56","modified_gmt":"2017-01-13T11:25:56","slug":"blocs","status":"publish","type":"page","link":"https:\/\/agora.xtec.cat\/ceippax\/blocs\/","title":{"rendered":"BLOCS"},"content":{"rendered":"<p><a href=\"http:\/\/blocs.xtec.cat\/paxllengua\/\">BLOC DE LLENG\u00dcES<\/a><\/p>\n<p><a href=\"http:\/\/blocs.xtec.cat\/escolapax\/\">BLOC D&#8217;ANGL\u00c8S<\/a><\/p>\n<p><a href=\"http:\/\/blocs.xtec.cat\/paxmatematiques\/\">BLOC DE MATEM\u00c0TIQUES<\/a><\/p>\n<p><a href=\"http:\/\/blocs.xtec.cat\/paxsocials\/\">BLOC DE MEDI NATURAL I SOCIALS<\/a><\/p>\n<p><a href=\"http:\/\/blocs.xtec.cat\/paxmusica\/\">BLOC DE M\u00daSICA<\/a><\/p>\n<p><a href=\"http:\/\/blocs.xtec.cat\/paxeducaciofisica\/\">BLOC D&#8217;EDUCACI\u00d3 F\u00cdSICA<\/a><\/p>\n<p><a href=\"http:\/\/blocs.xtec.cat\/paxverda\/\">BLOC D&#8217;ESCOLA VERDA<\/a><\/p>\n<p><a href=\"http:\/\/agora.xtec.cat\/ceippax\/comissio-tac\/\">BLOC COMISSI\u00d3 TAC<\/a><\/p>\n<p>&nbsp;<\/p>\n<p>&nbsp;<\/p>\n","protected":false},"excerpt":{"rendered":"<p>BLOC DE LLENG\u00dcES BLOC D&#8217;ANGL\u00c8S BLOC DE MATEM\u00c0TIQUES BLOC DE MEDI NATURAL I SOCIALS BLOC DE M\u00daSICA BLOC D&#8217;EDUCACI\u00d3 F\u00cdSICA BLOC D&#8217;ESCOLA VERDA BLOC COMISSI\u00d3 TAC &nbsp; &nbsp;<\/p>\n","protected":false},"author":3,"featured_media":0,"parent":0,"menu_order":0,"comment_status":"closed","ping_status":"closed","template":"","meta":{"_bbp_topic_count":0,"_bbp_reply_count":0,"_bbp_total_topic_count":0,"_bbp_total_reply_count":0,"_bbp_voice_count":0,"_bbp_anonymous_reply_count":0,"_bbp_topic_count_hidden":0,"_bbp_reply_count_hidden":0,"_bbp_forum_subforum_count":0,"site-sidebar-layout":"default","site-content-layout":"","ast-site-content-layout":"","site-content-style":"default","site-sidebar-style":"default","ast-global-header-display":"","ast-banner-title-visibility":"","ast-main-header-display":"","ast-hfb-above-header-display":"","ast-hfb-below-header-display":"","ast-hfb-mobile-header-display":"","site-post-title":"","ast-breadcrumbs-content":"","ast-featured-img":"","footer-sml-layout":"","theme-transparent-header-meta":"","adv-header-id-meta":"","stick-header-meta":"","header-above-stick-meta":"","header-main-stick-meta":"","header-below-stick-meta":"","astra-migrate-meta-layouts":"default","ast-page-background-enabled":"default","ast-page-background-meta":{"desktop":{"background-color":"var(--ast-global-color-4)","background-image":"","background-repeat":"repeat","background-position":"center center","background-size":"auto","background-attachment":"scroll","background-type":"","background-media":"","overlay-type":"","overlay-color":"","overlay-opacity":"","overlay-gradient":""},"tablet":{"background-color":"","background-image":"","background-repeat":"repeat","background-position":"center center","background-size":"auto","background-attachment":"scroll","background-type":"","background-media":"","overlay-type":"","overlay-color":"","overlay-opacity":"","overlay-gradient":""},"mobile":{"background-color":"","background-image":"","background-repeat":"repeat","background-position":"center center","background-size":"auto","background-attachment":"scroll","background-type":"","background-media":"","overlay-type":"","overlay-color":"","overlay-opacity":"","overlay-gradient":""}},"ast-content-background-meta":{"desktop":{"background-color":"var(--ast-global-color-5)","background-image":"","background-repeat":"repeat","background-position":"center center","background-size":"auto","background-attachment":"scroll","background-type":"","background-media":"","overlay-type":"","overlay-color":"","overlay-opacity":"","overlay-gradient":""},"tablet":{"background-color":"var(--ast-global-color-5)","background-image":"","background-repeat":"repeat","background-position":"center center","background-size":"auto","background-attachment":"scroll","background-type":"","background-media":"","overlay-type":"","overlay-color":"","overlay-opacity":"","overlay-gradient":""},"mobile":{"background-color":"var(--ast-global-color-5)","background-image":"","background-repeat":"repeat","background-position":"center center","background-size":"auto","background-attachment":"scroll","background-type":"","background-media":"","overlay-type":"","overlay-color":"","overlay-opacity":"","overlay-gradient":""}},"footnotes":""},"class_list":["post-4324","page","type-page","status-publish","hentry"],"post_mailing_queue_ids":[],"_links":{"self":[{"href":"https:\/\/agora.xtec.cat\/ceippax\/wp-json\/wp\/v2\/pages\/4324","targetHints":{"allow":["GET"]}}],"collection":[{"href":"https:\/\/agora.xtec.cat\/ceippax\/wp-json\/wp\/v2\/pages"}],"about":[{"href":"https:\/\/agora.xtec.cat\/ceippax\/wp-json\/wp\/v2\/types\/page"}],"author":[{"embeddable":true,"href":"https:\/\/agora.xtec.cat\/ceippax\/wp-json\/wp\/v2\/users\/3"}],"replies":[{"embeddable":true,"href":"https:\/\/agora.xtec.cat\/ceippax\/wp-json\/wp\/v2\/comments?post=4324"}],"version-history":[{"count":3,"href":"https:\/\/agora.xtec.cat\/ceippax\/wp-json\/wp\/v2\/pages\/4324\/revisions"}],"predecessor-version":[{"id":4566,"href":"https:\/\/agora.xtec.cat\/ceippax\/wp-json\/wp\/v2\/pages\/4324\/revisions\/4566"}],"wp:attachment":[{"href":"https:\/\/agora.xtec.cat\/ceippax\/wp-json\/wp\/v2\/media?parent=4324"}],"curies":[{"name":"wp","href":"https:\/\/api.w.org\/{rel}","templated":true}]}}