{"id":4162,"date":"2016-07-12T09:34:33","date_gmt":"2016-07-12T08:34:33","guid":{"rendered":"http:\/\/agora.xtec.cat\/ceippax\/?page_id=4162"},"modified":"2016-07-12T09:48:13","modified_gmt":"2016-07-12T08:48:13","slug":"educacio-artistica","status":"publish","type":"page","link":"https:\/\/agora.xtec.cat\/ceippax\/projectes\/educacio-artistica\/","title":{"rendered":"EDUCACI\u00d3 ART\u00cdSTICA"},"content":{"rendered":"<p><a href=\"http:\/\/agora.xtec.cat\/ceippax\/wp-content\/uploads\/usu1317\/2016\/07\/art.png\"><img loading=\"lazy\" decoding=\"async\" class=\"wp-image-4167 alignright\" src=\"http:\/\/agora.xtec.cat\/ceippax\/wp-content\/uploads\/usu1317\/2016\/07\/art.png\" alt=\"art\" width=\"285\" height=\"208\" srcset=\"https:\/\/agora.xtec.cat\/ceippax\/wp-content\/uploads\/usu1317\/2016\/07\/art.png 960w, https:\/\/agora.xtec.cat\/ceippax\/wp-content\/uploads\/usu1317\/2016\/07\/art-300x219.png 300w, https:\/\/agora.xtec.cat\/ceippax\/wp-content\/uploads\/usu1317\/2016\/07\/art-768x560.png 768w\" sizes=\"auto, (max-width: 285px) 100vw, 285px\" \/><\/a><\/p>\n<p><strong>Benvinguts<\/strong> a l&#8217;apartat m\u00e9s art\u00edstic de tota l&#8217;escola!!!<\/p>\n<p>Al men\u00fa que teniu a l&#8217;esquerra trobareu tots els projectes art\u00edstics que es treballen al llarg del curs aix\u00ed com els que ja s&#8217;han fet anteriorment.<\/p>\n<p>&nbsp;<\/p>\n<h3 style=\"text-align: center;\">Gaudiu amb les produccions art\u00edstiques dels nostres alumnes!<\/h3>\n","protected":false},"excerpt":{"rendered":"<p>Benvinguts a l&#8217;apartat m\u00e9s art\u00edstic de tota l&#8217;escola!!! Al men\u00fa que teniu a l&#8217;esquerra trobareu tots els projectes art\u00edstics que es treballen al llarg del curs aix\u00ed com els que ja s&#8217;han fet anteriorment. &nbsp; Gaudiu amb les produccions art\u00edstiques dels nostres alumnes!<\/p>\n","protected":false},"author":3,"featured_media":0,"parent":3899,"menu_order":0,"comment_status":"closed","ping_status":"closed","template":"","meta":{"_bbp_topic_count":0,"_bbp_reply_count":0,"_bbp_total_topic_count":0,"_bbp_total_reply_count":0,"_bbp_voice_count":0,"_bbp_anonymous_reply_count":0,"_bbp_topic_count_hidden":0,"_bbp_reply_count_hidden":0,"_bbp_forum_subforum_count":0,"site-sidebar-layout":"default","site-content-layout":"","ast-site-content-layout":"","site-content-style":"default","site-sidebar-style":"default","ast-global-header-display":"","ast-banner-title-visibility":"","ast-main-header-display":"","ast-hfb-above-header-display":"","ast-hfb-below-header-display":"","ast-hfb-mobile-header-display":"","site-post-title":"","ast-breadcrumbs-content":"","ast-featured-img":"","footer-sml-layout":"","theme-transparent-header-meta":"","adv-header-id-meta":"","stick-header-meta":"","header-above-stick-meta":"","header-main-stick-meta":"","header-below-stick-meta":"","astra-migrate-meta-layouts":"default","ast-page-background-enabled":"default","ast-page-background-meta":{"desktop":{"background-color":"var(--ast-global-color-4)","background-image":"","background-repeat":"repeat","background-position":"center center","background-size":"auto","background-attachment":"scroll","background-type":"","background-media":"","overlay-type":"","overlay-color":"","overlay-opacity":"","overlay-gradient":""},"tablet":{"background-color":"","background-image":"","background-repeat":"repeat","background-position":"center center","background-size":"auto","background-attachment":"scroll","background-type":"","background-media":"","overlay-type":"","overlay-color":"","overlay-opacity":"","overlay-gradient":""},"mobile":{"background-color":"","background-image":"","background-repeat":"repeat","background-position":"center center","background-size":"auto","background-attachment":"scroll","background-type":"","background-media":"","overlay-type":"","overlay-color":"","overlay-opacity":"","overlay-gradient":""}},"ast-content-background-meta":{"desktop":{"background-color":"var(--ast-global-color-5)","background-image":"","background-repeat":"repeat","background-position":"center center","background-size":"auto","background-attachment":"scroll","background-type":"","background-media":"","overlay-type":"","overlay-color":"","overlay-opacity":"","overlay-gradient":""},"tablet":{"background-color":"var(--ast-global-color-5)","background-image":"","background-repeat":"repeat","background-position":"center center","background-size":"auto","background-attachment":"scroll","background-type":"","background-media":"","overlay-type":"","overlay-color":"","overlay-opacity":"","overlay-gradient":""},"mobile":{"background-color":"var(--ast-global-color-5)","background-image":"","background-repeat":"repeat","background-position":"center center","background-size":"auto","background-attachment":"scroll","background-type":"","background-media":"","overlay-type":"","overlay-color":"","overlay-opacity":"","overlay-gradient":""}},"footnotes":""},"class_list":["post-4162","page","type-page","status-publish","hentry"],"post_mailing_queue_ids":[],"_links":{"self":[{"href":"https:\/\/agora.xtec.cat\/ceippax\/wp-json\/wp\/v2\/pages\/4162","targetHints":{"allow":["GET"]}}],"collection":[{"href":"https:\/\/agora.xtec.cat\/ceippax\/wp-json\/wp\/v2\/pages"}],"about":[{"href":"https:\/\/agora.xtec.cat\/ceippax\/wp-json\/wp\/v2\/types\/page"}],"author":[{"embeddable":true,"href":"https:\/\/agora.xtec.cat\/ceippax\/wp-json\/wp\/v2\/users\/3"}],"replies":[{"embeddable":true,"href":"https:\/\/agora.xtec.cat\/ceippax\/wp-json\/wp\/v2\/comments?post=4162"}],"version-history":[{"count":2,"href":"https:\/\/agora.xtec.cat\/ceippax\/wp-json\/wp\/v2\/pages\/4162\/revisions"}],"predecessor-version":[{"id":4168,"href":"https:\/\/agora.xtec.cat\/ceippax\/wp-json\/wp\/v2\/pages\/4162\/revisions\/4168"}],"up":[{"embeddable":true,"href":"https:\/\/agora.xtec.cat\/ceippax\/wp-json\/wp\/v2\/pages\/3899"}],"wp:attachment":[{"href":"https:\/\/agora.xtec.cat\/ceippax\/wp-json\/wp\/v2\/media?parent=4162"}],"curies":[{"name":"wp","href":"https:\/\/api.w.org\/{rel}","templated":true}]}}