{"id":4077,"date":"2008-07-13T18:10:18","date_gmt":"2008-07-13T17:10:18","guid":{"rendered":"http:\/\/blocs.xtec.cat\/ceippax\/el-centre\/gestio-economica-i-administrativa\/"},"modified":"2023-11-08T12:56:44","modified_gmt":"2023-11-08T11:56:44","slug":"gestio-economica-i-administrativa","status":"publish","type":"page","link":"https:\/\/agora.xtec.cat\/ceippax\/el-centre\/gestio-economica-i-administrativa\/","title":{"rendered":"GESTI\u00d3 ECON\u00d2MICA I ADMINISTRATIVA"},"content":{"rendered":"<p>&nbsp;<\/p>\n<p><strong>Comissi\u00f3 econ\u00f2mica del Consell Escolar<\/strong><br \/>\n\u00c9s qui supervisa, proposa i aprova els pressupostos i les liquidacions de totes les despeses econ\u00f2miques que es gestionen dins del Consell Escolar. Tamb\u00e9 \u00e9s qui resol situacions o circumst\u00e0ncies especials que es puguin produir al centre.<\/p>\n<p><strong>Administrativa<\/strong><\/p>\n<p>L\u2019administrativa del centre \u00e9s Ester Angl\u00e8s Vidal. L&#8217;horari d&#8217;atenci\u00f3 al p\u00fablic \u00e9s e 9h a 11h.<strong><br \/>\n<\/strong><\/p>\n<p><strong>Actualitzaci\u00f3 de dades<\/strong><br \/>\nQualsevol variaci\u00f3 de les dades familiars s\u2019ha de comunicar directament, per escrit, a l\u2019administrativa del centre i a l\u2019 AFA.<strong><br \/>\n<\/strong><\/p>\n<p><strong>Gesti\u00f3 econ\u00f2mica de les activitats, sortides i material cooperatiu de classe.<\/strong><br \/>\nLes sortides i el material cooperatiu de classe estan gestionades pel professorat del centre i aprovades pel Consell Escolar. Les col\u00f2nies, activitats, sortides i material cooperatiu de classe es pagaran mitjan\u00e7ant transfer\u00e8ncia banc\u00e0ria.<strong><br \/>\n<\/strong><\/p>\n<p><strong>Autoritzacions i pagaments de sortides, excursions , activitats i col\u00f2nies<\/strong><\/p>\n<p>L&#8217;escola t\u00e9 planificades una s\u00e8rie d&#8217;activitats, sortides, excursions i col\u00f2nies per a tota l&#8217;escolaritat de l&#8217;alumnat del centre. Aquesta pot variar d&#8217;un any a l&#8217;altre en funci\u00f3 de l&#8217;oferta que hi hagi en aquell moment. En tot cas, a les reunions d&#8217;inici de curs s&#8217;expliquen les activitats previstes. Per a cada sortida, cal l&#8217;autoritzaci\u00f3 del pare\/mare o tutor\/-a per a fer la sortida i el comprovant del pagament bancari.<strong><br \/>\n<\/strong><\/p>\n<p><strong>Material Escolar<\/strong><\/p>\n<p>El material escolar, l\u2019adquirir\u00e0 el centre amb r\u00e8gim cooperatiu de classe. L\u2019import \u00e9s de 80 euros per classe, per educaci\u00f3 infantil, primer i segon; i de 60 euros per tercer, quart, cinqu\u00e8 i sis\u00e8.<\/p>\n","protected":false},"excerpt":{"rendered":"<p>&nbsp; Comissi\u00f3 econ\u00f2mica del Consell Escolar \u00c9s qui supervisa, proposa i aprova els pressupostos i les liquidacions de totes les despeses econ\u00f2miques que es gestionen dins del Consell Escolar. Tamb\u00e9 \u00e9s qui resol situacions o circumst\u00e0ncies especials que es puguin produir al centre. Administrativa L\u2019administrativa del centre \u00e9s Ester Angl\u00e8s Vidal. L&#8217;horari d&#8217;atenci\u00f3 al p\u00fablic [&hellip;]<\/p>\n","protected":false},"author":1,"featured_media":0,"parent":16,"menu_order":0,"comment_status":"open","ping_status":"open","template":"","meta":{"_bbp_topic_count":0,"_bbp_reply_count":0,"_bbp_total_topic_count":0,"_bbp_total_reply_count":0,"_bbp_voice_count":0,"_bbp_anonymous_reply_count":0,"_bbp_topic_count_hidden":0,"_bbp_reply_count_hidden":0,"_bbp_forum_subforum_count":0,"site-sidebar-layout":"default","site-content-layout":"","ast-site-content-layout":"","site-content-style":"default","site-sidebar-style":"default","ast-global-header-display":"","ast-banner-title-visibility":"","ast-main-header-display":"","ast-hfb-above-header-display":"","ast-hfb-below-header-display":"","ast-hfb-mobile-header-display":"","site-post-title":"","ast-breadcrumbs-content":"","ast-featured-img":"","footer-sml-layout":"","theme-transparent-header-meta":"","adv-header-id-meta":"","stick-header-meta":"","header-above-stick-meta":"","header-main-stick-meta":"","header-below-stick-meta":"","astra-migrate-meta-layouts":"default","ast-page-background-enabled":"default","ast-page-background-meta":{"desktop":{"background-color":"var(--ast-global-color-4)","background-image":"","background-repeat":"repeat","background-position":"center center","background-size":"auto","background-attachment":"scroll","background-type":"","background-media":"","overlay-type":"","overlay-color":"","overlay-opacity":"","overlay-gradient":""},"tablet":{"background-color":"","background-image":"","background-repeat":"repeat","background-position":"center center","background-size":"auto","background-attachment":"scroll","background-type":"","background-media":"","overlay-type":"","overlay-color":"","overlay-opacity":"","overlay-gradient":""},"mobile":{"background-color":"","background-image":"","background-repeat":"repeat","background-position":"center center","background-size":"auto","background-attachment":"scroll","background-type":"","background-media":"","overlay-type":"","overlay-color":"","overlay-opacity":"","overlay-gradient":""}},"ast-content-background-meta":{"desktop":{"background-color":"var(--ast-global-color-5)","background-image":"","background-repeat":"repeat","background-position":"center center","background-size":"auto","background-attachment":"scroll","background-type":"","background-media":"","overlay-type":"","overlay-color":"","overlay-opacity":"","overlay-gradient":""},"tablet":{"background-color":"var(--ast-global-color-5)","background-image":"","background-repeat":"repeat","background-position":"center center","background-size":"auto","background-attachment":"scroll","background-type":"","background-media":"","overlay-type":"","overlay-color":"","overlay-opacity":"","overlay-gradient":""},"mobile":{"background-color":"var(--ast-global-color-5)","background-image":"","background-repeat":"repeat","background-position":"center center","background-size":"auto","background-attachment":"scroll","background-type":"","background-media":"","overlay-type":"","overlay-color":"","overlay-opacity":"","overlay-gradient":""}},"footnotes":""},"class_list":["post-4077","page","type-page","status-publish","hentry"],"post_mailing_queue_ids":[],"_links":{"self":[{"href":"https:\/\/agora.xtec.cat\/ceippax\/wp-json\/wp\/v2\/pages\/4077","targetHints":{"allow":["GET"]}}],"collection":[{"href":"https:\/\/agora.xtec.cat\/ceippax\/wp-json\/wp\/v2\/pages"}],"about":[{"href":"https:\/\/agora.xtec.cat\/ceippax\/wp-json\/wp\/v2\/types\/page"}],"author":[{"embeddable":true,"href":"https:\/\/agora.xtec.cat\/ceippax\/wp-json\/wp\/v2\/users\/1"}],"replies":[{"embeddable":true,"href":"https:\/\/agora.xtec.cat\/ceippax\/wp-json\/wp\/v2\/comments?post=4077"}],"version-history":[{"count":4,"href":"https:\/\/agora.xtec.cat\/ceippax\/wp-json\/wp\/v2\/pages\/4077\/revisions"}],"predecessor-version":[{"id":9316,"href":"https:\/\/agora.xtec.cat\/ceippax\/wp-json\/wp\/v2\/pages\/4077\/revisions\/9316"}],"up":[{"embeddable":true,"href":"https:\/\/agora.xtec.cat\/ceippax\/wp-json\/wp\/v2\/pages\/16"}],"wp:attachment":[{"href":"https:\/\/agora.xtec.cat\/ceippax\/wp-json\/wp\/v2\/media?parent=4077"}],"curies":[{"name":"wp","href":"https:\/\/api.w.org\/{rel}","templated":true}]}}