{"id":4076,"date":"2019-06-24T15:52:11","date_gmt":"2019-06-24T13:52:11","guid":{"rendered":"http:\/\/blocs.xtec.cat\/ceippax\/el-centre\/calendari-escolar\/"},"modified":"2025-07-15T10:22:17","modified_gmt":"2025-07-15T08:22:17","slug":"calendari-escolar","status":"publish","type":"page","link":"https:\/\/agora.xtec.cat\/ceippax\/lescola\/calendari-escolar\/","title":{"rendered":"Calendari escolar 2025-26"},"content":{"rendered":"<p>&nbsp;<\/p>\n<p><img loading=\"lazy\" decoding=\"async\" class=\"aligncenter size-full wp-image-10888\" src=\"https:\/\/agora.xtec.cat\/ceippax\/wp-content\/uploads\/usu1317\/2025\/07\/Calendari-25-26.png\" alt=\"\" width=\"1197\" height=\"917\" srcset=\"https:\/\/agora.xtec.cat\/ceippax\/wp-content\/uploads\/usu1317\/2025\/07\/Calendari-25-26.png 1197w, https:\/\/agora.xtec.cat\/ceippax\/wp-content\/uploads\/usu1317\/2025\/07\/Calendari-25-26-300x230.png 300w, https:\/\/agora.xtec.cat\/ceippax\/wp-content\/uploads\/usu1317\/2025\/07\/Calendari-25-26-1024x784.png 1024w, https:\/\/agora.xtec.cat\/ceippax\/wp-content\/uploads\/usu1317\/2025\/07\/Calendari-25-26-768x588.png 768w\" sizes=\"auto, (max-width: 1197px) 100vw, 1197px\" \/><\/p>\n<h5><\/h5>\n<h5><span style=\"color: #ff9900;\">INICI DE CLASSES:<\/span> 8 de setembre de 2025<\/h5>\n<h5><span style=\"color: #ff9900;\">FINALITZACI\u00d3 DE CLASSES:<\/span> 19 de juny de 2026<\/h5>\n<p>&nbsp;<\/p>\n<table style=\"height: 132px; width: 1034px; border-style: none;\">\n<tbody>\n<tr>\n<td style=\"width: 363.35px; border-style: none; text-align: center;\">\n<h4><span style=\"color: #ff9900;\"><strong>VACANCES ESCOLARS<\/strong><\/span><\/h4>\n<h4 style=\"text-align: left;\"><strong><span style=\"color: #008080;\">NADAL:<\/span> del 20<\/strong><strong> de desembre del 2025 <\/strong><strong>al 7<\/strong><strong> de gener del 2026, ambd\u00f3s inclosos.<br \/>\n<\/strong><\/h4>\n<h4 style=\"text-align: left;\"><strong><span style=\"color: #008080;\">SETMANA SANTA:<\/span> del 28 de mar\u00e7 al 6 d&#8217;abril del 2026<\/strong><strong>, ambd\u00f3s inclosos.<\/strong><\/h4>\n<\/td>\n<td style=\"width: 330.317px; border-style: none; text-align: center;\">\n<h4><span style=\"color: #ff9900;\"><strong>DIES DE LLIURE DISPOSICI\u00d3<\/strong><\/span><\/h4>\n<h4 style=\"text-align: center;\"><strong>22 de setembre de 2025<\/strong><\/h4>\n<h4 style=\"text-align: center;\"><strong>3 de novembre de 2025 <\/strong><\/h4>\n<h4 style=\"text-align: center;\"><strong>5 de desembre de 2025<\/strong><\/h4>\n<h4 style=\"text-align: center;\"><strong>16 de febrer de 2026<\/strong><\/h4>\n<h4 style=\"text-align: center;\"><strong>4 de maig de 2026<\/strong><\/h4>\n<h4 style=\"text-align: center;\"><\/h4>\n<h4><\/h4>\n<\/td>\n<td style=\"width: 332.333px; border-style: none; text-align: center;\">\n<h4><strong><span style=\"color: #ff9900;\">JORNADA INTENSIVA\u00a0 (9h a 13)<\/span> <\/strong><\/h4>\n<h4 style=\"text-align: center;\"><strong>Dia 19 de desembre de 2025<\/strong><\/h4>\n<h4 style=\"text-align: center;\"><strong> Del 8 al 19 de juny de 2026<\/strong><\/h4>\n<h4><\/h4>\n<h4><\/h4>\n<h4><strong>\u00a0<\/strong><\/h4>\n<\/td>\n<\/tr>\n<\/tbody>\n<\/table>\n<h3><\/h3>\n<h3><\/h3>\n<h3><\/h3>\n<p>&nbsp;<\/p>\n<p>&nbsp;<\/p>\n<p>&nbsp;<\/p>\n","protected":false},"excerpt":{"rendered":"<p>&nbsp; INICI DE CLASSES: 8 de setembre de 2025 FINALITZACI\u00d3 DE CLASSES: 19 de juny de 2026 &nbsp; VACANCES ESCOLARS NADAL: del 20 de desembre del 2025 al 7 de gener del 2026, ambd\u00f3s inclosos. SETMANA SANTA: del 28 de mar\u00e7 al 6 d&#8217;abril del 2026, ambd\u00f3s inclosos. DIES DE LLIURE DISPOSICI\u00d3 22 de setembre [&hellip;]<\/p>\n","protected":false},"author":1,"featured_media":0,"parent":22,"menu_order":3,"comment_status":"open","ping_status":"open","template":"page-templates\/side-menu.php","meta":{"_bbp_topic_count":0,"_bbp_reply_count":0,"_bbp_total_topic_count":0,"_bbp_total_reply_count":0,"_bbp_voice_count":0,"_bbp_anonymous_reply_count":0,"_bbp_topic_count_hidden":0,"_bbp_reply_count_hidden":0,"_bbp_forum_subforum_count":0,"site-sidebar-layout":"default","site-content-layout":"","ast-site-content-layout":"","site-content-style":"default","site-sidebar-style":"default","ast-global-header-display":"","ast-banner-title-visibility":"","ast-main-header-display":"","ast-hfb-above-header-display":"","ast-hfb-below-header-display":"","ast-hfb-mobile-header-display":"","site-post-title":"","ast-breadcrumbs-content":"","ast-featured-img":"","footer-sml-layout":"","theme-transparent-header-meta":"","adv-header-id-meta":"","stick-header-meta":"","header-above-stick-meta":"","header-main-stick-meta":"","header-below-stick-meta":"","astra-migrate-meta-layouts":"default","ast-page-background-enabled":"default","ast-page-background-meta":{"desktop":{"background-color":"var(--ast-global-color-4)","background-image":"","background-repeat":"repeat","background-position":"center center","background-size":"auto","background-attachment":"scroll","background-type":"","background-media":"","overlay-type":"","overlay-color":"","overlay-opacity":"","overlay-gradient":""},"tablet":{"background-color":"","background-image":"","background-repeat":"repeat","background-position":"center center","background-size":"auto","background-attachment":"scroll","background-type":"","background-media":"","overlay-type":"","overlay-color":"","overlay-opacity":"","overlay-gradient":""},"mobile":{"background-color":"","background-image":"","background-repeat":"repeat","background-position":"center center","background-size":"auto","background-attachment":"scroll","background-type":"","background-media":"","overlay-type":"","overlay-color":"","overlay-opacity":"","overlay-gradient":""}},"ast-content-background-meta":{"desktop":{"background-color":"var(--ast-global-color-5)","background-image":"","background-repeat":"repeat","background-position":"center center","background-size":"auto","background-attachment":"scroll","background-type":"","background-media":"","overlay-type":"","overlay-color":"","overlay-opacity":"","overlay-gradient":""},"tablet":{"background-color":"var(--ast-global-color-5)","background-image":"","background-repeat":"repeat","background-position":"center center","background-size":"auto","background-attachment":"scroll","background-type":"","background-media":"","overlay-type":"","overlay-color":"","overlay-opacity":"","overlay-gradient":""},"mobile":{"background-color":"var(--ast-global-color-5)","background-image":"","background-repeat":"repeat","background-position":"center center","background-size":"auto","background-attachment":"scroll","background-type":"","background-media":"","overlay-type":"","overlay-color":"","overlay-opacity":"","overlay-gradient":""}},"footnotes":""},"class_list":["post-4076","page","type-page","status-publish","hentry"],"post_mailing_queue_ids":[],"_links":{"self":[{"href":"https:\/\/agora.xtec.cat\/ceippax\/wp-json\/wp\/v2\/pages\/4076","targetHints":{"allow":["GET"]}}],"collection":[{"href":"https:\/\/agora.xtec.cat\/ceippax\/wp-json\/wp\/v2\/pages"}],"about":[{"href":"https:\/\/agora.xtec.cat\/ceippax\/wp-json\/wp\/v2\/types\/page"}],"author":[{"embeddable":true,"href":"https:\/\/agora.xtec.cat\/ceippax\/wp-json\/wp\/v2\/users\/1"}],"replies":[{"embeddable":true,"href":"https:\/\/agora.xtec.cat\/ceippax\/wp-json\/wp\/v2\/comments?post=4076"}],"version-history":[{"count":6,"href":"https:\/\/agora.xtec.cat\/ceippax\/wp-json\/wp\/v2\/pages\/4076\/revisions"}],"predecessor-version":[{"id":10893,"href":"https:\/\/agora.xtec.cat\/ceippax\/wp-json\/wp\/v2\/pages\/4076\/revisions\/10893"}],"up":[{"embeddable":true,"href":"https:\/\/agora.xtec.cat\/ceippax\/wp-json\/wp\/v2\/pages\/22"}],"wp:attachment":[{"href":"https:\/\/agora.xtec.cat\/ceippax\/wp-json\/wp\/v2\/media?parent=4076"}],"curies":[{"name":"wp","href":"https:\/\/api.w.org\/{rel}","templated":true}]}}