{"id":4074,"date":"2008-07-10T09:27:05","date_gmt":"2008-07-10T07:27:05","guid":{"rendered":"http:\/\/blocs.xtec.cat\/ceippax\/el-centre\/presentacio\/"},"modified":"2024-02-01T21:10:06","modified_gmt":"2024-02-01T20:10:06","slug":"historia","status":"publish","type":"page","link":"https:\/\/agora.xtec.cat\/ceippax\/lescola\/historia\/","title":{"rendered":"La nostra hist\u00f2ria"},"content":{"rendered":"<p>L\u2019escola Pax va ser fundada l\u2019any 1963 per M\u00aa Ant\u00f2nia Ferrer quan un grup de fam\u00edlies i mestres buscaven una escola allunyada del c\u00e0non est\u00e0ndard de l\u2019\u00e8poca. M\u00aa Ant\u00f2nia explica \u201ccom en un principi van haver-hi unes idees clares que amb const\u00e0ncia i esfor\u00e7 es van fer realitat i es va aconseguir una escola catalana, oberta, activa, sense separaci\u00f3 de sexes; una educaci\u00f3 integral, amb coneixements per\u00f2 tamb\u00e9 amb formaci\u00f3 art\u00edstica, musical i f\u00edsica; una escola que admet tota classe d\u2019alumnes independentment de la seva proced\u00e8ncia, llengua o creen\u00e7a religiosa.<\/p>\n<p>L\u2019edifici triat per ubicar-hi l\u2019escola va ser el Mas Mallol, un edifici d\u2019estiueig modernista d\u2019inicis del segle XX ubicat als afores de la ciutat i envoltat de pins i garrofers.<\/p>\n<table style=\"height: 557px; width: 104.02%;\">\n<tbody>\n<tr style=\"height: 379px;\">\n<td style=\"width: 383.833px; height: 348px; border-color: #ffffff; background-color: #ffffff; text-align: center; vertical-align: middle;\"><a href=\"http:\/\/agora.xtec.cat\/ceippax\/wp-content\/uploads\/usu1317\/2008\/07\/000.jpg\"><img loading=\"lazy\" decoding=\"async\" class=\"wp-image-4755 aligncenter\" src=\"http:\/\/agora.xtec.cat\/ceippax\/wp-content\/uploads\/usu1317\/2008\/07\/000.jpg\" alt=\"000\" width=\"279\" height=\"419\" srcset=\"https:\/\/agora.xtec.cat\/ceippax\/wp-content\/uploads\/usu1317\/2008\/07\/000.jpg 639w, https:\/\/agora.xtec.cat\/ceippax\/wp-content\/uploads\/usu1317\/2008\/07\/000-200x300.jpg 200w\" sizes=\"auto, (max-width: 279px) 100vw, 279px\" \/><\/a><\/td>\n<td style=\"width: 383.833px; height: 348px; border-color: #ffffff; background-color: #ffffff; text-align: center; vertical-align: middle;\"><img loading=\"lazy\" decoding=\"async\" class=\"wp-image-4757 aligncenter\" src=\"http:\/\/agora.xtec.cat\/ceippax\/wp-content\/uploads\/usu1317\/2008\/07\/6.1.jpg\" alt=\"6-1\" width=\"285\" height=\"428\" srcset=\"https:\/\/agora.xtec.cat\/ceippax\/wp-content\/uploads\/usu1317\/2008\/07\/6.1.jpg 639w, https:\/\/agora.xtec.cat\/ceippax\/wp-content\/uploads\/usu1317\/2008\/07\/6.1-200x300.jpg 200w\" sizes=\"auto, (max-width: 285px) 100vw, 285px\" \/><\/td>\n<\/tr>\n<tr style=\"height: 128px;\">\n<td style=\"width: 383.833px; height: 128px; border-color: #ffffff; background-color: #ffffff; text-align: center; vertical-align: middle;\"><a href=\"http:\/\/agora.xtec.cat\/ceippax\/wp-content\/uploads\/usu1317\/2008\/07\/10.jpg\"><img loading=\"lazy\" decoding=\"async\" class=\"wp-image-4758 aligncenter\" src=\"http:\/\/agora.xtec.cat\/ceippax\/wp-content\/uploads\/usu1317\/2008\/07\/10-1024x682.jpg\" alt=\"10\" width=\"500\" height=\"333\" srcset=\"https:\/\/agora.xtec.cat\/ceippax\/wp-content\/uploads\/usu1317\/2008\/07\/10-1024x682.jpg 1024w, https:\/\/agora.xtec.cat\/ceippax\/wp-content\/uploads\/usu1317\/2008\/07\/10-300x200.jpg 300w, https:\/\/agora.xtec.cat\/ceippax\/wp-content\/uploads\/usu1317\/2008\/07\/10-768x512.jpg 768w, https:\/\/agora.xtec.cat\/ceippax\/wp-content\/uploads\/usu1317\/2008\/07\/10.jpg 1100w\" sizes=\"auto, (max-width: 500px) 100vw, 500px\" \/><\/a><\/td>\n<td style=\"width: 383.833px; height: 128px; border-color: #ffffff; background-color: #ffffff; text-align: center; vertical-align: middle;\"><img loading=\"lazy\" decoding=\"async\" class=\"wp-image-4756 aligncenter\" src=\"http:\/\/agora.xtec.cat\/ceippax\/wp-content\/uploads\/usu1317\/2008\/07\/4.1-1024x682.jpg\" alt=\"4-1\" width=\"500\" height=\"333\" srcset=\"https:\/\/agora.xtec.cat\/ceippax\/wp-content\/uploads\/usu1317\/2008\/07\/4.1-1024x682.jpg 1024w, https:\/\/agora.xtec.cat\/ceippax\/wp-content\/uploads\/usu1317\/2008\/07\/4.1-300x200.jpg 300w, https:\/\/agora.xtec.cat\/ceippax\/wp-content\/uploads\/usu1317\/2008\/07\/4.1-768x512.jpg 768w, https:\/\/agora.xtec.cat\/ceippax\/wp-content\/uploads\/usu1317\/2008\/07\/4.1.jpg 1100w\" sizes=\"auto, (max-width: 500px) 100vw, 500px\" \/><\/td>\n<\/tr>\n<tr style=\"height: 81px;\">\n<td style=\"width: 383.833px; height: 81px; border-color: #ffffff; background-color: #ffffff; text-align: center; vertical-align: middle;\" colspan=\"2\"><img loading=\"lazy\" decoding=\"async\" class=\"wp-image-4759 alignnone\" src=\"http:\/\/agora.xtec.cat\/ceippax\/wp-content\/uploads\/usu1317\/2008\/07\/11-1024x682.jpg\" alt=\"11\" width=\"429\" height=\"286\" srcset=\"https:\/\/agora.xtec.cat\/ceippax\/wp-content\/uploads\/usu1317\/2008\/07\/11-1024x682.jpg 1024w, https:\/\/agora.xtec.cat\/ceippax\/wp-content\/uploads\/usu1317\/2008\/07\/11-300x200.jpg 300w, https:\/\/agora.xtec.cat\/ceippax\/wp-content\/uploads\/usu1317\/2008\/07\/11-768x512.jpg 768w, https:\/\/agora.xtec.cat\/ceippax\/wp-content\/uploads\/usu1317\/2008\/07\/11.jpg 1100w\" sizes=\"auto, (max-width: 429px) 100vw, 429px\" \/><\/td>\n<\/tr>\n<\/tbody>\n<\/table>\n<p>L\u2019any 1975 es va produir una escissi\u00f3 dins l\u2019escola i una part de la comunitat abandon\u00e0 el Pax per crear un altre centre a la mateixa ciutat. El 1981 es convert\u00ed en una Cooperativa Limitada d\u2019Ensenyament en la qual participaven pares i treballadors i el 1988 el centre s\u2019incorpor\u00e0 a la xarxa d\u2019escoles p\u00fabliques a trav\u00e9s del col\u00b7lectiu CEPEPC. Aleshores, l\u2019escola va anar adaptant-se als canvis organitzatius i de funcionament sense perdre els principals fonaments pedag\u00f2gics que la van crear, gr\u00e0cies a la continu\u00eftat de gaireb\u00e9 tot l\u2019equip pedag\u00f2gic.<\/p>\n<p>L\u2019any 2002 es va estrenar el nou edifici, situat al mateix terreny de l\u2019antiga escola i amb capacitat per doblar l\u2019alumnat del centre amb gaireb\u00e9 430 alumnes. El nou edifici signific\u00e0 el creixement de l\u2019escola en alumnes, mestres, fam\u00edlies i personal.<\/p>\n<p><span style=\"font-weight: 400;\">L\u2019escola, no defensa una \u00fanica manera de treballar sin\u00f3 que aposta per diferents entenent que la suma de totes aquestes viv\u00e8ncies permet donar resposta a les diferents maneres com els infants afronten els aprenentatges i els dota d\u2019un bagatge ampli, divers i variat que els permetr\u00e0 afrontar els diferents reptes de futur.<\/span><\/p>\n<p><span style=\"font-weight: 400;\">Mentre tot aix\u00f2 passa, a l\u2019escola continuem reflexionant sobre la pr\u00e0ctica docent i busquem maneres de seguir millorant oferint una educaci\u00f3 p\u00fablica i de qualitat.<\/span><\/p>\n","protected":false},"excerpt":{"rendered":"<p>L\u2019escola Pax va ser fundada l\u2019any 1963 per M\u00aa Ant\u00f2nia Ferrer quan un grup de fam\u00edlies i mestres buscaven una escola allunyada del c\u00e0non est\u00e0ndard de l\u2019\u00e8poca. M\u00aa Ant\u00f2nia explica \u201ccom en un principi van haver-hi unes idees clares que amb const\u00e0ncia i esfor\u00e7 es van fer realitat i es va aconseguir una escola catalana, [&hellip;]<\/p>\n","protected":false},"author":1,"featured_media":0,"parent":22,"menu_order":2,"comment_status":"open","ping_status":"closed","template":"page-templates\/side-menu.php","meta":{"_bbp_topic_count":0,"_bbp_reply_count":0,"_bbp_total_topic_count":0,"_bbp_total_reply_count":0,"_bbp_voice_count":0,"_bbp_anonymous_reply_count":0,"_bbp_topic_count_hidden":0,"_bbp_reply_count_hidden":0,"_bbp_forum_subforum_count":0,"site-sidebar-layout":"default","site-content-layout":"","ast-site-content-layout":"","site-content-style":"default","site-sidebar-style":"default","ast-global-header-display":"","ast-banner-title-visibility":"","ast-main-header-display":"","ast-hfb-above-header-display":"","ast-hfb-below-header-display":"","ast-hfb-mobile-header-display":"","site-post-title":"","ast-breadcrumbs-content":"","ast-featured-img":"","footer-sml-layout":"","theme-transparent-header-meta":"","adv-header-id-meta":"","stick-header-meta":"","header-above-stick-meta":"","header-main-stick-meta":"","header-below-stick-meta":"","astra-migrate-meta-layouts":"default","ast-page-background-enabled":"default","ast-page-background-meta":{"desktop":{"background-color":"var(--ast-global-color-4)","background-image":"","background-repeat":"repeat","background-position":"center center","background-size":"auto","background-attachment":"scroll","background-type":"","background-media":"","overlay-type":"","overlay-color":"","overlay-opacity":"","overlay-gradient":""},"tablet":{"background-color":"","background-image":"","background-repeat":"repeat","background-position":"center center","background-size":"auto","background-attachment":"scroll","background-type":"","background-media":"","overlay-type":"","overlay-color":"","overlay-opacity":"","overlay-gradient":""},"mobile":{"background-color":"","background-image":"","background-repeat":"repeat","background-position":"center center","background-size":"auto","background-attachment":"scroll","background-type":"","background-media":"","overlay-type":"","overlay-color":"","overlay-opacity":"","overlay-gradient":""}},"ast-content-background-meta":{"desktop":{"background-color":"var(--ast-global-color-5)","background-image":"","background-repeat":"repeat","background-position":"center center","background-size":"auto","background-attachment":"scroll","background-type":"","background-media":"","overlay-type":"","overlay-color":"","overlay-opacity":"","overlay-gradient":""},"tablet":{"background-color":"var(--ast-global-color-5)","background-image":"","background-repeat":"repeat","background-position":"center center","background-size":"auto","background-attachment":"scroll","background-type":"","background-media":"","overlay-type":"","overlay-color":"","overlay-opacity":"","overlay-gradient":""},"mobile":{"background-color":"var(--ast-global-color-5)","background-image":"","background-repeat":"repeat","background-position":"center center","background-size":"auto","background-attachment":"scroll","background-type":"","background-media":"","overlay-type":"","overlay-color":"","overlay-opacity":"","overlay-gradient":""}},"footnotes":""},"class_list":["post-4074","page","type-page","status-publish","hentry"],"post_mailing_queue_ids":[],"_links":{"self":[{"href":"https:\/\/agora.xtec.cat\/ceippax\/wp-json\/wp\/v2\/pages\/4074","targetHints":{"allow":["GET"]}}],"collection":[{"href":"https:\/\/agora.xtec.cat\/ceippax\/wp-json\/wp\/v2\/pages"}],"about":[{"href":"https:\/\/agora.xtec.cat\/ceippax\/wp-json\/wp\/v2\/types\/page"}],"author":[{"embeddable":true,"href":"https:\/\/agora.xtec.cat\/ceippax\/wp-json\/wp\/v2\/users\/1"}],"replies":[{"embeddable":true,"href":"https:\/\/agora.xtec.cat\/ceippax\/wp-json\/wp\/v2\/comments?post=4074"}],"version-history":[{"count":8,"href":"https:\/\/agora.xtec.cat\/ceippax\/wp-json\/wp\/v2\/pages\/4074\/revisions"}],"predecessor-version":[{"id":9626,"href":"https:\/\/agora.xtec.cat\/ceippax\/wp-json\/wp\/v2\/pages\/4074\/revisions\/9626"}],"up":[{"embeddable":true,"href":"https:\/\/agora.xtec.cat\/ceippax\/wp-json\/wp\/v2\/pages\/22"}],"wp:attachment":[{"href":"https:\/\/agora.xtec.cat\/ceippax\/wp-json\/wp\/v2\/media?parent=4074"}],"curies":[{"name":"wp","href":"https:\/\/api.w.org\/{rel}","templated":true}]}}