{"id":3898,"date":"2008-03-10T12:30:07","date_gmt":"2008-03-10T11:30:07","guid":{"rendered":"http:\/\/blocs.xtec.cat\/ceippax\/reutilitzacio-llibres\/"},"modified":"2024-07-11T11:27:04","modified_gmt":"2024-07-11T09:27:04","slug":"reutilitzacio-llibres","status":"publish","type":"page","link":"https:\/\/agora.xtec.cat\/ceippax\/projectes\/reutilitzacio-llibres\/","title":{"rendered":"Programa de reutilitzaci\u00f3 llibres de text"},"content":{"rendered":"<p>L\u2019equip docent de l\u2019Escola\u00a0PAX de Tarragona treballa des de fa molts anys per inculcar en l&#8217;alumnat\u00a0valors de cooperaci\u00f3, responsabilitat, sostenibilitat i respecte amb el medi ambient. La recollida selectiva i setmanal de papers, la fira del llibre vell, els tallers i les activitats de l\u2019\u00e0rea de pl\u00e0stica amb objectes reciclats, l\u2019especial cura que es manifesta en vers el bosc i les plantes del centre, l\u2019\u00fas continuat de papers reciclats per tasques d\u2019esborrador&#8230; s\u00f3n exemples de la materialitzaci\u00f3 d\u2019una l\u00ednia pedag\u00f2gica que des de fa m\u00e9s de quaranta anys regeix en el centre.<\/p>\n<p>Educar per al consum racional i sostenible \u00e9s necessari. Ensenyar els nens i nenes a identificar els incentius publicitaris, aprendre a destriar el que \u00e9s necessari del que no, adonar-se de la magnificaci\u00f3 de certs objectes, s\u00f3n eines que els poden ser molt \u00fatils en la seva vida com a ciutadans. Per\u00f2 a m\u00e9s, si aconseguim que reconeguin les desigualtats, que col\u00b7laborin amb els altres, que es facin responsables dels seus propis actes, possiblement haurem posat el primer gra de sorra per aconseguir una societat m\u00e9s solid\u00e0ria, respectuosa i sostenible.<\/p>\n<p>\u00c9s dins d\u2019aquesta l\u00ednia que emmarquem el nostre projecte de <em>socialitzaci\u00f3 de llibres de text<\/em> iniciat el curs 2006\/07.<\/p>\n<p><span style=\"font-weight: 400;\">De 1r a 6\u00e8 part dels llibres de l\u2019alumnat estan socialitzats. El Projecte implica reutilitzaci\u00f3 dels llibres de text. A la reuni\u00f3 del Pas de I5 a 1r s\u2019explica amb detall a les fam\u00edlies en qu\u00e8 consisteix. La Comissi\u00f3 de socialitzaci\u00f3 s\u2019encarrega de gestionar el servei.<\/span><\/p>\n<p><strong>Objectius<\/strong><\/p>\n<p>-Introduir de manera pr\u00e0ctica en l\u2019educaci\u00f3 dels nens i les nenes valors com el saber compartir, la igualtat i la responsabilitat.<\/p>\n<p>-Fomentar els valors de solidaritat, capacitat de compartir i respecte al b\u00e9 com\u00fa.<\/p>\n<p>-Adonar-se dels beneficis que comporta l\u2019\u00fas de materials comuns.<\/p>\n<p>-Potenciar el respecte i la responsabilitat davant dels materials comunitaris.<\/p>\n<p>-Afavorir la solidaritat i l\u2019esperit cooperatiu en aspectes quotidians.<\/p>\n<p>-Garantir la igualtat en les condicions d\u2019escolaritzaci\u00f3 de tot l\u2019alumnat.<\/p>\n<p>-Promoure la cultura del reciclatge i la reutilitzaci\u00f3 dels recursos.<\/p>\n<p>-Educar per al consum racional i sostenible, i per a l\u2019estalvi ecol\u00f2gic i econ\u00f2mic.<\/p>\n<p>-Fomentar la cooperaci\u00f3 entre alumnat, les fam\u00edlies i el professorat.<\/p>\n<p>-Promoure projectes educatius de centre compartits i gestionats per la comunitat educativa.<\/p>\n<p>-Reduir la despesa familiar en concepte de llibres de text i material did\u00e0ctic complementari.<\/p>\n","protected":false},"excerpt":{"rendered":"<p>L\u2019equip docent de l\u2019Escola\u00a0PAX de Tarragona treballa des de fa molts anys per inculcar en l&#8217;alumnat\u00a0valors de cooperaci\u00f3, responsabilitat, sostenibilitat i respecte amb el medi ambient. La recollida selectiva i setmanal de papers, la fira del llibre vell, els tallers i les activitats de l\u2019\u00e0rea de pl\u00e0stica amb objectes reciclats, l\u2019especial cura que es manifesta [&hellip;]<\/p>\n","protected":false},"author":1,"featured_media":0,"parent":3899,"menu_order":0,"comment_status":"open","ping_status":"open","template":"","meta":{"_bbp_topic_count":0,"_bbp_reply_count":0,"_bbp_total_topic_count":0,"_bbp_total_reply_count":0,"_bbp_voice_count":0,"_bbp_anonymous_reply_count":0,"_bbp_topic_count_hidden":0,"_bbp_reply_count_hidden":0,"_bbp_forum_subforum_count":0,"site-sidebar-layout":"default","site-content-layout":"","ast-site-content-layout":"","site-content-style":"default","site-sidebar-style":"default","ast-global-header-display":"","ast-banner-title-visibility":"","ast-main-header-display":"","ast-hfb-above-header-display":"","ast-hfb-below-header-display":"","ast-hfb-mobile-header-display":"","site-post-title":"","ast-breadcrumbs-content":"","ast-featured-img":"","footer-sml-layout":"","theme-transparent-header-meta":"","adv-header-id-meta":"","stick-header-meta":"","header-above-stick-meta":"","header-main-stick-meta":"","header-below-stick-meta":"","astra-migrate-meta-layouts":"default","ast-page-background-enabled":"default","ast-page-background-meta":{"desktop":{"background-color":"var(--ast-global-color-4)","background-image":"","background-repeat":"repeat","background-position":"center center","background-size":"auto","background-attachment":"scroll","background-type":"","background-media":"","overlay-type":"","overlay-color":"","overlay-opacity":"","overlay-gradient":""},"tablet":{"background-color":"","background-image":"","background-repeat":"repeat","background-position":"center center","background-size":"auto","background-attachment":"scroll","background-type":"","background-media":"","overlay-type":"","overlay-color":"","overlay-opacity":"","overlay-gradient":""},"mobile":{"background-color":"","background-image":"","background-repeat":"repeat","background-position":"center center","background-size":"auto","background-attachment":"scroll","background-type":"","background-media":"","overlay-type":"","overlay-color":"","overlay-opacity":"","overlay-gradient":""}},"ast-content-background-meta":{"desktop":{"background-color":"var(--ast-global-color-5)","background-image":"","background-repeat":"repeat","background-position":"center center","background-size":"auto","background-attachment":"scroll","background-type":"","background-media":"","overlay-type":"","overlay-color":"","overlay-opacity":"","overlay-gradient":""},"tablet":{"background-color":"var(--ast-global-color-5)","background-image":"","background-repeat":"repeat","background-position":"center center","background-size":"auto","background-attachment":"scroll","background-type":"","background-media":"","overlay-type":"","overlay-color":"","overlay-opacity":"","overlay-gradient":""},"mobile":{"background-color":"var(--ast-global-color-5)","background-image":"","background-repeat":"repeat","background-position":"center center","background-size":"auto","background-attachment":"scroll","background-type":"","background-media":"","overlay-type":"","overlay-color":"","overlay-opacity":"","overlay-gradient":""}},"footnotes":""},"class_list":["post-3898","page","type-page","status-publish","hentry"],"post_mailing_queue_ids":[],"_links":{"self":[{"href":"https:\/\/agora.xtec.cat\/ceippax\/wp-json\/wp\/v2\/pages\/3898","targetHints":{"allow":["GET"]}}],"collection":[{"href":"https:\/\/agora.xtec.cat\/ceippax\/wp-json\/wp\/v2\/pages"}],"about":[{"href":"https:\/\/agora.xtec.cat\/ceippax\/wp-json\/wp\/v2\/types\/page"}],"author":[{"embeddable":true,"href":"https:\/\/agora.xtec.cat\/ceippax\/wp-json\/wp\/v2\/users\/1"}],"replies":[{"embeddable":true,"href":"https:\/\/agora.xtec.cat\/ceippax\/wp-json\/wp\/v2\/comments?post=3898"}],"version-history":[{"count":4,"href":"https:\/\/agora.xtec.cat\/ceippax\/wp-json\/wp\/v2\/pages\/3898\/revisions"}],"predecessor-version":[{"id":10072,"href":"https:\/\/agora.xtec.cat\/ceippax\/wp-json\/wp\/v2\/pages\/3898\/revisions\/10072"}],"up":[{"embeddable":true,"href":"https:\/\/agora.xtec.cat\/ceippax\/wp-json\/wp\/v2\/pages\/3899"}],"wp:attachment":[{"href":"https:\/\/agora.xtec.cat\/ceippax\/wp-json\/wp\/v2\/media?parent=3898"}],"curies":[{"name":"wp","href":"https:\/\/api.w.org\/{rel}","templated":true}]}}