{"id":3071,"date":"2014-04-04T16:40:30","date_gmt":"2014-04-04T15:40:30","guid":{"rendered":"http:\/\/blocs.xtec.cat\/ceippax\/?page_id=3071"},"modified":"2025-07-17T14:18:45","modified_gmt":"2025-07-17T12:18:45","slug":"calendari-activitats","status":"publish","type":"page","link":"https:\/\/agora.xtec.cat\/ceippax\/informacio-general\/calendari-activitats\/","title":{"rendered":"Festes i calendari activitats"},"content":{"rendered":"<p><span style=\"font-weight: 400;\">Durant el curs escolar, el centre celebra un seguit de festes. Cadascuna t\u00e9 establerts uns actes propis, dins o fora de l\u2019horari lectiu. Algunes s\u00f3n obertes a les fam\u00edlies, d\u2019altres s\u00f3n internes. La participaci\u00f3 de l\u2019alumnat dep\u00e8n de la festa i de l\u2019edat. Podreu trobar les dates en qu\u00e8 es realitzen al calendari.<\/span><\/p>\n<p>Tamb\u00e9 podeu descarregar el calendari escolar 2025-2026 clicant <a href=\"https:\/\/agora.xtec.cat\/ceippax\/wp-content\/uploads\/usu1317\/2025\/07\/Calendari-25-26.png\">AQU\u00cd<\/a>.<\/p>\n<p><center><\/center><center><br \/>\n<iframe loading=\"lazy\" src=\"https:\/\/www.google.com\/calendar\/embed?showTitle=0&amp;showPrint=0&amp;showCalendars=0&amp;showTz=0&amp;height=400&amp;wkst=2&amp;bgcolor=%23cc0000&amp;src=xtec.cat_8jqcm84amh2gsdrchekv95nktg%40group.calendar.google.com&amp;color=%232F6213&amp;src=xtec.cat_4kdpb2nctkv1kfjvrjsrtlvjic%40group.calendar.google.com&amp;color=%23060D5E&amp;ctz=Europe%2FMadrid\" width=\"500\" height=\"400\" frameborder=\"0\" scrolling=\"no\"><span data-mce-type=\"bookmark\" style=\"display: inline-block; width: 0px; overflow: hidden; line-height: 0;\" class=\"mce_SELRES_start\">\ufeff<\/span><span data-mce-type=\"bookmark\" style=\"display: inline-block; width: 0px; overflow: hidden; line-height: 0;\" class=\"mce_SELRES_start\">\ufeff<\/span><span data-mce-type=\"bookmark\" style=\"display: inline-block; width: 0px; overflow: hidden; line-height: 0;\" class=\"mce_SELRES_start\"><span data-mce-type=\"bookmark\" style=\"display: inline-block; width: 0px; overflow: hidden; line-height: 0;\" class=\"mce_SELRES_start\">\ufeff<\/span>\ufeff<\/span><span data-mce-type=\"bookmark\" style=\"display: inline-block; width: 0px; overflow: hidden; line-height: 0;\" class=\"mce_SELRES_start\">\ufeff<\/span><\/iframe><\/center><center><\/center>&nbsp;<\/p>\n<p><b>Santa Tecla a les escoles: <\/b><span style=\"font-weight: 400;\">Cada any ens visita un personatge o grup folkl\u00f2ric del seguici popular a proposta de la Comissi\u00f3 de Festes de Santa Tecla de l\u2019ajuntament de Tarragona (16 de setembre).<\/span><\/p>\n<p><strong>Festa de les estacions:<\/strong> L&#8217;alumnat d&#8217;educaci\u00f3 infantil dona la benvinguda a la tardor (19 de setembre).<\/p>\n<p><b>Apadrinament d&#8217;una arbre:<\/b><span style=\"font-weight: 400;\"> Coincidit amb el dia Mundial de Protecci\u00f3 de la natura, cada curs apadrina un arbre de l\u2019escola (20 d\u2019octubre).<\/span><\/p>\n<p><b>Castanyada: <\/b><span style=\"font-weight: 400;\">Hi participa tota l\u2019escola. Els nens i les nenes de sis\u00e8 es disfressen de castanyeres i reparteixen\u00a0 les castanyes que pr\u00e8viament han torrat (31 d\u2019octubre).<\/span><\/p>\n<p><b>3a Jornada de les Superhero\u00efnes i els Superherois:<\/b><span style=\"font-weight: 400;\"> Participaci\u00f3 de tota l\u2019escola a la iniciativa solid\u00e0ria de la Fundaci\u00f3 La Nineta dels ulls, per treballar les capacitats personals pr\u00f2pies i la toler\u00e0ncia cap a la difer\u00e8ncia (17 de novembre).<\/span><\/p>\n<p><b>Santa Ll\u00facia: <\/b><span style=\"font-weight: 400;\">Hi participa tota l\u2019escola. Cada nivell elabora un producte artesanal de tem\u00e0tica nadalenca que es ven a la fira\u00a0 (12 de desembre).<\/span><\/p>\n<p><strong>Festa de les estacions:<\/strong> L&#8217;alumnat d&#8217;educaci\u00f3 infantil dona la benvinguda a l&#8217;hivern (18 de desembre).<\/p>\n<p><b>Ti\u00f3: <\/b><span style=\"font-weight: 400;\">Hi participa educaci\u00f3 infantil i la comunitat de mitjans (<\/span><span style=\"font-weight: 400;\">19 de desembre).<\/span><\/p>\n<p><b>Carnaval: <\/b><span style=\"font-weight: 400;\">Hi participa tota l\u2019escola. L\u2019alumnat es disfressa i gaudeix d\u2019una festa amb m\u00fasica. Posteriorment, a partir de les 16.30, l\u2019AFA continua la festa amb m\u00fasica i berenar solidari, amb la participaci\u00f3 de les fam\u00edlies (13 de febrer).<\/span><\/p>\n<p><b>Festa de l\u2019arbre: <\/b><span style=\"font-weight: 400;\">L\u2019AFA conjuntament amb l\u2019escola organitza aquesta festa en dissabte en la qual es t\u00e9 cura de la vegetaci\u00f3 del centre (14 de mar\u00e7).<\/span><\/p>\n<p><strong>Festa de les estacions:<\/strong> L&#8217;alumnat d&#8217;educaci\u00f3 infantil dona la benvinguda a la primavera (20 de mar\u00e7).<\/p>\n<p><strong>Fira d&#8217;experi\u00e8ncies:<\/strong> Fira d&#8217;exposici\u00f3 dels projectes de 3r a 6\u00e8 (26 de mar\u00e7).<\/p>\n<p><b>Sant Jordi: <\/b><span style=\"font-weight: 400;\">Hi participa tota l\u2019escola. Al voltant de la diada de Sant Jordi se celebren un seguit d\u2019actes i activitats relacionades amb la llengua i la literatura. Tot l\u2019alumnat de prim\u00e0ria participa en un concurs de punts de llibre i en un de literari, celebrant una entrega de premis. L\u2019alumnat d\u2019infantil hi participa en la modalitat de dibuix col\u00b7laboratiu (del 20 al 24 d&#8217;abril).<\/span><\/p>\n<p><b>Festa de l\u2019esport: <\/b><span style=\"font-weight: 400;\">A c\u00e0rrec de l\u2019AFA. S\u2019organitzen partits de diverses categories i activitats relacionades amb l\u2019esport (cap de setmana del mes de maig)\u00a0<\/span><\/p>\n<p><b>Festa fi de curs: <\/b><span style=\"font-weight: 400;\">Festa de comiat de l\u2019escola que consta de dues parts: En la primera l\u2019escola organitza, amb l\u2019alumnat de 5\u00e8 i 6\u00e8,\u00a0 un conjunt de jocs per totes les edats. Per accedir-hi les fam\u00edlies s\u2019ha de comprar una polsera, el cost de la qual serveix per pagar aquesta part de la festa. A continuaci\u00f3 l\u2019AFA organitza un sopar per a tots els socis (12 de juny).<\/span><\/p>\n<p><b>Comiat de sis\u00e8: <\/b><span style=\"font-weight: 400;\">Acabades les classes, l\u2019equip de mestres convida les fam\u00edlies i alumnat de sis\u00e8 a un petit acte de comiat. L\u2019AFA tamb\u00e9 hi participa. Acte per les fam\u00edlies de 6\u00e8 (18 de juny).\u00a0<\/span><\/p>\n<p><strong>Festa de les estacions:<\/strong> L&#8217;alumnat d&#8217;educaci\u00f3 infantil dona la benvinguda a l&#8217;estiu (19 de juny).<\/p>\n","protected":false},"excerpt":{"rendered":"<p>Durant el curs escolar, el centre celebra un seguit de festes. Cadascuna t\u00e9 establerts uns actes propis, dins o fora de l\u2019horari lectiu. Algunes s\u00f3n obertes a les fam\u00edlies, d\u2019altres s\u00f3n internes. La participaci\u00f3 de l\u2019alumnat dep\u00e8n de la festa i de l\u2019edat. Podreu trobar les dates en qu\u00e8 es realitzen al calendari. Tamb\u00e9 podeu [&hellip;]<\/p>\n","protected":false},"author":1,"featured_media":0,"parent":241,"menu_order":0,"comment_status":"open","ping_status":"open","template":"","meta":{"_bbp_topic_count":0,"_bbp_reply_count":0,"_bbp_total_topic_count":0,"_bbp_total_reply_count":0,"_bbp_voice_count":0,"_bbp_anonymous_reply_count":0,"_bbp_topic_count_hidden":0,"_bbp_reply_count_hidden":0,"_bbp_forum_subforum_count":0,"site-sidebar-layout":"default","site-content-layout":"","ast-site-content-layout":"","site-content-style":"default","site-sidebar-style":"default","ast-global-header-display":"","ast-banner-title-visibility":"","ast-main-header-display":"","ast-hfb-above-header-display":"","ast-hfb-below-header-display":"","ast-hfb-mobile-header-display":"","site-post-title":"","ast-breadcrumbs-content":"","ast-featured-img":"","footer-sml-layout":"","theme-transparent-header-meta":"","adv-header-id-meta":"","stick-header-meta":"","header-above-stick-meta":"","header-main-stick-meta":"","header-below-stick-meta":"","astra-migrate-meta-layouts":"default","ast-page-background-enabled":"default","ast-page-background-meta":{"desktop":{"background-color":"var(--ast-global-color-4)","background-image":"","background-repeat":"repeat","background-position":"center center","background-size":"auto","background-attachment":"scroll","background-type":"","background-media":"","overlay-type":"","overlay-color":"","overlay-opacity":"","overlay-gradient":""},"tablet":{"background-color":"","background-image":"","background-repeat":"repeat","background-position":"center center","background-size":"auto","background-attachment":"scroll","background-type":"","background-media":"","overlay-type":"","overlay-color":"","overlay-opacity":"","overlay-gradient":""},"mobile":{"background-color":"","background-image":"","background-repeat":"repeat","background-position":"center center","background-size":"auto","background-attachment":"scroll","background-type":"","background-media":"","overlay-type":"","overlay-color":"","overlay-opacity":"","overlay-gradient":""}},"ast-content-background-meta":{"desktop":{"background-color":"var(--ast-global-color-5)","background-image":"","background-repeat":"repeat","background-position":"center center","background-size":"auto","background-attachment":"scroll","background-type":"","background-media":"","overlay-type":"","overlay-color":"","overlay-opacity":"","overlay-gradient":""},"tablet":{"background-color":"var(--ast-global-color-5)","background-image":"","background-repeat":"repeat","background-position":"center center","background-size":"auto","background-attachment":"scroll","background-type":"","background-media":"","overlay-type":"","overlay-color":"","overlay-opacity":"","overlay-gradient":""},"mobile":{"background-color":"var(--ast-global-color-5)","background-image":"","background-repeat":"repeat","background-position":"center center","background-size":"auto","background-attachment":"scroll","background-type":"","background-media":"","overlay-type":"","overlay-color":"","overlay-opacity":"","overlay-gradient":""}},"footnotes":""},"class_list":["post-3071","page","type-page","status-publish","hentry"],"post_mailing_queue_ids":[],"_links":{"self":[{"href":"https:\/\/agora.xtec.cat\/ceippax\/wp-json\/wp\/v2\/pages\/3071","targetHints":{"allow":["GET"]}}],"collection":[{"href":"https:\/\/agora.xtec.cat\/ceippax\/wp-json\/wp\/v2\/pages"}],"about":[{"href":"https:\/\/agora.xtec.cat\/ceippax\/wp-json\/wp\/v2\/types\/page"}],"author":[{"embeddable":true,"href":"https:\/\/agora.xtec.cat\/ceippax\/wp-json\/wp\/v2\/users\/1"}],"replies":[{"embeddable":true,"href":"https:\/\/agora.xtec.cat\/ceippax\/wp-json\/wp\/v2\/comments?post=3071"}],"version-history":[{"count":7,"href":"https:\/\/agora.xtec.cat\/ceippax\/wp-json\/wp\/v2\/pages\/3071\/revisions"}],"predecessor-version":[{"id":10897,"href":"https:\/\/agora.xtec.cat\/ceippax\/wp-json\/wp\/v2\/pages\/3071\/revisions\/10897"}],"up":[{"embeddable":true,"href":"https:\/\/agora.xtec.cat\/ceippax\/wp-json\/wp\/v2\/pages\/241"}],"wp:attachment":[{"href":"https:\/\/agora.xtec.cat\/ceippax\/wp-json\/wp\/v2\/media?parent=3071"}],"curies":[{"name":"wp","href":"https:\/\/api.w.org\/{rel}","templated":true}]}}