{"id":22,"date":"2014-09-18T12:19:57","date_gmt":"2014-09-18T11:19:57","guid":{"rendered":"http:\/\/agora.xtec.cat\/ceippax\/?page_id=22"},"modified":"2024-02-01T18:56:00","modified_gmt":"2024-02-01T17:56:00","slug":"lescola","status":"publish","type":"page","link":"https:\/\/agora.xtec.cat\/ceippax\/lescola\/","title":{"rendered":"L&#8217;escola"},"content":{"rendered":"<p><span style=\"font-weight: 400;\">Us donem la benvinguda al nostre espai virtual i us agra\u00efm el vostre inter\u00e8s. Esperem que a trav\u00e9s d\u2019aquestes p\u00e0gines pugueu fer-vos una idea de qui som i com treballem al Pax.<\/span><\/p>\n<p><span style=\"font-weight: 400;\">A l\u2019escola ens agrada pensar que som una pinya, un conjunt de persones que treballem juntes i convivim cada dia, que creem vincles i que aprenem les unes de les altres.\u00a0<\/span><\/p>\n<p><span style=\"font-weight: 400;\">El nostre comprom\u00eds \u00e9s formar infants de manera integral per tal que estiguin preparats per assumir els reptes d\u2019una societat din\u00e0mica, canviant i necessitada de valors d\u2019empatia, toler\u00e0ncia, solidaritat i creativitat.\u00a0<\/span><\/p>\n<p><span style=\"font-weight: 400;\">Per aconseguir-ho, necessitem la implicaci\u00f3 de tota la comunitat.\u00a0<\/span><\/p>\n<p><span style=\"font-weight: 400;\">Us hi apunteu? Doncs, som-hi!<img loading=\"lazy\" decoding=\"async\" class=\"aligncenter size-medium wp-image-4929\" src=\"https:\/\/agora.xtec.cat\/ceippax\/wp-content\/uploads\/usu1317\/2008\/07\/IMG_20170220_140027-3-277x300.jpg\" alt=\"\" width=\"277\" height=\"300\" srcset=\"https:\/\/agora.xtec.cat\/ceippax\/wp-content\/uploads\/usu1317\/2008\/07\/IMG_20170220_140027-3-277x300.jpg 277w, https:\/\/agora.xtec.cat\/ceippax\/wp-content\/uploads\/usu1317\/2008\/07\/IMG_20170220_140027-3-768x831.jpg 768w, https:\/\/agora.xtec.cat\/ceippax\/wp-content\/uploads\/usu1317\/2008\/07\/IMG_20170220_140027-3-946x1024.jpg 946w, https:\/\/agora.xtec.cat\/ceippax\/wp-content\/uploads\/usu1317\/2008\/07\/IMG_20170220_140027-3.jpg 1024w\" sizes=\"auto, (max-width: 277px) 100vw, 277px\" \/><\/span><\/p>\n","protected":false},"excerpt":{"rendered":"<p>Us donem la benvinguda al nostre espai virtual i us agra\u00efm el vostre inter\u00e8s. Esperem que a trav\u00e9s d\u2019aquestes p\u00e0gines pugueu fer-vos una idea de qui som i com treballem al Pax. A l\u2019escola ens agrada pensar que som una pinya, un conjunt de persones que treballem juntes i convivim cada dia, que creem vincles [&hellip;]<\/p>\n","protected":false},"author":1,"featured_media":0,"parent":0,"menu_order":1,"comment_status":"closed","ping_status":"closed","template":"page-templates\/side-menu.php","meta":{"_bbp_topic_count":0,"_bbp_reply_count":0,"_bbp_total_topic_count":0,"_bbp_total_reply_count":0,"_bbp_voice_count":0,"_bbp_anonymous_reply_count":0,"_bbp_topic_count_hidden":0,"_bbp_reply_count_hidden":0,"_bbp_forum_subforum_count":0,"site-sidebar-layout":"default","site-content-layout":"","ast-site-content-layout":"","site-content-style":"default","site-sidebar-style":"default","ast-global-header-display":"","ast-banner-title-visibility":"","ast-main-header-display":"","ast-hfb-above-header-display":"","ast-hfb-below-header-display":"","ast-hfb-mobile-header-display":"","site-post-title":"","ast-breadcrumbs-content":"","ast-featured-img":"","footer-sml-layout":"","theme-transparent-header-meta":"","adv-header-id-meta":"","stick-header-meta":"","header-above-stick-meta":"","header-main-stick-meta":"","header-below-stick-meta":"","astra-migrate-meta-layouts":"default","ast-page-background-enabled":"default","ast-page-background-meta":{"desktop":{"background-color":"var(--ast-global-color-4)","background-image":"","background-repeat":"repeat","background-position":"center center","background-size":"auto","background-attachment":"scroll","background-type":"","background-media":"","overlay-type":"","overlay-color":"","overlay-opacity":"","overlay-gradient":""},"tablet":{"background-color":"","background-image":"","background-repeat":"repeat","background-position":"center center","background-size":"auto","background-attachment":"scroll","background-type":"","background-media":"","overlay-type":"","overlay-color":"","overlay-opacity":"","overlay-gradient":""},"mobile":{"background-color":"","background-image":"","background-repeat":"repeat","background-position":"center center","background-size":"auto","background-attachment":"scroll","background-type":"","background-media":"","overlay-type":"","overlay-color":"","overlay-opacity":"","overlay-gradient":""}},"ast-content-background-meta":{"desktop":{"background-color":"var(--ast-global-color-5)","background-image":"","background-repeat":"repeat","background-position":"center center","background-size":"auto","background-attachment":"scroll","background-type":"","background-media":"","overlay-type":"","overlay-color":"","overlay-opacity":"","overlay-gradient":""},"tablet":{"background-color":"var(--ast-global-color-5)","background-image":"","background-repeat":"repeat","background-position":"center center","background-size":"auto","background-attachment":"scroll","background-type":"","background-media":"","overlay-type":"","overlay-color":"","overlay-opacity":"","overlay-gradient":""},"mobile":{"background-color":"var(--ast-global-color-5)","background-image":"","background-repeat":"repeat","background-position":"center center","background-size":"auto","background-attachment":"scroll","background-type":"","background-media":"","overlay-type":"","overlay-color":"","overlay-opacity":"","overlay-gradient":""}},"footnotes":""},"class_list":["post-22","page","type-page","status-publish","hentry"],"post_mailing_queue_ids":[],"_links":{"self":[{"href":"https:\/\/agora.xtec.cat\/ceippax\/wp-json\/wp\/v2\/pages\/22","targetHints":{"allow":["GET"]}}],"collection":[{"href":"https:\/\/agora.xtec.cat\/ceippax\/wp-json\/wp\/v2\/pages"}],"about":[{"href":"https:\/\/agora.xtec.cat\/ceippax\/wp-json\/wp\/v2\/types\/page"}],"author":[{"embeddable":true,"href":"https:\/\/agora.xtec.cat\/ceippax\/wp-json\/wp\/v2\/users\/1"}],"replies":[{"embeddable":true,"href":"https:\/\/agora.xtec.cat\/ceippax\/wp-json\/wp\/v2\/comments?post=22"}],"version-history":[{"count":6,"href":"https:\/\/agora.xtec.cat\/ceippax\/wp-json\/wp\/v2\/pages\/22\/revisions"}],"predecessor-version":[{"id":9596,"href":"https:\/\/agora.xtec.cat\/ceippax\/wp-json\/wp\/v2\/pages\/22\/revisions\/9596"}],"wp:attachment":[{"href":"https:\/\/agora.xtec.cat\/ceippax\/wp-json\/wp\/v2\/media?parent=22"}],"curies":[{"name":"wp","href":"https:\/\/api.w.org\/{rel}","templated":true}]}}