{"id":1014,"date":"2010-02-10T19:40:51","date_gmt":"2010-02-10T18:40:51","guid":{"rendered":"http:\/\/blocs.xtec.cat\/ceippax\/?page_id=1014"},"modified":"2017-02-19T12:38:46","modified_gmt":"2017-02-19T11:38:46","slug":"escola-verda","status":"publish","type":"page","link":"https:\/\/agora.xtec.cat\/ceippax\/projectes\/escola-verda\/","title":{"rendered":"Escola Verda"},"content":{"rendered":"<\/div>\n<p class=\"MsoNormal\"><strong><span style=\"color: #339966;\"><span lang=\"CA\"><br \/>\n<\/span><\/span><\/strong><\/p>\n<p class=\"MsoNormal\"><strong><span style=\"color: #339966;\"><span lang=\"CA\">ACTUACIONS QUE FA L&#8217;ESCOLA<\/span><\/span><\/strong><\/p>\n<p class=\"MsoNormal\">\n<p class=\"MsoNormal\">\n<ol>\n<li><span lang=\"CA\">Recollida de papers del bosc tots els dimecres.<\/span><\/li>\n<li><span lang=\"CA\">Recollida selectiva de paper i pl\u00e0stic i rebuig: l\u2019alumnat de cicle superior\u00e9s l&#8217;encarregat de llen\u00e7ar-ho als contenidors del carrer.<\/span><\/li>\n<li><span lang=\"CA\">Contenidors de pl\u00e0stic per a prim\u00e0ria i nous contenidors de paper, pl\u00e0stic i org\u00e0nica al costat dels lavabos del bosc.<\/span><\/li>\n<li><span lang=\"CA\">Respectar el nostre entorn: Animalons, arbres del bosc, plantes&#8230;<\/span><\/li>\n<li><span lang=\"CA\">L\u2019hort ecol\u00f2gic.<\/span><\/li>\n<li><span lang=\"CA\">La fira del llibre vell. (intercanvi de llibres vells entre alumnes)<\/span><\/li>\n<li><span lang=\"CA\">Projecte socialitzaci\u00f3 llibres de text.<\/span><\/li>\n<li><span lang=\"CA\">Cartells amb missatges de reciclatge o estalvi d\u2019energia dissenyats per\u00a0 l\u2019alumnat dins de l&#8217;\u00e0rea d\u2019audiovisuals.<\/span><\/li>\n<li><span lang=\"CA\">Rac\u00f3 de l\u2019escola verda ( Suro amb informaci\u00f3: temes sostenibles, informaci\u00f3 pr\u00e0ctica de reciclatge&#8230;.)<\/span><\/li>\n<li><span lang=\"CA\">Reciclar paper escrit per una cara.<\/span><\/li>\n<li><span lang=\"CA\">La festa de l\u2019arbre.<\/span><\/li>\n<li><span lang=\"CA\">Embolicar els entrepans amb paper.<\/span><\/li>\n<li>\u00das de carmanyoles.<\/li>\n<li>Aprofitar el m\u00e0xim la llum solar. Estalviar energia el\u00e8ctrica.<\/li>\n<li><span lang=\"CA\">Classificaci\u00f3 dels residus generats al menjador, seguint les pautes del reciclatge.<\/span><\/li>\n<\/ol>\n","protected":false},"excerpt":{"rendered":"<p>ACTUACIONS QUE FA L&#8217;ESCOLA Recollida de papers del bosc tots els dimecres. Recollida selectiva de paper i pl\u00e0stic i rebuig: l\u2019alumnat de cicle superior\u00e9s l&#8217;encarregat de llen\u00e7ar-ho als contenidors del carrer. Contenidors de pl\u00e0stic per a prim\u00e0ria i nous contenidors de paper, pl\u00e0stic i org\u00e0nica al costat dels lavabos del bosc. Respectar el nostre entorn: [&hellip;]<\/p>\n","protected":false},"author":1,"featured_media":0,"parent":3899,"menu_order":0,"comment_status":"open","ping_status":"open","template":"","meta":{"_bbp_topic_count":0,"_bbp_reply_count":0,"_bbp_total_topic_count":0,"_bbp_total_reply_count":0,"_bbp_voice_count":0,"_bbp_anonymous_reply_count":0,"_bbp_topic_count_hidden":0,"_bbp_reply_count_hidden":0,"_bbp_forum_subforum_count":0,"site-sidebar-layout":"default","site-content-layout":"","ast-site-content-layout":"","site-content-style":"default","site-sidebar-style":"default","ast-global-header-display":"","ast-banner-title-visibility":"","ast-main-header-display":"","ast-hfb-above-header-display":"","ast-hfb-below-header-display":"","ast-hfb-mobile-header-display":"","site-post-title":"","ast-breadcrumbs-content":"","ast-featured-img":"","footer-sml-layout":"","theme-transparent-header-meta":"","adv-header-id-meta":"","stick-header-meta":"","header-above-stick-meta":"","header-main-stick-meta":"","header-below-stick-meta":"","astra-migrate-meta-layouts":"default","ast-page-background-enabled":"default","ast-page-background-meta":{"desktop":{"background-color":"var(--ast-global-color-4)","background-image":"","background-repeat":"repeat","background-position":"center center","background-size":"auto","background-attachment":"scroll","background-type":"","background-media":"","overlay-type":"","overlay-color":"","overlay-opacity":"","overlay-gradient":""},"tablet":{"background-color":"","background-image":"","background-repeat":"repeat","background-position":"center center","background-size":"auto","background-attachment":"scroll","background-type":"","background-media":"","overlay-type":"","overlay-color":"","overlay-opacity":"","overlay-gradient":""},"mobile":{"background-color":"","background-image":"","background-repeat":"repeat","background-position":"center center","background-size":"auto","background-attachment":"scroll","background-type":"","background-media":"","overlay-type":"","overlay-color":"","overlay-opacity":"","overlay-gradient":""}},"ast-content-background-meta":{"desktop":{"background-color":"var(--ast-global-color-5)","background-image":"","background-repeat":"repeat","background-position":"center center","background-size":"auto","background-attachment":"scroll","background-type":"","background-media":"","overlay-type":"","overlay-color":"","overlay-opacity":"","overlay-gradient":""},"tablet":{"background-color":"var(--ast-global-color-5)","background-image":"","background-repeat":"repeat","background-position":"center center","background-size":"auto","background-attachment":"scroll","background-type":"","background-media":"","overlay-type":"","overlay-color":"","overlay-opacity":"","overlay-gradient":""},"mobile":{"background-color":"var(--ast-global-color-5)","background-image":"","background-repeat":"repeat","background-position":"center center","background-size":"auto","background-attachment":"scroll","background-type":"","background-media":"","overlay-type":"","overlay-color":"","overlay-opacity":"","overlay-gradient":""}},"footnotes":""},"class_list":["post-1014","page","type-page","status-publish","hentry"],"post_mailing_queue_ids":[],"_links":{"self":[{"href":"https:\/\/agora.xtec.cat\/ceippax\/wp-json\/wp\/v2\/pages\/1014","targetHints":{"allow":["GET"]}}],"collection":[{"href":"https:\/\/agora.xtec.cat\/ceippax\/wp-json\/wp\/v2\/pages"}],"about":[{"href":"https:\/\/agora.xtec.cat\/ceippax\/wp-json\/wp\/v2\/types\/page"}],"author":[{"embeddable":true,"href":"https:\/\/agora.xtec.cat\/ceippax\/wp-json\/wp\/v2\/users\/1"}],"replies":[{"embeddable":true,"href":"https:\/\/agora.xtec.cat\/ceippax\/wp-json\/wp\/v2\/comments?post=1014"}],"version-history":[{"count":1,"href":"https:\/\/agora.xtec.cat\/ceippax\/wp-json\/wp\/v2\/pages\/1014\/revisions"}],"predecessor-version":[{"id":4908,"href":"https:\/\/agora.xtec.cat\/ceippax\/wp-json\/wp\/v2\/pages\/1014\/revisions\/4908"}],"up":[{"embeddable":true,"href":"https:\/\/agora.xtec.cat\/ceippax\/wp-json\/wp\/v2\/pages\/3899"}],"wp:attachment":[{"href":"https:\/\/agora.xtec.cat\/ceippax\/wp-json\/wp\/v2\/media?parent=1014"}],"curies":[{"name":"wp","href":"https:\/\/api.w.org\/{rel}","templated":true}]}}