{"id":77,"date":"2014-09-18T14:05:08","date_gmt":"2014-09-18T13:05:08","guid":{"rendered":"http:\/\/agora.xtec.cat\/ceippauvilaterrassa\/?page_id=77"},"modified":"2023-09-24T18:01:09","modified_gmt":"2023-09-24T16:01:09","slug":"acollida","status":"publish","type":"page","link":"https:\/\/agora.xtec.cat\/ceippauvilaterrassa\/serveis\/acollida\/","title":{"rendered":"Acollida Matinal"},"content":{"rendered":"<p>A partir del dia 6 de setembre hi ha acollida matinal, organitzada per l&#8217;AFA de l&#8217;escola, per aquelles fam\u00edlies que necessitin el servei.<\/p>\n<p>Aquesta acollida es fa de 8:00\ud83d\udd57 a 9:00 \ud83d\udd58.<\/p>\n<p>Les inscripcions es fan a trav\u00e9s del seg\u00fcent formulari de Google: <a href=\"https:\/\/docs.google.com\/forms\/d\/e\/1FAIpQLSdQ6c5Zc3OdxW_C0eO2wIQAK4brgkfZsVladmuapvHdZOJdtA\/viewform\" target=\"_blank\" rel=\"noopener\">inscripcions acollida matinal<\/a>.<\/p>\n<p>&nbsp;<\/p>\n<p>Tamb\u00e9 us podeu posar en contacte amb l&#8217;empresa que gestiona aquest servei:<\/p>\n<p>Playedu: pauvila@playedu.es<\/p>\n<p>&nbsp;<\/p>\n<p>Si necessiteu m\u00e9s informaci\u00f3 us deixem un document PDF amb les dades importants:<\/p>\n<p style=\"text-align: center;\"><a href=\"https:\/\/drive.google.com\/file\/d\/1-Dz-U2ao0UYga-mg6HDlR9--1vqi1e9S\/view?usp=sharing\" target=\"_blank\" rel=\"noopener\">Acollida matinal a l&#8217;Escola Pau Vila<\/a><\/p>\n","protected":false},"excerpt":{"rendered":"<p>A partir del dia 6 de setembre hi ha acollida matinal, organitzada per l&#8217;AFA de l&#8217;escola, per aquelles fam\u00edlies que necessitin el servei. Aquesta acollida es fa de 8:00\ud83d\udd57 a 9:00 \ud83d\udd58. Les inscripcions es fan a trav\u00e9s del seg\u00fcent formulari de Google: inscripcions acollida matinal. &nbsp; Tamb\u00e9 us podeu posar en contacte amb l&#8217;empresa [&hellip;]<\/p>\n","protected":false},"author":1,"featured_media":0,"parent":66,"menu_order":20,"comment_status":"closed","ping_status":"closed","template":"page-templates\/side-menu.php","meta":{"_bbp_topic_count":0,"_bbp_reply_count":0,"_bbp_total_topic_count":0,"_bbp_total_reply_count":0,"_bbp_voice_count":0,"_bbp_anonymous_reply_count":0,"_bbp_topic_count_hidden":0,"_bbp_reply_count_hidden":0,"_bbp_forum_subforum_count":0,"site-sidebar-layout":"default","site-content-layout":"","ast-site-content-layout":"","site-content-style":"default","site-sidebar-style":"default","ast-global-header-display":"","ast-banner-title-visibility":"","ast-main-header-display":"","ast-hfb-above-header-display":"","ast-hfb-below-header-display":"","ast-hfb-mobile-header-display":"","site-post-title":"","ast-breadcrumbs-content":"","ast-featured-img":"","footer-sml-layout":"","theme-transparent-header-meta":"","adv-header-id-meta":"","stick-header-meta":"","header-above-stick-meta":"","header-main-stick-meta":"","header-below-stick-meta":"","astra-migrate-meta-layouts":"default","ast-page-background-enabled":"default","ast-page-background-meta":{"desktop":{"background-color":"var(--ast-global-color-4)","background-image":"","background-repeat":"repeat","background-position":"center center","background-size":"auto","background-attachment":"scroll","background-type":"","background-media":"","overlay-type":"","overlay-color":"","overlay-opacity":"","overlay-gradient":""},"tablet":{"background-color":"","background-image":"","background-repeat":"repeat","background-position":"center center","background-size":"auto","background-attachment":"scroll","background-type":"","background-media":"","overlay-type":"","overlay-color":"","overlay-opacity":"","overlay-gradient":""},"mobile":{"background-color":"","background-image":"","background-repeat":"repeat","background-position":"center center","background-size":"auto","background-attachment":"scroll","background-type":"","background-media":"","overlay-type":"","overlay-color":"","overlay-opacity":"","overlay-gradient":""}},"ast-content-background-meta":{"desktop":{"background-color":"var(--ast-global-color-5)","background-image":"","background-repeat":"repeat","background-position":"center center","background-size":"auto","background-attachment":"scroll","background-type":"","background-media":"","overlay-type":"","overlay-color":"","overlay-opacity":"","overlay-gradient":""},"tablet":{"background-color":"var(--ast-global-color-5)","background-image":"","background-repeat":"repeat","background-position":"center center","background-size":"auto","background-attachment":"scroll","background-type":"","background-media":"","overlay-type":"","overlay-color":"","overlay-opacity":"","overlay-gradient":""},"mobile":{"background-color":"var(--ast-global-color-5)","background-image":"","background-repeat":"repeat","background-position":"center center","background-size":"auto","background-attachment":"scroll","background-type":"","background-media":"","overlay-type":"","overlay-color":"","overlay-opacity":"","overlay-gradient":""}},"footnotes":""},"class_list":["post-77","page","type-page","status-publish","hentry"],"post_mailing_queue_ids":[],"_links":{"self":[{"href":"https:\/\/agora.xtec.cat\/ceippauvilaterrassa\/wp-json\/wp\/v2\/pages\/77","targetHints":{"allow":["GET"]}}],"collection":[{"href":"https:\/\/agora.xtec.cat\/ceippauvilaterrassa\/wp-json\/wp\/v2\/pages"}],"about":[{"href":"https:\/\/agora.xtec.cat\/ceippauvilaterrassa\/wp-json\/wp\/v2\/types\/page"}],"author":[{"embeddable":true,"href":"https:\/\/agora.xtec.cat\/ceippauvilaterrassa\/wp-json\/wp\/v2\/users\/1"}],"replies":[{"embeddable":true,"href":"https:\/\/agora.xtec.cat\/ceippauvilaterrassa\/wp-json\/wp\/v2\/comments?post=77"}],"version-history":[{"count":4,"href":"https:\/\/agora.xtec.cat\/ceippauvilaterrassa\/wp-json\/wp\/v2\/pages\/77\/revisions"}],"predecessor-version":[{"id":2251,"href":"https:\/\/agora.xtec.cat\/ceippauvilaterrassa\/wp-json\/wp\/v2\/pages\/77\/revisions\/2251"}],"up":[{"embeddable":true,"href":"https:\/\/agora.xtec.cat\/ceippauvilaterrassa\/wp-json\/wp\/v2\/pages\/66"}],"wp:attachment":[{"href":"https:\/\/agora.xtec.cat\/ceippauvilaterrassa\/wp-json\/wp\/v2\/media?parent=77"}],"curies":[{"name":"wp","href":"https:\/\/api.w.org\/{rel}","templated":true}]}}