{"id":588,"date":"2020-09-11T14:29:20","date_gmt":"2020-09-11T12:29:20","guid":{"rendered":"https:\/\/agora.xtec.cat\/ceippauvilaterrassa\/?page_id=588"},"modified":"2020-09-11T14:29:20","modified_gmt":"2020-09-11T12:29:20","slug":"pla-catala-de-lesport","status":"publish","type":"page","link":"https:\/\/agora.xtec.cat\/ceippauvilaterrassa\/pla-catala-de-lesport\/","title":{"rendered":"Pla Catal\u00e0 de l&#8217;Esport"},"content":{"rendered":"<p>Els Departaments d\u2019Educaci\u00f3 i de Presid\u00e8ncia de la Generalitat de Catalunya, mitjan\u00e7ant la Secretaria General de l\u2019Esport, van acordar l\u2019any 2004 impulsar el <strong>Pla Catal\u00e0 d\u2019Esport a l\u2019Escola<\/strong>, adre\u00e7at principalment a incrementar la participaci\u00f3 dels infants i joves en activitats f\u00edsiques i esportives en horari no lectiu\u00a0 i, alhora, emprar aquestes pr\u00e0ctiques per a la difusi\u00f3 i educaci\u00f3 en valors i per a l\u2019adquisici\u00f3 d\u2019h\u00e0bits saludables.<\/p>\n<div id=\"m_-539708252611164149gmail-dnn_ctr539_HtmlModule_lblContent\">\n<p>El Pla pret\u00e9n posar a l\u2019abast de tots els alumnes de prim\u00e0ria i secund\u00e0ria la pr\u00e0ctica d\u2019activitats f\u00edsiques i esportives, i aprofitar el gran potencial d\u2019aquestes activitats per contribuir a la formaci\u00f3 personal i c\u00edvica dels nostres infants i joves.<\/p>\n<p>M\u00e9s concretament, podem destacar els objectius seg\u00fcents:<\/p>\n<ul>\n<li style=\"list-style-type: none;\">\n<ul style=\"list-style-type: circle;\">\n<li>Incrementar la participaci\u00f3 en activitats f\u00edsiques i esportives en horari no lectiu de l\u2019alumnat dels centres educatius de prim\u00e0ria i de secund\u00e0ria.<\/li>\n<li>Aprofitar el gran potencial educatiu i formatiu de les activitats f\u00edsiques i esportives, cercant la participaci\u00f3 per damunt de la competitivitat.<\/li>\n<li>Potenciar la funci\u00f3 integradora i de cohesi\u00f3 social de l\u2019esport escolar, facilitant l\u2019acc\u00e9s de tots els nens i nenes a la pr\u00e0ctica esportiva escolar, i en especial dels nouvinguts.<\/li>\n<li>Contribuir mitjan\u00e7ant la pr\u00e0ctica esportiva a la formaci\u00f3 en valors com la toler\u00e0ncia, el respecte als altres i a les regles, la confian\u00e7a en un mateix, l\u2019esfor\u00e7 de superaci\u00f3, l\u2019autocr\u00edtica, l\u2019autonomia, la capacitat de decisi\u00f3, l\u2019autogesti\u00f3, la cooperaci\u00f3, el treball en equip, entre d\u2019altres.<\/li>\n<li>Fomentar la pr\u00e0ctica regular d\u2019activitats f\u00edsiques i esportives i l\u2019adquisici\u00f3 d\u2019h\u00e0bits saludables que contribueixin a un millor benestar.<\/li>\n<li>Formar joves en els valors ciutadans mitjan\u00e7ant la seva participaci\u00f3 activa en la gesti\u00f3 de les associacions esportives escolars de nova creaci\u00f3.<\/li>\n<\/ul>\n<\/li>\n<\/ul>\n<p><strong>L\u2019Escola Pau Vila participa en el Pla catal\u00e0 de l\u2019esport<\/strong> i fa difusi\u00f3 de les activitats esportives que es proposen als alumnes. Les <strong>Jornades d\u2019iniciaci\u00f3 a l\u2019esport (JIE)<\/strong> ajuden a iniciar als nois i noies en la pr\u00e0ctica esportiva de diferents esports que habitualment no es practiquen a l\u2019escola i, a m\u00e9s, con\u00e8ixer i relacionar-se amb nois i noies de la seva edat de diferents escoles de la ciutat. Les activitats estan programades amb una periodicitat d\u2019una jornada cada un o dos mesos i consisteixen en la realitzaci\u00f3 d\u2019exercicis i jocs de cada una de les activitats, adaptats a la seva edat.<\/p>\n<\/div>\n","protected":false},"excerpt":{"rendered":"<p>Els Departaments d\u2019Educaci\u00f3 i de Presid\u00e8ncia de la Generalitat de Catalunya, mitjan\u00e7ant la Secretaria General de l\u2019Esport, van acordar l\u2019any 2004 impulsar el Pla Catal\u00e0 d\u2019Esport a l\u2019Escola, adre\u00e7at principalment a incrementar la participaci\u00f3 dels infants i joves en activitats f\u00edsiques i esportives en horari no lectiu\u00a0 i, alhora, emprar aquestes pr\u00e0ctiques per a la [&hellip;]<\/p>\n","protected":false},"author":1,"featured_media":0,"parent":0,"menu_order":0,"comment_status":"closed","ping_status":"closed","template":"page-templates\/side-menu.php","meta":{"_bbp_topic_count":0,"_bbp_reply_count":0,"_bbp_total_topic_count":0,"_bbp_total_reply_count":0,"_bbp_voice_count":0,"_bbp_anonymous_reply_count":0,"_bbp_topic_count_hidden":0,"_bbp_reply_count_hidden":0,"_bbp_forum_subforum_count":0,"site-sidebar-layout":"default","site-content-layout":"","ast-site-content-layout":"","site-content-style":"default","site-sidebar-style":"default","ast-global-header-display":"","ast-banner-title-visibility":"","ast-main-header-display":"","ast-hfb-above-header-display":"","ast-hfb-below-header-display":"","ast-hfb-mobile-header-display":"","site-post-title":"","ast-breadcrumbs-content":"","ast-featured-img":"","footer-sml-layout":"","theme-transparent-header-meta":"","adv-header-id-meta":"","stick-header-meta":"","header-above-stick-meta":"","header-main-stick-meta":"","header-below-stick-meta":"","astra-migrate-meta-layouts":"default","ast-page-background-enabled":"default","ast-page-background-meta":{"desktop":{"background-color":"var(--ast-global-color-4)","background-image":"","background-repeat":"repeat","background-position":"center center","background-size":"auto","background-attachment":"scroll","background-type":"","background-media":"","overlay-type":"","overlay-color":"","overlay-opacity":"","overlay-gradient":""},"tablet":{"background-color":"","background-image":"","background-repeat":"repeat","background-position":"center center","background-size":"auto","background-attachment":"scroll","background-type":"","background-media":"","overlay-type":"","overlay-color":"","overlay-opacity":"","overlay-gradient":""},"mobile":{"background-color":"","background-image":"","background-repeat":"repeat","background-position":"center center","background-size":"auto","background-attachment":"scroll","background-type":"","background-media":"","overlay-type":"","overlay-color":"","overlay-opacity":"","overlay-gradient":""}},"ast-content-background-meta":{"desktop":{"background-color":"var(--ast-global-color-5)","background-image":"","background-repeat":"repeat","background-position":"center center","background-size":"auto","background-attachment":"scroll","background-type":"","background-media":"","overlay-type":"","overlay-color":"","overlay-opacity":"","overlay-gradient":""},"tablet":{"background-color":"var(--ast-global-color-5)","background-image":"","background-repeat":"repeat","background-position":"center center","background-size":"auto","background-attachment":"scroll","background-type":"","background-media":"","overlay-type":"","overlay-color":"","overlay-opacity":"","overlay-gradient":""},"mobile":{"background-color":"var(--ast-global-color-5)","background-image":"","background-repeat":"repeat","background-position":"center center","background-size":"auto","background-attachment":"scroll","background-type":"","background-media":"","overlay-type":"","overlay-color":"","overlay-opacity":"","overlay-gradient":""}},"footnotes":""},"class_list":["post-588","page","type-page","status-publish","hentry"],"post_mailing_queue_ids":[],"_links":{"self":[{"href":"https:\/\/agora.xtec.cat\/ceippauvilaterrassa\/wp-json\/wp\/v2\/pages\/588","targetHints":{"allow":["GET"]}}],"collection":[{"href":"https:\/\/agora.xtec.cat\/ceippauvilaterrassa\/wp-json\/wp\/v2\/pages"}],"about":[{"href":"https:\/\/agora.xtec.cat\/ceippauvilaterrassa\/wp-json\/wp\/v2\/types\/page"}],"author":[{"embeddable":true,"href":"https:\/\/agora.xtec.cat\/ceippauvilaterrassa\/wp-json\/wp\/v2\/users\/1"}],"replies":[{"embeddable":true,"href":"https:\/\/agora.xtec.cat\/ceippauvilaterrassa\/wp-json\/wp\/v2\/comments?post=588"}],"version-history":[{"count":1,"href":"https:\/\/agora.xtec.cat\/ceippauvilaterrassa\/wp-json\/wp\/v2\/pages\/588\/revisions"}],"predecessor-version":[{"id":589,"href":"https:\/\/agora.xtec.cat\/ceippauvilaterrassa\/wp-json\/wp\/v2\/pages\/588\/revisions\/589"}],"wp:attachment":[{"href":"https:\/\/agora.xtec.cat\/ceippauvilaterrassa\/wp-json\/wp\/v2\/media?parent=588"}],"curies":[{"name":"wp","href":"https:\/\/api.w.org\/{rel}","templated":true}]}}