{"id":584,"date":"2020-09-11T14:26:41","date_gmt":"2020-09-11T12:26:41","guid":{"rendered":"https:\/\/agora.xtec.cat\/ceippauvilaterrassa\/?page_id=584"},"modified":"2026-03-02T18:40:26","modified_gmt":"2026-03-02T17:40:26","slug":"menu-del-mes","status":"publish","type":"page","link":"https:\/\/agora.xtec.cat\/ceippauvilaterrassa\/serveis\/menjador\/menu-del-mes\/","title":{"rendered":"Men\u00fa del Mes"},"content":{"rendered":"<p><a href=\"https:\/\/agora.xtec.cat\/ceippauvilaterrassa\/wp-content\/uploads\/usu1959\/2026\/03\/menu-marc.png\" target=\"_blank\" rel=\"noopener\"><img loading=\"lazy\" decoding=\"async\" class=\"aligncenter wp-image-2592 size-large\" src=\"https:\/\/agora.xtec.cat\/ceippauvilaterrassa\/wp-content\/uploads\/usu1959\/2026\/03\/menu-marc-1024x734.png\" alt=\"\" width=\"1024\" height=\"734\" srcset=\"https:\/\/agora.xtec.cat\/ceippauvilaterrassa\/wp-content\/uploads\/usu1959\/2026\/03\/menu-marc-1024x734.png 1024w, https:\/\/agora.xtec.cat\/ceippauvilaterrassa\/wp-content\/uploads\/usu1959\/2026\/03\/menu-marc-300x215.png 300w, https:\/\/agora.xtec.cat\/ceippauvilaterrassa\/wp-content\/uploads\/usu1959\/2026\/03\/menu-marc-768x550.png 768w, https:\/\/agora.xtec.cat\/ceippauvilaterrassa\/wp-content\/uploads\/usu1959\/2026\/03\/menu-marc-1536x1100.png 1536w, https:\/\/agora.xtec.cat\/ceippauvilaterrassa\/wp-content\/uploads\/usu1959\/2026\/03\/menu-marc.png 1664w\" sizes=\"auto, (max-width: 1024px) 100vw, 1024px\" \/><\/a><\/p>\n<p>Men\u00fas espec\u00edfics:<\/p>\n<ul>\n<li><a href=\"https:\/\/drive.google.com\/file\/d\/12UOsUaH7JJrJlewHcHGUvPCfV03gPE0m\/view?usp=sharing\" target=\"_blank\" rel=\"noopener\">Halal, ovolactovegetari\u00e0, etc.<\/a><\/li>\n<\/ul>\n<p>Activitats espec\u00edfiques per educaci\u00f3 infantil i educaci\u00f3 prim\u00e0ria a les hores de menjador.<\/p>\n<p>Teniu m\u00e9s informacions a l&#8217;aplicaci\u00f3 de l\u2019empresa Mediterranea (<a href=\"https:\/\/drive.google.com\/file\/d\/1SJG6jJNGRIiopEvIc8Fhfxq3YPiui0Zz\/view?usp=sharing\" target=\"_blank\" rel=\"noopener\">manual de l&#8217;aplicaci\u00f3<\/a>).<\/p>\n","protected":false},"excerpt":{"rendered":"<p>Men\u00fas espec\u00edfics: Halal, ovolactovegetari\u00e0, etc. Activitats espec\u00edfiques per educaci\u00f3 infantil i educaci\u00f3 prim\u00e0ria a les hores de menjador. Teniu m\u00e9s informacions a l&#8217;aplicaci\u00f3 de l\u2019empresa Mediterranea (manual de l&#8217;aplicaci\u00f3).<\/p>\n","protected":false},"author":1,"featured_media":0,"parent":1948,"menu_order":1,"comment_status":"closed","ping_status":"closed","template":"","meta":{"_bbp_topic_count":0,"_bbp_reply_count":0,"_bbp_total_topic_count":0,"_bbp_total_reply_count":0,"_bbp_voice_count":0,"_bbp_anonymous_reply_count":0,"_bbp_topic_count_hidden":0,"_bbp_reply_count_hidden":0,"_bbp_forum_subforum_count":0,"site-sidebar-layout":"default","site-content-layout":"","ast-site-content-layout":"default","site-content-style":"default","site-sidebar-style":"default","ast-global-header-display":"","ast-banner-title-visibility":"","ast-main-header-display":"","ast-hfb-above-header-display":"","ast-hfb-below-header-display":"","ast-hfb-mobile-header-display":"","site-post-title":"","ast-breadcrumbs-content":"","ast-featured-img":"","footer-sml-layout":"","theme-transparent-header-meta":"default","adv-header-id-meta":"","stick-header-meta":"","header-above-stick-meta":"","header-main-stick-meta":"","header-below-stick-meta":"","astra-migrate-meta-layouts":"set","ast-page-background-enabled":"default","ast-page-background-meta":{"desktop":{"background-color":"var(--ast-global-color-4)","background-image":"","background-repeat":"repeat","background-position":"center center","background-size":"auto","background-attachment":"scroll","background-type":"","background-media":"","overlay-type":"","overlay-color":"","overlay-opacity":"","overlay-gradient":""},"tablet":{"background-color":"","background-image":"","background-repeat":"repeat","background-position":"center center","background-size":"auto","background-attachment":"scroll","background-type":"","background-media":"","overlay-type":"","overlay-color":"","overlay-opacity":"","overlay-gradient":""},"mobile":{"background-color":"","background-image":"","background-repeat":"repeat","background-position":"center center","background-size":"auto","background-attachment":"scroll","background-type":"","background-media":"","overlay-type":"","overlay-color":"","overlay-opacity":"","overlay-gradient":""}},"ast-content-background-meta":{"desktop":{"background-color":"var(--ast-global-color-5)","background-image":"","background-repeat":"repeat","background-position":"center center","background-size":"auto","background-attachment":"scroll","background-type":"","background-media":"","overlay-type":"","overlay-color":"","overlay-opacity":"","overlay-gradient":""},"tablet":{"background-color":"var(--ast-global-color-5)","background-image":"","background-repeat":"repeat","background-position":"center center","background-size":"auto","background-attachment":"scroll","background-type":"","background-media":"","overlay-type":"","overlay-color":"","overlay-opacity":"","overlay-gradient":""},"mobile":{"background-color":"var(--ast-global-color-5)","background-image":"","background-repeat":"repeat","background-position":"center center","background-size":"auto","background-attachment":"scroll","background-type":"","background-media":"","overlay-type":"","overlay-color":"","overlay-opacity":"","overlay-gradient":""}},"footnotes":""},"class_list":["post-584","page","type-page","status-publish","hentry"],"post_mailing_queue_ids":[],"_links":{"self":[{"href":"https:\/\/agora.xtec.cat\/ceippauvilaterrassa\/wp-json\/wp\/v2\/pages\/584","targetHints":{"allow":["GET"]}}],"collection":[{"href":"https:\/\/agora.xtec.cat\/ceippauvilaterrassa\/wp-json\/wp\/v2\/pages"}],"about":[{"href":"https:\/\/agora.xtec.cat\/ceippauvilaterrassa\/wp-json\/wp\/v2\/types\/page"}],"author":[{"embeddable":true,"href":"https:\/\/agora.xtec.cat\/ceippauvilaterrassa\/wp-json\/wp\/v2\/users\/1"}],"replies":[{"embeddable":true,"href":"https:\/\/agora.xtec.cat\/ceippauvilaterrassa\/wp-json\/wp\/v2\/comments?post=584"}],"version-history":[{"count":7,"href":"https:\/\/agora.xtec.cat\/ceippauvilaterrassa\/wp-json\/wp\/v2\/pages\/584\/revisions"}],"predecessor-version":[{"id":2593,"href":"https:\/\/agora.xtec.cat\/ceippauvilaterrassa\/wp-json\/wp\/v2\/pages\/584\/revisions\/2593"}],"up":[{"embeddable":true,"href":"https:\/\/agora.xtec.cat\/ceippauvilaterrassa\/wp-json\/wp\/v2\/pages\/1948"}],"wp:attachment":[{"href":"https:\/\/agora.xtec.cat\/ceippauvilaterrassa\/wp-json\/wp\/v2\/media?parent=584"}],"curies":[{"name":"wp","href":"https:\/\/api.w.org\/{rel}","templated":true}]}}