{"id":574,"date":"2020-09-11T14:20:44","date_gmt":"2020-09-11T12:20:44","guid":{"rendered":"https:\/\/agora.xtec.cat\/ceippauvilaterrassa\/?page_id=574"},"modified":"2025-09-30T18:47:28","modified_gmt":"2025-09-30T16:47:28","slug":"horaris-generals","status":"publish","type":"page","link":"https:\/\/agora.xtec.cat\/ceippauvilaterrassa\/lescola\/oferta-educativa\/horaris-generals\/","title":{"rendered":"Horaris Generals"},"content":{"rendered":"<div class=\"entry-content\">\n<p style=\"text-align: justify;\">Des del dia 8 de setembre, els horaris generals s\u00f3n els seg\u00fcents:<\/p>\n<\/div>\n<div class=\"entry-content\">\n<p style=\"text-align: justify;\"><strong>Horaris generals (a partir del mes d&#8217;octubre):<\/strong><\/p>\n<p style=\"text-align: justify;\">\u00a0\u00a0\u00a0\u00a0\u00a0\u00a0\u00a0\u00a0\u00a0\u00a0\u00a0\u00a0 <strong>Mat\u00ed:<\/strong> de 9h a 12:30<\/p>\n<p style=\"text-align: justify;\">\u00a0\u00a0\u00a0\u00a0\u00a0\u00a0\u00a0\u00a0\u00a0\u00a0\u00a0\u00a0 <strong>Tarda:<\/strong> de 15h a 16:30<\/p>\n<p style=\"text-align: justify;\"><strong>La porta d&#8217;Educaci\u00f3 Infantil s&#8217;obrir\u00e0 10 minuts abans per tal de poder fer una sortida esglaonada. L&#8217;alumnat d&#8217;I3 les dues primeres setmanes d&#8217;escola, faran horaris d&#8217;adaptaci\u00f3.\u00a0<\/strong><\/p>\n<p style=\"text-align: justify;\"><strong>Es prega a tothom molta puntualitat, per tal de contribuir al bon funcionament de l&#8217;escola.<\/strong><\/p>\n<p style=\"text-align: justify;\">A les 9:06 i a les 15:06 es tancaran portes i l&#8217;entrada a l&#8217;escola es considerar\u00e0 retard.<\/p>\n<p style=\"text-align: justify;\"><span style=\"text-decoration: underline;\"><strong>ENTRADES I SORTIDES<\/strong><\/span><\/p>\n<p style=\"text-align: justify;\">L&#8217;alumnat far\u00e0 servir dues portes per entrar i sortir:<\/p>\n<p style=\"text-align: justify;\"><strong>\u00a0\u00a0\u00a0\u00a0\u00a0\u00a0\u00a0\u00a0\u00a0\u00a0\u00a0\u00a0 <span style=\"text-decoration: underline;\">E. Infantil i C. Inicial:<\/span> Porta Principal\u00a0<\/strong><\/p>\n<p style=\"text-align: justify;\">\u00a0\u00a0\u00a0\u00a0\u00a0\u00a0\u00a0\u00a0\u00a0\u00a0\u00a0\u00a0 <strong><span style=\"text-decoration: underline;\">C. Mitj\u00e0 i C. Superior:<\/span> Port\u00e0 Gimn\u00e0s<\/strong><\/p>\n<p style=\"text-align: justify;\">A les entrades els <strong>familiars no podreu entrar dins del recinte escolar<\/strong>, excepte les fam\u00edlies d&#8217;alumnat d&#8217;I3, que durant uns dies acompanyareu els infants durant el proc\u00e9s d&#8217;adaptaci\u00f3.<\/p>\n<p style=\"text-align: justify;\">A les sortides, les fam\u00edlies d&#8217;educaci\u00f3 infantil podreu entrar a recollir els vostres fills\/es a la porta de les classes, fent una fila ordenada i deixant espai al passad\u00eds. \u00c9s important no venir, si no \u00e9s estrictament necessari, amb cotxets i est\u00e0 prohibida l&#8217;entrada de patinets, bicicletes i similars. En cas que l&#8217;hagueu de portar caldr\u00e0 que estigui plegat i en cap cas es podr\u00e0 circular pel passad\u00eds ni pel recinte escolar.<\/p>\n<p style=\"text-align: justify;\">Les fam\u00edlies de <strong>Cicle Inicial haureu d&#8217;esperar fora del recinte escolar<\/strong>, davant del cartell identificatiu de cada grup per tal de facilitar que el o la mestra que treu la filera us localitzi r\u00e0pidament controlant visualment un \u00fanic espai.<\/p>\n<p style=\"text-align: justify;\"><strong>Recordeu que l&#8217;alumnat a partir del 3r curs de prim\u00e0ria marxa sol\/a a casa<\/strong>, \u00e9s a dir, el mestre\/a no els entrega en m\u00e0, sortiran al carrer i els podreu recollir per la porta del gimn\u00e0s. <span style=\"text-decoration: underline;\">Doneu-los les instruccions pertinents per si algun dia quan surtin no us troben<\/span> (han d&#8217;anar sols cap a casa, a casa d&#8217;un familiar, no moure&#8217;s de la porta o tornar a entrar al centre per tal que us localitzem&#8230;)<\/p>\n<p style=\"text-align: justify;\">No es permetr\u00e0 l&#8217;entrada amb animals dins el recinte escolar, excepte causes justificades.<\/p>\n<p style=\"text-align: justify;\">En cas que s&#8217;hagi de donar alguna <strong>informaci\u00f3 urgent als tutors\/es<\/strong> cal fer-ho <strong>per escrit<\/strong>. A partir de 3r cal fer-ho a trav\u00e9s de l&#8217;agenda o l&#8217;aplicaci\u00f3 Dinantia.<\/p>\n<p style=\"text-align: justify;\">Si la vostra informaci\u00f3 \u00e9s urgent feu-la en un paper i que l&#8217;alumne\/a ho entregui al mestre\/a, si no \u00e9s urgent podeu enviar un\u00a0 Dinantia als tutors\/es. Durant les hores de classe els i les mestres no podran mirar els missatges.<\/p>\n<p style=\"text-align: justify;\"><strong>L&#8217;alumne\/a que arribi tard haur\u00e0 d&#8217;entrar per la porta principal, trucar el timbre i justificar el seu retard. <\/strong><\/p>\n<p style=\"text-align: justify;\"><span style=\"text-decoration: underline;\"><strong>La maca de puntualitat reiterada comportar\u00e0 una sanci\u00f3 contemplada a la normativa de l&#8217;escola. <\/strong><\/span><\/p>\n<p style=\"text-align: justify;\">Si necessiteu m\u00e9s informaci\u00f3 us podeu adre\u00e7ar al Dossier d&#8217;Inici de Curs 25 &#8211; 26.<\/p>\n<\/div>\n","protected":false},"excerpt":{"rendered":"<p>Des del dia 8 de setembre, els horaris generals s\u00f3n els seg\u00fcents: Horaris generals (a partir del mes d&#8217;octubre): \u00a0\u00a0\u00a0\u00a0\u00a0\u00a0\u00a0\u00a0\u00a0\u00a0\u00a0\u00a0 Mat\u00ed: de 9h a 12:30 \u00a0\u00a0\u00a0\u00a0\u00a0\u00a0\u00a0\u00a0\u00a0\u00a0\u00a0\u00a0 Tarda: de 15h a 16:30 La porta d&#8217;Educaci\u00f3 Infantil s&#8217;obrir\u00e0 10 minuts abans per tal de poder fer una sortida esglaonada. L&#8217;alumnat d&#8217;I3 les dues primeres setmanes d&#8217;escola, faran [&hellip;]<\/p>\n","protected":false},"author":1,"featured_media":0,"parent":34,"menu_order":4,"comment_status":"closed","ping_status":"closed","template":"","meta":{"_bbp_topic_count":0,"_bbp_reply_count":0,"_bbp_total_topic_count":0,"_bbp_total_reply_count":0,"_bbp_voice_count":0,"_bbp_anonymous_reply_count":0,"_bbp_topic_count_hidden":0,"_bbp_reply_count_hidden":0,"_bbp_forum_subforum_count":0,"site-sidebar-layout":"default","site-content-layout":"","ast-site-content-layout":"","site-content-style":"default","site-sidebar-style":"default","ast-global-header-display":"","ast-banner-title-visibility":"","ast-main-header-display":"","ast-hfb-above-header-display":"","ast-hfb-below-header-display":"","ast-hfb-mobile-header-display":"","site-post-title":"","ast-breadcrumbs-content":"","ast-featured-img":"","footer-sml-layout":"","theme-transparent-header-meta":"","adv-header-id-meta":"","stick-header-meta":"","header-above-stick-meta":"","header-main-stick-meta":"","header-below-stick-meta":"","astra-migrate-meta-layouts":"default","ast-page-background-enabled":"default","ast-page-background-meta":{"desktop":{"background-color":"var(--ast-global-color-4)","background-image":"","background-repeat":"repeat","background-position":"center center","background-size":"auto","background-attachment":"scroll","background-type":"","background-media":"","overlay-type":"","overlay-color":"","overlay-opacity":"","overlay-gradient":""},"tablet":{"background-color":"","background-image":"","background-repeat":"repeat","background-position":"center center","background-size":"auto","background-attachment":"scroll","background-type":"","background-media":"","overlay-type":"","overlay-color":"","overlay-opacity":"","overlay-gradient":""},"mobile":{"background-color":"","background-image":"","background-repeat":"repeat","background-position":"center center","background-size":"auto","background-attachment":"scroll","background-type":"","background-media":"","overlay-type":"","overlay-color":"","overlay-opacity":"","overlay-gradient":""}},"ast-content-background-meta":{"desktop":{"background-color":"var(--ast-global-color-5)","background-image":"","background-repeat":"repeat","background-position":"center center","background-size":"auto","background-attachment":"scroll","background-type":"","background-media":"","overlay-type":"","overlay-color":"","overlay-opacity":"","overlay-gradient":""},"tablet":{"background-color":"var(--ast-global-color-5)","background-image":"","background-repeat":"repeat","background-position":"center center","background-size":"auto","background-attachment":"scroll","background-type":"","background-media":"","overlay-type":"","overlay-color":"","overlay-opacity":"","overlay-gradient":""},"mobile":{"background-color":"var(--ast-global-color-5)","background-image":"","background-repeat":"repeat","background-position":"center center","background-size":"auto","background-attachment":"scroll","background-type":"","background-media":"","overlay-type":"","overlay-color":"","overlay-opacity":"","overlay-gradient":""}},"footnotes":""},"class_list":["post-574","page","type-page","status-publish","hentry"],"post_mailing_queue_ids":[],"_links":{"self":[{"href":"https:\/\/agora.xtec.cat\/ceippauvilaterrassa\/wp-json\/wp\/v2\/pages\/574","targetHints":{"allow":["GET"]}}],"collection":[{"href":"https:\/\/agora.xtec.cat\/ceippauvilaterrassa\/wp-json\/wp\/v2\/pages"}],"about":[{"href":"https:\/\/agora.xtec.cat\/ceippauvilaterrassa\/wp-json\/wp\/v2\/types\/page"}],"author":[{"embeddable":true,"href":"https:\/\/agora.xtec.cat\/ceippauvilaterrassa\/wp-json\/wp\/v2\/users\/1"}],"replies":[{"embeddable":true,"href":"https:\/\/agora.xtec.cat\/ceippauvilaterrassa\/wp-json\/wp\/v2\/comments?post=574"}],"version-history":[{"count":4,"href":"https:\/\/agora.xtec.cat\/ceippauvilaterrassa\/wp-json\/wp\/v2\/pages\/574\/revisions"}],"predecessor-version":[{"id":2458,"href":"https:\/\/agora.xtec.cat\/ceippauvilaterrassa\/wp-json\/wp\/v2\/pages\/574\/revisions\/2458"}],"up":[{"embeddable":true,"href":"https:\/\/agora.xtec.cat\/ceippauvilaterrassa\/wp-json\/wp\/v2\/pages\/34"}],"wp:attachment":[{"href":"https:\/\/agora.xtec.cat\/ceippauvilaterrassa\/wp-json\/wp\/v2\/media?parent=574"}],"curies":[{"name":"wp","href":"https:\/\/api.w.org\/{rel}","templated":true}]}}