{"id":570,"date":"2020-09-11T14:19:07","date_gmt":"2020-09-11T12:19:07","guid":{"rendered":"https:\/\/agora.xtec.cat\/ceippauvilaterrassa\/?page_id=570"},"modified":"2023-02-28T20:23:44","modified_gmt":"2023-02-28T19:23:44","slug":"reunions-dinici-de-curs","status":"publish","type":"page","link":"https:\/\/agora.xtec.cat\/ceippauvilaterrassa\/lescola\/oferta-educativa\/reunions-dinici-de-curs\/","title":{"rendered":"Reunions d&#8217;Inici de Curs"},"content":{"rendered":"<div class=\"entry-content\">\n<p style=\"text-align: justify;\">Les reunions d\u2019inici de curs es faran de forma presencial, i s\u2019informar\u00e0 del funcionament del curs. <strong>\u00c9s molt important l\u2019assist\u00e8ncia a aquesta reuni\u00f3<\/strong> per tal d\u2019estar ben informats\/des sobre el desenvolupament del curs i aclarir els possibles dubtes que us puguin sorgir.<\/p>\n<p style=\"text-align: justify;\">Les dates de les reunions d\u2019aquest curs us les comunicaran els tutors o tutores corresponents a trav\u00e9s de l&#8217;aplicaci\u00f3 Dinantia, correu electr\u00f2nic o tel\u00e8fon.<\/p>\n<div><\/div>\n<div><\/div>\n<\/div>\n","protected":false},"excerpt":{"rendered":"<p>Les reunions d\u2019inici de curs es faran de forma presencial, i s\u2019informar\u00e0 del funcionament del curs. \u00c9s molt important l\u2019assist\u00e8ncia a aquesta reuni\u00f3 per tal d\u2019estar ben informats\/des sobre el desenvolupament del curs i aclarir els possibles dubtes que us puguin sorgir. Les dates de les reunions d\u2019aquest curs us les comunicaran els tutors o [&hellip;]<\/p>\n","protected":false},"author":1,"featured_media":0,"parent":34,"menu_order":2,"comment_status":"closed","ping_status":"closed","template":"","meta":{"_bbp_topic_count":0,"_bbp_reply_count":0,"_bbp_total_topic_count":0,"_bbp_total_reply_count":0,"_bbp_voice_count":0,"_bbp_anonymous_reply_count":0,"_bbp_topic_count_hidden":0,"_bbp_reply_count_hidden":0,"_bbp_forum_subforum_count":0,"site-sidebar-layout":"default","site-content-layout":"","ast-site-content-layout":"","site-content-style":"default","site-sidebar-style":"default","ast-global-header-display":"","ast-banner-title-visibility":"","ast-main-header-display":"","ast-hfb-above-header-display":"","ast-hfb-below-header-display":"","ast-hfb-mobile-header-display":"","site-post-title":"","ast-breadcrumbs-content":"","ast-featured-img":"","footer-sml-layout":"","theme-transparent-header-meta":"","adv-header-id-meta":"","stick-header-meta":"","header-above-stick-meta":"","header-main-stick-meta":"","header-below-stick-meta":"","astra-migrate-meta-layouts":"default","ast-page-background-enabled":"default","ast-page-background-meta":{"desktop":{"background-color":"var(--ast-global-color-4)","background-image":"","background-repeat":"repeat","background-position":"center center","background-size":"auto","background-attachment":"scroll","background-type":"","background-media":"","overlay-type":"","overlay-color":"","overlay-opacity":"","overlay-gradient":""},"tablet":{"background-color":"","background-image":"","background-repeat":"repeat","background-position":"center center","background-size":"auto","background-attachment":"scroll","background-type":"","background-media":"","overlay-type":"","overlay-color":"","overlay-opacity":"","overlay-gradient":""},"mobile":{"background-color":"","background-image":"","background-repeat":"repeat","background-position":"center center","background-size":"auto","background-attachment":"scroll","background-type":"","background-media":"","overlay-type":"","overlay-color":"","overlay-opacity":"","overlay-gradient":""}},"ast-content-background-meta":{"desktop":{"background-color":"var(--ast-global-color-5)","background-image":"","background-repeat":"repeat","background-position":"center center","background-size":"auto","background-attachment":"scroll","background-type":"","background-media":"","overlay-type":"","overlay-color":"","overlay-opacity":"","overlay-gradient":""},"tablet":{"background-color":"var(--ast-global-color-5)","background-image":"","background-repeat":"repeat","background-position":"center center","background-size":"auto","background-attachment":"scroll","background-type":"","background-media":"","overlay-type":"","overlay-color":"","overlay-opacity":"","overlay-gradient":""},"mobile":{"background-color":"var(--ast-global-color-5)","background-image":"","background-repeat":"repeat","background-position":"center center","background-size":"auto","background-attachment":"scroll","background-type":"","background-media":"","overlay-type":"","overlay-color":"","overlay-opacity":"","overlay-gradient":""}},"footnotes":""},"class_list":["post-570","page","type-page","status-publish","hentry"],"post_mailing_queue_ids":[],"_links":{"self":[{"href":"https:\/\/agora.xtec.cat\/ceippauvilaterrassa\/wp-json\/wp\/v2\/pages\/570","targetHints":{"allow":["GET"]}}],"collection":[{"href":"https:\/\/agora.xtec.cat\/ceippauvilaterrassa\/wp-json\/wp\/v2\/pages"}],"about":[{"href":"https:\/\/agora.xtec.cat\/ceippauvilaterrassa\/wp-json\/wp\/v2\/types\/page"}],"author":[{"embeddable":true,"href":"https:\/\/agora.xtec.cat\/ceippauvilaterrassa\/wp-json\/wp\/v2\/users\/1"}],"replies":[{"embeddable":true,"href":"https:\/\/agora.xtec.cat\/ceippauvilaterrassa\/wp-json\/wp\/v2\/comments?post=570"}],"version-history":[{"count":3,"href":"https:\/\/agora.xtec.cat\/ceippauvilaterrassa\/wp-json\/wp\/v2\/pages\/570\/revisions"}],"predecessor-version":[{"id":2088,"href":"https:\/\/agora.xtec.cat\/ceippauvilaterrassa\/wp-json\/wp\/v2\/pages\/570\/revisions\/2088"}],"up":[{"embeddable":true,"href":"https:\/\/agora.xtec.cat\/ceippauvilaterrassa\/wp-json\/wp\/v2\/pages\/34"}],"wp:attachment":[{"href":"https:\/\/agora.xtec.cat\/ceippauvilaterrassa\/wp-json\/wp\/v2\/media?parent=570"}],"curies":[{"name":"wp","href":"https:\/\/api.w.org\/{rel}","templated":true}]}}