{"id":568,"date":"2020-09-11T14:16:04","date_gmt":"2020-09-11T12:16:04","guid":{"rendered":"https:\/\/agora.xtec.cat\/ceippauvilaterrassa\/?page_id=568"},"modified":"2020-09-11T14:16:04","modified_gmt":"2020-09-11T12:16:04","slug":"normes-sanitaries","status":"publish","type":"page","link":"https:\/\/agora.xtec.cat\/ceippauvilaterrassa\/lescola\/oferta-educativa\/normes-sanitaries\/","title":{"rendered":"Normes Sanit\u00e0ries"},"content":{"rendered":"<p><strong>Casos en els quals el nen\/a ha de quedar-se a casa i durant quant de temps:<\/strong><\/p>\n<ul>\n<li style=\"list-style-type: none;\">\n<ul style=\"list-style-type: circle;\">\n<li><strong>Brut\u00edcia o manca d\u2019higiene<\/strong>: Fins que no hi hagi evid\u00e8ncia de canvi<\/li>\n<li><strong>Febre (temperatura superior a 37\u20195\u00ba)<\/strong>: S\u2019ha de quedar a casa de 18 a 24 h<\/li>\n<li><strong>Diarrea<\/strong>: Fins la seva desaparici\u00f3<\/li>\n<li><strong>Estomatitis, naftes a la boca<\/strong>: Fins la seva desaparici\u00f3<\/li>\n<li><strong>Escarlatina<\/strong>: 7 dies des de l\u2019inici de la medicaci\u00f3<\/li>\n<li><strong>Galteres<\/strong>: Fins a la curaci\u00f3 (m\u00ednim 9 dies)<\/li>\n<li><strong>Hepatitis<\/strong>: Fins la normalitzaci\u00f3 de les an\u00e0lisis<\/li>\n<li><strong>Polimelitis<\/strong>: 30 dies (germans 15 dies)<\/li>\n<li><strong>Polls<\/strong>: Fins la desaparici\u00f3 del par\u00e0sit i la mort de les ll\u00e9menes<\/li>\n<li><strong>Rub\u00e8ola<\/strong>: 4 dies des de l\u2019inici de la medicaci\u00f3<\/li>\n<li><strong>Tuberculosi<\/strong>: Fins que es disposi d\u2019un informe pedi\u00e0tric d\u2019innocu\u00eftat<\/li>\n<li><strong>Varicel\u00b7la<\/strong>: Fins l\u2019assecament de les lesions<\/li>\n<li><strong>Xarampi\u00f3<\/strong>: 7 dies des de l\u2019erupci\u00f3<\/li>\n<li><strong>Bronquitis i pulmonia<\/strong>: Fins a la curaci\u00f3<\/li>\n<\/ul>\n<\/li>\n<\/ul>\n<p>En el cas de les seg\u00fcents malalties l\u2019alumne\/a es quedar\u00e0 a casa fins la seva recuperaci\u00f3, excepte quan porti un informe del pediatra que no pot encomanar-les als altres companys\/es:<\/p>\n<ul>\n<li style=\"list-style-type: none;\">\n<ul style=\"list-style-type: circle;\">\n<li>\u00a0Erupcions o altres alteracions a la pell<\/li>\n<li>\u00a0Conjuntivitis purulenta (lleganyes amb pus groc)<\/li>\n<li>\u00a0Muguet (mal blanc)<\/li>\n<li>\u00a0Parasitosi intestinal<\/li>\n<\/ul>\n<\/li>\n<\/ul>\n","protected":false},"excerpt":{"rendered":"<p>Casos en els quals el nen\/a ha de quedar-se a casa i durant quant de temps: Brut\u00edcia o manca d\u2019higiene: Fins que no hi hagi evid\u00e8ncia de canvi Febre (temperatura superior a 37\u20195\u00ba): S\u2019ha de quedar a casa de 18 a 24 h Diarrea: Fins la seva desaparici\u00f3 Estomatitis, naftes a la boca: Fins la [&hellip;]<\/p>\n","protected":false},"author":1,"featured_media":0,"parent":34,"menu_order":1,"comment_status":"closed","ping_status":"closed","template":"","meta":{"_bbp_topic_count":0,"_bbp_reply_count":0,"_bbp_total_topic_count":0,"_bbp_total_reply_count":0,"_bbp_voice_count":0,"_bbp_anonymous_reply_count":0,"_bbp_topic_count_hidden":0,"_bbp_reply_count_hidden":0,"_bbp_forum_subforum_count":0,"site-sidebar-layout":"default","site-content-layout":"","ast-site-content-layout":"","site-content-style":"default","site-sidebar-style":"default","ast-global-header-display":"","ast-banner-title-visibility":"","ast-main-header-display":"","ast-hfb-above-header-display":"","ast-hfb-below-header-display":"","ast-hfb-mobile-header-display":"","site-post-title":"","ast-breadcrumbs-content":"","ast-featured-img":"","footer-sml-layout":"","theme-transparent-header-meta":"","adv-header-id-meta":"","stick-header-meta":"","header-above-stick-meta":"","header-main-stick-meta":"","header-below-stick-meta":"","astra-migrate-meta-layouts":"default","ast-page-background-enabled":"default","ast-page-background-meta":{"desktop":{"background-color":"var(--ast-global-color-4)","background-image":"","background-repeat":"repeat","background-position":"center center","background-size":"auto","background-attachment":"scroll","background-type":"","background-media":"","overlay-type":"","overlay-color":"","overlay-opacity":"","overlay-gradient":""},"tablet":{"background-color":"","background-image":"","background-repeat":"repeat","background-position":"center center","background-size":"auto","background-attachment":"scroll","background-type":"","background-media":"","overlay-type":"","overlay-color":"","overlay-opacity":"","overlay-gradient":""},"mobile":{"background-color":"","background-image":"","background-repeat":"repeat","background-position":"center center","background-size":"auto","background-attachment":"scroll","background-type":"","background-media":"","overlay-type":"","overlay-color":"","overlay-opacity":"","overlay-gradient":""}},"ast-content-background-meta":{"desktop":{"background-color":"var(--ast-global-color-5)","background-image":"","background-repeat":"repeat","background-position":"center center","background-size":"auto","background-attachment":"scroll","background-type":"","background-media":"","overlay-type":"","overlay-color":"","overlay-opacity":"","overlay-gradient":""},"tablet":{"background-color":"var(--ast-global-color-5)","background-image":"","background-repeat":"repeat","background-position":"center center","background-size":"auto","background-attachment":"scroll","background-type":"","background-media":"","overlay-type":"","overlay-color":"","overlay-opacity":"","overlay-gradient":""},"mobile":{"background-color":"var(--ast-global-color-5)","background-image":"","background-repeat":"repeat","background-position":"center center","background-size":"auto","background-attachment":"scroll","background-type":"","background-media":"","overlay-type":"","overlay-color":"","overlay-opacity":"","overlay-gradient":""}},"footnotes":""},"class_list":["post-568","page","type-page","status-publish","hentry"],"post_mailing_queue_ids":[],"_links":{"self":[{"href":"https:\/\/agora.xtec.cat\/ceippauvilaterrassa\/wp-json\/wp\/v2\/pages\/568","targetHints":{"allow":["GET"]}}],"collection":[{"href":"https:\/\/agora.xtec.cat\/ceippauvilaterrassa\/wp-json\/wp\/v2\/pages"}],"about":[{"href":"https:\/\/agora.xtec.cat\/ceippauvilaterrassa\/wp-json\/wp\/v2\/types\/page"}],"author":[{"embeddable":true,"href":"https:\/\/agora.xtec.cat\/ceippauvilaterrassa\/wp-json\/wp\/v2\/users\/1"}],"replies":[{"embeddable":true,"href":"https:\/\/agora.xtec.cat\/ceippauvilaterrassa\/wp-json\/wp\/v2\/comments?post=568"}],"version-history":[{"count":1,"href":"https:\/\/agora.xtec.cat\/ceippauvilaterrassa\/wp-json\/wp\/v2\/pages\/568\/revisions"}],"predecessor-version":[{"id":569,"href":"https:\/\/agora.xtec.cat\/ceippauvilaterrassa\/wp-json\/wp\/v2\/pages\/568\/revisions\/569"}],"up":[{"embeddable":true,"href":"https:\/\/agora.xtec.cat\/ceippauvilaterrassa\/wp-json\/wp\/v2\/pages\/34"}],"wp:attachment":[{"href":"https:\/\/agora.xtec.cat\/ceippauvilaterrassa\/wp-json\/wp\/v2\/media?parent=568"}],"curies":[{"name":"wp","href":"https:\/\/api.w.org\/{rel}","templated":true}]}}