{"id":2470,"date":"2025-10-08T19:53:07","date_gmt":"2025-10-08T17:53:07","guid":{"rendered":"https:\/\/agora.xtec.cat\/ceippauvilaterrassa\/?page_id=2470"},"modified":"2025-10-08T19:55:34","modified_gmt":"2025-10-08T17:55:34","slug":"tele-vila","status":"publish","type":"page","link":"https:\/\/agora.xtec.cat\/ceippauvilaterrassa\/projecte-educatiu\/tele-vila\/","title":{"rendered":"Tele Vila"},"content":{"rendered":"<p style=\"text-align: justify;\">Des de fa uns cursos a Cicle Superior portem a terme el projecte del Tele Vila.<\/p>\n<p style=\"text-align: justify;\">Consisteix en crear una programa de televisi\u00f3 per tota l&#8217;escola, on l&#8217;alumnat de 5\u00e8 i 6\u00e8 participa preparant diferents seccions que despr\u00e9s veur\u00e0 tot l&#8217;alumnat i fam\u00edlies del centre.<\/p>\n<p style=\"text-align: justify;\">\u00c9s un espai on tota la comunitat educativa pot participar. Normalment cada \u00faltim divendres de final de mes, durant el mat\u00ed, el centre visualitza el programa preparat per aquell mes.<\/p>\n<div style=\"width: 1122px;\" class=\"wp-video\"><!--[if lt IE 9]><script>document.createElement('video');<\/script><![endif]-->\n<video class=\"wp-video-shortcode\" id=\"video-2470-1\" width=\"1122\" height=\"792\" loop=\"1\" autoplay=\"1\" preload=\"metadata\" controls=\"controls\"><source type=\"video\/mp4\" src=\"https:\/\/agora.xtec.cat\/ceippauvilaterrassa\/wp-content\/uploads\/usu1959\/2025\/10\/Cartells-Tele-Vila.mp4?_=1\" \/><a href=\"https:\/\/agora.xtec.cat\/ceippauvilaterrassa\/wp-content\/uploads\/usu1959\/2025\/10\/Cartells-Tele-Vila.mp4\">https:\/\/agora.xtec.cat\/ceippauvilaterrassa\/wp-content\/uploads\/usu1959\/2025\/10\/Cartells-Tele-Vila.mp4<\/a><\/video><\/div>\n","protected":false},"excerpt":{"rendered":"<p>Des de fa uns cursos a Cicle Superior portem a terme el projecte del Tele Vila. Consisteix en crear una programa de televisi\u00f3 per tota l&#8217;escola, on l&#8217;alumnat de 5\u00e8 i 6\u00e8 participa preparant diferents seccions que despr\u00e9s veur\u00e0 tot l&#8217;alumnat i fam\u00edlies del centre. \u00c9s un espai on tota la comunitat educativa pot participar. [&hellip;]<\/p>\n","protected":false},"author":7,"featured_media":0,"parent":64,"menu_order":3,"comment_status":"closed","ping_status":"closed","template":"","meta":{"_bbp_topic_count":0,"_bbp_reply_count":0,"_bbp_total_topic_count":0,"_bbp_total_reply_count":0,"_bbp_voice_count":0,"_bbp_anonymous_reply_count":0,"_bbp_topic_count_hidden":0,"_bbp_reply_count_hidden":0,"_bbp_forum_subforum_count":0,"site-sidebar-layout":"default","site-content-layout":"","ast-site-content-layout":"","site-content-style":"default","site-sidebar-style":"default","ast-global-header-display":"","ast-banner-title-visibility":"","ast-main-header-display":"","ast-hfb-above-header-display":"","ast-hfb-below-header-display":"","ast-hfb-mobile-header-display":"","site-post-title":"","ast-breadcrumbs-content":"","ast-featured-img":"","footer-sml-layout":"","theme-transparent-header-meta":"","adv-header-id-meta":"","stick-header-meta":"","header-above-stick-meta":"","header-main-stick-meta":"","header-below-stick-meta":"","astra-migrate-meta-layouts":"default","ast-page-background-enabled":"default","ast-page-background-meta":{"desktop":{"background-color":"var(--ast-global-color-4)","background-image":"","background-repeat":"repeat","background-position":"center center","background-size":"auto","background-attachment":"scroll","background-type":"","background-media":"","overlay-type":"","overlay-color":"","overlay-opacity":"","overlay-gradient":""},"tablet":{"background-color":"","background-image":"","background-repeat":"repeat","background-position":"center center","background-size":"auto","background-attachment":"scroll","background-type":"","background-media":"","overlay-type":"","overlay-color":"","overlay-opacity":"","overlay-gradient":""},"mobile":{"background-color":"","background-image":"","background-repeat":"repeat","background-position":"center center","background-size":"auto","background-attachment":"scroll","background-type":"","background-media":"","overlay-type":"","overlay-color":"","overlay-opacity":"","overlay-gradient":""}},"ast-content-background-meta":{"desktop":{"background-color":"var(--ast-global-color-5)","background-image":"","background-repeat":"repeat","background-position":"center center","background-size":"auto","background-attachment":"scroll","background-type":"","background-media":"","overlay-type":"","overlay-color":"","overlay-opacity":"","overlay-gradient":""},"tablet":{"background-color":"var(--ast-global-color-5)","background-image":"","background-repeat":"repeat","background-position":"center center","background-size":"auto","background-attachment":"scroll","background-type":"","background-media":"","overlay-type":"","overlay-color":"","overlay-opacity":"","overlay-gradient":""},"mobile":{"background-color":"var(--ast-global-color-5)","background-image":"","background-repeat":"repeat","background-position":"center center","background-size":"auto","background-attachment":"scroll","background-type":"","background-media":"","overlay-type":"","overlay-color":"","overlay-opacity":"","overlay-gradient":""}},"footnotes":""},"class_list":["post-2470","page","type-page","status-publish","hentry"],"post_mailing_queue_ids":[],"_links":{"self":[{"href":"https:\/\/agora.xtec.cat\/ceippauvilaterrassa\/wp-json\/wp\/v2\/pages\/2470","targetHints":{"allow":["GET"]}}],"collection":[{"href":"https:\/\/agora.xtec.cat\/ceippauvilaterrassa\/wp-json\/wp\/v2\/pages"}],"about":[{"href":"https:\/\/agora.xtec.cat\/ceippauvilaterrassa\/wp-json\/wp\/v2\/types\/page"}],"author":[{"embeddable":true,"href":"https:\/\/agora.xtec.cat\/ceippauvilaterrassa\/wp-json\/wp\/v2\/users\/7"}],"replies":[{"embeddable":true,"href":"https:\/\/agora.xtec.cat\/ceippauvilaterrassa\/wp-json\/wp\/v2\/comments?post=2470"}],"version-history":[{"count":1,"href":"https:\/\/agora.xtec.cat\/ceippauvilaterrassa\/wp-json\/wp\/v2\/pages\/2470\/revisions"}],"predecessor-version":[{"id":2472,"href":"https:\/\/agora.xtec.cat\/ceippauvilaterrassa\/wp-json\/wp\/v2\/pages\/2470\/revisions\/2472"}],"up":[{"embeddable":true,"href":"https:\/\/agora.xtec.cat\/ceippauvilaterrassa\/wp-json\/wp\/v2\/pages\/64"}],"wp:attachment":[{"href":"https:\/\/agora.xtec.cat\/ceippauvilaterrassa\/wp-json\/wp\/v2\/media?parent=2470"}],"curies":[{"name":"wp","href":"https:\/\/api.w.org\/{rel}","templated":true}]}}