{"id":22,"date":"2014-09-18T12:19:57","date_gmt":"2014-09-18T11:19:57","guid":{"rendered":"http:\/\/agora.xtec.cat\/ceippauvilaterrassa\/?page_id=22"},"modified":"2020-09-11T12:32:51","modified_gmt":"2020-09-11T10:32:51","slug":"lescola","status":"publish","type":"page","link":"https:\/\/agora.xtec.cat\/ceippauvilaterrassa\/lescola\/","title":{"rendered":"L&#8217;escola"},"content":{"rendered":"<p style=\"text-align: justify;\">L\u2019escola Pau Vila, situada al barri de Can Jofresa de Terrassa, \u00e9s una escola de titularitat p\u00fablica que dep\u00e8n del Departament d\u2019Educaci\u00f3 de la Generalitat de Catalunya.<\/p>\n<p style=\"text-align: justify;\">El projecte educatiu del nostre centre lluita per aconseguir, de manera progressiva, una millora de la qualitat pedag\u00f2gica que repercuteixi directament en els nivells d\u2019aprenentatge que assoleixen els nostres alumnes alhora que lluitem per a que esdevinguin ciutadans responsables, solidaris, amb valors i que tinguin una mirada oberta al m\u00f3n que els envolta.<\/p>\n<p><a href=\"https:\/\/agora.xtec.cat\/ceippauvilaterrassa\/wp-content\/uploads\/usu1959\/2020\/09\/qui-som.jpg\"><img loading=\"lazy\" decoding=\"async\" class=\"alignnone size-large wp-image-493\" src=\"https:\/\/agora.xtec.cat\/ceippauvilaterrassa\/wp-content\/uploads\/usu1959\/2020\/09\/qui-som-830x1024.jpg\" alt=\"\" width=\"830\" height=\"1024\" srcset=\"https:\/\/agora.xtec.cat\/ceippauvilaterrassa\/wp-content\/uploads\/usu1959\/2020\/09\/qui-som-830x1024.jpg 830w, https:\/\/agora.xtec.cat\/ceippauvilaterrassa\/wp-content\/uploads\/usu1959\/2020\/09\/qui-som-243x300.jpg 243w, https:\/\/agora.xtec.cat\/ceippauvilaterrassa\/wp-content\/uploads\/usu1959\/2020\/09\/qui-som-768x947.jpg 768w\" sizes=\"auto, (max-width: 830px) 100vw, 830px\" \/><\/a><\/p>\n","protected":false},"excerpt":{"rendered":"<p>L\u2019escola Pau Vila, situada al barri de Can Jofresa de Terrassa, \u00e9s una escola de titularitat p\u00fablica que dep\u00e8n del Departament d\u2019Educaci\u00f3 de la Generalitat de Catalunya. El projecte educatiu del nostre centre lluita per aconseguir, de manera progressiva, una millora de la qualitat pedag\u00f2gica que repercuteixi directament en els nivells d\u2019aprenentatge que assoleixen els [&hellip;]<\/p>\n","protected":false},"author":1,"featured_media":0,"parent":0,"menu_order":0,"comment_status":"closed","ping_status":"closed","template":"page-templates\/side-menu.php","meta":{"_bbp_topic_count":0,"_bbp_reply_count":0,"_bbp_total_topic_count":0,"_bbp_total_reply_count":0,"_bbp_voice_count":0,"_bbp_anonymous_reply_count":0,"_bbp_topic_count_hidden":0,"_bbp_reply_count_hidden":0,"_bbp_forum_subforum_count":0,"site-sidebar-layout":"default","site-content-layout":"","ast-site-content-layout":"","site-content-style":"default","site-sidebar-style":"default","ast-global-header-display":"","ast-banner-title-visibility":"","ast-main-header-display":"","ast-hfb-above-header-display":"","ast-hfb-below-header-display":"","ast-hfb-mobile-header-display":"","site-post-title":"","ast-breadcrumbs-content":"","ast-featured-img":"","footer-sml-layout":"","theme-transparent-header-meta":"","adv-header-id-meta":"","stick-header-meta":"","header-above-stick-meta":"","header-main-stick-meta":"","header-below-stick-meta":"","astra-migrate-meta-layouts":"default","ast-page-background-enabled":"default","ast-page-background-meta":{"desktop":{"background-color":"var(--ast-global-color-4)","background-image":"","background-repeat":"repeat","background-position":"center center","background-size":"auto","background-attachment":"scroll","background-type":"","background-media":"","overlay-type":"","overlay-color":"","overlay-opacity":"","overlay-gradient":""},"tablet":{"background-color":"","background-image":"","background-repeat":"repeat","background-position":"center center","background-size":"auto","background-attachment":"scroll","background-type":"","background-media":"","overlay-type":"","overlay-color":"","overlay-opacity":"","overlay-gradient":""},"mobile":{"background-color":"","background-image":"","background-repeat":"repeat","background-position":"center center","background-size":"auto","background-attachment":"scroll","background-type":"","background-media":"","overlay-type":"","overlay-color":"","overlay-opacity":"","overlay-gradient":""}},"ast-content-background-meta":{"desktop":{"background-color":"var(--ast-global-color-5)","background-image":"","background-repeat":"repeat","background-position":"center center","background-size":"auto","background-attachment":"scroll","background-type":"","background-media":"","overlay-type":"","overlay-color":"","overlay-opacity":"","overlay-gradient":""},"tablet":{"background-color":"var(--ast-global-color-5)","background-image":"","background-repeat":"repeat","background-position":"center center","background-size":"auto","background-attachment":"scroll","background-type":"","background-media":"","overlay-type":"","overlay-color":"","overlay-opacity":"","overlay-gradient":""},"mobile":{"background-color":"var(--ast-global-color-5)","background-image":"","background-repeat":"repeat","background-position":"center center","background-size":"auto","background-attachment":"scroll","background-type":"","background-media":"","overlay-type":"","overlay-color":"","overlay-opacity":"","overlay-gradient":""}},"footnotes":""},"class_list":["post-22","page","type-page","status-publish","hentry"],"post_mailing_queue_ids":[],"_links":{"self":[{"href":"https:\/\/agora.xtec.cat\/ceippauvilaterrassa\/wp-json\/wp\/v2\/pages\/22","targetHints":{"allow":["GET"]}}],"collection":[{"href":"https:\/\/agora.xtec.cat\/ceippauvilaterrassa\/wp-json\/wp\/v2\/pages"}],"about":[{"href":"https:\/\/agora.xtec.cat\/ceippauvilaterrassa\/wp-json\/wp\/v2\/types\/page"}],"author":[{"embeddable":true,"href":"https:\/\/agora.xtec.cat\/ceippauvilaterrassa\/wp-json\/wp\/v2\/users\/1"}],"replies":[{"embeddable":true,"href":"https:\/\/agora.xtec.cat\/ceippauvilaterrassa\/wp-json\/wp\/v2\/comments?post=22"}],"version-history":[{"count":1,"href":"https:\/\/agora.xtec.cat\/ceippauvilaterrassa\/wp-json\/wp\/v2\/pages\/22\/revisions"}],"predecessor-version":[{"id":494,"href":"https:\/\/agora.xtec.cat\/ceippauvilaterrassa\/wp-json\/wp\/v2\/pages\/22\/revisions\/494"}],"wp:attachment":[{"href":"https:\/\/agora.xtec.cat\/ceippauvilaterrassa\/wp-json\/wp\/v2\/media?parent=22"}],"curies":[{"name":"wp","href":"https:\/\/api.w.org\/{rel}","templated":true}]}}