{"id":1948,"date":"2022-09-13T18:31:13","date_gmt":"2022-09-13T16:31:13","guid":{"rendered":"https:\/\/agora.xtec.cat\/ceippauvilaterrassa\/?page_id=1948"},"modified":"2023-09-30T12:03:26","modified_gmt":"2023-09-30T10:03:26","slug":"menjador","status":"publish","type":"page","link":"https:\/\/agora.xtec.cat\/ceippauvilaterrassa\/serveis\/menjador\/","title":{"rendered":"Menjador"},"content":{"rendered":"<p>La gesti\u00f3 del menjador escolar la gestionar\u00e0 l\u2019empresa <strong>MEDIRERRANEA<\/strong>.<\/p>\n<p>&nbsp;<\/p>\n<p style=\"text-align: justify;\">NORMATIVA DEL SERVEI DE MENJADOR<\/p>\n<p style=\"text-align: justify;\">L\u2019alumnat d\u2019I-3 que es queda a menjador haur\u00e0 de portar una bata exclusiva per a aquest \u00fas. Aquesta bata se l\u2019emportaran a casa el divendres per a rentar-la (us recomanem que sigui sense botons i amb punys de goma). Tamb\u00e9 haur\u00e0 de portar un joc de llen\u00e7ols i una manta gruixuda per quan faci fred, tot marcat amb el nom i cognoms en un lloc visible f\u00e0cilment. Tamb\u00e9 haur\u00e0 de dur una bossa de roba per a<br \/>\npoder guardar els llen\u00e7ols que s\u2019enduran a casa setmanalment.<\/p>\n<p style=\"text-align: justify;\">INSCRIPCIONS I QUOTA DEL MENJADOR<br \/>\n\u25aa Totes les fam\u00edlies hauran d\u2019omplir, entregar i signar obligat\u00f2riament la fitxa d\u2019inscripci\u00f3 del menjador a la Coordinadora del centre abans de fer \u00fas del servei. (Es donaran vint dies h\u00e0bils de termini).<br \/>\n\u25aa \u00c9s d\u2019ordre compliment informar de la data d\u2019alta del servei i del n\u00famero de compte bancari.<\/p>\n<p style=\"text-align: justify;\">\u25aa Es considerar\u00e0 usuari\/a fix\/a del servei tota aquella persona que faci \u00fas del servei de menjador escolar, com a m\u00ednim, un dia a la setmana, sempre que sigui el mateix dia. En cas que no faci \u00fas de forma habitual, es considerar\u00e0 usuari\/a espor\u00e0dic\/a.<br \/>\n\u25aa Els canvis de rutina (dies que s\u2019utilitza el servei) hauran de ser informats a la coordinadora abans del dia 30 del mes anterior. Una vegada s\u2019hagi passat el rebut del mes en curs no s\u2019acceptar\u00e0 cap canvi de rutina.<br \/>\n\u25aa El preu del menjador pels alumnes fixos \u00e9s de 6,33\u20ac i de 6,96\u20ac pels alumnes espor\u00e0dics.<br \/>\n\u25aa Els alumnes que sol\u00b7licitin un ajut econ\u00f2mic del menjador hauran de pagar el servei fins que no arribi la resoluci\u00f3 definitiva.<\/p>\n<p style=\"text-align: justify;\">PAGAMENTS<br \/>\n\u25aa Aquest curs escolar 2023\/24 el rebut de setembre es passar\u00e0 per domiciliaci\u00f3 banc\u00e0ria entre l\u2019\u00faltima setmana de setembre i la primera d\u2019octubre i el d\u2019octubre, el dia 9 d\u2019octubre.<br \/>\n\u25aa Els pagaments s\u2019efectuaran preferiblement mitjan\u00e7ant domiciliaci\u00f3 banc\u00e0ria i es cobraran per avan\u00e7at entre el dia 6 i 9 de cada mes.<br \/>\n\u25aa EN CAP CAS S\u2019ACCEPTARA EFECTIU. No s\u2019acceptaran pagaments de rebuts amb diners en efectiu al centre, l\u2019empresa MEDITERRANEA DE CATERING, S.L. no es far\u00e0 responsable dels diners entregats al personal de l\u2019escola.<br \/>\n\u25aa El Departament de Facturaci\u00f3 de rebuts disposa d\u2019un correu electr\u00f2nic per l\u2019\u00fas exclusiu dels dubtes\/preguntes o incid\u00e8ncies amb els cobraments de rebuts. E-mail gen\u00e8ric: oficinaterrassa@mediterranea-group.com<br \/>\n\u25aa Als rebuts retornats se\u2019ls hi aplicar\u00e0 un c\u00e0rrec de 6 euros en concepte de despeses per devoluci\u00f3 banc\u00e0ria. Aquest rebut haur\u00e0 de ser liquidat a trav\u00e9s de TPV, transfer\u00e8ncia o a trav\u00e9s de l\u2019app abans del dia 20 del mes en curs.<br \/>\n\u25aa En el cas de tenir 1 rebut pendent o retornat, implicar\u00e0 que l\u2019alumne no podr\u00e0 fer \u00fas del servei fins a regularitzar el pagament. L\u2019empresa podr\u00e0 denegar l\u2019entrada al menjador en el cas de tenir rebuts pendents fins que no siguin liquidats.<\/p>\n<ul style=\"list-style-type: square;\">\n<li style=\"text-align: justify;\">Per comprar tickets espor\u00e0dics amb targeta de cr\u00e8dit heu d&#8217;anar a Raval de Montserrat 22, Entresol A (hi posa menjador Mediterr\u00e0nea).<\/li>\n<\/ul>\n<p style=\"text-align: justify;\">ABS\u00c8NCIES<br \/>\n\u25aa Si un alumne falta, s\u2019haur\u00e0 d\u2019avisar a la coordinadora del menjador abans de les 10.00h. En aquest cas, es retornar\u00e0 3,34\u20ac per cada abs\u00e8ncia.<br \/>\n\u25aa Si s\u2019avisa m\u00e9s tard de les 10.00 h, aquell \u00e0pat es produir\u00e0 i, per tant es cobrar\u00e0 el servei d\u2019aquell dia en el rebut del menjador.<\/p>\n<p style=\"text-align: justify;\">ALTRES<br \/>\n\u25aa L\u2019asseguran\u00e7a del servei de menjador nom\u00e9s es far\u00e0 c\u00e0rrec d\u2019investigar aquells successos que s\u2019hagin produ\u00eft per una neglig\u00e8ncia durant el servei. En cap cas es far\u00e0 c\u00e0rrec d\u2019aquells accidents fortu\u00efts que es produeixin en el menjador escolar ni de reparar els danys materials o d\u2019altra naturalesa (dent trencada, ulleres, etc&#8230;) que s\u2019hagin produ\u00eft en conseq\u00fc\u00e8ncia.<\/p>\n<p style=\"text-align: justify;\">FINALITAT DEL TRACTE DE LES SEVES DADES:<br \/>\nMEDITERRANEA DE CATERING, S.L. tractem la informaci\u00f3 que ens facilita per a gestionar el servei de menjador, activitats, per la gesti\u00f3 administrativa i comercial.<br \/>\nCONSERVACI\u00d3 DE LES DADES:<br \/>\n&#8211; Les dades personals proporcionades es conservaran mentre no es sol\u00b7liciti la supressi\u00f3 per part de l&#8217;interessat.<br \/>\nDESTINATARIS:<br \/>\n&#8211; Les seves dades seran tractades per MEDITERRANEA DE CATERING, S.L. i empreses que els presti serveis.<br \/>\nDRETS:<br \/>\n&#8211; Pot exercir els seus drets d&#8217;acc\u00e9s, rectificaci\u00f3, supressi\u00f3, limitaci\u00f3 del tractament, oposici\u00f3 i portabilitat de les seves dades, dirigint-se al nostre domicili fiscal o mitjan\u00e7ant el correu electr\u00f2nic, havent d\u2019identificar-se degudament i sol\u00b7licitar clarament el dret a exercir.<br \/>\n&#8211; El dret a la pr\u00f2pia imatge est\u00e0 reconegut en l&#8217;article 18.1 de la Constituci\u00f3 i regulat per la Llei 5\/1982, de 5 de maig, sobre el dret a l&#8217;honor, a la intimitat personal i familiar i a la pr\u00f2pia imatge, pel present document dona consentiment a MEDITERRANEA DE CATERING, S.L.. a captar la seva pr\u00f2pia imatge, sigui a trav\u00e9s de c\u00e0meres o v\u00eddeo c\u00e0meres, en qu\u00e8 l&#8217;afectat resulti clarament identificable. L&#8217;exercici de la captaci\u00f3 de les imatges (o v\u00eddeos) per part de MEDITERRANEA DE CATERING, S.L. o una altra empresa<br \/>\ndelegada, estar\u00e0 limitat al conjunt d&#8217;activitats desenvolupades dins l&#8217;\u00e0mbit de la seva activitat professional i podran ser publicades a les xarxes socials del responsable, web, fulletons, etc. MEDITERRANEA DE CATERING, S.L. es compromet a adoptar en tot moment les oportunes mesures de seguretat per evitar l&#8217;acc\u00e9s, cessi\u00f3 o \u00fas no autoritzat de les imatges.<\/p>\n<p><strong>IMPORTANT:<\/strong><br \/>\n<strong>PER FER \u00daS DEL SERVEI DEL MENJADOR \u00c9S IMPRESCINDIBLE TENIR FETA LA INSCRIPCI\u00d3 DEL<\/strong><br \/>\n<strong>MENJADOR ABANS DEL DIA 20 DE SETEMBRE.<\/strong><\/p>\n<p>&nbsp;<\/p>\n","protected":false},"excerpt":{"rendered":"<p>La gesti\u00f3 del menjador escolar la gestionar\u00e0 l\u2019empresa MEDIRERRANEA. &nbsp; NORMATIVA DEL SERVEI DE MENJADOR L\u2019alumnat d\u2019I-3 que es queda a menjador haur\u00e0 de portar una bata exclusiva per a aquest \u00fas. Aquesta bata se l\u2019emportaran a casa el divendres per a rentar-la (us recomanem que sigui sense botons i amb punys de goma). Tamb\u00e9 [&hellip;]<\/p>\n","protected":false},"author":7,"featured_media":0,"parent":66,"menu_order":0,"comment_status":"closed","ping_status":"closed","template":"","meta":{"_bbp_topic_count":0,"_bbp_reply_count":0,"_bbp_total_topic_count":0,"_bbp_total_reply_count":0,"_bbp_voice_count":0,"_bbp_anonymous_reply_count":0,"_bbp_topic_count_hidden":0,"_bbp_reply_count_hidden":0,"_bbp_forum_subforum_count":0,"site-sidebar-layout":"default","site-content-layout":"","ast-site-content-layout":"","site-content-style":"default","site-sidebar-style":"default","ast-global-header-display":"","ast-banner-title-visibility":"","ast-main-header-display":"","ast-hfb-above-header-display":"","ast-hfb-below-header-display":"","ast-hfb-mobile-header-display":"","site-post-title":"","ast-breadcrumbs-content":"","ast-featured-img":"","footer-sml-layout":"","theme-transparent-header-meta":"","adv-header-id-meta":"","stick-header-meta":"","header-above-stick-meta":"","header-main-stick-meta":"","header-below-stick-meta":"","astra-migrate-meta-layouts":"default","ast-page-background-enabled":"default","ast-page-background-meta":{"desktop":{"background-color":"var(--ast-global-color-4)","background-image":"","background-repeat":"repeat","background-position":"center center","background-size":"auto","background-attachment":"scroll","background-type":"","background-media":"","overlay-type":"","overlay-color":"","overlay-opacity":"","overlay-gradient":""},"tablet":{"background-color":"","background-image":"","background-repeat":"repeat","background-position":"center center","background-size":"auto","background-attachment":"scroll","background-type":"","background-media":"","overlay-type":"","overlay-color":"","overlay-opacity":"","overlay-gradient":""},"mobile":{"background-color":"","background-image":"","background-repeat":"repeat","background-position":"center center","background-size":"auto","background-attachment":"scroll","background-type":"","background-media":"","overlay-type":"","overlay-color":"","overlay-opacity":"","overlay-gradient":""}},"ast-content-background-meta":{"desktop":{"background-color":"var(--ast-global-color-5)","background-image":"","background-repeat":"repeat","background-position":"center center","background-size":"auto","background-attachment":"scroll","background-type":"","background-media":"","overlay-type":"","overlay-color":"","overlay-opacity":"","overlay-gradient":""},"tablet":{"background-color":"var(--ast-global-color-5)","background-image":"","background-repeat":"repeat","background-position":"center center","background-size":"auto","background-attachment":"scroll","background-type":"","background-media":"","overlay-type":"","overlay-color":"","overlay-opacity":"","overlay-gradient":""},"mobile":{"background-color":"var(--ast-global-color-5)","background-image":"","background-repeat":"repeat","background-position":"center center","background-size":"auto","background-attachment":"scroll","background-type":"","background-media":"","overlay-type":"","overlay-color":"","overlay-opacity":"","overlay-gradient":""}},"footnotes":""},"class_list":["post-1948","page","type-page","status-publish","hentry"],"post_mailing_queue_ids":[],"_links":{"self":[{"href":"https:\/\/agora.xtec.cat\/ceippauvilaterrassa\/wp-json\/wp\/v2\/pages\/1948","targetHints":{"allow":["GET"]}}],"collection":[{"href":"https:\/\/agora.xtec.cat\/ceippauvilaterrassa\/wp-json\/wp\/v2\/pages"}],"about":[{"href":"https:\/\/agora.xtec.cat\/ceippauvilaterrassa\/wp-json\/wp\/v2\/types\/page"}],"author":[{"embeddable":true,"href":"https:\/\/agora.xtec.cat\/ceippauvilaterrassa\/wp-json\/wp\/v2\/users\/7"}],"replies":[{"embeddable":true,"href":"https:\/\/agora.xtec.cat\/ceippauvilaterrassa\/wp-json\/wp\/v2\/comments?post=1948"}],"version-history":[{"count":4,"href":"https:\/\/agora.xtec.cat\/ceippauvilaterrassa\/wp-json\/wp\/v2\/pages\/1948\/revisions"}],"predecessor-version":[{"id":2256,"href":"https:\/\/agora.xtec.cat\/ceippauvilaterrassa\/wp-json\/wp\/v2\/pages\/1948\/revisions\/2256"}],"up":[{"embeddable":true,"href":"https:\/\/agora.xtec.cat\/ceippauvilaterrassa\/wp-json\/wp\/v2\/pages\/66"}],"wp:attachment":[{"href":"https:\/\/agora.xtec.cat\/ceippauvilaterrassa\/wp-json\/wp\/v2\/media?parent=1948"}],"curies":[{"name":"wp","href":"https:\/\/api.w.org\/{rel}","templated":true}]}}